{"id":12749,"date":"2022-05-17T09:34:55","date_gmt":"2022-05-17T06:34:55","guid":{"rendered":"https:\/\/online.rocs.eu\/muugitingimused\/"},"modified":"2022-10-19T18:07:41","modified_gmt":"2022-10-19T15:07:41","slug":"muugitingimused","status":"publish","type":"page","link":"https:\/\/online.rocs.eu\/de\/muugitingimused\/","title":{"rendered":"M\u00fc\u00fcgitingimused"},"content":{"rendered":"<p>[et_pb_section fb_built=&#8220;1&#8243; admin_label=&#8220;section&#8220; _builder_version=&#8220;4.15&#8243; global_colors_info=&#8220;{}&#8220;][et_pb_row admin_label=&#8220;row&#8220; _builder_version=&#8220;4.15&#8243; background_size=&#8220;initial&#8220; background_position=&#8220;top_left&#8220; background_repeat=&#8220;repeat&#8220; global_colors_info=&#8220;{}&#8220;][et_pb_column type=&#8220;4_4&#8243; _builder_version=&#8220;4.15&#8243; custom_padding=&#8220;|||&#8220; global_colors_info=&#8220;{}&#8220; custom_padding__hover=&#8220;|||&#8220;][et_pb_text _builder_version=&#8220;4.15.1&#8243; _module_preset=&#8220;default&#8220; text_font=&#8220;|700|||||||&#8220; hover_enabled=&#8220;0&#8243; global_colors_info=&#8220;{}&#8220; sticky_enabled=&#8220;0&#8243;]<\/p>\n<h1>Verkaufsbedingungen<\/h1>\n<p>Estnischer Internetshop online.rocs.eu (weiter als Shop bezeichnet) ist Eigentum von Unicosmetic Ltd., nationale Registrierungs-ID: 12808641, mit Sitz in: Landkreis Harju, Gemeinde Rae, Seedorf, Ida Tee 16, 75304, Estland.<\/p>\n<p>[\/et_pb_text][\/et_pb_column][\/et_pb_row][et_pb_row _builder_version=&#8220;4.15.1&#8243; _module_preset=&#8220;default&#8220; global_colors_info=&#8220;{}&#8220;][et_pb_column type=&#8220;4_4&#8243; _builder_version=&#8220;4.15.1&#8243; _module_preset=&#8220;default&#8220; global_colors_info=&#8220;{}&#8220;][et_pb_text _builder_version=&#8220;4.15.1&#8243; _module_preset=&#8220;default&#8220; hover_enabled=&#8220;0&#8243; global_colors_info=&#8220;{}&#8220; sticky_enabled=&#8220;0&#8243;]<\/p>\n<p><strong>1. G\u00fcltigkeit des Kaufvertrages, Informationen \u00fcber Produkte und Preise.<\/strong><\/p>\n<p>Nachstehende Verkaufsbedingungen gelten f\u00fcr den Kauf von Waren im Shop.<\/p>\n<p>Die Preise der im Shop verkauften Waren werden neben den Waren angezeigt. Die Kosten f\u00fcr die Lieferung der Ware werden dem Preis hinzugef\u00fcgt. Alle Preise sind in Euro und enthalten die gesetzliche Mehrwertsteuer.<\/p>\n<p>Die Versandkosten h\u00e4ngen vom Standort des K\u00e4ufers und von der Versandart ab. Die Versandkosten werden dem K\u00e4ufer w\u00e4hrend der Bestellung angezeigt.<\/p>\n<p>Informationen zu den Produkten werden auf der Website des Shops neben dem Produkt angezeigt.<\/p>\n<p><strong>2. Bestellung machen.<\/strong><\/p>\n<p>Um ein Produkt zu bestellen, m\u00fcssen Sie das gew\u00fcnschte Produkt in den Warenkorb legen. Um eine Bestellung aufzugeben, f\u00fcllen Sie die erforderlichen Felder aus und w\u00e4hlen Sie die entsprechende Versandart aus. Anschlie\u00dfend wird auf dem Bildschirm die H\u00f6he der Provision angezeigt, die \u00fcber eine Bankverbindung oder eine andere Zahlungsl\u00f6sung bezahlt werden kann.<\/p>\n<p>Der Vertrag tritt mit Eingang des f\u00e4lligen Betrags auf dem Girokonto des Shops in Kraft.<\/p>\n<p>Falls die bestellte Ware aufgrund des Verfallsdatums der Ware oder aus einem anderen Grund nicht geliefert werden kann, wird der K\u00e4ufer so schnell wie m\u00f6glich benachrichtigt und das Geld (einschlie\u00dflich Versandkosten) wird sofort, sp\u00e4testens jedoch innerhalb von 14 Tagen, zur\u00fcckerstattet Tage ab dem Datum der Absendung der Benachrichtigung.<\/p>\n<p><strong>3. Lieferung<\/strong><\/p>\n<p>Die Ware wird in folgende L\u00e4nder versendet: Estland, Lettland, Litauen.<\/p>\n<p>Die Versandkosten tr\u00e4gt der K\u00e4ufer, und die entsprechenden Preisinformationen werden neben der Versandart angezeigt.<\/p>\n<p>Pakete innerhalb Estlands erreichen den vom K\u00e4ufer angegebenen Bestimmungsort in der Regel innerhalb von 3-7 Werktagen ab dem Datum des Inkrafttretens des Kaufvertrags. Au\u00dferhalb Estlands erfolgt die Lieferung gem\u00e4\u00df der Geschwindigkeit des Kurierunternehmens.<\/p>\n<p>In Ausnahmef\u00e4llen besteht das Recht, die Ware innerhalb von bis zu 45 Kalendertagen zu liefern.<\/p>\n<p><strong>4. Das Recht auf Verweigerung.<\/strong><\/p>\n<p>Nach Erhalt der Bestellung hat der K\u00e4ufer das Recht, den im Online-Shop geschlossenen Vertrag innerhalb von 14 Tagen zu widerrufen.<\/p>\n<p>Das Ablehnungsrecht gilt nicht, wenn der K\u00e4ufer eine juristische Person ist.<\/p>\n<p>Da Mundhygieneprodukte Waren f\u00fcr den pers\u00f6nlichen Gebrauch sind:<\/p>\n<p>&#8211; Um das 14-t\u00e4gige R\u00fcckgaberecht auszu\u00fcben, darf die Verpackung des bestellten Produkts nicht ge\u00f6ffnet oder das Produkt verwendet werden.<\/p>\n<p>&#8211; Wenn das Produkt f\u00fcr andere Zwecke als die verwendet wurde, die zur Kl\u00e4rung der Art der Ware erforderlich sind oder Gebrauchs- oder Gebrauchsspuren aufweisen, hat der Shop das Recht, dem K\u00e4ufer das R\u00fcckgaberecht zu verweigern.<\/p>\n<p>Um das Produkt zur\u00fcckzusenden, m\u00fcssen Sie eine schriftliche Ablehnungserkl\u00e4rung zum Kauf des Produkts in freier Form einreichen und an die E-Mail-Adresse senden store@rocs.eu innerhalb von 14 Tagen ab Erhalt der Ware.<\/p>\n<p>Die Kosten f\u00fcr die R\u00fccksendung der Ware tr\u00e4gt der K\u00e4ufer, au\u00dfer in F\u00e4llen, in denen der Grund f\u00fcr die R\u00fccksendung darin besteht, dass die zur\u00fcckgegebene Ware nicht mit der bestellten \u00fcbereinstimmt (z. B. falsche oder fehlerhafte Ware).<\/p>\n<p>Der K\u00e4ufer muss die Ware innerhalb von 14 Tagen ab dem Datum der Antragstellung zur\u00fccksenden oder den Nachweis erbringen, dass er die Ware w\u00e4hrend der oben genannten Frist dem Spediteur \u00fcbergeben hat.<\/p>\n<p>Nach Erhalt der zur\u00fcckgegebenen Ware gibt der Shop unverz\u00fcglich, sp\u00e4testens jedoch 14 Tage nach Erhalt des R\u00fcckrufantrags, den gesamten vom K\u00e4ufer aufgrund des Vertrags erhaltenen Betrag an den K\u00e4ufer zur\u00fcck.<\/p>\n<p>Der Shop kann die R\u00fcckerstattung des Geldes verweigern, bis die vertragsgegenst\u00e4ndliche Ware zur\u00fcckgegeben wurde oder bis der K\u00e4ufer den Nachweis \u00fcber die R\u00fcckgabe der Ware erbracht hat, je nachdem, was zuerst eintritt.<\/p>\n<p>Wenn der K\u00e4ufer ausdr\u00fccklich eine andere Liefermethode als die billigste herk\u00f6mmliche Liefermethode gew\u00e4hlt hat, die vom Gesch\u00e4ft angeboten wird, ist das Gesch\u00e4ft nicht verpflichtet, dem Verbraucher die Kosten zu erstatten, die \u00fcber die Kosten der \u00fcblichen Liefermethode hinausgehen.<\/p>\n<p>Der Shop hat das Recht, die Kauftransaktion abzulehnen und die R\u00fcckgabe der Ware vom K\u00e4ufer zu verlangen, wenn der Preis der Ware im Online-Shop aufgrund eines Fehlers erheblich unter dem Marktpreis der genannten Ware liegt.<\/p>\n<p><strong>5. Das Recht, einen Anspruch geltend zu machen.<\/strong><\/p>\n<p>Der Shop ist verantwortlich f\u00fcr die Diskrepanz oder den Mangel der verkauften Ware, die bereits zum Zeitpunkt der Lieferung der Ware an den K\u00e4ufer bestand.<\/p>\n<p>Der K\u00e4ufer hat das Recht, den Shop sp\u00e4testens innerhalb von zwei Monaten per E-Mail an die Adresse zu kontaktieren store@rocs.eu.<\/p>\n<p>Der Shop haftet nicht f\u00fcr M\u00e4ngel, die nach der Lieferung der Ware an den K\u00e4ufer aufgetreten sind.<\/p>\n<p>Wenn die im Shop gekaufte Ware M\u00e4ngel aufweist, f\u00fcr die der Shop verantwortlich ist, wird die mangelhafte Ware ersetzt. Wenn die Ware nicht ersetzt werden kann, erstattet der Shop dem K\u00e4ufer Betr\u00e4ge im Zusammenhang mit dieser besonderen Vereinbarung.<\/p>\n<p>Der Shop muss auf die Beschwerde des Verbrauchers schriftlich oder in einer Form antworten, die eine schriftliche Reproduktion innerhalb von 15 Tagen erm\u00f6glicht.<\/p>\n<p><strong>6. Direktmarketing und Verarbeitung personenbezogener Daten.<\/strong><\/p>\n<p>Der Shop verwendet die vom K\u00e4ufer eingegebenen pers\u00f6nlichen Daten (einschlie\u00dflich Name, Telefonnummer, Adresse, E-Mail-Adresse, Bankverbindung) nur zur Abwicklung der Bestellung und zum Versand der Ware an den K\u00e4ufer. Diese personenbezogenen Daten werden nur an Unternehmen weitergegeben, die Transportdienstleistungen f\u00fcr die Lieferung von Waren erbringen.<\/p>\n<p>Der Shop sendet Newsletter und Angebote nur dann an die E-Mail-Adresse des K\u00e4ufers, wenn der K\u00e4ufer dies durch Eingabe einer E-Mail-Adresse auf der Website gew\u00fcnscht hat.<\/p>\n<p>Der K\u00e4ufer kann Angebote und Newsletter, die per E-Mail gesendet wurden, jederzeit stornieren, indem er uns per E-Mail benachrichtigt oder den Anweisungen in der E-Mail mit den Angeboten folgt.<\/p>\n<p><strong>7. Streitbeilegung<\/strong><\/p>\n<p>Eventuelle Beschwerden gegen den Shop m\u00fcssen an die E-Mail-Adresse gesendet werden store@rocs.eu . Wenn der K\u00e4ufer und der Shop den Streit nicht g\u00fctlich beilegen k\u00f6nnen, kann sich der K\u00e4ufer an die Kommission f\u00fcr Verbraucherstreitigkeiten wenden.<\/p>\n<p>Die Modalit\u00e4ten des Verfahrens k\u00f6nnen hier eingesehen und beantragt werden. Die Kommission f\u00fcr Verbraucherstreitigkeiten l\u00f6st Streitigkeiten, die sich aus dem zwischen dem K\u00e4ufer und dem Online-Shop geschlossenen Vertrag ergeben. Die Beilegung der Beschwerde des K\u00e4ufers in der Kommission ist kostenlos.<\/p>\n<p>Der K\u00e4ufer kann sich auch an die Plattform zur Beilegung von Verbraucherstreitigkeiten der Europ\u00e4ischen Union wenden.<\/p>\n<p>[\/et_pb_text][\/et_pb_column][\/et_pb_row][\/et_pb_section]<\/p>\n","protected":false},"excerpt":{"rendered":"<p>Verkaufsbedingungen Estnischer Internetshop online.rocs.eu (weiter als Shop bezeichnet) ist Eigentum von Unicosmetic Ltd., nationale Registrierungs-ID: 12808641, mit Sitz in: Landkreis Harju, Gemeinde Rae, Seedorf, Ida Tee 16, 75304, Estland.1. G\u00fcltigkeit des Kaufvertrages, Informationen \u00fcber Produkte und Preise. Nachstehende Verkaufsbedingungen gelten f\u00fcr den Kauf von Waren im Shop. Die Preise der im Shop verkauften Waren werden [&hellip;]<\/p>\n","protected":false},"author":2,"featured_media":0,"parent":0,"menu_order":0,"comment_status":"closed","ping_status":"closed","template":"","meta":{"_et_pb_use_builder":"on","_et_pb_old_content":"","_et_gb_content_width":"","footnotes":""},"class_list":["post-12749","page","type-page","status-publish","hentry"],"_links":{"self":[{"href":"https:\/\/online.rocs.eu\/de\/wp-json\/wp\/v2\/pages\/12749","targetHints":{"allow":["GET"]}}],"collection":[{"href":"https:\/\/online.rocs.eu\/de\/wp-json\/wp\/v2\/pages"}],"about":[{"href":"https:\/\/online.rocs.eu\/de\/wp-json\/wp\/v2\/types\/page"}],"author":[{"embeddable":true,"href":"https:\/\/online.rocs.eu\/de\/wp-json\/wp\/v2\/users\/2"}],"replies":[{"embeddable":true,"href":"https:\/\/online.rocs.eu\/de\/wp-json\/wp\/v2\/comments?post=12749"}],"version-history":[{"count":3,"href":"https:\/\/online.rocs.eu\/de\/wp-json\/wp\/v2\/pages\/12749\/revisions"}],"predecessor-version":[{"id":12764,"href":"https:\/\/online.rocs.eu\/de\/wp-json\/wp\/v2\/pages\/12749\/revisions\/12764"}],"wp:attachment":[{"href":"https:\/\/online.rocs.eu\/de\/wp-json\/wp\/v2\/media?parent=12749"}],"curies":[{"name":"wp","href":"https:\/\/api.w.org\/{rel}","templated":true}]}}