{"id":2718,"date":"2022-03-02T14:01:43","date_gmt":"2022-03-02T11:01:43","guid":{"rendered":"https:\/\/online.rocs.eu\/?page_id=2718"},"modified":"2022-05-30T15:30:51","modified_gmt":"2022-05-30T12:30:51","slug":"wie-bestellen","status":"publish","type":"page","link":"https:\/\/online.rocs.eu\/de\/wie-bestellen\/","title":{"rendered":"Wie bestellen"},"content":{"rendered":"<p>[et_pb_section fb_built=&#8220;1&#8243; admin_label=&#8220;section&#8220; _builder_version=&#8220;4.15&#8243; global_colors_info=&#8220;{}&#8220;][et_pb_row admin_label=&#8220;row&#8220; _builder_version=&#8220;4.15&#8243; background_size=&#8220;initial&#8220; background_position=&#8220;top_left&#8220; background_repeat=&#8220;repeat&#8220; global_colors_info=&#8220;{}&#8220;][et_pb_column type=&#8220;4_4&#8243; _builder_version=&#8220;4.15&#8243; custom_padding=&#8220;|||&#8220; global_colors_info=&#8220;{}&#8220; custom_padding__hover=&#8220;|||&#8220;][et_pb_text _builder_version=&#8220;4.15.1&#8243; _module_preset=&#8220;default&#8220; hover_enabled=&#8220;0&#8243; global_colors_info=&#8220;{}&#8220; sticky_enabled=&#8220;0&#8243;]<\/p>\n<h1>Wie bestellen<\/h1>\n<h2>Wie kaufen<\/h2>\n<ul>\n<li><b>Produkt ausw\u00e4hlen<\/b> &#8211; W\u00e4hlen Sie eine Kategorie aus dem Produktmen\u00fc oder verwenden Sie die Suche, um zum gew\u00fcnschten Produkt zu gelangen.<\/li>\n<li><b>In den Warenkorb<\/b> &#8211; Wenn Sie den E-Shop durchsuchen m\u00f6chten, w\u00e4hlen Sie &#8222;Weiter einkaufen&#8220; \u2013 wenn nicht, w\u00e4hlen Sie &#8222;Bestellung aufgeben&#8220;. Im Warenkorb finden Sie weitere \u00e4hnliche Produkte.<\/li>\n<li><b>W\u00e4hlen Sie eine Zahlungsmethode<\/b> In unserem Shop.Es ist m\u00f6glich, per Bank- oder Kreditkarte und Paypal zu bezahlen.<\/li>\n<\/ul>\n<h2>Wie zu bezahlen<\/h2>\n<h3>Bank\u00fcberweisung<\/h3>\n<ul>\n<li><b>To:<\/b> Unicosmetic O\u00dc<\/li>\n<li><b>A\/a:<\/b> EE152200221070405485<\/li>\n<li><b>Bank:<\/b> Swedbank<\/li>\n<li><b>Grund f\u00fcr die \u00dcberweisung:<\/b> Bestell-Nr. (unbedingt die Bestellnummer angeben)<\/li>\n<li><b>SWIFT\/BIC:<\/b> HABAEE2X (Bankadresse: 8 Liivalaia Street, 15040 Tallinn, Estonia)<\/li>\n<li><b>Firmenname:<\/b> Unicosmetic Ltd (Firmenanschrift: Idatee 16, J\u00e4rvek\u00fcla, Gemeinde Harjumaa 75304)<\/li>\n<\/ul>\n<p>[\/et_pb_text][\/et_pb_column][\/et_pb_row][\/et_pb_section]<\/p>\n","protected":false},"excerpt":{"rendered":"<p>Wie bestellen Wie kaufen Produkt ausw\u00e4hlen &#8211; W\u00e4hlen Sie eine Kategorie aus dem Produktmen\u00fc oder verwenden Sie die Suche, um zum gew\u00fcnschten Produkt zu gelangen. In den Warenkorb &#8211; Wenn Sie den E-Shop durchsuchen m\u00f6chten, w\u00e4hlen Sie &#8222;Weiter einkaufen&#8220; \u2013 wenn nicht, w\u00e4hlen Sie &#8222;Bestellung aufgeben&#8220;. Im Warenkorb finden Sie weitere \u00e4hnliche Produkte. W\u00e4hlen Sie [&hellip;]<\/p>\n","protected":false},"author":2,"featured_media":0,"parent":0,"menu_order":0,"comment_status":"closed","ping_status":"closed","template":"","meta":{"_et_pb_use_builder":"on","_et_pb_old_content":"[et_pb_section fb_built=\"1\" admin_label=\"section\" _builder_version=\"3.22\" global_colors_info=\"{}\"][et_pb_row admin_label=\"row\" _builder_version=\"3.25\" background_size=\"initial\" background_position=\"top_left\" background_repeat=\"repeat\" global_colors_info=\"{}\"][et_pb_column type=\"4_4\" _builder_version=\"3.25\" custom_padding=\"|||\" global_colors_info=\"{}\" custom_padding__hover=\"|||\"][et_pb_text _builder_version=\"4.14.8\" _module_preset=\"default\" hover_enabled=\"0\" sticky_enabled=\"0\"]<h1>How to order<\/h1>\r\n<h2>How to buy<\/h2>\r\n<ul>\r\n<li><b>Select product<\/b> - Select a category from the product menu, or use search to reach the desired product.<\/li>\r\n<li><b>Add to cart<\/b> - if you want to browse the e-shop, select \"Continue shopping\" - if not, select \"Place order\". In the shopping cart you can find more similar products.<\/li>\r\n<li><b>Choose a payment method<\/b> In our store it is possible to pay via bank or credit card and Paypal.<\/li>\r\n<\/ul>\r\n\r\n<h2>How to pay<\/h2>\r\n<h3>Bank transfer<\/h3>\r\n<ul>\r\n<li><b>To:<\/b> Unicosmetic O\u00dc<\/li>\r\n<li><b>A\/a:<\/b> EE152200221070405485<\/li>\r\n<li><b>Bank:<\/b> Swedbank<\/li>\r\n<li><b>Reason for bank transfer:<\/b> Order nr. (be sure to indicate the order number)<\/li>\r\n<li><b>SWIFT\/BIC:<\/b> HABAEE2X (Bank address: 8 Liivalaia Street, 15040 Tallinn, Estonia)<\/li>\r\n<li><b>Company recipient:<\/b> Unicosmetic O\u00dc (Company address:Ida tee 16, J\u00e4rvek\u00fcla Rae vald Harjumaa 75304)<\/li>\r\n<\/ul>[\/et_pb_text][\/et_pb_column][\/et_pb_row][\/et_pb_section]","_et_gb_content_width":"","footnotes":""},"class_list":["post-2718","page","type-page","status-publish","hentry"],"_links":{"self":[{"href":"https:\/\/online.rocs.eu\/de\/wp-json\/wp\/v2\/pages\/2718","targetHints":{"allow":["GET"]}}],"collection":[{"href":"https:\/\/online.rocs.eu\/de\/wp-json\/wp\/v2\/pages"}],"about":[{"href":"https:\/\/online.rocs.eu\/de\/wp-json\/wp\/v2\/types\/page"}],"author":[{"embeddable":true,"href":"https:\/\/online.rocs.eu\/de\/wp-json\/wp\/v2\/users\/2"}],"replies":[{"embeddable":true,"href":"https:\/\/online.rocs.eu\/de\/wp-json\/wp\/v2\/comments?post=2718"}],"version-history":[{"count":4,"href":"https:\/\/online.rocs.eu\/de\/wp-json\/wp\/v2\/pages\/2718\/revisions"}],"predecessor-version":[{"id":6945,"href":"https:\/\/online.rocs.eu\/de\/wp-json\/wp\/v2\/pages\/2718\/revisions\/6945"}],"wp:attachment":[{"href":"https:\/\/online.rocs.eu\/de\/wp-json\/wp\/v2\/media?parent=2718"}],"curies":[{"name":"wp","href":"https:\/\/api.w.org\/{rel}","templated":true}]}}