{"id":2720,"date":"2022-03-02T13:54:30","date_gmt":"2022-03-02T10:54:30","guid":{"rendered":"https:\/\/online.rocs.eu\/?page_id=2720"},"modified":"2022-04-12T11:35:25","modified_gmt":"2022-04-12T08:35:25","slug":"ueber-die-firma","status":"publish","type":"page","link":"https:\/\/online.rocs.eu\/de\/ueber-die-firma\/","title":{"rendered":"\u00dcber die Firma"},"content":{"rendered":"<p>[et_pb_section fb_built=&#8220;1&#8243; admin_label=&#8220;section&#8220; _builder_version=&#8220;4.15&#8243; global_colors_info=&#8220;{}&#8220;][et_pb_row admin_label=&#8220;row&#8220; _builder_version=&#8220;4.15&#8243; background_size=&#8220;initial&#8220; background_position=&#8220;top_left&#8220; background_repeat=&#8220;repeat&#8220; global_colors_info=&#8220;{}&#8220;][et_pb_column type=&#8220;4_4&#8243; _builder_version=&#8220;4.15&#8243; custom_padding=&#8220;|||&#8220; global_colors_info=&#8220;{}&#8220; custom_padding__hover=&#8220;|||&#8220;][et_pb_text admin_label=&#8220;Text&#8220; _builder_version=&#8220;4.15.1&#8243; _module_preset=&#8220;default&#8220; hover_enabled=&#8220;0&#8243; global_colors_info=&#8220;{}&#8220; sticky_enabled=&#8220;0&#8243;]<\/p>\n<h1>\u00dcber die Firma<\/h1>\n<p>[\/et_pb_text][\/et_pb_column][\/et_pb_row][et_pb_row column_structure=&#8220;1_3,2_3&#8243; _builder_version=&#8220;4.15&#8243; _module_preset=&#8220;default&#8220; global_colors_info=&#8220;{}&#8220;][et_pb_column type=&#8220;1_3&#8243; _builder_version=&#8220;4.15&#8243; _module_preset=&#8220;default&#8220; global_colors_info=&#8220;{}&#8220;][et_pb_team_member name=&#8220;Svetlana Matelo&#8220; position=&#8220;Leiter der DRC-Gruppe&#8220; image_url=&#8220;https:\/\/online.rocs.eu\/wp-content\/uploads\/2022\/03\/e8c8304f8c74ccfbe56eededfc5c5c25.jpg&#8220; _builder_version=&#8220;4.15.1&#8243; _module_preset=&#8220;default&#8220; hover_enabled=&#8220;0&#8243; custom_css_member_image=&#8220;text-align: left;&#8220; global_colors_info=&#8220;{}&#8220; sticky_enabled=&#8220;0&#8243;][\/et_pb_team_member][\/et_pb_column][et_pb_column type=&#8220;2_3&#8243; _builder_version=&#8220;4.15&#8243; _module_preset=&#8220;default&#8220; global_colors_info=&#8220;{}&#8220;][et_pb_text _builder_version=&#8220;4.15.1&#8243; _module_preset=&#8220;default&#8220; hover_enabled=&#8220;0&#8243; global_colors_info=&#8220;{}&#8220; sticky_enabled=&#8220;0&#8243;]Seit mehr als 10 Jahren stellt die DRC Group unter der Marke R.O.C.S. einzigartige Zahnpasten her, die mit nat\u00fcrlichen Inhaltsstoffen unter Verwendung einer eigenen Niedertemperaturtechnologie hergestellt werden. Die Leiterin der DRC-Gruppe,  Doktor der Medizin Frau Svetlana Matelo, ist der Ansicht, dass die Produkte des Unternehmens das Potenzial haben, eine der weltweit f\u00fchrenden Marken zu werden \u2013 Verbraucher aus \u00fcber 30 L\u00e4ndern entscheiden sich bereits f\u00fcr R.O.C.S. Produkte \u00fcber andere.<\/p>\n<p>Die DRC-Gruppe wurde 2004 zusammen mit dem WDS forschungslabor gegr\u00fcndet. Ziel war es, innovative Mundpflegeprodukte zu entwickeln, die einen Einfluss auf die Branche haben k\u00f6nnten. Die Produktformel musste auch weltweit &#8222;patentierbar&#8220; sein. Einzigartige Technologie- und Produktformeln wurden entwickelt und klinisch getestet und im Februar 2005 haben wir unsere eigene Produktlinie unter der Marke R.O.C.S. auf den Markt gebracht. Dies war die erste Linie von Mundpflegeprodukten mit einer Altersdifferenzierung und einer separaten Formel f\u00fcr jede Alterskategorie.<br \/>\n[\/et_pb_text][\/et_pb_column][\/et_pb_row][et_pb_row _builder_version=&#8220;4.15&#8243; _module_preset=&#8220;default&#8220; global_colors_info=&#8220;{}&#8220;][et_pb_column type=&#8220;4_4&#8243; _builder_version=&#8220;4.15&#8243; _module_preset=&#8220;default&#8220; global_colors_info=&#8220;{}&#8220;][et_pb_text _builder_version=&#8220;4.15.1&#8243; _module_preset=&#8220;default&#8220; hover_enabled=&#8220;0&#8243; global_colors_info=&#8220;{}&#8220; sticky_enabled=&#8220;0&#8243;]<\/p>\n<h2>Ohne Fluorid und Antisepti\u0441um<\/h2>\n<p>Der Name der Marke selbst, R.O.C.S. (Remineralisierende Mundpflegesysteme), spiegelt genau das Konzept des Produkts wider. Alle R.O.C.S. Zahnpasten sind medizinisch und prophylaktisch &#8211; sie st\u00e4rken den Zahnschmelz, erh\u00f6hen die Kariesresistenz der Z\u00e4hne, lindern und beugen Zahnfleischentz\u00fcndungen vor, erfrischen den Atem und geben den Z\u00e4hnen ihr nat\u00fcrliches Wei\u00df zur\u00fcck. Dauerhafte Zahn- und Zahnfleischhygiene ist ein Markenzeichen von R.O.C.S. products.<\/p>\n<p>Die Philosophie der Marke l\u00e4sst sich in drei Worten ausdr\u00fccken: Qualit\u00e4t, Wirksamkeit, Sicherheit. Bei der Entwicklung von Zahnpastemischungen achtet das WDS-Labor sehr auf die Qualit\u00e4t der Inhaltsstoffe, ihre Vertr\u00e4glichkeit und die Mengen, in denen sie am effektivsten w\u00e4ren.<\/p>\n<p>Das Sortiment von R.O.C.S. umfasst sogar Zahnpasten, die fast ausschlie\u00dflich aus nat\u00fcrlichen Inhaltsstoffen bestehen. Diese nat\u00fcrlichen Zahnpasten halten die Z\u00e4hne nicht nur sauber, sondern sch\u00fctzen sie auch, senken ihre Empfindlichkeit und verbessern auch den Zustand selbst erkrankten Zahnfleisches.<\/p>\n<p>Eine Besonderheit der R.O.C.S. Zahnpasten ist der \u00e4u\u00dferst geringe Einsatz von Fluoriden. Die meisten Zahnpasten enthalten \u00fcberhaupt kein Fluorid, und wenn es doch verwendet wird, wird es in relativ geringen Mengen verwendet. Fluoridfreie Zahnpasten von R.O.C.S. sind jedoch nicht weniger wirksam als fluoridhaltige Konkurrenzprodukte und bieten eine sicherere Kariesprophylaxe.<br \/>\nAls Alternative zu Fluorid wird eine Reihe von Mineralien verwendet, die das biologisch verf\u00fcgbare Calcium, Phosphat und Magnesium enthalten. Die karieshemmende Wirksamkeit der in R.O.C.S.-Zahnpasten verwendeten Mineralisierungsformel wurde durch eine zweij\u00e4hrige Studie zur Kariespr\u00e4vention in Schulen nachgewiesen, die unter Aufsicht der Weltgesundheitsorganisation durchgef\u00fchrt wurde. Die Formel wird auch bei der Behandlung von Fr\u00fchkaries bei Kindern ohne das Risiko negativer Nebenwirkungen sowie in der kosmetischen Zahnheilkunde eingesetzt.<\/p>\n<p>Die antiadh\u00e4siven Eigenschaften von Bromelain und Xylit sind die wichtigsten Wirkstoffe in der R.O.C.S.-Formel. Bromelain, synthetisiert aus Ananasst\u00e4mmen, zersetzt Plaque und verhindert die Bildung neuer Plaques. Xylitol hat als nat\u00fcrlicher Inhaltsstoff antimikrobielle Eigenschaften, die zur Bek\u00e4mpfung kariesproduzierender Bakterien und Pilze eingesetzt werden. Basierend auf klinischen Studien sind Mikrobiologen zu dem Schluss gekommen, dass R.O.C.S. Zahnpasten pr\u00e4biotische Eigenschaften besitzen und die Zusammensetzung der Mundmikroflora normalisieren.<\/p>\n<h2>Auf der Suche nach neuen Formeln<\/h2>\n<p>Die Rezepturen neuer Produkte werden sowohl in der Entwicklungsphase als auch nach der Produkteinf\u00fchrung anstrengenden Labor- und klinischen Studien unterzogen. Die Ergebnisse dieser Studien werden immer in medizinischen Fachpublikationen ver\u00f6ffentlicht und auch auf wissenschaftlichen Konferenzen in Russland und im Ausland pr\u00e4sentiert, einschlie\u00dflich der Kongresse der FDI World Dental Federation.<\/p>\n<p>Heute besitzt das Labor mehr als 50 Patenten, w\u00e4hrend seine Funde als Grundlage f\u00fcr mehr als 10 wissenschaftliche Studien dienen.<\/p>\n<p>Die Verwendung einer gro\u00dfen Menge nat\u00fcrlicher Komponenten erfordert auch spezielle Produktionstechniken, die die Herstellung selbst komplexer und zeitaufw\u00e4ndiger als normal machen. Um die vorteilhaften Eigenschaften der Komponenten zu erhalten, werden R.O.C.S.-Zahnpasten bei niedrigen Temperaturen synthetisiert, was acht statt der \u00fcblichen zwei Stunden dauert.<\/p>\n<h2>Besonderer Zugang zu Kindern<\/h2>\n<p>Die DRC-Gruppe stellt etwa hundert verschiedene Zahnpasten her, die jeweils f\u00fcr eine bestimmte Altersgruppe entwickelt wurden, von Kindern bis zu \u00e4lteren Menschen.<\/p>\n<p>Die R.O.C.S. Babyzahnpasta kann bereits vor dem Auftreten von Z\u00e4hnen verwendet werden, um das Zahnfleisch zu sch\u00fctzen. In diesem Alter k\u00f6nnen Kinder ihren Mund noch nicht aussp\u00fclen und schlucken fast immer die gesamte Zahnpasta. Aus diesem Grund wird diese spezielle Zahnpasta aus nat\u00fcrlichen Bestandteilen hergestellt, die beim Verschlucken nicht sch\u00e4dlich sind, keine allergischen Reaktionen hervorrufen und die Beschwerden beim Zahnen lindern.<\/p>\n<p>F\u00fcr die Altersgruppe 3-7 bietet das Unternehmen die R.O.C.S. Kids-Reihe an, f\u00fcr die Altersgruppe 6-12 \u2013 R.O.C.S. Junior und f\u00fcr die Altersgruppe 8-18 \u2013 R.O.C.S. Teens. Die Formeln dieser Zahnpasten wurden unter besonderer Ber\u00fccksichtigung der Entwicklung der Z\u00e4hne in jedem spezifischen Alterungsstadium entwickelt. Neben Zahnpasten stellt das Unternehmen auch mehrere Zahnsp\u00fclungen sowie eine Vielzahl von Mundhygieneutensilien her: B\u00fcrsten, Zahnseide und Interdentalb\u00fcrsten.<\/p>\n<h2>Expansion ins Ausland<\/h2>\n<p>Heute k\u00f6nnen R.O.C.S. Mundpflegeprodukte in Russland, anderen GUS-Staaten, den baltischen L\u00e4ndern, Finnland, Deutschland, der T\u00fcrkei, Japan, Zypern, Polen und Malaysia gekauft werden. Insgesamt werden die Produkte von DRC in \u00fcber 50 L\u00e4ndern weltweit verkauft.<br \/>\n[\/et_pb_text][\/et_pb_column][\/et_pb_row][\/et_pb_section]<\/p>\n","protected":false},"excerpt":{"rendered":"<p>\u00dcber die FirmaSeit mehr als 10 Jahren stellt die DRC Group unter der Marke R.O.C.S. einzigartige Zahnpasten her, die mit nat\u00fcrlichen Inhaltsstoffen unter Verwendung einer eigenen Niedertemperaturtechnologie hergestellt werden. Die Leiterin der DRC-Gruppe, Doktor der Medizin Frau Svetlana Matelo, ist der Ansicht, dass die Produkte des Unternehmens das Potenzial haben, eine der weltweit f\u00fchrenden Marken [&hellip;]<\/p>\n","protected":false},"author":2,"featured_media":0,"parent":0,"menu_order":0,"comment_status":"closed","ping_status":"closed","template":"","meta":{"_et_pb_use_builder":"on","_et_pb_old_content":"[et_pb_section fb_built=\"1\" admin_label=\"section\" _builder_version=\"3.22\" global_colors_info=\"{}\"][et_pb_row admin_label=\"row\" _builder_version=\"3.25\" background_size=\"initial\" background_position=\"top_left\" background_repeat=\"repeat\" global_colors_info=\"{}\"][et_pb_column type=\"4_4\" _builder_version=\"3.25\" custom_padding=\"|||\" global_colors_info=\"{}\" custom_padding__hover=\"|||\"][et_pb_text admin_label=\"Text\" _builder_version=\"4.14.8\" _module_preset=\"default\" global_colors_info=\"{}\"]<h1>About company<\/h1>[\/et_pb_text][\/et_pb_column][\/et_pb_row][et_pb_row column_structure=\"1_3,2_3\" _builder_version=\"4.14.8\" _module_preset=\"default\" global_colors_info=\"{}\"][et_pb_column type=\"1_3\" _builder_version=\"4.14.8\" _module_preset=\"default\" global_colors_info=\"{}\"][et_pb_team_member name=\"Svetlana Matelo\" position=\"Head of DRC group\" image_url=\"https:\/\/online.rocs.eu\/wp-content\/uploads\/2022\/03\/e8c8304f8c74ccfbe56eededfc5c5c25.jpg\" _builder_version=\"4.14.8\" _module_preset=\"default\" hover_enabled=\"0\" global_colors_info=\"{}\" custom_css_member_image=\"text-align: left;\" sticky_enabled=\"0\"][\/et_pb_team_member][\/et_pb_column][et_pb_column type=\"2_3\" _builder_version=\"4.14.8\" _module_preset=\"default\" global_colors_info=\"{}\"][et_pb_text _builder_version=\"4.14.8\" _module_preset=\"default\" global_colors_info=\"{}\"]For more than 10 years now, DRC group has been manufacturing unique toothpastes, which are made with natural ingredients using their own low-temperature technology, under the R.O.C.S. brand. The head of the DRC group, Candidate of Medical Sciences Svetlana Matelo, thinks that the company\u2019s products have the potential necessary to become one of the leading global brands \u2013 consumers from over 30 countries are already choosing R.O.C.S. products over others.\r\n\r\nThe DRC group was formed in 2004 along with the WDS research laboratory. The goal was to create innovative oral care products that could make an impact on the industry. The product formula also had to be \u201cpatentable\u201d worldwide. Unique technology and product formulas were developed and clinically proved and in February 2005 we launched our own product line under R.O.C.S. brand. This was the first line of oral care products with an age differentiation and a separate formula for each age category.[\/et_pb_text][\/et_pb_column][\/et_pb_row][et_pb_row _builder_version=\"4.14.8\" _module_preset=\"default\" global_colors_info=\"{}\"][et_pb_column type=\"4_4\" _builder_version=\"4.14.8\" _module_preset=\"default\" global_colors_info=\"{}\"][et_pb_text _builder_version=\"4.14.8\" _module_preset=\"default\" global_colors_info=\"{}\"]<h2>Without fluoride and antiseptics<\/h2>\r\nThe name of the brand itself, R.O.C.S. (Remineralizing Oral Care Systems), precisely reflects the product\u2019s concept. All R.O.C.S. toothpastes are medicinal and prophylactic \u2013 they strengthen the enamel, increase tooth resistance to caries, relieve and prevent inflammation of the gums, freshen the breath and give the teeth back their natural whiteness. Long-lasting tooth and gum hygiene is a trademark of R.O.C.S. products.\r\n\r\nThe brand\u2019s philosophy can be expressed in three words: quality, effectiveness, safety. When developing toothpaste formulas, the WDS laboratory pays a lot of attention to the quality of ingredients, their compatibility and the amounts in which they would be most effective.\r\n\r\nThe R.O.C.S. range even has toothpastes made almost completely from natural ingredients. These natural toothpastes do not only keep the teeth clean, but also protect them, lower their sensitivity and also improve the condition of even diseased gums.\r\n\r\nOne specific feature of the R.O.C.S. toothpastes is the extremely scant use of fluorides. Most of the toothpastes do not contain fluoride at all, and when it is used, it is used in relatively small amounts. However, R.O.C.S. toothpastes that contain no fluoride are no less effective than those of its competitors that do contain fluoride, offering safer caries prophylaxis.\r\n\r\nAs an alternative to fluoride, a set of minerals that contain the biologically available calcium, phosphate and magnesium is used. The anti-caries effectiveness of the mineralizing formula used in R.O.C.S. toothpastes had been proven by a two-year study of school caries prevention, which was carried out under the supervision of the World Health Organization. The formula is also used in treating children\u2019s early caries without the risk of negative side effects, as well as in cosmetic dentistry.\r\n\r\nThe anti-adhesive properties or bromelain and xylitol are the most important active ingredients in the R.O.C.S. formula. Bromelain, synthesized from pineapple stems, decomposes plaque and prevents the formation of new plaque. Xylitol, being a natural ingredient, has antimicrobial properties, which are used to fight caries-producing bacteria and fungi. Based on clinical trials, microbiologists have concluded that R.O.C.S. toothpastes possess prebiotic qualities and normalize the composition of the oral microflora.\r\n\r\n<h2>In search of new formulas<\/h2>\r\nThe formulas of new products are subjected to strenuous laboratory and clinical trials, both in the development stage and after the launch of the product. The results of these trials are always published in specialized medical publications, and also presented at scientific conferences both in Russia and abroad, including the FDI World Dental Federation congresses.\r\n\r\nToday the laboratory owns more than 50 formula patents, while its finds have been made to be the basis for more than 10 scientific studies.\r\n\r\nThe use of a large quantity of natural components also demands special production techniques, which make the production itself more complex and time-consuming than normal. In order to preserve the beneficial properties of the components, R.O.C.S. toothpastes are synthesized at low temperatures, which takes eight hours instead of the usual two.\r\n\r\n<h2>Special approach to children<\/h2>\r\nThe DRC group produces about a hundred different toothpastes, each designed for a specific age group, from children to the elderly.\r\n\r\nThe R.O.C.S. Baby toothpaste can be used even before any teeth have appeared, in order to protect the gums. At this age, children are not yet able to rinse their mouths, and almost always swallow all toothpaste. This is the reason why this particular toothpaste is manufactured using natural components, which are not harmful when swallowed, do not cause allergic reactions and lessen the discomfort of teething.\r\n\r\nFor the 3-7 age group, the company offers the R.O.C.S. Kids range, for the 6-12 age group \u2013 R.O.C.S. Junior, while for the 8-18 age group \u2013 R.O.C.S. Teens. The formulas of these toothpastes have been developed while paying special attention to how the teeth develop at each specific aging stage. Besides toothpastes, the company also manufactures several dental rinses, as well as a wide variety of oral hygiene utensils: brushes, dental floss and interdental brushes.\r\n\r\n<h2>Expanding abroad<\/h2>\r\nToday R.O.C.S. oral care products can be bought in Russia, other CIS countries, the Baltic countries, Finland, Germany, Turkey, Japan, Cyprus, Poland and Malaysia. In total, DRC\u2019s products are sold in over 50 countries worldwide.[\/et_pb_text][\/et_pb_column][\/et_pb_row][\/et_pb_section]","_et_gb_content_width":"","footnotes":""},"class_list":["post-2720","page","type-page","status-publish","hentry"],"_links":{"self":[{"href":"https:\/\/online.rocs.eu\/de\/wp-json\/wp\/v2\/pages\/2720","targetHints":{"allow":["GET"]}}],"collection":[{"href":"https:\/\/online.rocs.eu\/de\/wp-json\/wp\/v2\/pages"}],"about":[{"href":"https:\/\/online.rocs.eu\/de\/wp-json\/wp\/v2\/types\/page"}],"author":[{"embeddable":true,"href":"https:\/\/online.rocs.eu\/de\/wp-json\/wp\/v2\/users\/2"}],"replies":[{"embeddable":true,"href":"https:\/\/online.rocs.eu\/de\/wp-json\/wp\/v2\/comments?post=2720"}],"version-history":[{"count":5,"href":"https:\/\/online.rocs.eu\/de\/wp-json\/wp\/v2\/pages\/2720\/revisions"}],"predecessor-version":[{"id":2726,"href":"https:\/\/online.rocs.eu\/de\/wp-json\/wp\/v2\/pages\/2720\/revisions\/2726"}],"wp:attachment":[{"href":"https:\/\/online.rocs.eu\/de\/wp-json\/wp\/v2\/media?parent=2720"}],"curies":[{"name":"wp","href":"https:\/\/api.w.org\/{rel}","templated":true}]}}