{"id":2727,"date":"2022-03-02T14:05:55","date_gmt":"2022-03-02T12:05:55","guid":{"rendered":"https:\/\/online.rocs.eu\/?page_id=2727"},"modified":"2023-11-03T12:15:41","modified_gmt":"2023-11-03T10:15:41","slug":"zahlungs-und-lieferinformationen","status":"publish","type":"page","link":"https:\/\/online.rocs.eu\/de\/wie-bestellen\/zahlungs-und-lieferinformationen\/","title":{"rendered":"Zahlungs- und Lieferinformationen"},"content":{"rendered":"<p>[et_pb_section fb_built=&#8220;1&#8243; admin_label=&#8220;section&#8220; _builder_version=&#8220;4.16&#8243; global_colors_info=&#8220;{}&#8220;][et_pb_row admin_label=&#8220;row&#8220; _builder_version=&#8220;4.16&#8243; background_size=&#8220;initial&#8220; background_position=&#8220;top_left&#8220; background_repeat=&#8220;repeat&#8220; global_colors_info=&#8220;{}&#8220;][et_pb_column type=&#8220;4_4&#8243; _builder_version=&#8220;4.16&#8243; custom_padding=&#8220;|||&#8220; global_colors_info=&#8220;{}&#8220; custom_padding__hover=&#8220;|||&#8220;][et_pb_text _builder_version=&#8220;4.16&#8243; _module_preset=&#8220;default&#8220; global_colors_info=&#8220;{}&#8220;]<\/p>\n<h1>Zahlungs- und Lieferinformationen<\/h1>\n<h2>Lieferbedingungen:<\/h2>\n<p>[\/et_pb_text][\/et_pb_column][\/et_pb_row][et_pb_row column_structure=&#8220;1_4,3_4&#8243; _builder_version=&#8220;4.16&#8243; _module_preset=&#8220;default&#8220; global_colors_info=&#8220;{}&#8220;][et_pb_column type=&#8220;1_4&#8243; _builder_version=&#8220;4.16&#8243; _module_preset=&#8220;default&#8220; global_colors_info=&#8220;{}&#8220;][et_pb_image src=&#8220;https:\/\/online.rocs.eu\/wp-content\/uploads\/2022\/03\/itella.jpg&#8220; title_text=&#8220;itella&#8220; _builder_version=&#8220;4.16&#8243; _module_preset=&#8220;default&#8220; global_colors_info=&#8220;{}&#8220;][\/et_pb_image][\/et_pb_column][et_pb_column type=&#8220;3_4&#8243; _builder_version=&#8220;4.16&#8243; _module_preset=&#8220;default&#8220; global_colors_info=&#8220;{}&#8220;][et_pb_text _builder_version=&#8220;4.21.0&#8243; _module_preset=&#8220;default&#8220; hover_enabled=&#8220;0&#8243; global_colors_info=&#8220;{}&#8220; sticky_enabled=&#8220;0&#8243;]<\/p>\n<h3>Itella Logistik<\/h3>\n<p>F\u00fcr R.O.C.S. steht eine zuverl\u00e4ssige und bequeme Lieferoption zur Verf\u00fcgung. Auftr\u00e4ge. Bei dieser Versandart wird Ihre Bestellung innerhalb von 7-10 Werktagen versandt und an den n\u00e4chstgelegenen Abholdienst geliefert.[\/et_pb_text][\/et_pb_column][\/et_pb_row][et_pb_row column_structure=&#8220;1_4,3_4&#8243; _builder_version=&#8220;4.16&#8243; _module_preset=&#8220;default&#8220; global_colors_info=&#8220;{}&#8220;][et_pb_column type=&#8220;1_4&#8243; _builder_version=&#8220;4.16&#8243; _module_preset=&#8220;default&#8220; global_colors_info=&#8220;{}&#8220;][et_pb_image src=&#8220;https:\/\/online.rocs.eu\/wp-content\/uploads\/2022\/03\/1b6d8105c48ca0a9cca43eaea3bcb5da.jpg&#8220; title_text=&#8220;1b6d8105c48ca0a9cca43eaea3bcb5da&#8220; _builder_version=&#8220;4.16&#8243; _module_preset=&#8220;default&#8220; global_colors_info=&#8220;{}&#8220;][\/et_pb_image][\/et_pb_column][et_pb_column type=&#8220;3_4&#8243; _builder_version=&#8220;4.16&#8243; _module_preset=&#8220;default&#8220; global_colors_info=&#8220;{}&#8220;][et_pb_text _builder_version=&#8220;4.21.0&#8243; _module_preset=&#8220;default&#8220; hover_enabled=&#8220;0&#8243; global_colors_info=&#8220;{}&#8220; sticky_enabled=&#8220;0&#8243;]<\/p>\n<h3>Omniva<\/h3>\n<p>Um die niedrigste Lieferrate zu gew\u00e4hrleisten, k\u00f6nnen kleine Bestellungen direkt vom Hauptvertriebslager in Tallinn \u00fcber die Paketdienste der Estnischen Post versendet werden. Mit der Versandart Estnische Post wird Ihre Bestellung innerhalb von 48 Stunden versandt und innerhalb von 3\u20137 Werktagen an die n\u00e4chstgelegene Postfiliale geliefert.[\/et_pb_text][\/et_pb_column][\/et_pb_row][et_pb_row column_structure=&#8220;1_4,3_4&#8243; _builder_version=&#8220;4.16&#8243; _module_preset=&#8220;default&#8220; global_colors_info=&#8220;{}&#8220;][et_pb_column type=&#8220;1_4&#8243; _builder_version=&#8220;4.16&#8243; _module_preset=&#8220;default&#8220; global_colors_info=&#8220;{}&#8220;][et_pb_image src=&#8220;https:\/\/online.rocs.eu\/wp-content\/uploads\/2022\/03\/dpd.jpg&#8220; title_text=&#8220;dpd&#8220; _builder_version=&#8220;4.16&#8243; _module_preset=&#8220;default&#8220; global_colors_info=&#8220;{}&#8220;][\/et_pb_image][\/et_pb_column][et_pb_column type=&#8220;3_4&#8243; _builder_version=&#8220;4.16&#8243; _module_preset=&#8220;default&#8220; global_colors_info=&#8220;{}&#8220;][et_pb_text _builder_version=&#8220;4.21.0&#8243; _module_preset=&#8220;default&#8220; hover_enabled=&#8220;0&#8243; global_colors_info=&#8220;{}&#8220; sticky_enabled=&#8220;0&#8243;]<\/p>\n<h3>DPD<\/h3>\n<p>F\u00fchrender internationaler Express-Lieferdienst f\u00fcr Pakete und Fracht. Mit der DPD-Versandmethode wird Ihre Bestellung innerhalb von 48\u201372 Stunden versandt und innerhalb von 3\u20137 Werktagen an die n\u00e4chstgelegene Postfiliale geliefert.[\/et_pb_text][\/et_pb_column][\/et_pb_row][et_pb_row admin_label=&#8220;row&#8220; _builder_version=&#8220;4.16&#8243; background_size=&#8220;initial&#8220; background_position=&#8220;top_left&#8220; background_repeat=&#8220;repeat&#8220; global_colors_info=&#8220;{}&#8220;][et_pb_column type=&#8220;4_4&#8243; _builder_version=&#8220;4.16&#8243; custom_padding=&#8220;|||&#8220; global_colors_info=&#8220;{}&#8220; custom_padding__hover=&#8220;|||&#8220;][et_pb_text _builder_version=&#8220;4.16&#8243; _module_preset=&#8220;default&#8220; global_colors_info=&#8220;{}&#8220;]<\/p>\n<h2>Zahlungsbedingungen:<\/h2>\n<p>[\/et_pb_text][\/et_pb_column][\/et_pb_row][et_pb_row column_structure=&#8220;1_4,3_4&#8243; _builder_version=&#8220;4.16&#8243; _module_preset=&#8220;default&#8220; global_colors_info=&#8220;{}&#8220;][et_pb_column type=&#8220;1_4&#8243; _builder_version=&#8220;4.16&#8243; _module_preset=&#8220;default&#8220; global_colors_info=&#8220;{}&#8220;][et_pb_image src=&#8220;https:\/\/online.rocs.eu\/wp-content\/uploads\/2022\/03\/paypal.jpg&#8220; title_text=&#8220;paypal&#8220; _builder_version=&#8220;4.16&#8243; _module_preset=&#8220;default&#8220; global_colors_info=&#8220;{}&#8220;][\/et_pb_image][\/et_pb_column][et_pb_column type=&#8220;3_4&#8243; _builder_version=&#8220;4.16&#8243; _module_preset=&#8220;default&#8220; global_colors_info=&#8220;{}&#8220;][et_pb_text _builder_version=&#8220;4.16&#8243; _module_preset=&#8220;default&#8220; global_colors_info=&#8220;{}&#8220;]Wenn Sie PayPal-Dienste nutzen, kann Ihre Bestellung sofort nach Auftragsbest\u00e4tigung \u00fcber das PayPal-System bezahlt werden.[\/et_pb_text][\/et_pb_column][\/et_pb_row][\/et_pb_section]<\/p>\n","protected":false},"excerpt":{"rendered":"<p>Zahlungs- und Lieferinformationen Lieferbedingungen:Itella Logistik F\u00fcr R.O.C.S. steht eine zuverl\u00e4ssige und bequeme Lieferoption zur Verf\u00fcgung. Auftr\u00e4ge. Bei dieser Versandart wird Ihre Bestellung innerhalb von 7-10 Werktagen versandt und an den n\u00e4chstgelegenen Abholdienst geliefert.Omniva Um die niedrigste Lieferrate zu gew\u00e4hrleisten, k\u00f6nnen kleine Bestellungen direkt vom Hauptvertriebslager in Tallinn \u00fcber die Paketdienste der Estnischen Post versendet werden. [&hellip;]<\/p>\n","protected":false},"author":2,"featured_media":0,"parent":2718,"menu_order":0,"comment_status":"closed","ping_status":"closed","template":"","meta":{"_et_pb_use_builder":"on","_et_pb_old_content":"[et_pb_section fb_built=\"1\" admin_label=\"section\" _builder_version=\"3.22\" global_colors_info=\"{}\"][et_pb_row admin_label=\"row\" _builder_version=\"3.25\" background_size=\"initial\" background_position=\"top_left\" background_repeat=\"repeat\" global_colors_info=\"{}\"][et_pb_column type=\"4_4\" _builder_version=\"3.25\" custom_padding=\"|||\" global_colors_info=\"{}\" custom_padding__hover=\"|||\"][et_pb_text _builder_version=\"4.14.8\" _module_preset=\"default\" hover_enabled=\"0\" sticky_enabled=\"0\"]<h1>Payment and Delivery Information<\/h1>\r\n<h2>Delivery terms:<\/h2>[\/et_pb_text][\/et_pb_column][\/et_pb_row][et_pb_row _builder_version=\"4.14.8\" _module_preset=\"default\" column_structure=\"1_4,3_4\"][et_pb_column _builder_version=\"4.14.8\" _module_preset=\"default\" type=\"1_4\"][et_pb_image _builder_version=\"4.14.8\" _module_preset=\"default\" title_text=\"itella\" src=\"https:\/\/online.rocs.eu\/wp-content\/uploads\/2022\/03\/itella.jpg\" hover_enabled=\"0\" sticky_enabled=\"0\"][\/et_pb_image][\/et_pb_column][et_pb_column _builder_version=\"4.14.8\" _module_preset=\"default\" type=\"3_4\"][et_pb_text _builder_version=\"4.14.8\" _module_preset=\"default\" hover_enabled=\"0\" sticky_enabled=\"0\"]<h3>Itella Logistics<\/h3>\r\nThere are 2 reliable and convenient delivery options available for R.O.C.S. orders - Economy and Express Flex. Using Economy delivery method your order will be shipped within 24 hours and delivered to the nearest pick-up service on the next working day. Using Express Flex delivery method your order will be shipped within 24 hours and Itella transport team will contact you on the next working day to arrange suitable delivery address.[\/et_pb_text][\/et_pb_column][\/et_pb_row][et_pb_row _builder_version=\"4.14.8\" _module_preset=\"default\" column_structure=\"1_4,3_4\"][et_pb_column _builder_version=\"4.14.8\" _module_preset=\"default\" type=\"1_4\"][et_pb_image _builder_version=\"4.14.8\" _module_preset=\"default\" title_text=\"1b6d8105c48ca0a9cca43eaea3bcb5da\" src=\"https:\/\/online.rocs.eu\/wp-content\/uploads\/2022\/03\/1b6d8105c48ca0a9cca43eaea3bcb5da.jpg\" hover_enabled=\"0\" sticky_enabled=\"0\"][\/et_pb_image][\/et_pb_column][et_pb_column _builder_version=\"4.14.8\" _module_preset=\"default\" type=\"3_4\"][et_pb_text _builder_version=\"4.14.8\" _module_preset=\"default\" hover_enabled=\"0\" sticky_enabled=\"0\"]<h3>Omniva<\/h3>\r\nTo ensure lowest delivery rate small orders can be sent directly from main distribution warehouse in Tallinn using Estonian Post parcel services. Using Estonian Post delivery method your order will be shipped within 24 hours and delivered to the nearest postal service point in 3-7 working days.[\/et_pb_text][\/et_pb_column][\/et_pb_row][et_pb_row _builder_version=\"4.14.8\" _module_preset=\"default\" column_structure=\"1_4,3_4\"][et_pb_column _builder_version=\"4.14.8\" _module_preset=\"default\" type=\"1_4\"][et_pb_image _builder_version=\"4.14.8\" _module_preset=\"default\" title_text=\"dpd\" src=\"https:\/\/online.rocs.eu\/wp-content\/uploads\/2022\/03\/dpd.jpg\" hover_enabled=\"0\" sticky_enabled=\"0\"][\/et_pb_image][\/et_pb_column][et_pb_column _builder_version=\"4.14.8\" _module_preset=\"default\" type=\"3_4\"][et_pb_text _builder_version=\"4.14.8\" _module_preset=\"default\" hover_enabled=\"0\" sticky_enabled=\"0\"]<h3>DPD<\/h3>\r\nLeading international express delivery service for parcels and cargo.[\/et_pb_text][\/et_pb_column][\/et_pb_row][et_pb_row admin_label=\"row\" _builder_version=\"3.25\" background_size=\"initial\" background_position=\"top_left\" background_repeat=\"repeat\" global_colors_info=\"{}\"][et_pb_column type=\"4_4\" _builder_version=\"3.25\" custom_padding=\"|||\" global_colors_info=\"{}\" custom_padding__hover=\"|||\"][et_pb_text _builder_version=\"4.14.8\" _module_preset=\"default\" hover_enabled=\"0\" sticky_enabled=\"0\"]<h2>Payment terms:<\/h2>[\/et_pb_text][\/et_pb_column][\/et_pb_row][et_pb_row _builder_version=\"4.14.8\" _module_preset=\"default\" column_structure=\"1_4,3_4\"][et_pb_column _builder_version=\"4.14.8\" _module_preset=\"default\" type=\"1_4\"][et_pb_image _builder_version=\"4.14.8\" _module_preset=\"default\" title_text=\"paypal\" src=\"https:\/\/online.rocs.eu\/wp-content\/uploads\/2022\/03\/paypal.jpg\" hover_enabled=\"0\" sticky_enabled=\"0\"][\/et_pb_image][\/et_pb_column][et_pb_column _builder_version=\"4.14.8\" _module_preset=\"default\" type=\"3_4\"][et_pb_text _builder_version=\"4.14.8\" _module_preset=\"default\" hover_enabled=\"0\" sticky_enabled=\"0\"]In case you are using PayPal services your order can be easily paid immediately after order confirmation through PayPal system.[\/et_pb_text][\/et_pb_column][\/et_pb_row][\/et_pb_section]","_et_gb_content_width":"","footnotes":""},"class_list":["post-2727","page","type-page","status-publish","hentry"],"_links":{"self":[{"href":"https:\/\/online.rocs.eu\/de\/wp-json\/wp\/v2\/pages\/2727","targetHints":{"allow":["GET"]}}],"collection":[{"href":"https:\/\/online.rocs.eu\/de\/wp-json\/wp\/v2\/pages"}],"about":[{"href":"https:\/\/online.rocs.eu\/de\/wp-json\/wp\/v2\/types\/page"}],"author":[{"embeddable":true,"href":"https:\/\/online.rocs.eu\/de\/wp-json\/wp\/v2\/users\/2"}],"replies":[{"embeddable":true,"href":"https:\/\/online.rocs.eu\/de\/wp-json\/wp\/v2\/comments?post=2727"}],"version-history":[{"count":4,"href":"https:\/\/online.rocs.eu\/de\/wp-json\/wp\/v2\/pages\/2727\/revisions"}],"predecessor-version":[{"id":23508,"href":"https:\/\/online.rocs.eu\/de\/wp-json\/wp\/v2\/pages\/2727\/revisions\/23508"}],"up":[{"embeddable":true,"href":"https:\/\/online.rocs.eu\/de\/wp-json\/wp\/v2\/pages\/2718"}],"wp:attachment":[{"href":"https:\/\/online.rocs.eu\/de\/wp-json\/wp\/v2\/media?parent=2727"}],"curies":[{"name":"wp","href":"https:\/\/api.w.org\/{rel}","templated":true}]}}