{"id":2734,"date":"2022-03-15T15:12:18","date_gmt":"2022-03-15T12:12:18","guid":{"rendered":"https:\/\/online.rocs.eu\/?page_id=2734"},"modified":"2022-04-12T11:39:41","modified_gmt":"2022-04-12T08:39:41","slug":"rueckerstattung","status":"publish","type":"page","link":"https:\/\/online.rocs.eu\/de\/wie-bestellen\/rueckerstattung\/","title":{"rendered":"R\u00fcckerstattung"},"content":{"rendered":"<p>[et_pb_section fb_built=&#8220;1&#8243; admin_label=&#8220;section&#8220; _builder_version=&#8220;4.15&#8243; global_colors_info=&#8220;{}&#8220;][et_pb_row admin_label=&#8220;row&#8220; _builder_version=&#8220;4.15&#8243; background_size=&#8220;initial&#8220; background_position=&#8220;top_left&#8220; background_repeat=&#8220;repeat&#8220; global_colors_info=&#8220;{}&#8220;][et_pb_column type=&#8220;4_4&#8243; _builder_version=&#8220;4.15&#8243; custom_padding=&#8220;|||&#8220; global_colors_info=&#8220;{}&#8220; custom_padding__hover=&#8220;|||&#8220;][et_pb_text _builder_version=&#8220;4.15.1&#8243; _module_preset=&#8220;default&#8220; hover_enabled=&#8220;0&#8243; global_colors_info=&#8220;{}&#8220; sticky_enabled=&#8220;0&#8243;]<\/p>\n<h1>R\u00fcckerstattung<\/h1>\n<p>Der Kunde muss uns die Absicht, die Ware zur\u00fcckzusenden, innerhalb von 14 Tagen nach Erhalt der Ware mitteilen, indem er das nachstehende R\u00fccksendeformular ausf\u00fcllt.<\/p>\n<p>Die zur\u00fcckgegebene Ware muss unbenutzt, unbesch\u00e4digt und in der Originalverpackung sein.<br \/>\nIm Falle einer R\u00fccksendung gehen die Versandkosten zu Lasten des Kunden (max. 10 \u20ac, \u00a7 194 Absatz 4 des LPA), es sei denn, der Grund f\u00fcr die R\u00fccksendung ist die Nichteinhaltung des bestellten Produkts oder ein Defekt (D\u00fcse funktioniert nicht, kaputte Kappe usw.).<\/p>\n<p>Unicosmetic O\u00dc gibt das Geld innerhalb von 10 Kalendertagen nach Erhalt der Ware an den Kunden zur\u00fcck.<br \/>\nMundpflegeprodukte in offenen Verpackungen k\u00f6nnen nicht zur\u00fcckgegeben werden. Auch Produkte, deren Verwendung (oder Nichtverwendung) nicht identifiziert werden kann, werden nicht erstattet. Zum Beispiel Zahnpasta, die eine relativ kurze Haltbarkeit hat und direkt vom \u00d6ffnungsdatum der Verpackung abh\u00e4ngt.<\/p>\n<p>Bitte senden Sie alle m\u00f6glichen Beschwerden an Ihre E-Mail-Adresse: <a href=\"mailto:info@rocs.eu\">info@rocs.eu<\/a> . In dem Brief empfehlen wir Ihnen, die Ursache Ihres Problems zu beschreiben und nicht zu vergessen, Ihre Kontaktinformationen anzugeben. Wir werden den Beschwerdef\u00fchrer innerhalb von 3 Werktagen kontaktieren.[\/et_pb_text][\/et_pb_column][\/et_pb_row][\/et_pb_section]<\/p>\n","protected":false},"excerpt":{"rendered":"<p>R\u00fcckerstattung Der Kunde muss uns die Absicht, die Ware zur\u00fcckzusenden, innerhalb von 14 Tagen nach Erhalt der Ware mitteilen, indem er das nachstehende R\u00fccksendeformular ausf\u00fcllt. Die zur\u00fcckgegebene Ware muss unbenutzt, unbesch\u00e4digt und in der Originalverpackung sein. Im Falle einer R\u00fccksendung gehen die Versandkosten zu Lasten des Kunden (max. 10 \u20ac, \u00a7 194 Absatz 4 des [&hellip;]<\/p>\n","protected":false},"author":2,"featured_media":0,"parent":2718,"menu_order":0,"comment_status":"closed","ping_status":"closed","template":"","meta":{"_et_pb_use_builder":"on","_et_pb_old_content":"[et_pb_section fb_built=\"1\" admin_label=\"section\" _builder_version=\"3.22\" global_colors_info=\"{}\"][et_pb_row admin_label=\"row\" _builder_version=\"3.25\" background_size=\"initial\" background_position=\"top_left\" background_repeat=\"repeat\" global_colors_info=\"{}\"][et_pb_column type=\"4_4\" _builder_version=\"3.25\" custom_padding=\"|||\" global_colors_info=\"{}\" custom_padding__hover=\"|||\"][et_pb_text _builder_version=\"4.14.9\" _module_preset=\"default\" hover_enabled=\"0\" sticky_enabled=\"0\"]<h1>Refund<\/h1>\r\n<p>The customer must notify us of the intention to return the goods within 14 days of receipt of the goods by filling out the return form below.<\/p>\r\n<p>The returned goods must be unused, undamaged and in the original packaging.<\/p>\r\n<p>In case of return, the shipping costs are borne by the customer (max. \u20ac 10, \u00a7 194 (4) of the LPA), unless the reason for return is non-compliance with the order product or defect (nozzle does not work, broken cap, etc.).<\/p>\r\n<p>Unicosmetic O\u00dc returns the money to the customer within 10 calendar days after receiving the goods.<\/p>\r\n<p>Oral care products in open packages cannot be returned. Also, products whose use (or non-use) cannot be identified are not refundable. For example, toothpaste, which has a relatively short shelf life and depends directly on the date of opening the package.<\/p>\r\n<p>Please send all possible complaints to our e-mail address: <a href=\"mailto:info@rocs.eu\">info@rocs.eu<\/a>. In the letter, we recommend that you describe the cause of your problem and don't forget to include your contact information. We will contact the complainant within 3 working days.<\/p>[\/et_pb_text][\/et_pb_column][\/et_pb_row][\/et_pb_section]","_et_gb_content_width":"","footnotes":""},"class_list":["post-2734","page","type-page","status-publish","hentry"],"_links":{"self":[{"href":"https:\/\/online.rocs.eu\/de\/wp-json\/wp\/v2\/pages\/2734","targetHints":{"allow":["GET"]}}],"collection":[{"href":"https:\/\/online.rocs.eu\/de\/wp-json\/wp\/v2\/pages"}],"about":[{"href":"https:\/\/online.rocs.eu\/de\/wp-json\/wp\/v2\/types\/page"}],"author":[{"embeddable":true,"href":"https:\/\/online.rocs.eu\/de\/wp-json\/wp\/v2\/users\/2"}],"replies":[{"embeddable":true,"href":"https:\/\/online.rocs.eu\/de\/wp-json\/wp\/v2\/comments?post=2734"}],"version-history":[{"count":4,"href":"https:\/\/online.rocs.eu\/de\/wp-json\/wp\/v2\/pages\/2734\/revisions"}],"predecessor-version":[{"id":2740,"href":"https:\/\/online.rocs.eu\/de\/wp-json\/wp\/v2\/pages\/2734\/revisions\/2740"}],"up":[{"embeddable":true,"href":"https:\/\/online.rocs.eu\/de\/wp-json\/wp\/v2\/pages\/2718"}],"wp:attachment":[{"href":"https:\/\/online.rocs.eu\/de\/wp-json\/wp\/v2\/media?parent=2734"}],"curies":[{"name":"wp","href":"https:\/\/api.w.org\/{rel}","templated":true}]}}