{"id":39747,"date":"2025-11-14T11:04:23","date_gmt":"2025-11-14T09:04:23","guid":{"rendered":"https:\/\/online.rocs.eu\/?page_id=39747"},"modified":"2025-11-21T10:34:51","modified_gmt":"2025-11-21T08:34:51","slug":"treueprogramm","status":"publish","type":"page","link":"https:\/\/online.rocs.eu\/de\/treueprogramm\/","title":{"rendered":"Treueprogramm"},"content":{"rendered":"<p>[et_pb_section fb_built=&#8220;1&#8243; fullwidth=&#8220;on&#8220; disabled_on=&#8220;on|off|off&#8220; _builder_version=&#8220;4.27.4&#8243; _module_preset=&#8220;default&#8220; global_colors_info=&#8220;{}&#8220;][et_pb_fullwidth_image src=&#8220;https:\/\/online.rocs.eu\/wp-content\/uploads\/2025\/11\/top_image_1920x1080px-1.png&#8220; title_text=&#8220;top_image_1920x1080px&#8220; _builder_version=&#8220;4.27.4&#8243; _module_preset=&#8220;default&#8220; global_colors_info=&#8220;{}&#8220;][\/et_pb_fullwidth_image][\/et_pb_section][et_pb_section fb_built=&#8220;1&#8243; fullwidth=&#8220;on&#8220; disabled_on=&#8220;off|on|on&#8220; _builder_version=&#8220;4.27.4&#8243; _module_preset=&#8220;default&#8220; global_colors_info=&#8220;{}&#8220;][et_pb_fullwidth_image src=&#8220;https:\/\/online.rocs.eu\/wp-content\/uploads\/2025\/11\/top_image_460x460px.png&#8220; title_text=&#8220;top_image_460x460px&#8220; _builder_version=&#8220;4.27.4&#8243; _module_preset=&#8220;default&#8220; global_colors_info=&#8220;{}&#8220;][\/et_pb_fullwidth_image][\/et_pb_section][et_pb_section fb_built=&#8220;1&#8243; admin_label=&#8220;section&#8220; _builder_version=&#8220;4.27.4&#8243; background_image=&#8220;https:\/\/online.rocs.eu\/wp-content\/uploads\/2025\/11\/rings_1920x1080px.png&#8220; parallax=&#8220;on&#8220; parallax_method=&#8220;off&#8220; background_last_edited=&#8220;on|tablet&#8220; background_image_tablet=&#8220;https:\/\/online.rocs.eu\/wp-content\/uploads\/2025\/11\/rings_460x1000px.png&#8220; background_image_phone=&#8220;https:\/\/online.rocs.eu\/wp-content\/uploads\/2025\/11\/rings_460x1000px.png&#8220; background_enable_image_tablet=&#8220;on&#8220; background_enable_image_phone=&#8220;on&#8220; global_colors_info=&#8220;{}&#8220;][et_pb_row admin_label=&#8220;row&#8220; _builder_version=&#8220;4.16&#8243; background_size=&#8220;initial&#8220; background_position=&#8220;top_left&#8220; background_repeat=&#8220;repeat&#8220; global_colors_info=&#8220;{}&#8220;][et_pb_column type=&#8220;4_4&#8243; _builder_version=&#8220;4.16&#8243; custom_padding=&#8220;|||&#8220; global_colors_info=&#8220;{}&#8220; custom_padding__hover=&#8220;|||&#8220;][et_pb_text _builder_version=&#8220;4.27.4&#8243; _module_preset=&#8220;default&#8220; header_text_color=&#8220;#81338F&#8220; header_line_height=&#8220;1.6em&#8220; text_orientation=&#8220;center&#8220; hover_enabled=&#8220;0&#8243; global_colors_info=&#8220;{}&#8220; sticky_enabled=&#8220;0&#8243;]<\/p>\n<h1>Willkommen im Treueprogramm, unser gesch\u00e4tzter Kunde!<\/h1>\n<p>Wir danken Ihnen, dass Sie sich f\u00fcr R.O.C.S. Produkte entschieden haben, und hoffen, dass Sie uns noch viele Jahre treu bleiben.<\/p>\n<p>Sobald Sie Mitglied sind, k\u00f6nnen Sie von Rabatten auf unsere gro\u00dfartigen Produkte profitieren.[\/et_pb_text][\/et_pb_column][\/et_pb_row][et_pb_row _builder_version=&#8220;4.27.4&#8243; _module_preset=&#8220;default&#8220; custom_padding=&#8220;||0px||false|false&#8220; global_colors_info=&#8220;{}&#8220;][et_pb_column type=&#8220;4_4&#8243; _builder_version=&#8220;4.27.4&#8243; _module_preset=&#8220;default&#8220; global_colors_info=&#8220;{}&#8220;][et_pb_text _builder_version=&#8220;4.27.4&#8243; _module_preset=&#8220;default&#8220; header_3_text_color=&#8220;#81338F&#8220; header_3_font_size=&#8220;40px&#8220; header_3_line_height=&#8220;1.5em&#8220; text_orientation=&#8220;center&#8220; hover_enabled=&#8220;0&#8243; global_colors_info=&#8220;{}&#8220; sticky_enabled=&#8220;0&#8243;]<\/p>\n<h3>EINFACHE SCHRITTE ZUR ANMELDUNG:<\/h3>\n<p>[\/et_pb_text][\/et_pb_column][\/et_pb_row][et_pb_row column_structure=&#8220;1_2,1_2&#8243; _builder_version=&#8220;4.27.4&#8243; _module_preset=&#8220;default&#8220; width=&#8220;50%&#8220; width_tablet=&#8220;40%&#8220; width_phone=&#8220;80%&#8220; width_last_edited=&#8220;on|phone&#8220; global_colors_info=&#8220;{}&#8220;][et_pb_column type=&#8220;1_2&#8243; _builder_version=&#8220;4.27.4&#8243; _module_preset=&#8220;default&#8220; global_colors_info=&#8220;{}&#8220;][et_pb_blurb image=&#8220;https:\/\/online.rocs.eu\/wp-content\/uploads\/2025\/11\/arrow.png&#8220; icon_placement=&#8220;left&#8220; image_icon_width=&#8220;50px&#8220; _builder_version=&#8220;4.27.4&#8243; _module_preset=&#8220;default&#8220; animation=&#8220;off&#8220; hover_enabled=&#8220;0&#8243; global_colors_info=&#8220;{}&#8220; sticky_enabled=&#8220;0&#8243;]Erstellen Sie ein Konto unter:<br \/>\n<a href=\"https:\/\/online.rocs.eu\/de\">https:\/\/online.rocs.eu\/<\/a>[\/et_pb_blurb][\/et_pb_column][et_pb_column type=&#8220;1_2&#8243; _builder_version=&#8220;4.27.4&#8243; _module_preset=&#8220;default&#8220; global_colors_info=&#8220;{}&#8220;][et_pb_blurb image=&#8220;https:\/\/online.rocs.eu\/wp-content\/uploads\/2025\/11\/arrow.png&#8220; icon_placement=&#8220;left&#8220; image_icon_width=&#8220;50px&#8220; _builder_version=&#8220;4.27.4&#8243; _module_preset=&#8220;default&#8220; animation=&#8220;off&#8220; hover_enabled=&#8220;0&#8243; global_colors_info=&#8220;{}&#8220; sticky_enabled=&#8220;0&#8243;]W\u00e4hlen Sie R.O.C.S. Produkte aus und<br \/>\nt\u00e4tigen Sie Ihre erste Bestellung.[\/et_pb_blurb][\/et_pb_column][\/et_pb_row][et_pb_row _builder_version=&#8220;4.27.4&#8243; _module_preset=&#8220;default&#8220; custom_padding=&#8220;||0px||false|false&#8220; global_colors_info=&#8220;{}&#8220;][et_pb_column type=&#8220;4_4&#8243; _builder_version=&#8220;4.27.4&#8243; _module_preset=&#8220;default&#8220; global_colors_info=&#8220;{}&#8220;][et_pb_text _builder_version=&#8220;4.27.4&#8243; _module_preset=&#8220;default&#8220; header_3_text_color=&#8220;#81338F&#8220; header_3_font_size=&#8220;40px&#8220; header_3_line_height=&#8220;1.5em&#8220; text_orientation=&#8220;center&#8220; hover_enabled=&#8220;0&#8243; global_colors_info=&#8220;{}&#8220; sticky_enabled=&#8220;0&#8243;]<\/p>\n<h3>SO PROFITIEREN SIE VON IHREN VORTEILEN:<\/h3>\n<p>[\/et_pb_text][\/et_pb_column][\/et_pb_row][et_pb_row column_structure=&#8220;1_4,1_4,1_4,1_4&#8243; _builder_version=&#8220;4.27.4&#8243; _module_preset=&#8220;default&#8220; global_colors_info=&#8220;{}&#8220;][et_pb_column type=&#8220;1_4&#8243; _builder_version=&#8220;4.27.4&#8243; _module_preset=&#8220;default&#8220; global_colors_info=&#8220;{}&#8220;][et_pb_blurb image=&#8220;https:\/\/online.rocs.eu\/wp-content\/uploads\/2025\/11\/icon_1.png&#8220; image_icon_width=&#8220;70%&#8220; _builder_version=&#8220;4.27.4&#8243; _module_preset=&#8220;default&#8220; text_orientation=&#8220;center&#8220; animation=&#8220;off&#8220; hover_enabled=&#8220;0&#8243; global_colors_info=&#8220;{}&#8220; sticky_enabled=&#8220;0&#8243;]Melden Sie sich in<br \/>\nIhrem Konto an:<br \/>\n<a href=\"https:\/\/online.rocs.eu\/de\">https:\/\/online.rocs.eu\/<\/a>[\/et_pb_blurb][\/et_pb_column][et_pb_column type=&#8220;1_4&#8243; _builder_version=&#8220;4.27.4&#8243; _module_preset=&#8220;default&#8220; global_colors_info=&#8220;{}&#8220;][et_pb_blurb image=&#8220;https:\/\/online.rocs.eu\/wp-content\/uploads\/2025\/11\/icon_2.png&#8220; image_icon_width=&#8220;70%&#8220; _builder_version=&#8220;4.27.4&#8243; _module_preset=&#8220;default&#8220; text_orientation=&#8220;center&#8220; animation=&#8220;off&#8220; hover_enabled=&#8220;0&#8243; global_colors_info=&#8220;{}&#8220; sticky_enabled=&#8220;0&#8243;]Stellen Sie sicher, dass dies<br \/>\nIhre zweite Bestellung innerhalb<br \/>\nder letzten 6 Monate ist[\/et_pb_blurb][\/et_pb_column][et_pb_column type=&#8220;1_4&#8243; _builder_version=&#8220;4.27.4&#8243; _module_preset=&#8220;default&#8220; global_colors_info=&#8220;{}&#8220;][et_pb_blurb image=&#8220;https:\/\/online.rocs.eu\/wp-content\/uploads\/2025\/11\/icon_3.png&#8220; image_icon_width=&#8220;70%&#8220; _builder_version=&#8220;4.27.4&#8243; _module_preset=&#8220;default&#8220; text_orientation=&#8220;center&#8220; animation=&#8220;off&#8220; hover_enabled=&#8220;0&#8243; global_colors_info=&#8220;{}&#8220; sticky_enabled=&#8220;0&#8243;]Erstellen Sie Ihre Bestellung<br \/>\nund erhalten Sie<br \/>\n10% Rabatt[\/et_pb_blurb][\/et_pb_column][et_pb_column type=&#8220;1_4&#8243; _builder_version=&#8220;4.27.4&#8243; _module_preset=&#8220;default&#8220; global_colors_info=&#8220;{}&#8220;][et_pb_blurb image=&#8220;https:\/\/online.rocs.eu\/wp-content\/uploads\/2025\/11\/icon_4.png&#8220; image_icon_width=&#8220;70%&#8220; _builder_version=&#8220;4.27.4&#8243; _module_preset=&#8220;default&#8220; text_orientation=&#8220;center&#8220; animation=&#8220;off&#8220; hover_enabled=&#8220;0&#8243; global_colors_info=&#8220;{}&#8220; sticky_enabled=&#8220;0&#8243;]Es ist m\u00f6glich,<br \/>\nRabatte zu kombinieren<br \/>\n(Treue- und Aktionsrabatte)[\/et_pb_blurb][\/et_pb_column][\/et_pb_row][et_pb_row _builder_version=&#8220;4.27.4&#8243; _module_preset=&#8220;default&#8220; global_colors_info=&#8220;{}&#8220;][et_pb_column type=&#8220;4_4&#8243; _builder_version=&#8220;4.27.4&#8243; _module_preset=&#8220;default&#8220; global_colors_info=&#8220;{}&#8220;][et_pb_text _builder_version=&#8220;4.27.4&#8243; _module_preset=&#8220;default&#8220; header_3_text_color=&#8220;#81338F&#8220; header_3_font_size=&#8220;40px&#8220; header_3_line_height=&#8220;1.5em&#8220; text_orientation=&#8220;center&#8220; hover_enabled=&#8220;0&#8243; global_colors_info=&#8220;{}&#8220; sticky_enabled=&#8220;0&#8243;]<\/p>\n<h3>EINSCHR\u00c4NKUNGEN:<\/h3>\n<p><span style=\"color: #81338f;\">!<\/span> Ihr Treuevorteil bleibt aktiv, solange Sie innerhalb eines sechsmonatigen Zeitraums mindestens eine Bestellung aufgeben.<br \/>\nWenn nicht, wird der Treuerabatt ab Ihrer zweiten Bestellung wieder aktiviert.<\/p>\n<p><span style=\"color: #81338f;\">!<\/span> Rabatte (Treue- und Aktionsrabatte) werden einzeln angewendet, sie werden nicht summiert.[\/et_pb_text][\/et_pb_column][\/et_pb_row][\/et_pb_section]<\/p>\n","protected":false},"excerpt":{"rendered":"<p>Willkommen im Treueprogramm, unser gesch\u00e4tzter Kunde! Wir danken Ihnen, dass Sie sich f\u00fcr R.O.C.S. Produkte entschieden haben, und hoffen, dass Sie uns noch viele Jahre treu bleiben. Sobald Sie Mitglied sind, k\u00f6nnen Sie von Rabatten auf unsere gro\u00dfartigen Produkte profitieren.EINFACHE SCHRITTE ZUR ANMELDUNG:Erstellen Sie ein Konto unter: https:\/\/online.rocs.eu\/W\u00e4hlen Sie R.O.C.S. Produkte aus und t\u00e4tigen Sie [&hellip;]<\/p>\n","protected":false},"author":2,"featured_media":0,"parent":0,"menu_order":0,"comment_status":"closed","ping_status":"closed","template":"","meta":{"_et_pb_use_builder":"on","_et_pb_old_content":"[et_pb_section fb_built=\"1\" fullwidth=\"on\" disabled_on=\"on|off|off\" _builder_version=\"4.27.4\" _module_preset=\"default\" global_colors_info=\"{}\"][et_pb_fullwidth_image src=\"https:\/\/online.rocs.eu\/wp-content\/uploads\/2025\/11\/top_image_1920x1080px-1.png\" title_text=\"top_image_1920x1080px\" _builder_version=\"4.27.4\" _module_preset=\"default\" global_colors_info=\"{}\"][\/et_pb_fullwidth_image][\/et_pb_section][et_pb_section fb_built=\"1\" fullwidth=\"on\" disabled_on=\"off|on|on\" _builder_version=\"4.27.4\" _module_preset=\"default\" global_colors_info=\"{}\"][et_pb_fullwidth_image src=\"https:\/\/online.rocs.eu\/wp-content\/uploads\/2025\/11\/top_image_460x460px.png\" title_text=\"top_image_460x460px\" _builder_version=\"4.27.4\" _module_preset=\"default\" global_colors_info=\"{}\"][\/et_pb_fullwidth_image][\/et_pb_section][et_pb_section fb_built=\"1\" admin_label=\"section\" _builder_version=\"4.27.4\" background_image=\"https:\/\/online.rocs.eu\/wp-content\/uploads\/2025\/11\/rings_1920x1080px.png\" parallax=\"on\" parallax_method=\"off\" background_last_edited=\"on|tablet\" background_image_tablet=\"https:\/\/online.rocs.eu\/wp-content\/uploads\/2025\/11\/rings_460x1000px.png\" background_image_phone=\"https:\/\/online.rocs.eu\/wp-content\/uploads\/2025\/11\/rings_460x1000px.png\" background_enable_image_tablet=\"on\" background_enable_image_phone=\"on\" global_colors_info=\"{}\"][et_pb_row admin_label=\"row\" _builder_version=\"4.16\" background_size=\"initial\" background_position=\"top_left\" background_repeat=\"repeat\" global_colors_info=\"{}\"][et_pb_column type=\"4_4\" _builder_version=\"4.16\" custom_padding=\"|||\" global_colors_info=\"{}\" custom_padding__hover=\"|||\"][et_pb_text _builder_version=\"4.27.4\" _module_preset=\"default\" header_text_color=\"#81338F\" header_line_height=\"1.6em\" text_orientation=\"center\" hover_enabled=\"0\" global_colors_info=\"{}\" sticky_enabled=\"0\"]<h1>Tere tulemast lojaalsusprogrammi, meie hinnatud klient!<\/h1>\r\nT\u00e4name, et valisite R.O.C.S. tooted, ja loodame, et j\u00e4\u00e4te meie lojaalseks kliendiks veel paljudeks aastateks.\r\n\r\nKui liitute, saate nautida allahindlusi meie suurep\u00e4rastele toodetele.[\/et_pb_text][\/et_pb_column][\/et_pb_row][et_pb_row _builder_version=\"4.27.4\" _module_preset=\"default\" custom_padding=\"||0px||false|false\" global_colors_info=\"{}\"][et_pb_column type=\"4_4\" _builder_version=\"4.27.4\" _module_preset=\"default\" global_colors_info=\"{}\"][et_pb_text _builder_version=\"4.27.4\" _module_preset=\"default\" header_3_text_color=\"#81338F\" header_3_font_size=\"40px\" header_3_line_height=\"1.5em\" text_orientation=\"center\" hover_enabled=\"0\" global_colors_info=\"{}\" sticky_enabled=\"0\"]<h3>LIHTSAD SAMMUD LIITUMISEKS:<\/h3>[\/et_pb_text][\/et_pb_column][\/et_pb_row][et_pb_row column_structure=\"1_2,1_2\" _builder_version=\"4.27.4\" _module_preset=\"default\" width=\"50%\" width_tablet=\"40%\" width_phone=\"80%\" width_last_edited=\"on|phone\" global_colors_info=\"{}\"][et_pb_column type=\"1_2\" _builder_version=\"4.27.4\" _module_preset=\"default\" global_colors_info=\"{}\"][et_pb_blurb image=\"https:\/\/online.rocs.eu\/wp-content\/uploads\/2025\/11\/arrow.png\" icon_placement=\"left\" image_icon_width=\"50px\" _builder_version=\"4.27.4\" _module_preset=\"default\" animation=\"off\" hover_enabled=\"0\" global_colors_info=\"{}\" sticky_enabled=\"0\"]Registreerige oma konto: \r\n<a href=\"https:\/\/online.rocs.eu\/et\">https:\/\/online.rocs.eu\/<\/a>[\/et_pb_blurb][\/et_pb_column][et_pb_column type=\"1_2\" _builder_version=\"4.27.4\" _module_preset=\"default\" global_colors_info=\"{}\"][et_pb_blurb image=\"https:\/\/online.rocs.eu\/wp-content\/uploads\/2025\/11\/arrow.png\" icon_placement=\"left\" image_icon_width=\"50px\" _builder_version=\"4.27.4\" _module_preset=\"default\" animation=\"off\" hover_enabled=\"0\" global_colors_info=\"{}\" sticky_enabled=\"0\"]Valige R.O.C.S. tooted ja \r\nesitage oma esimene tellimus.[\/et_pb_blurb][\/et_pb_column][\/et_pb_row][et_pb_row _builder_version=\"4.27.4\" _module_preset=\"default\" custom_padding=\"||0px||false|false\" global_colors_info=\"{}\"][et_pb_column type=\"4_4\" _builder_version=\"4.27.4\" _module_preset=\"default\" global_colors_info=\"{}\"][et_pb_text _builder_version=\"4.27.4\" _module_preset=\"default\" header_3_text_color=\"#81338F\" header_3_font_size=\"40px\" header_3_line_height=\"1.5em\" text_orientation=\"center\" hover_enabled=\"0\" global_colors_info=\"{}\" sticky_enabled=\"0\"]<h3>KUIDAS SAADA OMA EELISED:<\/h3>[\/et_pb_text][\/et_pb_column][\/et_pb_row][et_pb_row column_structure=\"1_4,1_4,1_4,1_4\" _builder_version=\"4.27.4\" _module_preset=\"default\" global_colors_info=\"{}\"][et_pb_column type=\"1_4\" _builder_version=\"4.27.4\" _module_preset=\"default\" global_colors_info=\"{}\"][et_pb_blurb image=\"https:\/\/online.rocs.eu\/wp-content\/uploads\/2025\/11\/icon_1.png\" image_icon_width=\"70%\" _builder_version=\"4.27.4\" _module_preset=\"default\" text_orientation=\"center\" animation=\"off\" hover_enabled=\"0\" global_colors_info=\"{}\" sticky_enabled=\"0\"]Logige sisse \r\noma kontole: \r\n<a href=\"https:\/\/online.rocs.eu\/et\">https:\/\/online.rocs.eu\/<\/a>[\/et_pb_blurb][\/et_pb_column][et_pb_column type=\"1_4\" _builder_version=\"4.27.4\" _module_preset=\"default\" global_colors_info=\"{}\"][et_pb_blurb image=\"https:\/\/online.rocs.eu\/wp-content\/uploads\/2025\/11\/icon_2.png\" image_icon_width=\"70%\" _builder_version=\"4.27.4\" _module_preset=\"default\" text_orientation=\"center\" animation=\"off\" hover_enabled=\"0\" global_colors_info=\"{}\" sticky_enabled=\"0\"]Veenduge, et see on \r\nteie teine tellimus \r\nviimase 6 kuu jooksul[\/et_pb_blurb][\/et_pb_column][et_pb_column type=\"1_4\" _builder_version=\"4.27.4\" _module_preset=\"default\" global_colors_info=\"{}\"][et_pb_blurb image=\"https:\/\/online.rocs.eu\/wp-content\/uploads\/2025\/11\/icon_3.png\" image_icon_width=\"70%\" _builder_version=\"4.27.4\" _module_preset=\"default\" text_orientation=\"center\" animation=\"off\" hover_enabled=\"0\" global_colors_info=\"{}\" sticky_enabled=\"0\"] Looge tellimus \r\nja saate \r\n10% soodustust[\/et_pb_blurb][\/et_pb_column][et_pb_column type=\"1_4\" _builder_version=\"4.27.4\" _module_preset=\"default\" global_colors_info=\"{}\"][et_pb_blurb image=\"https:\/\/online.rocs.eu\/wp-content\/uploads\/2025\/11\/icon_4.png\" image_icon_width=\"70%\" _builder_version=\"4.27.4\" _module_preset=\"default\" text_orientation=\"center\" animation=\"off\" hover_enabled=\"0\" global_colors_info=\"{}\" sticky_enabled=\"0\"] Allahindlusi \r\n(lojaalsus- ja kampaaniaallahindlusi) \r\nsaab kombineerida[\/et_pb_blurb][\/et_pb_column][\/et_pb_row][et_pb_row _builder_version=\"4.27.4\" _module_preset=\"default\" global_colors_info=\"{}\"][et_pb_column type=\"4_4\" _builder_version=\"4.27.4\" _module_preset=\"default\" global_colors_info=\"{}\"][et_pb_text _builder_version=\"4.27.4\" _module_preset=\"default\" header_3_text_color=\"#81338F\" header_3_font_size=\"40px\" header_3_line_height=\"1.5em\" text_orientation=\"center\" hover_enabled=\"0\" global_colors_info=\"{}\" sticky_enabled=\"0\"]<h3>PIIRANGUD:<\/h3>\r\n<span style=\"color: #81338f;\">!<\/span> Teie lojaalsuse eelis kehtib, kui teete v\u00e4hemalt \u00fche tellimuse kuue kuu jooksul.\r\nKui mitte, aktiveeritakse lojaalsusallahindlus uuesti alates teisest tellimusest.\r\n\r\n<span style=\"color: #81338f;\">!<\/span> Allahindlusi (lojaalsus- ja kampaaniaallahindlusi) rakendatakse \u00fcksikult, neid ei liideta.[\/et_pb_text][\/et_pb_column][\/et_pb_row][\/et_pb_section]","_et_gb_content_width":"","footnotes":""},"class_list":["post-39747","page","type-page","status-publish","hentry"],"_links":{"self":[{"href":"https:\/\/online.rocs.eu\/de\/wp-json\/wp\/v2\/pages\/39747","targetHints":{"allow":["GET"]}}],"collection":[{"href":"https:\/\/online.rocs.eu\/de\/wp-json\/wp\/v2\/pages"}],"about":[{"href":"https:\/\/online.rocs.eu\/de\/wp-json\/wp\/v2\/types\/page"}],"author":[{"embeddable":true,"href":"https:\/\/online.rocs.eu\/de\/wp-json\/wp\/v2\/users\/2"}],"replies":[{"embeddable":true,"href":"https:\/\/online.rocs.eu\/de\/wp-json\/wp\/v2\/comments?post=39747"}],"version-history":[{"count":2,"href":"https:\/\/online.rocs.eu\/de\/wp-json\/wp\/v2\/pages\/39747\/revisions"}],"predecessor-version":[{"id":39750,"href":"https:\/\/online.rocs.eu\/de\/wp-json\/wp\/v2\/pages\/39747\/revisions\/39750"}],"wp:attachment":[{"href":"https:\/\/online.rocs.eu\/de\/wp-json\/wp\/v2\/media?parent=39747"}],"curies":[{"name":"wp","href":"https:\/\/api.w.org\/{rel}","templated":true}]}}