{"id":55,"date":"2022-03-02T07:46:29","date_gmt":"2022-03-02T04:46:29","guid":{"rendered":"https:\/\/online.rocs.eu\/?page_id=55"},"modified":"2022-11-03T10:41:50","modified_gmt":"2022-11-03T07:41:50","slug":"konfidentsiaalsus-ja-isikuandmete-kaitse-poliitika","status":"publish","type":"page","link":"https:\/\/online.rocs.eu\/de\/konfidentsiaalsus-ja-isikuandmete-kaitse-poliitika\/","title":{"rendered":"Konfidentsiaalsus- ja isikuandmete kaitse poliitika"},"content":{"rendered":"<p>[et_pb_section fb_built=&#8220;1&#8243; admin_label=&#8220;section&#8220; _builder_version=&#8220;4.15&#8243; global_colors_info=&#8220;{}&#8220;][et_pb_row admin_label=&#8220;row&#8220; _builder_version=&#8220;4.15&#8243; background_size=&#8220;initial&#8220; background_position=&#8220;top_left&#8220; background_repeat=&#8220;repeat&#8220; global_colors_info=&#8220;{}&#8220;][et_pb_column type=&#8220;4_4&#8243; _builder_version=&#8220;4.15&#8243; custom_padding=&#8220;|||&#8220; global_colors_info=&#8220;{}&#8220; custom_padding__hover=&#8220;|||&#8220;][et_pb_text admin_label=&#8220;Text&#8220; _builder_version=&#8220;4.15.1&#8243; background_size=&#8220;initial&#8220; background_position=&#8220;top_left&#8220; background_repeat=&#8220;repeat&#8220; hover_enabled=&#8220;0&#8243; global_colors_info=&#8220;{}&#8220; sticky_enabled=&#8220;0&#8243;]<\/p>\n<h1>Datenschutz und Datenschutzrichtlinien<\/h1>\n<p>Diese Datenschutz- und Datenschutzrichtlinie (im Folgenden als Datenschutzrichtlinie bezeichnet) erl\u00e4utert, welche Daten auf der Website www&#8230;.ee (im Folgenden die Internetseite) gesammelt werden und f\u00fcr welche Zwecke.\u00a0 Durch die Registrierung als Benutzer auf der Website best\u00e4tigen Sie, dass Sie die Datenschutzrichtlinie gelesen haben, dass diese Bedingungen Ihnen klar sind und dass Sie mit den unten aufgef\u00fchrten Bedingungen einverstanden sind.<\/p>\n<p>1. Bei der Erbringung von Dienstleistungen auf der Website, beim Vertragsabschluss und in anderen F\u00e4llen kann der Administrator die folgenden personenbezogenen Daten sammeln und verwenden:<\/p>\n<p>* informationen, die der Benutzer selbst bei der Registrierung und\/oder beim Kauf von Produkten auf der Website bereitstellt (z. B. seinen Namen, seine Kontaktdaten, seinen Benutzernamen, sein Passwort)<\/p>\n<p>* informationen \u00fcber den Computer des Benutzers und die Besuche und Nutzung dieser Website durch den Benutzer, die Nutzung verschiedener Funktionen und Dienste der Website, einschlie\u00dflich der IP-Adresse, Uhrzeit und Datum der Verbindung des Benutzers zur Website;<\/p>\n<p>* alle anderen Informationen, die der Benutzer jederzeit \u00fcber die Nutzung der Website und der angebotenen Dienste zur Verf\u00fcgung stellen kann.<\/p>\n<p>2. Bei der Nutzung der Website werden Daten \u00fcber das Verhalten und Verhalten des Nutzers mithilfe von Cookies gesammelt. Ein Cookie ist ein kleiner Teil der Daten, der von einer Website an den Browser gesendet und auf dem Computer des Benutzers gespeichert wird. Wird verwendet, um Informatione n \u00fcber das Verhalten und die Aktionen des Benutzers bei der Nutzung der Website zu speichern (z. B. die Geschichte von Online-K\u00e4ufen, die Authentifizierung des Benutzers, die Speicherung pers\u00f6nlicher Einstellungen und Benutzereinstellungen, die \u00dcberwachung des Sitzungsstatus des Benutzers, die Verwaltung von Benutzerstatistiken).<\/p>\n<p>3. Der Benutzer stimmt der Installation von Cookies zu, indem er seine Zustimmung auf der Website gibt.<\/p>\n<p>4. Die Nutzung der personenbezogenen Daten des Nutzers erfolgt ausschlie\u00dflich zu den in dieser Datenschutzrichtlinie angegebenen Zwecken. Der Administrator verarbeitet die personenbezogenen Daten des Benutzers zu folgenden Zwecken:<\/p>\n<p>&#8211; um einen Vertrag mit dem Benutzer abzuschlie\u00dfen, um die Erf\u00fcllung des Vertrags zu gew\u00e4hrleisten, einschlie\u00dflich des Kontakts mit dem Benutzer im Zusammenhang mit dem<\/p>\n<p>Vertrag und den Dienstleistungen;<\/p>\n<p>&#8211; zum Vorbereiten und Versenden von Rechnungen ;<\/p>\n<p>&#8211; um den Benutzer zu unterst\u00fctzen und zu beraten, wenn der Benutzer eine entsprechende<\/p>\n<p>Anfrage eingereicht hat .<\/p>\n<p>-zur Analyse der Besucherstatistik und der Nutzung der Website, die notwendig ist, um den Betrieb der Website so zu verbessern, dass der Service den Erwartungen der Nutzer am besten entspricht, einschlie\u00dflich der Bestimmung der Kosten der angebotenen Produkte, der Planung neuer Dienstleistungen und der Verbesserung der Sicherheit der Website.<\/p>\n<p>-um die Qualit\u00e4t und Verf\u00fcgbarkeit der Dienstleistungen zu gew\u00e4hrleisten und die angebotenen Dienstleistungen zu erweitern, zu verbessern und anderweitig zu entwickeln.<\/p>\n<p>5. Der Administrator \u00fcbermittelt die personenbezogenen Daten des Nutzers an Dritte in folgenden F\u00e4llen:<\/p>\n<p>-bei der Vermittlung von Waren und Dienstleistungen Dritter \u00fcber die Internetseite werden der Benutzername und die Kontakte an den jeweiligen Verk\u00e4ufer weitergegeben;<\/p>\n<p>&#8211; die Daten werden an andere Personen weitergegeben, die der Administrator der Website nach eigenem Ermessen einstellen kann, um die Dienste effizienter zu gestalten und die Funktionen der Website zu gew\u00e4hrleisten;<\/p>\n<p>-in anderen gesetzlich festgelegten F\u00e4llen<\/p>\n<p>6. Der Benutzer kann dem Administrator eine schriftliche Erkl\u00e4rung (per Post oder E-Mail) vorlegen, um Auskunft dar\u00fcber zu geben, aus welchen Quellen und welche pers\u00f6nlichen Daten des Benutzers erhoben werden, zu welchem Zweck verarbeitet werden, an welche Empf\u00e4nger der Daten \u00fcbermittelt werden. Auf solche Aussagen antwortet der Administrator in der gesetzlich vorgeschriebenen Weise und Fristen. Auf Wunsch des Nutzers werden diese Daten schriftlich an die angegebene Adresse oder E-Mail-Adresse \u00fcbermittelt. Wenn der Administrator nach Eingang des Antrags einen Verdacht auf die Identifizierung des Antragstellers hat, hat der Administrator das Recht, vom Antragsteller ein Identifizierungsdokument oder eine Kopie davon anzufordern.<\/p>\n<p>7. Der Benutzer hat das Recht, dem Administrator eine schriftliche Erkl\u00e4rung (per Post oder E-Mail) einzureichen und zu verlangen, falsche, unvollst\u00e4ndige, ungenaue personenbezogene Daten zu korrigieren, die Verarbeitung personenbezogener Daten zu stoppen, mit Ausnahme der Speicherung, wenn die Daten ohne Einhaltung der Gesetze und Bedingungen dieser Datenschutzrichtlinie verarbeitet werden. Gem\u00e4\u00df einer bestimmten schriftlichen Erkl\u00e4rung des Benutzers k\u00f6nnen alle pers\u00f6nlichen Informationen gel\u00f6scht werden. Wenn der Administrator nach Eingang des Antrags einen Verdacht auf die Identifizierung des Antragstellers hat, hat der Administrator das Recht, vom Antragsteller ein Identifizierungsdokument oder eine Kopie davon anzufordern.<\/p>\n<p>8. Die personenbezogenen Daten des Nutzers werden in \u00dcbereinstimmung mit dem Gesetz der Estnischen Republik \u00fcber den Schutz personenbezogener Daten und den Anforderungen anderer Gesetze verarbeitet. Der Administrator unternimmt die notwendigen organisatorischen und technischen Ma\u00dfnahmen, um den Schutz personenbezogener Daten zu gew\u00e4hrleisten. Gleichzeitig ist die Daten\u00fcbertragung im Internet im Wesentlichen unsicher, und der Administrator kann keine sichere Daten\u00fcbertragung im Internet garantieren.<\/p>\n<p>9. Der verantwortliche Datenverarbeiter des Benutzers (die betroffene Person) ist der Administrator \u2013 Unicosmetic O\u00dc, (registriert und in der Estnischen Republik unter Registercode aktiv 12808641, standort Rae vald, J\u00e4rvek\u00fcla, Ida tee 16, 75304, e-mail store@rocs.eu).<\/p>\n<p>10.L\u00f6schung personenbezogener Daten<br \/>Um personenbezogene Daten zu l\u00f6schen, k\u00f6nnen Sie eine Anfrage an die E-Mail-Adresse store@rocs.eu senden. Bitte geben Sie in Ihrer E-Mail Ihren Vor- und Nachnamen an. Die Anfrage wird innerhalb von 30 Tagen bearbeitet. Nach dem L\u00f6schen der pers\u00f6nlichen Daten erhalten Sie eine Benachrichtigung an Ihre E-Mail-Adresse, von der die Anfrage gestellt wurde.<\/p>\n<p>[\/et_pb_text][\/et_pb_column][\/et_pb_row][\/et_pb_section]<\/p>\n","protected":false},"excerpt":{"rendered":"<p>Datenschutz und Datenschutzrichtlinien Diese Datenschutz- und Datenschutzrichtlinie (im Folgenden als Datenschutzrichtlinie bezeichnet) erl\u00e4utert, welche Daten auf der Website www&#8230;.ee (im Folgenden die Internetseite) gesammelt werden und f\u00fcr welche Zwecke.\u00a0 Durch die Registrierung als Benutzer auf der Website best\u00e4tigen Sie, dass Sie die Datenschutzrichtlinie gelesen haben, dass diese Bedingungen Ihnen klar sind und dass Sie mit [&hellip;]<\/p>\n","protected":false},"author":2,"featured_media":0,"parent":0,"menu_order":0,"comment_status":"closed","ping_status":"closed","template":"","meta":{"_et_pb_use_builder":"on","_et_pb_old_content":"","_et_gb_content_width":"","footnotes":""},"class_list":["post-55","page","type-page","status-publish","hentry"],"_links":{"self":[{"href":"https:\/\/online.rocs.eu\/de\/wp-json\/wp\/v2\/pages\/55","targetHints":{"allow":["GET"]}}],"collection":[{"href":"https:\/\/online.rocs.eu\/de\/wp-json\/wp\/v2\/pages"}],"about":[{"href":"https:\/\/online.rocs.eu\/de\/wp-json\/wp\/v2\/types\/page"}],"author":[{"embeddable":true,"href":"https:\/\/online.rocs.eu\/de\/wp-json\/wp\/v2\/users\/2"}],"replies":[{"embeddable":true,"href":"https:\/\/online.rocs.eu\/de\/wp-json\/wp\/v2\/comments?post=55"}],"version-history":[{"count":5,"href":"https:\/\/online.rocs.eu\/de\/wp-json\/wp\/v2\/pages\/55\/revisions"}],"predecessor-version":[{"id":13389,"href":"https:\/\/online.rocs.eu\/de\/wp-json\/wp\/v2\/pages\/55\/revisions\/13389"}],"wp:attachment":[{"href":"https:\/\/online.rocs.eu\/de\/wp-json\/wp\/v2\/media?parent=55"}],"curies":[{"name":"wp","href":"https:\/\/api.w.org\/{rel}","templated":true}]}}