{"id":40790,"date":"2026-02-27T16:29:01","date_gmt":"2026-02-27T14:29:01","guid":{"rendered":"https:\/\/online.rocs.eu\/catalog\/product\/toothpaste-r-o-c-s-sensitive\/"},"modified":"2026-02-27T16:35:30","modified_gmt":"2026-02-27T14:35:30","slug":"toothpaste-r-o-c-s-sensitive","status":"publish","type":"product","link":"https:\/\/online.rocs.eu\/de\/catalog\/product\/toothpaste-r-o-c-s-sensitive\/","title":{"rendered":"Toothpaste R.O.C.S. Sensitive"},"content":{"rendered":"<p>ZAHNPASTA R.O.C.S.\u00ae SENSITIVE <\/p>\n<p>LINDERT ZAHNEMPFINDLICHKEIT UND F\u00d6RDERT DIE NAT\u00dcRLICHE REMINERALISIERUNG<\/p>\n<p>AKTIVER, BIOVERF\u00dcGBARER MINERALKOMPLEX<\/p>\n<p>MINERALIN\u00ae MULTI<\/p>\n<p>KALIUMNITRAT lindert Zahnempfindlichkeit schnell durch Blockierung der Nervenimpuls\u00fcbertragung.<br \/>\nCALZIUM, MAGNESIUM, PHOSPHOR UND SILIZIUM st\u00e4rken den Zahnschmelz und stellen seine nat\u00fcrliche Wei\u00dfe und seinen Glanz wieder her.<br \/>\nXYLIT sch\u00fctzt vor Karies und stellt das Gleichgewicht der Mundflora wieder her.<\/p>\n<p>Lindert schnell Zahnschmerzen<br \/>\nSt\u00e4rkt den Zahnschmelz* und sch\u00fctzt vor Karies<br \/>\nDer angenehme, milde Geschmack ohne Minze mit Mango- und Bananennoten ist ideal f\u00fcr empfindliche Z\u00e4hne<\/p>\n<p>Mit aktivem Kalzium<br \/>\nFluoridfrei<br \/>\nTitandioxidfrei<br \/>\nNat\u00fcrlicher Schutz<\/p>\n<p>Empfohlen in Kombination mit R.O.C.S.\u00ae Zahnb\u00fcrsten<\/p>\n<p>*Klinisch getestet<\/p>\n","protected":false},"excerpt":{"rendered":"<p>Anwendung<\/p>\n<p>Das Produkt wird morgens und abends nach den Mahlzeiten 2\u20133 Minuten lang mit einer geeigneten Zahnb\u00fcrste zum Z\u00e4hneputzen verwendet. Der entstehende Schaum wird anschlie\u00dfend mit reichlich Wasser ausgesp\u00fclt.<br \/>\nDie Zahnpasta kann ganzj\u00e4hrig und unabh\u00e4ngig von der Jahreszeit bei zweimal t\u00e4glicher Anwendung verwendet werden. Sie ist f\u00fcr Erwachsene und Kinder ab 3 Jahren geeignet. Sie enth\u00e4lt keine Nanopartikel, die durch Einatmen oder Eindringen in die Haut ein erh\u00f6htes Gesundheitsrisiko darstellen k\u00f6nnten. Das Kosmetikprodukt und seine Inhaltsstoffe wurden nicht an Tieren getestet.<\/p>\n<p>Warnhinweise<br \/>\nAu\u00dferhalb der Reichweite von Kindern aufbewahren, da die Gefahr einer unvorhersehbaren Anwendung besteht.<\/p>\n<p>Lagerung<br \/>\nDie Zahnpasta wird in einem trockenen und gut bel\u00fcfteten Lagerraum, gesch\u00fctzt vor direkter Sonneneinstrahlung, bei Temperaturen zwischen +5 \u00b0C und +25 \u00b0C gelagert.<\/p>\n<p>AQUA, GLYCERIN, HYDRATED SILICA, POTASSIUM NITRATE, XYLITOL, COCAMIDOPROPYL BETAINE, XANTHAN GUM, AROMA, CALCIUM GLYCEROPHOSPHATE, SODIUM GLYCEROPHOSPHATE, MAGNESIUM CHLORIDE, SODIUM SACCHARIN, SODIUM SILICATE, METHYLPARABEN, PROPYLPARABEN, ANETHOLE, BENZYL BENZOATE, CARVONE, CITRUS AURANTIUM PEEL OIL, LIMONENE, MENTHOL, MENTHA VIRIDIS LEAF OIL, VANILLIN<\/p>\n","protected":false},"featured_media":40779,"template":"","meta":{"_et_pb_use_builder":"","_et_pb_old_content":"","_et_gb_content_width":""},"product_brand":[],"product_cat":[76],"product_tag":[],"class_list":{"0":"post-40790","1":"product","2":"type-product","3":"status-publish","4":"has-post-thumbnail","6":"product_cat-everyday-use-toothpastes-de","8":"first","9":"instock","10":"taxable","11":"shipping-taxable","12":"purchasable","13":"product-type-simple"},"_links":{"self":[{"href":"https:\/\/online.rocs.eu\/de\/wp-json\/wp\/v2\/product\/40790","targetHints":{"allow":["GET"]}}],"collection":[{"href":"https:\/\/online.rocs.eu\/de\/wp-json\/wp\/v2\/product"}],"about":[{"href":"https:\/\/online.rocs.eu\/de\/wp-json\/wp\/v2\/types\/product"}],"wp:featuredmedia":[{"embeddable":true,"href":"https:\/\/online.rocs.eu\/de\/wp-json\/wp\/v2\/media\/40779"}],"wp:attachment":[{"href":"https:\/\/online.rocs.eu\/de\/wp-json\/wp\/v2\/media?parent=40790"}],"wp:term":[{"taxonomy":"product_brand","embeddable":true,"href":"https:\/\/online.rocs.eu\/de\/wp-json\/wp\/v2\/product_brand?post=40790"},{"taxonomy":"product_cat","embeddable":true,"href":"https:\/\/online.rocs.eu\/de\/wp-json\/wp\/v2\/product_cat?post=40790"},{"taxonomy":"product_tag","embeddable":true,"href":"https:\/\/online.rocs.eu\/de\/wp-json\/wp\/v2\/product_tag?post=40790"}],"curies":[{"name":"wp","href":"https:\/\/api.w.org\/{rel}","templated":true}]}}