{"id":41063,"date":"2026-03-14T12:03:04","date_gmt":"2026-03-14T10:03:04","guid":{"rendered":"https:\/\/online.rocs.eu\/catalog\/product\/toothbrush-r-o-c-s-xl-clean-black-edition-medium\/"},"modified":"2026-03-14T12:03:04","modified_gmt":"2026-03-14T10:03:04","slug":"toothbrush-r-o-c-s-xl-clean-black-edition-medium","status":"publish","type":"product","link":"https:\/\/online.rocs.eu\/de\/catalog\/product\/toothbrush-r-o-c-s-xl-clean-black-edition-medium\/","title":{"rendered":"Toothbrush R.O.C.S.\u00ae XL Clean Black Edition Medium"},"content":{"rendered":"<p>ZAHNB\u00dcRSTE MIT VERGR\u00d6SSERTEM KOPF F\u00dcR EFFEKTIVE T\u00c4GLICHE MUND- UND ZAHNPFLEGE<\/p>\n<p>Die Zahnb\u00fcrste R.O.C.S.\u00ae XL-CLEAN BLACK EDITION wird mit strukturierten Borsten und abgerundeten, sicheren Spitzen hergestellt. Sie sorgen f\u00fcr eine schnelle und gr\u00fcndliche Reinigung, ohne den Zahnschmelz oder F\u00fcllungen zu besch\u00e4digen. Sie bietet eine hohe Reinigungsqualit\u00e4t und einen leichten Zugang zu schwer erreichbaren Stellen der Mundh\u00f6hle, den Zahnzwischenr\u00e4umen sowie den Gaumen- und Zungenfl\u00e4chen der Z\u00e4hne.<\/p>\n<p>EIGENSCHAFTEN DER B\u00dcRSTE:<\/p>\n<p>X40% erh\u00f6hte Anzahl an Borsten;<\/p>\n<p>Gro\u00dfe Reinigungsfl\u00e4che;<\/p>\n<p>Der d\u00fcnne, klassische Griff sorgt f\u00fcr Komfort beim Z\u00e4hneputzen, verhindert \u00fcberm\u00e4\u00dfigen Druck auf das Zahnfleisch und gew\u00e4hrleistet eine angenehme Pflege. Der R.O.C.S.-Griff wird aus hochwertigem, sicherem Kunststoff hergestellt. Die Struktur des Kunststoffs und seine Gleichm\u00e4\u00dfigkeit reduzieren die bakterielle Kontamination auf der Griffoberfl\u00e4che.<\/p>\n","protected":false},"excerpt":{"rendered":"<p>ANWENDUNGSEFFEKT:<\/p>\n<p>Der klassische, einstufige Borstenschnitt gew\u00e4hrleistet eine hochwertige Entfernung von Zahnbelag und oberfl\u00e4chlichen Verf\u00e4rbungen des Zahnschmelzes.<\/p>\n<p>Die Technologie der dreifach polierten Spitzen garantiert eine sanfte Pflege des Zahnfleisches.<\/p>\n<p>Der gro\u00dfe Kopf sorgt f\u00fcr eine schnelle und hochwertige Entfernung von Zahnbelag und oberfl\u00e4chlichen Verf\u00e4rbungen.<\/p>\n<p>Hochwertige Reinigung der inneren und kauenden Bereiche der Zahnreihen sowie der Gaumen- und Zungenfl\u00e4chen der Z\u00e4hne.<\/p>\n","protected":false},"featured_media":41033,"template":"","meta":{"_et_pb_use_builder":"","_et_pb_old_content":"","_et_gb_content_width":""},"product_brand":[],"product_cat":[80],"product_tag":[],"class_list":{"0":"post-41063","1":"product","2":"type-product","3":"status-publish","4":"has-post-thumbnail","6":"product_cat-64-de","8":"first","9":"instock","10":"taxable","11":"shipping-taxable","12":"purchasable","13":"product-type-simple"},"_links":{"self":[{"href":"https:\/\/online.rocs.eu\/de\/wp-json\/wp\/v2\/product\/41063","targetHints":{"allow":["GET"]}}],"collection":[{"href":"https:\/\/online.rocs.eu\/de\/wp-json\/wp\/v2\/product"}],"about":[{"href":"https:\/\/online.rocs.eu\/de\/wp-json\/wp\/v2\/types\/product"}],"wp:featuredmedia":[{"embeddable":true,"href":"https:\/\/online.rocs.eu\/de\/wp-json\/wp\/v2\/media\/41033"}],"wp:attachment":[{"href":"https:\/\/online.rocs.eu\/de\/wp-json\/wp\/v2\/media?parent=41063"}],"wp:term":[{"taxonomy":"product_brand","embeddable":true,"href":"https:\/\/online.rocs.eu\/de\/wp-json\/wp\/v2\/product_brand?post=41063"},{"taxonomy":"product_cat","embeddable":true,"href":"https:\/\/online.rocs.eu\/de\/wp-json\/wp\/v2\/product_cat?post=41063"},{"taxonomy":"product_tag","embeddable":true,"href":"https:\/\/online.rocs.eu\/de\/wp-json\/wp\/v2\/product_tag?post=41063"}],"curies":[{"name":"wp","href":"https:\/\/api.w.org\/{rel}","templated":true}]}}