{"id":506,"date":"2022-03-04T10:47:01","date_gmt":"2022-03-04T08:47:01","guid":{"rendered":"https:\/\/online.rocs.eu\/catalog\/product\/toothpaste_r_o_c_s_periodont\/"},"modified":"2025-09-18T10:10:40","modified_gmt":"2025-09-18T08:10:40","slug":"toothpaste_r_o_c_s_periodont","status":"publish","type":"product","link":"https:\/\/online.rocs.eu\/de\/catalog\/product\/toothpaste_r_o_c_s_periodont\/","title":{"rendered":"Zahncreme R.O.C.S.\u00ae PERIODONT"},"content":{"rendered":"<p><strong>SPEZIELLE GERINGABRASIVE ZUSAMMENSETZUNG F\u00dcR SANFTE UND EFFIZIENTE REINIGUNG. ENTH\u00c4LT KEINE ANTISEPTIKA.<\/strong><\/p>\n<p>BESONDERE PFLEGE F\u00dcR DAS ZAHNFLEISCH:<br \/>\nDoppelter Espenrindenextrakt sowie Ausz\u00fcge von zwei Arten der Heckenkirsche wirken entz\u00fcndungshemmend auf das Zahnfleischgewebe und verringern Zahnfleischbluten. Natriumbicarbonat reduziert Schwellungen. <\/p>\n<p>SPEZIELLE PFLEGE F\u00dcR EMPFINDLICHE Z\u00c4HNE:<br \/>\n\u2022 Reduziert die Empfindlichkeit der Z\u00e4hne (25% Calciumhydroxylapatit-Suspension)<br \/>\n\u2022 St\u00e4rkt die Zahnstruktur, stellt das Wei\u00df des Zahnschmelzes wieder her (Calciumglycerophosphat)<br \/>\n\u2022 Sch\u00fctzt vor Karies (Xylitol und Calciumglycerophosphat).<\/p>\n<p>Haltbarkeit: 3 Jahre.<\/p>\n","protected":false},"excerpt":{"rendered":"<p>SPEZIELLE GERINGABRASIVE ZUSAMMENSETZUNG F\u00dcR SANFTE UND EFFIZIENTE REINIGUNG. ENTH\u00c4LT KEINE ANTISEPTIKA. BESONDERE PFLEGE F\u00dcR DAS ZAHNFLEISCH: Doppelter Espenrindenextrakt sowie Ausz\u00fcge von zwei Arten der Heckenkirsche wirken entz\u00fcndungshemmend auf das Zahnfleischgewebe und verringern Zahnfleischbluten. Natriumbicarbonat reduziert Schwellungen. SPEZIELLE PFLEGE F\u00dcR EMPFINDLICHE Z\u00c4HNE: \u2022 Reduziert die Empfindlichkeit der Z\u00e4hne (25% Calciumhydroxylapatit-Suspension) \u2022 St\u00e4rkt die Zahnstruktur, stellt das [&hellip;]<\/p>\n","protected":false},"featured_media":997,"template":"","meta":{"_et_pb_use_builder":"","_et_pb_old_content":"","_et_gb_content_width":""},"product_brand":[],"product_cat":[455],"product_tag":[],"class_list":{"0":"post-506","1":"product","2":"type-product","3":"status-publish","4":"has-post-thumbnail","6":"product_cat-archive-de","8":"first","9":"outofstock","10":"taxable","11":"shipping-taxable","12":"purchasable","13":"product-type-simple"},"_links":{"self":[{"href":"https:\/\/online.rocs.eu\/de\/wp-json\/wp\/v2\/product\/506","targetHints":{"allow":["GET"]}}],"collection":[{"href":"https:\/\/online.rocs.eu\/de\/wp-json\/wp\/v2\/product"}],"about":[{"href":"https:\/\/online.rocs.eu\/de\/wp-json\/wp\/v2\/types\/product"}],"wp:featuredmedia":[{"embeddable":true,"href":"https:\/\/online.rocs.eu\/de\/wp-json\/wp\/v2\/media\/997"}],"wp:attachment":[{"href":"https:\/\/online.rocs.eu\/de\/wp-json\/wp\/v2\/media?parent=506"}],"wp:term":[{"taxonomy":"product_brand","embeddable":true,"href":"https:\/\/online.rocs.eu\/de\/wp-json\/wp\/v2\/product_brand?post=506"},{"taxonomy":"product_cat","embeddable":true,"href":"https:\/\/online.rocs.eu\/de\/wp-json\/wp\/v2\/product_cat?post=506"},{"taxonomy":"product_tag","embeddable":true,"href":"https:\/\/online.rocs.eu\/de\/wp-json\/wp\/v2\/product_tag?post=506"}],"curies":[{"name":"wp","href":"https:\/\/api.w.org\/{rel}","templated":true}]}}