{"id":662,"date":"2022-03-07T08:50:09","date_gmt":"2022-03-07T06:50:09","guid":{"rendered":"https:\/\/online.rocs.eu\/catalog\/product\/83\/"},"modified":"2025-09-16T10:41:02","modified_gmt":"2025-09-16T08:41:02","slug":"83","status":"publish","type":"product","link":"https:\/\/online.rocs.eu\/de\/catalog\/product\/83\/","title":{"rendered":"Zahncreme R.O.C.S.\u00ae f\u00fcr Kinder Bubble Gum"},"content":{"rendered":"<p>Zahncreme R.O.C.S.\u00ae Kids f\u00fcr Kinder (4-7 Jahre)<\/p>\n<p>Wirksame Zusammensetzung zur Kariesvorbeugung.* Enth\u00e4lt Amifluor\u00ae, dieses: verbessert den Widerstand der Z\u00e4hne S\u00e4uren gegen\u00fcber dank der Wirkung von Olaflur; hemmt die Aktivit\u00e4t kariogener Bakterien dank der hohen Xylitkonzentration. Es unterst\u00fctzt die intensive Mineralisierung der Z\u00e4hne und schont dabei das Zahngewebe dank der geringabrasiven Zusammensetzung (RDA=50). <\/p>\n<p>Haltbarkeit: 3 Jahre.<\/p>\n<p><em>* Klinisch erwiesen.<\/em><\/p>\n","protected":false},"excerpt":{"rendered":"<p>Zahncreme R.O.C.S.\u00ae Kids f\u00fcr Kinder (4-7 Jahre) Wirksame Zusammensetzung zur Kariesvorbeugung.* Enth\u00e4lt Amifluor\u00ae, dieses: verbessert den Widerstand der Z\u00e4hne S\u00e4uren gegen\u00fcber dank der Wirkung von Olaflur; hemmt die Aktivit\u00e4t kariogener Bakterien dank der hohen Xylitkonzentration. Es unterst\u00fctzt die intensive Mineralisierung der Z\u00e4hne und schont dabei das Zahngewebe dank der geringabrasiven Zusammensetzung (RDA=50). Haltbarkeit: 3 Jahre. [&hellip;]<\/p>\n","protected":false},"featured_media":643,"template":"","meta":{"_et_pb_use_builder":"","_et_pb_old_content":"","_et_gb_content_width":""},"product_brand":[],"product_cat":[455],"product_tag":[],"class_list":{"0":"post-662","1":"product","2":"type-product","3":"status-publish","4":"has-post-thumbnail","6":"product_cat-archive-de","8":"first","9":"outofstock","10":"taxable","11":"shipping-taxable","12":"purchasable","13":"product-type-simple"},"_links":{"self":[{"href":"https:\/\/online.rocs.eu\/de\/wp-json\/wp\/v2\/product\/662","targetHints":{"allow":["GET"]}}],"collection":[{"href":"https:\/\/online.rocs.eu\/de\/wp-json\/wp\/v2\/product"}],"about":[{"href":"https:\/\/online.rocs.eu\/de\/wp-json\/wp\/v2\/types\/product"}],"wp:featuredmedia":[{"embeddable":true,"href":"https:\/\/online.rocs.eu\/de\/wp-json\/wp\/v2\/media\/643"}],"wp:attachment":[{"href":"https:\/\/online.rocs.eu\/de\/wp-json\/wp\/v2\/media?parent=662"}],"wp:term":[{"taxonomy":"product_brand","embeddable":true,"href":"https:\/\/online.rocs.eu\/de\/wp-json\/wp\/v2\/product_brand?post=662"},{"taxonomy":"product_cat","embeddable":true,"href":"https:\/\/online.rocs.eu\/de\/wp-json\/wp\/v2\/product_cat?post=662"},{"taxonomy":"product_tag","embeddable":true,"href":"https:\/\/online.rocs.eu\/de\/wp-json\/wp\/v2\/product_tag?post=662"}],"curies":[{"name":"wp","href":"https:\/\/api.w.org\/{rel}","templated":true}]}}