{"id":1803,"date":"2022-03-02T14:01:43","date_gmt":"2022-03-02T11:01:43","guid":{"rendered":"https:\/\/online.rocs.eu\/?page_id=1803"},"modified":"2022-03-15T14:36:13","modified_gmt":"2022-03-15T12:36:13","slug":"help","status":"publish","type":"page","link":"https:\/\/online.rocs.eu\/et\/help\/","title":{"rendered":"Kuidas tellida"},"content":{"rendered":"<p>[et_pb_section fb_built=&#8221;1&#8243; admin_label=&#8221;section&#8221; _builder_version=&#8221;3.22&#8243; global_colors_info=&#8221;{}&#8221;][et_pb_row admin_label=&#8221;row&#8221; _builder_version=&#8221;3.25&#8243; background_size=&#8221;initial&#8221; background_position=&#8221;top_left&#8221; background_repeat=&#8221;repeat&#8221; global_colors_info=&#8221;{}&#8221;][et_pb_column type=&#8221;4_4&#8243; _builder_version=&#8221;3.25&#8243; custom_padding=&#8221;|||&#8221; global_colors_info=&#8221;{}&#8221; custom_padding__hover=&#8221;|||&#8221;][et_pb_text _builder_version=&#8221;4.14.9&#8243; _module_preset=&#8221;default&#8221; hover_enabled=&#8221;0&#8243; global_colors_info=&#8221;{}&#8221; sticky_enabled=&#8221;0&#8243;]<\/p>\n<h1>Kuidas tellida<\/h1>\n<h2>Kuidas osta<\/h2>\n<ul>\n<li><b>Valige toode<\/b> &#8211; soovitud tooteni j\u00f5udmiseks valige tootemen\u00fc\u00fcst kategooria v\u00f5i kasutage otsingut.<\/li>\n<li><b>Lisage ostukorvi<\/b> &#8211; kui soovite e-poes veel ringi vaadata valige \u201cJ\u00e4tkan ostlemist\u201d- kui mitte, valige \u201cVormista tellimus\u201d. Ostukorvis on Teil v\u00f5imalik soetada juurde sarnaseid tooteid.<\/li>\n<li><b>Valige makseviis<\/b> meie poes on v\u00f5imalik maksta panga v\u00f5i krediitkaardi ning Paypal kaudu.<\/li>\n<\/ul>\n<h2>Kuidas maksta<\/h2>\n<h3>Panga\u00fclekanne<\/h3>\n<ul>\n<li><b>Saaja:<\/b> Unicosmetic O\u00dc<\/li>\n<li><b>A\/a:<\/b> EE152200221070405485<\/li>\n<li><b>Pank:<\/b> Swedbank<\/li>\n<li><b>Panga\u00fclekande p\u00f5hjus: <\/b> Tellimuse nr. (kindlasti m\u00e4rkige tellimuse number) tasumine<\/li>\n<li><b>SWIFT\/BIC:<\/b> HABAEE2X (Bank address: 8 Liivalaia Street, 15040 Tallinn, Estonia)<\/li>\n<li><b>Company recipient:<\/b> Unicosmetic O\u00dc (Company address:Ida tee 16, J\u00e4rvek\u00fcla Rae vald Harjumaa 75304)<\/li>\n<\/ul>\n<p>[\/et_pb_text][\/et_pb_column][\/et_pb_row][\/et_pb_section]<\/p>\n","protected":false},"excerpt":{"rendered":"<p>Kuidas tellida Kuidas osta Valige toode &#8211; soovitud tooteni j\u00f5udmiseks valige tootemen\u00fc\u00fcst kategooria v\u00f5i kasutage otsingut. Lisage ostukorvi &#8211; kui soovite e-poes veel ringi vaadata valige \u201cJ\u00e4tkan ostlemist\u201d- kui mitte, valige \u201cVormista tellimus\u201d. Ostukorvis on Teil v\u00f5imalik soetada juurde sarnaseid tooteid. Valige makseviis meie poes on v\u00f5imalik maksta panga v\u00f5i krediitkaardi ning Paypal kaudu. Kuidas [&hellip;]<\/p>\n","protected":false},"author":2,"featured_media":0,"parent":0,"menu_order":0,"comment_status":"closed","ping_status":"closed","template":"","meta":{"_et_pb_use_builder":"on","_et_pb_old_content":"[et_pb_section fb_built=\"1\" admin_label=\"section\" _builder_version=\"3.22\" global_colors_info=\"{}\"][et_pb_row admin_label=\"row\" _builder_version=\"3.25\" background_size=\"initial\" background_position=\"top_left\" background_repeat=\"repeat\" global_colors_info=\"{}\"][et_pb_column type=\"4_4\" _builder_version=\"3.25\" custom_padding=\"|||\" global_colors_info=\"{}\" custom_padding__hover=\"|||\"][et_pb_text _builder_version=\"4.14.8\" _module_preset=\"default\" hover_enabled=\"0\" sticky_enabled=\"0\"]<h1>How to order<\/h1>\r\n<h2>How to buy<\/h2>\r\n<ul>\r\n<li><b>Select product<\/b> - Select a category from the product menu, or use search to reach the desired product.<\/li>\r\n<li><b>Add to cart<\/b> - if you want to browse the e-shop, select \"Continue shopping\" - if not, select \"Place order\". In the shopping cart you can find more similar products.<\/li>\r\n<li><b>Choose a payment method<\/b> In our store it is possible to pay via bank or credit card and Paypal.<\/li>\r\n<\/ul>\r\n\r\n<h2>How to pay<\/h2>\r\n<h3>Bank transfer<\/h3>\r\n<ul>\r\n<li><b>To:<\/b> Unicosmetic O\u00dc<\/li>\r\n<li><b>A\/a:<\/b> EE152200221070405485<\/li>\r\n<li><b>Bank:<\/b> Swedbank<\/li>\r\n<li><b>Reason for bank transfer:<\/b> Order nr. (be sure to indicate the order number)<\/li>\r\n<li><b>SWIFT\/BIC:<\/b> HABAEE2X (Bank address: 8 Liivalaia Street, 15040 Tallinn, Estonia)<\/li>\r\n<li><b>Company recipient:<\/b> Unicosmetic O\u00dc (Company address:Ida tee 16, J\u00e4rvek\u00fcla Rae vald Harjumaa 75304)<\/li>\r\n<\/ul>[\/et_pb_text][\/et_pb_column][\/et_pb_row][\/et_pb_section]","_et_gb_content_width":"","footnotes":""},"class_list":["post-1803","page","type-page","status-publish","hentry"],"_links":{"self":[{"href":"https:\/\/online.rocs.eu\/et\/wp-json\/wp\/v2\/pages\/1803","targetHints":{"allow":["GET"]}}],"collection":[{"href":"https:\/\/online.rocs.eu\/et\/wp-json\/wp\/v2\/pages"}],"about":[{"href":"https:\/\/online.rocs.eu\/et\/wp-json\/wp\/v2\/types\/page"}],"author":[{"embeddable":true,"href":"https:\/\/online.rocs.eu\/et\/wp-json\/wp\/v2\/users\/2"}],"replies":[{"embeddable":true,"href":"https:\/\/online.rocs.eu\/et\/wp-json\/wp\/v2\/comments?post=1803"}],"version-history":[{"count":4,"href":"https:\/\/online.rocs.eu\/et\/wp-json\/wp\/v2\/pages\/1803\/revisions"}],"predecessor-version":[{"id":1808,"href":"https:\/\/online.rocs.eu\/et\/wp-json\/wp\/v2\/pages\/1803\/revisions\/1808"}],"wp:attachment":[{"href":"https:\/\/online.rocs.eu\/et\/wp-json\/wp\/v2\/media?parent=1803"}],"curies":[{"name":"wp","href":"https:\/\/api.w.org\/{rel}","templated":true}]}}