{"id":1809,"date":"2022-03-02T14:05:55","date_gmt":"2022-03-02T12:05:55","guid":{"rendered":"https:\/\/online.rocs.eu\/?page_id=1809"},"modified":"2023-11-03T11:54:52","modified_gmt":"2023-11-03T09:54:52","slug":"payment","status":"publish","type":"page","link":"https:\/\/online.rocs.eu\/et\/help\/payment\/","title":{"rendered":"Teave makse ja kohaletoimetamise kohta"},"content":{"rendered":"<p>[et_pb_section fb_built=&#8221;1&#8243; admin_label=&#8221;section&#8221; _builder_version=&#8221;4.16&#8243; global_colors_info=&#8221;{}&#8221;][et_pb_row admin_label=&#8221;row&#8221; _builder_version=&#8221;4.16&#8243; background_size=&#8221;initial&#8221; background_position=&#8221;top_left&#8221; background_repeat=&#8221;repeat&#8221; global_colors_info=&#8221;{}&#8221;][et_pb_column type=&#8221;4_4&#8243; _builder_version=&#8221;4.16&#8243; custom_padding=&#8221;|||&#8221; global_colors_info=&#8221;{}&#8221; custom_padding__hover=&#8221;|||&#8221;][et_pb_text _builder_version=&#8221;4.16&#8243; _module_preset=&#8221;default&#8221; global_colors_info=&#8221;{}&#8221;]<\/p>\n<h1>Teave makse ja kohaletoimetamise kohta<\/h1>\n<h2>Tarnetingimused:<\/h2>\n<p>[\/et_pb_text][\/et_pb_column][\/et_pb_row][et_pb_row column_structure=&#8221;1_4,3_4&#8243; _builder_version=&#8221;4.16&#8243; _module_preset=&#8221;default&#8221; global_colors_info=&#8221;{}&#8221;][et_pb_column type=&#8221;1_4&#8243; _builder_version=&#8221;4.16&#8243; _module_preset=&#8221;default&#8221; global_colors_info=&#8221;{}&#8221;][et_pb_image src=&#8221;https:\/\/online.rocs.eu\/wp-content\/uploads\/2022\/03\/itella.jpg&#8221; title_text=&#8221;itella&#8221; _builder_version=&#8221;4.16&#8243; _module_preset=&#8221;default&#8221; global_colors_info=&#8221;{}&#8221;][\/et_pb_image][\/et_pb_column][et_pb_column type=&#8221;3_4&#8243; _builder_version=&#8221;4.16&#8243; _module_preset=&#8221;default&#8221; global_colors_info=&#8221;{}&#8221;][et_pb_text _builder_version=&#8221;4.21.0&#8243; _module_preset=&#8221;default&#8221; hover_enabled=&#8221;0&#8243; global_colors_info=&#8221;{}&#8221; sticky_enabled=&#8221;0&#8243;]<\/p>\n<h3>Itella logistika<\/h3>\n<p>R.O.C.S.-i jaoks on saadaval mugav tarneviis tellimusele.Saadetakse teie tellimus 3-7 p\u00e4eva jooksul kohale.[\/et_pb_text][\/et_pb_column][\/et_pb_row][et_pb_row column_structure=&#8221;1_4,3_4&#8243; _builder_version=&#8221;4.16&#8243; _module_preset=&#8221;default&#8221; global_colors_info=&#8221;{}&#8221;][et_pb_column type=&#8221;1_4&#8243; _builder_version=&#8221;4.16&#8243; _module_preset=&#8221;default&#8221; global_colors_info=&#8221;{}&#8221;][et_pb_image src=&#8221;https:\/\/online.rocs.eu\/wp-content\/uploads\/2022\/03\/1b6d8105c48ca0a9cca43eaea3bcb5da.jpg&#8221; title_text=&#8221;1b6d8105c48ca0a9cca43eaea3bcb5da&#8221; _builder_version=&#8221;4.16&#8243; _module_preset=&#8221;default&#8221; global_colors_info=&#8221;{}&#8221;][\/et_pb_image][\/et_pb_column][et_pb_column type=&#8221;3_4&#8243; _builder_version=&#8221;4.16&#8243; _module_preset=&#8221;default&#8221; global_colors_info=&#8221;{}&#8221;][et_pb_text _builder_version=&#8221;4.21.0&#8243; _module_preset=&#8221;default&#8221; hover_enabled=&#8221;0&#8243; global_colors_info=&#8221;{}&#8221; sticky_enabled=&#8221;0&#8243;]<\/p>\n<h3>Omniva<\/h3>\n<p>Madalaima k\u00e4ttetoimetamise m\u00e4\u00e4ra tagamiseks saab v\u00e4ikseid tellimusi saata otse Tallinna peamisest jaotuslaost, kasutades Eesti Posti pakiteenuseid. Kasutades Eesti Posti k\u00e4ttetoimetamise viisi, saadetakse teie tellimus 48 tunni jooksul kohale ja tarnitakse l\u00e4himasse postiteeninduspunkti 3-7 t\u00f6\u00f6p\u00e4eva jooksul. [\/et_pb_text][\/et_pb_column][\/et_pb_row][et_pb_row column_structure=&#8221;1_4,3_4&#8243; _builder_version=&#8221;4.16&#8243; _module_preset=&#8221;default&#8221; global_colors_info=&#8221;{}&#8221;][et_pb_column type=&#8221;1_4&#8243; _builder_version=&#8221;4.16&#8243; _module_preset=&#8221;default&#8221; global_colors_info=&#8221;{}&#8221;][et_pb_image src=&#8221;https:\/\/online.rocs.eu\/wp-content\/uploads\/2022\/03\/dpd.jpg&#8221; title_text=&#8221;dpd&#8221; _builder_version=&#8221;4.21.0&#8243; _module_preset=&#8221;default&#8221; hover_enabled=&#8221;0&#8243; global_colors_info=&#8221;{}&#8221; sticky_enabled=&#8221;0&#8243;][\/et_pb_image][\/et_pb_column][et_pb_column type=&#8221;3_4&#8243; _builder_version=&#8221;4.16&#8243; _module_preset=&#8221;default&#8221; global_colors_info=&#8221;{}&#8221;][et_pb_text _builder_version=&#8221;4.21.0&#8243; _module_preset=&#8221;default&#8221; hover_enabled=&#8221;0&#8243; global_colors_info=&#8221;{}&#8221; sticky_enabled=&#8221;0&#8243;]<\/p>\n<h3>DPD<\/h3>\n<p>Juhtiv pakkide ja lasti rahvusvaheline kiirpostiteenus.[\/et_pb_text][\/et_pb_column][\/et_pb_row][et_pb_row admin_label=&#8221;row&#8221; _builder_version=&#8221;4.16&#8243; background_size=&#8221;initial&#8221; background_position=&#8221;top_left&#8221; background_repeat=&#8221;repeat&#8221; global_colors_info=&#8221;{}&#8221;][et_pb_column type=&#8221;4_4&#8243; _builder_version=&#8221;4.16&#8243; custom_padding=&#8221;|||&#8221; global_colors_info=&#8221;{}&#8221; custom_padding__hover=&#8221;|||&#8221;][et_pb_text _builder_version=&#8221;4.21.0&#8243; _module_preset=&#8221;default&#8221; hover_enabled=&#8221;0&#8243; global_colors_info=&#8221;{}&#8221; sticky_enabled=&#8221;0&#8243;]<\/p>\n<h2>Maksetingimused:<\/h2>\n<p>[\/et_pb_text][\/et_pb_column][\/et_pb_row][et_pb_row column_structure=&#8221;1_4,3_4&#8243; _builder_version=&#8221;4.16&#8243; _module_preset=&#8221;default&#8221; global_colors_info=&#8221;{}&#8221;][et_pb_column type=&#8221;1_4&#8243; _builder_version=&#8221;4.16&#8243; _module_preset=&#8221;default&#8221; global_colors_info=&#8221;{}&#8221;][et_pb_image src=&#8221;https:\/\/online.rocs.eu\/wp-content\/uploads\/2022\/03\/paypal.jpg&#8221; title_text=&#8221;paypal&#8221; _builder_version=&#8221;4.16&#8243; _module_preset=&#8221;default&#8221; global_colors_info=&#8221;{}&#8221;][\/et_pb_image][\/et_pb_column][et_pb_column type=&#8221;3_4&#8243; _builder_version=&#8221;4.16&#8243; _module_preset=&#8221;default&#8221; global_colors_info=&#8221;{}&#8221;][et_pb_text _builder_version=&#8221;4.16&#8243; _module_preset=&#8221;default&#8221; global_colors_info=&#8221;{}&#8221;]Kui kasutate PayPali teenuseid, saab tellimuse p\u00e4rast PayPali s\u00fcsteemi kaudu kinnitamist kohe tasuda. [\/et_pb_text][\/et_pb_column][\/et_pb_row][\/et_pb_section]<\/p>\n","protected":false},"excerpt":{"rendered":"<p>Teave makse ja kohaletoimetamise kohta Tarnetingimused:Itella logistika R.O.C.S.-i jaoks on saadaval mugav tarneviis tellimusele.Saadetakse teie tellimus 3-7 p\u00e4eva jooksul kohale.Omniva Madalaima k\u00e4ttetoimetamise m\u00e4\u00e4ra tagamiseks saab v\u00e4ikseid tellimusi saata otse Tallinna peamisest jaotuslaost, kasutades Eesti Posti pakiteenuseid. Kasutades Eesti Posti k\u00e4ttetoimetamise viisi, saadetakse teie tellimus 48 tunni jooksul kohale ja tarnitakse l\u00e4himasse postiteeninduspunkti 3-7 t\u00f6\u00f6p\u00e4eva jooksul. [&hellip;]<\/p>\n","protected":false},"author":2,"featured_media":0,"parent":1803,"menu_order":0,"comment_status":"closed","ping_status":"closed","template":"","meta":{"_et_pb_use_builder":"on","_et_pb_old_content":"[et_pb_section fb_built=\"1\" admin_label=\"section\" _builder_version=\"3.22\" global_colors_info=\"{}\"][et_pb_row admin_label=\"row\" _builder_version=\"3.25\" background_size=\"initial\" background_position=\"top_left\" background_repeat=\"repeat\" global_colors_info=\"{}\"][et_pb_column type=\"4_4\" _builder_version=\"3.25\" custom_padding=\"|||\" global_colors_info=\"{}\" custom_padding__hover=\"|||\"][et_pb_text _builder_version=\"4.14.8\" _module_preset=\"default\" hover_enabled=\"0\" sticky_enabled=\"0\"]<h1>Payment and Delivery Information<\/h1>\r\n<h2>Delivery terms:<\/h2>[\/et_pb_text][\/et_pb_column][\/et_pb_row][et_pb_row _builder_version=\"4.14.8\" _module_preset=\"default\" column_structure=\"1_4,3_4\"][et_pb_column _builder_version=\"4.14.8\" _module_preset=\"default\" type=\"1_4\"][et_pb_image _builder_version=\"4.14.8\" _module_preset=\"default\" title_text=\"itella\" src=\"https:\/\/online.rocs.eu\/wp-content\/uploads\/2022\/03\/itella.jpg\" hover_enabled=\"0\" sticky_enabled=\"0\"][\/et_pb_image][\/et_pb_column][et_pb_column _builder_version=\"4.14.8\" _module_preset=\"default\" type=\"3_4\"][et_pb_text _builder_version=\"4.14.8\" _module_preset=\"default\" hover_enabled=\"0\" sticky_enabled=\"0\"]<h3>Itella Logistics<\/h3>\r\nThere are 2 reliable and convenient delivery options available for R.O.C.S. orders - Economy and Express Flex. Using Economy delivery method your order will be shipped within 24 hours and delivered to the nearest pick-up service on the next working day. Using Express Flex delivery method your order will be shipped within 24 hours and Itella transport team will contact you on the next working day to arrange suitable delivery address.[\/et_pb_text][\/et_pb_column][\/et_pb_row][et_pb_row _builder_version=\"4.14.8\" _module_preset=\"default\" column_structure=\"1_4,3_4\"][et_pb_column _builder_version=\"4.14.8\" _module_preset=\"default\" type=\"1_4\"][et_pb_image _builder_version=\"4.14.8\" _module_preset=\"default\" title_text=\"1b6d8105c48ca0a9cca43eaea3bcb5da\" src=\"https:\/\/online.rocs.eu\/wp-content\/uploads\/2022\/03\/1b6d8105c48ca0a9cca43eaea3bcb5da.jpg\" hover_enabled=\"0\" sticky_enabled=\"0\"][\/et_pb_image][\/et_pb_column][et_pb_column _builder_version=\"4.14.8\" _module_preset=\"default\" type=\"3_4\"][et_pb_text _builder_version=\"4.14.8\" _module_preset=\"default\" hover_enabled=\"0\" sticky_enabled=\"0\"]<h3>Omniva<\/h3>\r\nTo ensure lowest delivery rate small orders can be sent directly from main distribution warehouse in Tallinn using Estonian Post parcel services. Using Estonian Post delivery method your order will be shipped within 24 hours and delivered to the nearest postal service point in 3-7 working days.[\/et_pb_text][\/et_pb_column][\/et_pb_row][et_pb_row _builder_version=\"4.14.8\" _module_preset=\"default\" column_structure=\"1_4,3_4\"][et_pb_column _builder_version=\"4.14.8\" _module_preset=\"default\" type=\"1_4\"][et_pb_image _builder_version=\"4.14.8\" _module_preset=\"default\" title_text=\"dpd\" src=\"https:\/\/online.rocs.eu\/wp-content\/uploads\/2022\/03\/dpd.jpg\" hover_enabled=\"0\" sticky_enabled=\"0\"][\/et_pb_image][\/et_pb_column][et_pb_column _builder_version=\"4.14.8\" _module_preset=\"default\" type=\"3_4\"][et_pb_text _builder_version=\"4.14.8\" _module_preset=\"default\" hover_enabled=\"0\" sticky_enabled=\"0\"]<h3>DPD<\/h3>\r\nLeading international express delivery service for parcels and cargo.[\/et_pb_text][\/et_pb_column][\/et_pb_row][et_pb_row admin_label=\"row\" _builder_version=\"3.25\" background_size=\"initial\" background_position=\"top_left\" background_repeat=\"repeat\" global_colors_info=\"{}\"][et_pb_column type=\"4_4\" _builder_version=\"3.25\" custom_padding=\"|||\" global_colors_info=\"{}\" custom_padding__hover=\"|||\"][et_pb_text _builder_version=\"4.14.8\" _module_preset=\"default\" hover_enabled=\"0\" sticky_enabled=\"0\"]<h2>Payment terms:<\/h2>[\/et_pb_text][\/et_pb_column][\/et_pb_row][et_pb_row _builder_version=\"4.14.8\" _module_preset=\"default\" column_structure=\"1_4,3_4\"][et_pb_column _builder_version=\"4.14.8\" _module_preset=\"default\" type=\"1_4\"][et_pb_image _builder_version=\"4.14.8\" _module_preset=\"default\" title_text=\"paypal\" src=\"https:\/\/online.rocs.eu\/wp-content\/uploads\/2022\/03\/paypal.jpg\" hover_enabled=\"0\" sticky_enabled=\"0\"][\/et_pb_image][\/et_pb_column][et_pb_column _builder_version=\"4.14.8\" _module_preset=\"default\" type=\"3_4\"][et_pb_text _builder_version=\"4.14.8\" _module_preset=\"default\" hover_enabled=\"0\" sticky_enabled=\"0\"]In case you are using PayPal services your order can be easily paid immediately after order confirmation through PayPal system.[\/et_pb_text][\/et_pb_column][\/et_pb_row][\/et_pb_section]","_et_gb_content_width":"","footnotes":""},"class_list":["post-1809","page","type-page","status-publish","hentry"],"_links":{"self":[{"href":"https:\/\/online.rocs.eu\/et\/wp-json\/wp\/v2\/pages\/1809","targetHints":{"allow":["GET"]}}],"collection":[{"href":"https:\/\/online.rocs.eu\/et\/wp-json\/wp\/v2\/pages"}],"about":[{"href":"https:\/\/online.rocs.eu\/et\/wp-json\/wp\/v2\/types\/page"}],"author":[{"embeddable":true,"href":"https:\/\/online.rocs.eu\/et\/wp-json\/wp\/v2\/users\/2"}],"replies":[{"embeddable":true,"href":"https:\/\/online.rocs.eu\/et\/wp-json\/wp\/v2\/comments?post=1809"}],"version-history":[{"count":4,"href":"https:\/\/online.rocs.eu\/et\/wp-json\/wp\/v2\/pages\/1809\/revisions"}],"predecessor-version":[{"id":23500,"href":"https:\/\/online.rocs.eu\/et\/wp-json\/wp\/v2\/pages\/1809\/revisions\/23500"}],"up":[{"embeddable":true,"href":"https:\/\/online.rocs.eu\/et\/wp-json\/wp\/v2\/pages\/1803"}],"wp:attachment":[{"href":"https:\/\/online.rocs.eu\/et\/wp-json\/wp\/v2\/media?parent=1809"}],"curies":[{"name":"wp","href":"https:\/\/api.w.org\/{rel}","templated":true}]}}