{"id":1816,"date":"2022-03-02T13:54:30","date_gmt":"2022-03-02T10:54:30","guid":{"rendered":"https:\/\/online.rocs.eu\/?page_id=1816"},"modified":"2022-03-15T14:44:10","modified_gmt":"2022-03-15T12:44:10","slug":"company","status":"publish","type":"page","link":"https:\/\/online.rocs.eu\/et\/company\/","title":{"rendered":"Ettev\u00f5ttest"},"content":{"rendered":"<p>[et_pb_section fb_built=&#8221;1&#8243; admin_label=&#8221;section&#8221; _builder_version=&#8221;3.22&#8243; global_colors_info=&#8221;{}&#8221;][et_pb_row admin_label=&#8221;row&#8221; _builder_version=&#8221;3.25&#8243; background_size=&#8221;initial&#8221; background_position=&#8221;top_left&#8221; background_repeat=&#8221;repeat&#8221; global_colors_info=&#8221;{}&#8221;][et_pb_column type=&#8221;4_4&#8243; _builder_version=&#8221;3.25&#8243; custom_padding=&#8221;|||&#8221; global_colors_info=&#8221;{}&#8221; custom_padding__hover=&#8221;|||&#8221;][et_pb_text admin_label=&#8221;Text&#8221; _builder_version=&#8221;4.14.9&#8243; _module_preset=&#8221;default&#8221; hover_enabled=&#8221;0&#8243; global_colors_info=&#8221;{}&#8221; sticky_enabled=&#8221;0&#8243;]<\/p>\n<h1>Ettev\u00f5ttest<\/h1>\n<p>[\/et_pb_text][\/et_pb_column][\/et_pb_row][et_pb_row column_structure=&#8221;1_3,2_3&#8243; _builder_version=&#8221;4.14.8&#8243; _module_preset=&#8221;default&#8221; global_colors_info=&#8221;{}&#8221;][et_pb_column type=&#8221;1_3&#8243; _builder_version=&#8221;4.14.8&#8243; _module_preset=&#8221;default&#8221; global_colors_info=&#8221;{}&#8221;][et_pb_team_member name=&#8221;Svetlana Matelo&#8221; position=&#8221;DRC grupi juht&#8221; image_url=&#8221;https:\/\/online.rocs.eu\/wp-content\/uploads\/2022\/03\/e8c8304f8c74ccfbe56eededfc5c5c25.jpg&#8221; _builder_version=&#8221;4.14.9&#8243; _module_preset=&#8221;default&#8221; hover_enabled=&#8221;0&#8243; custom_css_member_image=&#8221;text-align: left;&#8221; global_colors_info=&#8221;{}&#8221; sticky_enabled=&#8221;0&#8243;][\/et_pb_team_member][\/et_pb_column][et_pb_column type=&#8221;2_3&#8243; _builder_version=&#8221;4.14.8&#8243; _module_preset=&#8221;default&#8221; global_colors_info=&#8221;{}&#8221;][et_pb_text _builder_version=&#8221;4.14.9&#8243; _module_preset=&#8221;default&#8221; hover_enabled=&#8221;0&#8243; global_colors_info=&#8221;{}&#8221; sticky_enabled=&#8221;0&#8243;]DRC grupp on juba \u00fcle 10 aasta tootnud ainulaadseid hambapastasid, mis on valmistatud looduslikest koostisosadest, kasutades nende enda madalatemperatuurilist tehnoloogiat, R.O.C.S. br\u00e4nd. DRC grupi juht, meditsiiniteaduste kandidaat Svetlana Matelo arvab, et ettev\u00f5tte toodetel on potentsiaali saada \u00fcheks juhtivaks \u00fclemaailmseks kaubam\u00e4rgiks &#8211; tarbijad enam kui 30 riigist valivad juba R.O.C.S. tooteid \u00fcle teiste.<\/p>\n<p>DRC r\u00fchm moodustati 2004. Aastal koos WDSi uurimislaboriga. Eesm\u00e4rk oli luua uuenduslikud suuhooldustooted, mis v\u00f5iksid t\u00f6\u00f6stusele m\u00f5ju avaldada. Tootevalem pidi olema ka kogu maailmas patenteeritav. T\u00f6\u00f6tati v\u00e4lja ja kliiniliselt t\u00f5estatud ainulaadne tehnoloogia ja tootevalemid ning 2005. aasta veebruaris k\u00e4ivitasime oma tootesarja R.O.C.S. br\u00e4nd. See oli esimene suuhooldustoodete sari koos vanuser\u00fchmade ja iga vanusekategooria jaoks eraldi valemiga.[\/et_pb_text][\/et_pb_column][\/et_pb_row][et_pb_row _builder_version=&#8221;4.14.8&#8243; _module_preset=&#8221;default&#8221; global_colors_info=&#8221;{}&#8221;][et_pb_column type=&#8221;4_4&#8243; _builder_version=&#8221;4.14.8&#8243; _module_preset=&#8221;default&#8221; global_colors_info=&#8221;{}&#8221;][et_pb_text _builder_version=&#8221;4.14.9&#8243; _module_preset=&#8221;default&#8221; hover_enabled=&#8221;0&#8243; global_colors_info=&#8221;{}&#8221; sticky_enabled=&#8221;0&#8243;]<\/p>\n<h2>Fluoriidi ja antiseptikumideta<\/h2>\n<p>Br\u00e4ndi enda nimi R.O.C.S. (Remineralizing Oral Care Systems), peegeldab t\u00e4pselt toote kontseptsiooni. K\u00f5ik R.O.C.S. hambapastad on meditsiinilised ja prof\u00fclaktilised &#8211; tugevdavad emaili, suurendavad hammaste vastupidavust kaariesele, leevendavad ja ennetavad igemep\u00f5letikku, v\u00e4rskendavad hinge\u00f5hku ja annavad hammastele tagasi nende loomuliku valguse. Kestev hammaste ja igemete h\u00fcgieen on ettev\u00f5tte R.O.C.S. kaubam\u00e4rk. tooted.<\/p>\n<p>Br\u00e4ndi filosoofiat saab v\u00e4ljendada kolme s\u00f5naga: kvaliteet, efektiivsus, ohutus. Hambapastade koostiste v\u00e4ljat\u00f6\u00f6tamisel p\u00f6\u00f6rab WDS-i labor suurt t\u00e4helepanu koostisosade kvaliteedile, nende \u00fchilduvusele ja kogustele, milles need oleksid k\u00f5ige t\u00f5husamad.<\/p>\n<p>R.O.C.S. vahemikus on isegi peaaegu t\u00e4ielikult looduslikest koostisosadest valmistatud hambapastad. Need looduslikud hambapastad ei hoia mitte ainult hambaid puhtana, vaid kaitsevad ka neid, alandavad nende tundlikkust ja parandavad ka haigete igemete seisundit.<\/p>\n<p>R.O.C.S.-i \u00fcks erip\u00e4ra hambapastad on fluoriidide \u00e4\u00e4rmiselt napp kasutamine. Enamik hambapastasid ei sisalda \u00fcldse fluoriidi ja kui seda kasutatakse, kasutatakse seda suhteliselt v\u00e4ikestes kogustes. Kuid R.O.C.S. fluori sisaldamata hambapastad pole v\u00e4hem efektiivsed kui tema konkurentide fluoriidi sisaldavad, pakkudes ohutumat kaariese prof\u00fclaktikat.<\/p>\n<p>Fluoriidi alternatiivina kasutatakse mineraalide komplekti, mis sisaldab bioloogiliselt k\u00e4ttesaadavat kaltsiumi, fosfaati ja magneesiumi. R.O.C.S.-is kasutatud mineraliseeriva valemi kaariesevastane efektiivsus hambapastad olid t\u00f5estatud kaheaastase uuringuga kooli kaariese ennetamise kohta, mis viidi l\u00e4bi Maailma Terviseorganisatsiooni j\u00e4relevalve all. Valemit kasutatakse ka laste varajase kaariese ravimisel ilma negatiivsete k\u00f5rvaltoimete ohuta, samuti kosmeetilises hambaravis.<\/p>\n<p>R.O.C.S.-i k\u00f5ige olulisemad toimeained on kleepumisvastased omadused ehk bromelaiin ja ks\u00fclitool. valem. Ananassi vartest s\u00fcnteesitud bromelaiin lagundab naastu ja hoiab \u00e4ra uue naastu tekkimise. Ks\u00fclitoolil, mis on looduslik koostisosa, on antimikroobsed omadused, mida kasutatakse kaarieset tootvate bakterite ja seente vastu v\u00f5itlemiseks. Kliiniliste uuringute p\u00f5hjal on mikrobioloogid j\u00f5udnud j\u00e4reldusele, et R.O.C.S. hambapastad omavad prebiootilisi omadusi ja normaliseerivad suu\u00f5\u00f5ne mikrofloora koostist.<\/p>\n<h2>Uute valemite otsimisel<\/h2>\n<p>Uute toodete valemitele tehakse tugevaid laboratoorseid ja kliinilisi uuringuid nii arendusetapis kui ka p\u00e4rast toote turule toomist. Nende uuringute tulemused avaldatakse alati meditsiinilistes eriv\u00e4ljaannetes ning neid esitatakse ka teaduskonverentsidel nii Venemaal kui ka v\u00e4lismaal, sealhulgas FDI Maailma Hambaravif\u00f6deratsiooni kongressidel.<\/p>\n<p>Praegu omab laboratoorium \u00fcle 50 valemipatenti, samas kui selle leiud on tehtud aluseks enam kui 10 teaduslikule uuringule.<\/p>\n<p>Suure koguse looduslike komponentide kasutamine n\u00f5uab ka spetsiaalseid tootmistehnikaid, mis muudavad tootmise ise tavap\u00e4rasest keerukamaks ja aegan\u00f5udvamaks. Komponentide kasulike omaduste s\u00e4ilitamiseks on R.O.C.S. hambapastad s\u00fcnteesitakse madalatel temperatuuridel, mis v\u00f5tab tavap\u00e4rase kahe asemel kaheksa tundi.<\/p>\n<h2>Eriline l\u00e4henemine lastele<\/h2>\n<p>DRC grupi r\u00fchm toodab umbes sada erinevat hambapastat, millest iga\u00fcks on m\u00f5eldud konkreetsele vanuser\u00fchmale alates lastest kuni eakateni.<\/p>\n<p>R.O.C.S. Imikute hambapastat v\u00f5ib igemete kaitsmiseks kasutada juba enne hammaste tekkimist. Selles vanuses ei suuda lapsed veel suud loputada ja neelavad peaaegu alati kogu hambapasta alla. See on p\u00f5hjus, miks seda konkreetset hambapastat kasutatakse looduslikest komponentidest, mis pole allaneelamisel kahjulikud, ei p\u00f5hjusta allergilisi reaktsioone ega v\u00e4henda hammaste tekkimise ebamugavust.<\/p>\n<p>3-7-aastaste jaoks pakub ettev\u00f5te R.O.C.S. Laste vahemik, vanuses 6-12 aastat &#8211; R.O.C.S. Juunior, samal ajal kui 8-18-aastased &#8211; R.O.C.S. Teismelised. Nende hambapastade valemid on v\u00e4lja t\u00f6\u00f6tatud, p\u00f6\u00f6rates erilist t\u00e4helepanu hammaste arengule igas konkreetses vananemisj\u00e4rgus. Lisaks hambapastadele toodab ettev\u00f5te ka mitmeid hambaloputusvahendeid ning mitmesuguseid suuh\u00fcgieeniriistu: pintslid, hambaniidid ja hambavaheharjad.<\/p>\n<h2>Laieneb v\u00e4lismaal<\/h2>\n<p>T\u00e4na on R.O.C.S. suuhooldustooteid saab osta Venemaalt, teistest SR\u00dc riikidest, Balti riikidest, Soomest, Saksamaalt, T\u00fcrgist, Jaapanist, K\u00fcproselt, Poolast ja Malaisiast. Kokku m\u00fc\u00fcakse DRC Group tooteid enam kui 50 riigis \u00fcle maailma.[\/et_pb_text][\/et_pb_column][\/et_pb_row][\/et_pb_section]<\/p>\n","protected":false},"excerpt":{"rendered":"<p>Ettev\u00f5ttestDRC grupp on juba \u00fcle 10 aasta tootnud ainulaadseid hambapastasid, mis on valmistatud looduslikest koostisosadest, kasutades nende enda madalatemperatuurilist tehnoloogiat, R.O.C.S. br\u00e4nd. DRC grupi juht, meditsiiniteaduste kandidaat Svetlana Matelo arvab, et ettev\u00f5tte toodetel on potentsiaali saada \u00fcheks juhtivaks \u00fclemaailmseks kaubam\u00e4rgiks &#8211; tarbijad enam kui 30 riigist valivad juba R.O.C.S. tooteid \u00fcle teiste. DRC r\u00fchm moodustati [&hellip;]<\/p>\n","protected":false},"author":2,"featured_media":0,"parent":0,"menu_order":0,"comment_status":"closed","ping_status":"closed","template":"","meta":{"_et_pb_use_builder":"on","_et_pb_old_content":"[et_pb_section fb_built=\"1\" admin_label=\"section\" _builder_version=\"3.22\" global_colors_info=\"{}\"][et_pb_row admin_label=\"row\" _builder_version=\"3.25\" background_size=\"initial\" background_position=\"top_left\" background_repeat=\"repeat\" global_colors_info=\"{}\"][et_pb_column type=\"4_4\" _builder_version=\"3.25\" custom_padding=\"|||\" global_colors_info=\"{}\" custom_padding__hover=\"|||\"][et_pb_text admin_label=\"Text\" _builder_version=\"4.14.8\" _module_preset=\"default\" global_colors_info=\"{}\"]<h1>About company<\/h1>[\/et_pb_text][\/et_pb_column][\/et_pb_row][et_pb_row column_structure=\"1_3,2_3\" _builder_version=\"4.14.8\" _module_preset=\"default\" global_colors_info=\"{}\"][et_pb_column type=\"1_3\" _builder_version=\"4.14.8\" _module_preset=\"default\" global_colors_info=\"{}\"][et_pb_team_member name=\"Svetlana Matelo\" position=\"Head of DRC group\" image_url=\"https:\/\/online.rocs.eu\/wp-content\/uploads\/2022\/03\/e8c8304f8c74ccfbe56eededfc5c5c25.jpg\" _builder_version=\"4.14.8\" _module_preset=\"default\" hover_enabled=\"0\" global_colors_info=\"{}\" custom_css_member_image=\"text-align: left;\" sticky_enabled=\"0\"][\/et_pb_team_member][\/et_pb_column][et_pb_column type=\"2_3\" _builder_version=\"4.14.8\" _module_preset=\"default\" global_colors_info=\"{}\"][et_pb_text _builder_version=\"4.14.8\" _module_preset=\"default\" global_colors_info=\"{}\"]For more than 10 years now, DRC group has been manufacturing unique toothpastes, which are made with natural ingredients using their own low-temperature technology, under the R.O.C.S. brand. The head of the DRC group, Candidate of Medical Sciences Svetlana Matelo, thinks that the company\u2019s products have the potential necessary to become one of the leading global brands \u2013 consumers from over 30 countries are already choosing R.O.C.S. products over others.\r\n\r\nThe DRC group was formed in 2004 along with the WDS research laboratory. The goal was to create innovative oral care products that could make an impact on the industry. The product formula also had to be \u201cpatentable\u201d worldwide. Unique technology and product formulas were developed and clinically proved and in February 2005 we launched our own product line under R.O.C.S. brand. This was the first line of oral care products with an age differentiation and a separate formula for each age category.[\/et_pb_text][\/et_pb_column][\/et_pb_row][et_pb_row _builder_version=\"4.14.8\" _module_preset=\"default\" global_colors_info=\"{}\"][et_pb_column type=\"4_4\" _builder_version=\"4.14.8\" _module_preset=\"default\" global_colors_info=\"{}\"][et_pb_text _builder_version=\"4.14.8\" _module_preset=\"default\" global_colors_info=\"{}\"]<h2>Without fluoride and antiseptics<\/h2>\r\nThe name of the brand itself, R.O.C.S. (Remineralizing Oral Care Systems), precisely reflects the product\u2019s concept. All R.O.C.S. toothpastes are medicinal and prophylactic \u2013 they strengthen the enamel, increase tooth resistance to caries, relieve and prevent inflammation of the gums, freshen the breath and give the teeth back their natural whiteness. Long-lasting tooth and gum hygiene is a trademark of R.O.C.S. products.\r\n\r\nThe brand\u2019s philosophy can be expressed in three words: quality, effectiveness, safety. When developing toothpaste formulas, the WDS laboratory pays a lot of attention to the quality of ingredients, their compatibility and the amounts in which they would be most effective.\r\n\r\nThe R.O.C.S. range even has toothpastes made almost completely from natural ingredients. These natural toothpastes do not only keep the teeth clean, but also protect them, lower their sensitivity and also improve the condition of even diseased gums.\r\n\r\nOne specific feature of the R.O.C.S. toothpastes is the extremely scant use of fluorides. Most of the toothpastes do not contain fluoride at all, and when it is used, it is used in relatively small amounts. However, R.O.C.S. toothpastes that contain no fluoride are no less effective than those of its competitors that do contain fluoride, offering safer caries prophylaxis.\r\n\r\nAs an alternative to fluoride, a set of minerals that contain the biologically available calcium, phosphate and magnesium is used. The anti-caries effectiveness of the mineralizing formula used in R.O.C.S. toothpastes had been proven by a two-year study of school caries prevention, which was carried out under the supervision of the World Health Organization. The formula is also used in treating children\u2019s early caries without the risk of negative side effects, as well as in cosmetic dentistry.\r\n\r\nThe anti-adhesive properties or bromelain and xylitol are the most important active ingredients in the R.O.C.S. formula. Bromelain, synthesized from pineapple stems, decomposes plaque and prevents the formation of new plaque. Xylitol, being a natural ingredient, has antimicrobial properties, which are used to fight caries-producing bacteria and fungi. Based on clinical trials, microbiologists have concluded that R.O.C.S. toothpastes possess prebiotic qualities and normalize the composition of the oral microflora.\r\n\r\n<h2>In search of new formulas<\/h2>\r\nThe formulas of new products are subjected to strenuous laboratory and clinical trials, both in the development stage and after the launch of the product. The results of these trials are always published in specialized medical publications, and also presented at scientific conferences both in Russia and abroad, including the FDI World Dental Federation congresses.\r\n\r\nToday the laboratory owns more than 50 formula patents, while its finds have been made to be the basis for more than 10 scientific studies.\r\n\r\nThe use of a large quantity of natural components also demands special production techniques, which make the production itself more complex and time-consuming than normal. In order to preserve the beneficial properties of the components, R.O.C.S. toothpastes are synthesized at low temperatures, which takes eight hours instead of the usual two.\r\n\r\n<h2>Special approach to children<\/h2>\r\nThe DRC group produces about a hundred different toothpastes, each designed for a specific age group, from children to the elderly.\r\n\r\nThe R.O.C.S. Baby toothpaste can be used even before any teeth have appeared, in order to protect the gums. At this age, children are not yet able to rinse their mouths, and almost always swallow all toothpaste. This is the reason why this particular toothpaste is manufactured using natural components, which are not harmful when swallowed, do not cause allergic reactions and lessen the discomfort of teething.\r\n\r\nFor the 3-7 age group, the company offers the R.O.C.S. Kids range, for the 6-12 age group \u2013 R.O.C.S. Junior, while for the 8-18 age group \u2013 R.O.C.S. Teens. The formulas of these toothpastes have been developed while paying special attention to how the teeth develop at each specific aging stage. Besides toothpastes, the company also manufactures several dental rinses, as well as a wide variety of oral hygiene utensils: brushes, dental floss and interdental brushes.\r\n\r\n<h2>Expanding abroad<\/h2>\r\nToday R.O.C.S. oral care products can be bought in Russia, other CIS countries, the Baltic countries, Finland, Germany, Turkey, Japan, Cyprus, Poland and Malaysia. In total, DRC\u2019s products are sold in over 50 countries worldwide.[\/et_pb_text][\/et_pb_column][\/et_pb_row][\/et_pb_section]","_et_gb_content_width":"","footnotes":""},"class_list":["post-1816","page","type-page","status-publish","hentry"],"_links":{"self":[{"href":"https:\/\/online.rocs.eu\/et\/wp-json\/wp\/v2\/pages\/1816","targetHints":{"allow":["GET"]}}],"collection":[{"href":"https:\/\/online.rocs.eu\/et\/wp-json\/wp\/v2\/pages"}],"about":[{"href":"https:\/\/online.rocs.eu\/et\/wp-json\/wp\/v2\/types\/page"}],"author":[{"embeddable":true,"href":"https:\/\/online.rocs.eu\/et\/wp-json\/wp\/v2\/users\/2"}],"replies":[{"embeddable":true,"href":"https:\/\/online.rocs.eu\/et\/wp-json\/wp\/v2\/comments?post=1816"}],"version-history":[{"count":4,"href":"https:\/\/online.rocs.eu\/et\/wp-json\/wp\/v2\/pages\/1816\/revisions"}],"predecessor-version":[{"id":1821,"href":"https:\/\/online.rocs.eu\/et\/wp-json\/wp\/v2\/pages\/1816\/revisions\/1821"}],"wp:attachment":[{"href":"https:\/\/online.rocs.eu\/et\/wp-json\/wp\/v2\/media?parent=1816"}],"curies":[{"name":"wp","href":"https:\/\/api.w.org\/{rel}","templated":true}]}}