{"id":1855,"date":"2022-03-15T15:12:18","date_gmt":"2022-03-15T12:12:18","guid":{"rendered":"https:\/\/online.rocs.eu\/?page_id=1855"},"modified":"2022-03-15T15:14:39","modified_gmt":"2022-03-15T13:14:39","slug":"vozvrat-tovara","status":"publish","type":"page","link":"https:\/\/online.rocs.eu\/et\/help\/vozvrat-tovara\/","title":{"rendered":"Tagasimakse"},"content":{"rendered":"<p>[et_pb_section fb_built=&#8221;1&#8243; admin_label=&#8221;section&#8221; _builder_version=&#8221;3.22&#8243; global_colors_info=&#8221;{}&#8221;][et_pb_row admin_label=&#8221;row&#8221; _builder_version=&#8221;3.25&#8243; background_size=&#8221;initial&#8221; background_position=&#8221;top_left&#8221; background_repeat=&#8221;repeat&#8221; global_colors_info=&#8221;{}&#8221;][et_pb_column type=&#8221;4_4&#8243; _builder_version=&#8221;3.25&#8243; custom_padding=&#8221;|||&#8221; global_colors_info=&#8221;{}&#8221; custom_padding__hover=&#8221;|||&#8221;][et_pb_text _builder_version=&#8221;4.14.9&#8243; _module_preset=&#8221;default&#8221; global_colors_info=&#8221;{}&#8221;]<\/p>\n<h1>Tagasimakse<\/h1>\n<p>Klient peab teavitama meid kavatsusest kaup tagastada 14 p\u00e4eva jooksul p\u00e4rast kauba k\u00e4ttesaamist, t\u00e4ites alloleva tagastamisvormi.<\/p>\n<p>Tagastatav kaup peab olema kasutamata, kahjustamata ja originaalpakendis.<\/p>\n<p>Tagastamise korral kannab saatmiskulud klient (max 10 \u20ac, V\u00d5S \u00a7194 lg 4), v\u00e4lja arvatud juhul, kui tagastamise p\u00f5hjuseks on mittevastavus tellimusele toode v\u00f5i defekt (otsik ei t\u00f6\u00f6ta, katkine kork jne).<\/p>\n<p>Unicosmetic O\u00dc tagastab kliendile raha 10 kalendrip\u00e4eva jooksul p\u00e4rast kauba k\u00e4ttesaamist.<\/p>\n<p>Avatud pakendis olevaid suuhooldus tooteid ei saa tagastada. Samuti ei kuulu tagastamisele tooted, mille kasutamist (v\u00f5i kasutamata j\u00e4tmist) ei saa kindlaks teha. N\u00e4iteks hambapasta, mille s\u00e4ilivusaeg on suhteliselt l\u00fchike ja s\u00f5ltub otseselt pakendi avamise p\u00e4evast.<\/p>\n<p>Palun saatke k\u00f5ik v\u00f5imalikud pretensioonid meie e-posti aadressile: <a href=\"mailto:info@rocs.eu\">info@rocs.eu<\/a>. Kirjas soovitame kirjeldada oma tekkinud probleemi p\u00f5hjust ja \u00e4rge unustage oma kontaktandmeid m\u00e4rkida. V\u00f5tame kaebuse esitajaga \u00fchendust 3 t\u00f6\u00f6p\u00e4eva jooksul.<\/p>\n<p>[\/et_pb_text][\/et_pb_column][\/et_pb_row][\/et_pb_section]<\/p>\n","protected":false},"excerpt":{"rendered":"<p>Tagasimakse Klient peab teavitama meid kavatsusest kaup tagastada 14 p\u00e4eva jooksul p\u00e4rast kauba k\u00e4ttesaamist, t\u00e4ites alloleva tagastamisvormi. Tagastatav kaup peab olema kasutamata, kahjustamata ja originaalpakendis. Tagastamise korral kannab saatmiskulud klient (max 10 \u20ac, V\u00d5S \u00a7194 lg 4), v\u00e4lja arvatud juhul, kui tagastamise p\u00f5hjuseks on mittevastavus tellimusele toode v\u00f5i defekt (otsik ei t\u00f6\u00f6ta, katkine kork jne). [&hellip;]<\/p>\n","protected":false},"author":2,"featured_media":0,"parent":1803,"menu_order":0,"comment_status":"closed","ping_status":"closed","template":"","meta":{"_et_pb_use_builder":"on","_et_pb_old_content":"","_et_gb_content_width":"","footnotes":""},"class_list":["post-1855","page","type-page","status-publish","hentry"],"_links":{"self":[{"href":"https:\/\/online.rocs.eu\/et\/wp-json\/wp\/v2\/pages\/1855","targetHints":{"allow":["GET"]}}],"collection":[{"href":"https:\/\/online.rocs.eu\/et\/wp-json\/wp\/v2\/pages"}],"about":[{"href":"https:\/\/online.rocs.eu\/et\/wp-json\/wp\/v2\/types\/page"}],"author":[{"embeddable":true,"href":"https:\/\/online.rocs.eu\/et\/wp-json\/wp\/v2\/users\/2"}],"replies":[{"embeddable":true,"href":"https:\/\/online.rocs.eu\/et\/wp-json\/wp\/v2\/comments?post=1855"}],"version-history":[{"count":2,"href":"https:\/\/online.rocs.eu\/et\/wp-json\/wp\/v2\/pages\/1855\/revisions"}],"predecessor-version":[{"id":1858,"href":"https:\/\/online.rocs.eu\/et\/wp-json\/wp\/v2\/pages\/1855\/revisions\/1858"}],"up":[{"embeddable":true,"href":"https:\/\/online.rocs.eu\/et\/wp-json\/wp\/v2\/pages\/1803"}],"wp:attachment":[{"href":"https:\/\/online.rocs.eu\/et\/wp-json\/wp\/v2\/media?parent=1855"}],"curies":[{"name":"wp","href":"https:\/\/api.w.org\/{rel}","templated":true}]}}