{"id":39742,"date":"2025-11-14T11:04:23","date_gmt":"2025-11-14T09:04:23","guid":{"rendered":"https:\/\/online.rocs.eu\/?page_id=39742"},"modified":"2025-11-21T10:31:18","modified_gmt":"2025-11-21T08:31:18","slug":"lojaalsusprogramm","status":"publish","type":"page","link":"https:\/\/online.rocs.eu\/et\/lojaalsusprogramm\/","title":{"rendered":"Lojaalsusprogramm"},"content":{"rendered":"<p>[et_pb_section fb_built=&#8221;1&#8243; fullwidth=&#8221;on&#8221; disabled_on=&#8221;on|off|off&#8221; _builder_version=&#8221;4.27.4&#8243; _module_preset=&#8221;default&#8221; global_colors_info=&#8221;{}&#8221;][et_pb_fullwidth_image src=&#8221;https:\/\/online.rocs.eu\/wp-content\/uploads\/2025\/11\/top_image_1920x1080px-1.png&#8221; title_text=&#8221;top_image_1920x1080px&#8221; _builder_version=&#8221;4.27.4&#8243; _module_preset=&#8221;default&#8221; global_colors_info=&#8221;{}&#8221;][\/et_pb_fullwidth_image][\/et_pb_section][et_pb_section fb_built=&#8221;1&#8243; fullwidth=&#8221;on&#8221; disabled_on=&#8221;off|on|on&#8221; _builder_version=&#8221;4.27.4&#8243; _module_preset=&#8221;default&#8221; global_colors_info=&#8221;{}&#8221;][et_pb_fullwidth_image src=&#8221;https:\/\/online.rocs.eu\/wp-content\/uploads\/2025\/11\/top_image_460x460px.png&#8221; title_text=&#8221;top_image_460x460px&#8221; _builder_version=&#8221;4.27.4&#8243; _module_preset=&#8221;default&#8221; global_colors_info=&#8221;{}&#8221;][\/et_pb_fullwidth_image][\/et_pb_section][et_pb_section fb_built=&#8221;1&#8243; admin_label=&#8221;section&#8221; _builder_version=&#8221;4.27.4&#8243; background_image=&#8221;https:\/\/online.rocs.eu\/wp-content\/uploads\/2025\/11\/rings_1920x1080px.png&#8221; parallax=&#8221;on&#8221; parallax_method=&#8221;off&#8221; background_last_edited=&#8221;on|tablet&#8221; background_image_tablet=&#8221;https:\/\/online.rocs.eu\/wp-content\/uploads\/2025\/11\/rings_460x1000px.png&#8221; background_image_phone=&#8221;https:\/\/online.rocs.eu\/wp-content\/uploads\/2025\/11\/rings_460x1000px.png&#8221; background_enable_image_tablet=&#8221;on&#8221; background_enable_image_phone=&#8221;on&#8221; global_colors_info=&#8221;{}&#8221;][et_pb_row admin_label=&#8221;row&#8221; _builder_version=&#8221;4.16&#8243; background_size=&#8221;initial&#8221; background_position=&#8221;top_left&#8221; background_repeat=&#8221;repeat&#8221; global_colors_info=&#8221;{}&#8221;][et_pb_column type=&#8221;4_4&#8243; _builder_version=&#8221;4.16&#8243; custom_padding=&#8221;|||&#8221; global_colors_info=&#8221;{}&#8221; custom_padding__hover=&#8221;|||&#8221;][et_pb_text _builder_version=&#8221;4.27.4&#8243; _module_preset=&#8221;default&#8221; header_text_color=&#8221;#81338F&#8221; header_line_height=&#8221;1.6em&#8221; text_orientation=&#8221;center&#8221; hover_enabled=&#8221;0&#8243; global_colors_info=&#8221;{}&#8221; sticky_enabled=&#8221;0&#8243;]<\/p>\n<h1>Tere tulemast lojaalsusprogrammi, meie hinnatud klient!<\/h1>\n<p>T\u00e4name, et valisite R.O.C.S. tooted, ja loodame, et j\u00e4\u00e4te meie lojaalseks kliendiks veel paljudeks aastateks.<\/p>\n<p>Kui liitute, saate nautida allahindlusi meie suurep\u00e4rastele toodetele.[\/et_pb_text][\/et_pb_column][\/et_pb_row][et_pb_row _builder_version=&#8221;4.27.4&#8243; _module_preset=&#8221;default&#8221; custom_padding=&#8221;||0px||false|false&#8221; global_colors_info=&#8221;{}&#8221;][et_pb_column type=&#8221;4_4&#8243; _builder_version=&#8221;4.27.4&#8243; _module_preset=&#8221;default&#8221; global_colors_info=&#8221;{}&#8221;][et_pb_text _builder_version=&#8221;4.27.4&#8243; _module_preset=&#8221;default&#8221; header_3_text_color=&#8221;#81338F&#8221; header_3_font_size=&#8221;40px&#8221; header_3_line_height=&#8221;1.5em&#8221; text_orientation=&#8221;center&#8221; hover_enabled=&#8221;0&#8243; global_colors_info=&#8221;{}&#8221; sticky_enabled=&#8221;0&#8243;]<\/p>\n<h3>LIHTSAD SAMMUD LIITUMISEKS:<\/h3>\n<p>[\/et_pb_text][\/et_pb_column][\/et_pb_row][et_pb_row column_structure=&#8221;1_2,1_2&#8243; _builder_version=&#8221;4.27.4&#8243; _module_preset=&#8221;default&#8221; width=&#8221;50%&#8221; width_tablet=&#8221;40%&#8221; width_phone=&#8221;80%&#8221; width_last_edited=&#8221;on|phone&#8221; global_colors_info=&#8221;{}&#8221;][et_pb_column type=&#8221;1_2&#8243; _builder_version=&#8221;4.27.4&#8243; _module_preset=&#8221;default&#8221; global_colors_info=&#8221;{}&#8221;][et_pb_blurb image=&#8221;https:\/\/online.rocs.eu\/wp-content\/uploads\/2025\/11\/arrow.png&#8221; icon_placement=&#8221;left&#8221; image_icon_width=&#8221;50px&#8221; _builder_version=&#8221;4.27.4&#8243; _module_preset=&#8221;default&#8221; animation=&#8221;off&#8221; hover_enabled=&#8221;0&#8243; global_colors_info=&#8221;{}&#8221; sticky_enabled=&#8221;0&#8243;]Registreerige oma konto:<br \/>\n<a href=\"https:\/\/online.rocs.eu\/et\">https:\/\/online.rocs.eu\/<\/a>[\/et_pb_blurb][\/et_pb_column][et_pb_column type=&#8221;1_2&#8243; _builder_version=&#8221;4.27.4&#8243; _module_preset=&#8221;default&#8221; global_colors_info=&#8221;{}&#8221;][et_pb_blurb image=&#8221;https:\/\/online.rocs.eu\/wp-content\/uploads\/2025\/11\/arrow.png&#8221; icon_placement=&#8221;left&#8221; image_icon_width=&#8221;50px&#8221; _builder_version=&#8221;4.27.4&#8243; _module_preset=&#8221;default&#8221; animation=&#8221;off&#8221; hover_enabled=&#8221;0&#8243; global_colors_info=&#8221;{}&#8221; sticky_enabled=&#8221;0&#8243;]Valige R.O.C.S. tooted ja<br \/>\nesitage oma esimene tellimus.[\/et_pb_blurb][\/et_pb_column][\/et_pb_row][et_pb_row _builder_version=&#8221;4.27.4&#8243; _module_preset=&#8221;default&#8221; custom_padding=&#8221;||0px||false|false&#8221; global_colors_info=&#8221;{}&#8221;][et_pb_column type=&#8221;4_4&#8243; _builder_version=&#8221;4.27.4&#8243; _module_preset=&#8221;default&#8221; global_colors_info=&#8221;{}&#8221;][et_pb_text _builder_version=&#8221;4.27.4&#8243; _module_preset=&#8221;default&#8221; header_3_text_color=&#8221;#81338F&#8221; header_3_font_size=&#8221;40px&#8221; header_3_line_height=&#8221;1.5em&#8221; text_orientation=&#8221;center&#8221; hover_enabled=&#8221;0&#8243; global_colors_info=&#8221;{}&#8221; sticky_enabled=&#8221;0&#8243;]<\/p>\n<h3>KUIDAS SAADA OMA EELISED:<\/h3>\n<p>[\/et_pb_text][\/et_pb_column][\/et_pb_row][et_pb_row column_structure=&#8221;1_4,1_4,1_4,1_4&#8243; _builder_version=&#8221;4.27.4&#8243; _module_preset=&#8221;default&#8221; global_colors_info=&#8221;{}&#8221;][et_pb_column type=&#8221;1_4&#8243; _builder_version=&#8221;4.27.4&#8243; _module_preset=&#8221;default&#8221; global_colors_info=&#8221;{}&#8221;][et_pb_blurb image=&#8221;https:\/\/online.rocs.eu\/wp-content\/uploads\/2025\/11\/icon_1.png&#8221; image_icon_width=&#8221;70%&#8221; _builder_version=&#8221;4.27.4&#8243; _module_preset=&#8221;default&#8221; text_orientation=&#8221;center&#8221; animation=&#8221;off&#8221; hover_enabled=&#8221;0&#8243; global_colors_info=&#8221;{}&#8221; sticky_enabled=&#8221;0&#8243;]Logige sisse<br \/>\noma kontole:<br \/>\n<a href=\"https:\/\/online.rocs.eu\/et\">https:\/\/online.rocs.eu\/<\/a>[\/et_pb_blurb][\/et_pb_column][et_pb_column type=&#8221;1_4&#8243; _builder_version=&#8221;4.27.4&#8243; _module_preset=&#8221;default&#8221; global_colors_info=&#8221;{}&#8221;][et_pb_blurb image=&#8221;https:\/\/online.rocs.eu\/wp-content\/uploads\/2025\/11\/icon_2.png&#8221; image_icon_width=&#8221;70%&#8221; _builder_version=&#8221;4.27.4&#8243; _module_preset=&#8221;default&#8221; text_orientation=&#8221;center&#8221; animation=&#8221;off&#8221; hover_enabled=&#8221;0&#8243; global_colors_info=&#8221;{}&#8221; sticky_enabled=&#8221;0&#8243;]Veenduge, et see on<br \/>\nteie teine tellimus<br \/>\nviimase 6 kuu jooksul[\/et_pb_blurb][\/et_pb_column][et_pb_column type=&#8221;1_4&#8243; _builder_version=&#8221;4.27.4&#8243; _module_preset=&#8221;default&#8221; global_colors_info=&#8221;{}&#8221;][et_pb_blurb image=&#8221;https:\/\/online.rocs.eu\/wp-content\/uploads\/2025\/11\/icon_3.png&#8221; image_icon_width=&#8221;70%&#8221; _builder_version=&#8221;4.27.4&#8243; _module_preset=&#8221;default&#8221; text_orientation=&#8221;center&#8221; animation=&#8221;off&#8221; hover_enabled=&#8221;0&#8243; global_colors_info=&#8221;{}&#8221; sticky_enabled=&#8221;0&#8243;] Looge tellimus<br \/>\nja saate<br \/>\n10% soodustust[\/et_pb_blurb][\/et_pb_column][et_pb_column type=&#8221;1_4&#8243; _builder_version=&#8221;4.27.4&#8243; _module_preset=&#8221;default&#8221; global_colors_info=&#8221;{}&#8221;][et_pb_blurb image=&#8221;https:\/\/online.rocs.eu\/wp-content\/uploads\/2025\/11\/icon_4.png&#8221; image_icon_width=&#8221;70%&#8221; _builder_version=&#8221;4.27.4&#8243; _module_preset=&#8221;default&#8221; text_orientation=&#8221;center&#8221; animation=&#8221;off&#8221; hover_enabled=&#8221;0&#8243; global_colors_info=&#8221;{}&#8221; sticky_enabled=&#8221;0&#8243;] Allahindlusi<br \/>\n(lojaalsus- ja kampaaniaallahindlusi)<br \/>\nsaab kombineerida[\/et_pb_blurb][\/et_pb_column][\/et_pb_row][et_pb_row _builder_version=&#8221;4.27.4&#8243; _module_preset=&#8221;default&#8221; global_colors_info=&#8221;{}&#8221;][et_pb_column type=&#8221;4_4&#8243; _builder_version=&#8221;4.27.4&#8243; _module_preset=&#8221;default&#8221; global_colors_info=&#8221;{}&#8221;][et_pb_text _builder_version=&#8221;4.27.4&#8243; _module_preset=&#8221;default&#8221; header_3_text_color=&#8221;#81338F&#8221; header_3_font_size=&#8221;40px&#8221; header_3_line_height=&#8221;1.5em&#8221; text_orientation=&#8221;center&#8221; hover_enabled=&#8221;0&#8243; global_colors_info=&#8221;{}&#8221; sticky_enabled=&#8221;0&#8243;]<\/p>\n<h3>PIIRANGUD:<\/h3>\n<p><span style=\"color: #81338f;\">!<\/span> Teie lojaalsuse eelis kehtib, kui teete v\u00e4hemalt \u00fche tellimuse kuue kuu jooksul.<br \/>\nKui mitte, aktiveeritakse lojaalsusallahindlus uuesti alates teisest tellimusest.<\/p>\n<p><span style=\"color: #81338f;\">!<\/span> Allahindlusi (lojaalsus- ja kampaaniaallahindlusi) rakendatakse \u00fcksikult, neid ei liideta.[\/et_pb_text][\/et_pb_column][\/et_pb_row][\/et_pb_section]<\/p>\n","protected":false},"excerpt":{"rendered":"<p>Tere tulemast lojaalsusprogrammi, meie hinnatud klient! T\u00e4name, et valisite R.O.C.S. tooted, ja loodame, et j\u00e4\u00e4te meie lojaalseks kliendiks veel paljudeks aastateks. Kui liitute, saate nautida allahindlusi meie suurep\u00e4rastele toodetele.LIHTSAD SAMMUD LIITUMISEKS:Registreerige oma konto: https:\/\/online.rocs.eu\/Valige R.O.C.S. tooted ja esitage oma esimene tellimus.KUIDAS SAADA OMA EELISED:Logige sisse oma kontole: https:\/\/online.rocs.eu\/Veenduge, et see on teie teine tellimus viimase [&hellip;]<\/p>\n","protected":false},"author":2,"featured_media":0,"parent":0,"menu_order":0,"comment_status":"closed","ping_status":"closed","template":"","meta":{"_et_pb_use_builder":"on","_et_pb_old_content":"[et_pb_section fb_built=\"1\" fullwidth=\"on\" disabled_on=\"on|off|off\" _builder_version=\"4.27.4\" _module_preset=\"default\" global_colors_info=\"{}\"][et_pb_fullwidth_image src=\"https:\/\/online.rocs.eu\/wp-content\/uploads\/2025\/11\/top_image_1920x1080px-1.png\" title_text=\"top_image_1920x1080px\" _builder_version=\"4.27.4\" _module_preset=\"default\" global_colors_info=\"{}\"][\/et_pb_fullwidth_image][\/et_pb_section][et_pb_section fb_built=\"1\" fullwidth=\"on\" disabled_on=\"off|on|on\" _builder_version=\"4.27.4\" _module_preset=\"default\" global_colors_info=\"{}\"][et_pb_fullwidth_image src=\"https:\/\/online.rocs.eu\/wp-content\/uploads\/2025\/11\/top_image_460x460px.png\" title_text=\"top_image_460x460px\" _builder_version=\"4.27.4\" _module_preset=\"default\" global_colors_info=\"{}\"][\/et_pb_fullwidth_image][\/et_pb_section][et_pb_section fb_built=\"1\" admin_label=\"section\" _builder_version=\"4.27.4\" background_image=\"https:\/\/online.rocs.eu\/wp-content\/uploads\/2025\/11\/rings_1920x1080px.png\" parallax=\"on\" parallax_method=\"off\" background_last_edited=\"on|tablet\" background_image_tablet=\"https:\/\/online.rocs.eu\/wp-content\/uploads\/2025\/11\/rings_460x1000px.png\" background_image_phone=\"https:\/\/online.rocs.eu\/wp-content\/uploads\/2025\/11\/rings_460x1000px.png\" background_enable_image_tablet=\"on\" background_enable_image_phone=\"on\" global_colors_info=\"{}\"][et_pb_row admin_label=\"row\" _builder_version=\"4.16\" background_size=\"initial\" background_position=\"top_left\" background_repeat=\"repeat\" global_colors_info=\"{}\"][et_pb_column type=\"4_4\" _builder_version=\"4.16\" custom_padding=\"|||\" global_colors_info=\"{}\" custom_padding__hover=\"|||\"][et_pb_text _builder_version=\"4.27.4\" _module_preset=\"default\" header_text_color=\"#81338F\" header_line_height=\"1.6em\" text_orientation=\"center\" hover_enabled=\"0\" global_colors_info=\"{}\" sticky_enabled=\"0\"]<h1>\u0414\u043e\u0431\u0440\u043e \u043f\u043e\u0436\u0430\u043b\u043e\u0432\u0430\u0442\u044c \u0432 \u043f\u0440\u043e\u0433\u0440\u0430\u043c\u043c\u0443 \u043b\u043e\u044f\u043b\u044c\u043d\u043e\u0441\u0442\u0438, \u043d\u0430\u0448 \u0443\u0432\u0430\u0436\u0430\u0435\u043c\u044b\u0439 \u043f\u043e\u043a\u0443\u043f\u0430\u0442\u0435\u043b\u044c!<\/h1>\r\n\u041c\u044b \u0446\u0435\u043d\u0438\u043c \u0412\u0430\u0448 \u0432\u044b\u0431\u043e\u0440 \u043f\u0440\u043e\u0434\u0443\u043a\u0446\u0438\u0438 R.O.C.S. \u0438 \u043d\u0430\u0434\u0435\u0435\u043c\u0441\u044f, \u0447\u0442\u043e \u0432\u044b \u043e\u0441\u0442\u0430\u043d\u0435\u0442\u0435\u0441\u044c \u043d\u0430\u0448\u0438\u043c \u043f\u043e\u0441\u0442\u043e\u044f\u043d\u043d\u044b\u043c \u043a\u043b\u0438\u0435\u043d\u0442\u043e\u043c \u043d\u0430 \u0434\u043e\u043b\u0433\u0438\u0435 \u0433\u043e\u0434\u044b.\r\n\r\n\u0415\u0434\u0438\u043d\u043e\u0436\u0434\u044b \u0437\u0430\u0440\u0435\u0433\u0438\u0441\u0442\u0440\u0438\u0440\u043e\u0432\u0430\u0432\u0448\u0438\u0441\u044c, \u0432\u044b \u0441\u043c\u043e\u0436\u0435\u0442\u0435 \u043f\u043e\u043b\u0443\u0447\u0438\u0442\u044c \u0441\u043a\u0438\u0434\u043a\u0443 \u043d\u0430 \u043d\u0430\u0448\u0438 \u0437\u0430\u043c\u0435\u0447\u0430\u0442\u0435\u043b\u044c\u043d\u044b\u0435 \u043f\u0440\u043e\u0434\u0443\u043a\u0442\u044b.[\/et_pb_text][\/et_pb_column][\/et_pb_row][et_pb_row _builder_version=\"4.27.4\" _module_preset=\"default\" custom_padding=\"||0px||false|false\" global_colors_info=\"{}\"][et_pb_column type=\"4_4\" _builder_version=\"4.27.4\" _module_preset=\"default\" global_colors_info=\"{}\"][et_pb_text _builder_version=\"4.27.4\" _module_preset=\"default\" header_3_text_color=\"#81338F\" header_3_font_size=\"40px\" header_3_line_height=\"1.5em\" text_orientation=\"center\" hover_enabled=\"0\" global_colors_info=\"{}\" sticky_enabled=\"0\"]<h3>\u041f\u0420\u041e\u0421\u0422\u041e\u0419 \u041f\u0423\u0422\u042c \u0420\u0415\u0413\u0418\u0421\u0422\u0420\u0410\u0426\u0418\u0418 \u0412 \u041f\u0420\u041e\u0413\u0420\u0410\u041c\u041c\u0415 \u041b\u041e\u042f\u041b\u042c\u041d\u041e\u0421\u0422\u0418:<\/h3>[\/et_pb_text][\/et_pb_column][\/et_pb_row][et_pb_row column_structure=\"1_2,1_2\" _builder_version=\"4.27.4\" _module_preset=\"default\" width=\"50%\" width_tablet=\"40%\" width_phone=\"80%\" width_last_edited=\"on|phone\" global_colors_info=\"{}\"][et_pb_column type=\"1_2\" _builder_version=\"4.27.4\" _module_preset=\"default\" global_colors_info=\"{}\"][et_pb_blurb image=\"https:\/\/online.rocs.eu\/wp-content\/uploads\/2025\/11\/arrow.png\" icon_placement=\"left\" image_icon_width=\"50px\" _builder_version=\"4.27.4\" _module_preset=\"default\" animation=\"off\" hover_enabled=\"0\" global_colors_info=\"{}\" sticky_enabled=\"0\"]\u0417\u0430\u0440\u0435\u0433\u0438\u0441\u0442\u0440\u0438\u0440\u0443\u0439\u0442\u0435 \u0441\u0432\u043e\u044e \u0443\u0447\u0435\u0442\u043d\u0443\u044e \u0437\u0430\u043f\u0438\u0441\u044c \u043d\u0430\r\n<a href=\"https:\/\/online.rocs.eu\/ru\">https:\/\/online.rocs.eu\/<\/a>[\/et_pb_blurb][\/et_pb_column][et_pb_column type=\"1_2\" _builder_version=\"4.27.4\" _module_preset=\"default\" global_colors_info=\"{}\"][et_pb_blurb image=\"https:\/\/online.rocs.eu\/wp-content\/uploads\/2025\/11\/arrow.png\" icon_placement=\"left\" image_icon_width=\"50px\" _builder_version=\"4.27.4\" _module_preset=\"default\" animation=\"off\" hover_enabled=\"0\" global_colors_info=\"{}\" sticky_enabled=\"0\"]\u0412\u044b\u0431\u0435\u0440\u0438\u0442\u0435 \u043f\u0440\u043e\u0434\u0443\u043a\u0446\u0438\u044e R.O.C.S. \r\n\u0438 \u0441\u0434\u0435\u043b\u0430\u0439\u0442\u0435 \u0441\u0432\u043e\u0439 \u043f\u0435\u0440\u0432\u044b\u0439 \u0437\u0430\u043a\u0430\u0437.[\/et_pb_blurb][\/et_pb_column][\/et_pb_row][et_pb_row _builder_version=\"4.27.4\" _module_preset=\"default\" custom_padding=\"||0px||false|false\" global_colors_info=\"{}\"][et_pb_column type=\"4_4\" _builder_version=\"4.27.4\" _module_preset=\"default\" global_colors_info=\"{}\"][et_pb_text _builder_version=\"4.27.4\" _module_preset=\"default\" header_3_text_color=\"#81338F\" header_3_font_size=\"40px\" header_3_line_height=\"1.5em\" text_orientation=\"center\" hover_enabled=\"0\" global_colors_info=\"{}\" sticky_enabled=\"0\"]<h3>\u041f\u0420\u041e\u0421\u0422\u042b\u0415 \u0428\u0410\u0413\u0418 \u0414\u041b\u042f \u041f\u041e\u041b\u0423\u0427\u0415\u041d\u0418\u042f \u0421\u041a\u0418\u0414\u041a\u0418 \u041b\u041e\u042f\u041b\u042c\u041d\u041e\u0421\u0422\u0418:<\/h3>[\/et_pb_text][\/et_pb_column][\/et_pb_row][et_pb_row column_structure=\"1_4,1_4,1_4,1_4\" _builder_version=\"4.27.4\" _module_preset=\"default\" global_colors_info=\"{}\"][et_pb_column type=\"1_4\" _builder_version=\"4.27.4\" _module_preset=\"default\" global_colors_info=\"{}\"][et_pb_blurb image=\"https:\/\/online.rocs.eu\/wp-content\/uploads\/2025\/11\/icon_1.png\" image_icon_width=\"70%\" _builder_version=\"4.27.4\" _module_preset=\"default\" text_orientation=\"center\" animation=\"off\" hover_enabled=\"0\" global_colors_info=\"{}\" sticky_enabled=\"0\"]\u0412\u043e\u0439\u0434\u0438\u0442\u0435 \u0432 \u0441\u0432\u043e\u044e \r\n\u0443\u0447\u0435\u0442\u043d\u0443\u044e \u0437\u0430\u043f\u0438\u0441\u044c\r\n<a href=\"https:\/\/online.rocs.eu\/ru\">https:\/\/online.rocs.eu\/<\/a>[\/et_pb_blurb][\/et_pb_column][et_pb_column type=\"1_4\" _builder_version=\"4.27.4\" _module_preset=\"default\" global_colors_info=\"{}\"][et_pb_blurb image=\"https:\/\/online.rocs.eu\/wp-content\/uploads\/2025\/11\/icon_2.png\" image_icon_width=\"70%\" _builder_version=\"4.27.4\" _module_preset=\"default\" text_orientation=\"center\" animation=\"off\" hover_enabled=\"0\" global_colors_info=\"{}\" sticky_enabled=\"0\"]\u0423\u0431\u0435\u0434\u0438\u0442\u0435\u0441\u044c, \u0447\u0442\u043e \u044d\u0442\u043e \r\n\u0432\u0430\u0448 \u0432\u0442\u043e\u0440\u043e\u0439 \u0437\u0430\u043a\u0430\u0437 \r\n\u0437\u0430 \u043f\u043e\u0441\u043b\u0435\u0434\u043d\u0438\u0435 6 \u043c\u0435\u0441\u044f\u0446\u0435\u0432.[\/et_pb_blurb][\/et_pb_column][et_pb_column type=\"1_4\" _builder_version=\"4.27.4\" _module_preset=\"default\" global_colors_info=\"{}\"][et_pb_blurb image=\"https:\/\/online.rocs.eu\/wp-content\/uploads\/2025\/11\/icon_3.png\" image_icon_width=\"70%\" _builder_version=\"4.27.4\" _module_preset=\"default\" text_orientation=\"center\" animation=\"off\" hover_enabled=\"0\" global_colors_info=\"{}\" sticky_enabled=\"0\"]\u0421\u043e\u0437\u0434\u0430\u0439\u0442\u0435 \u0441\u0432\u043e\u0439 \u0437\u0430\u043a\u0430\u0437 \r\n\u0438 \u043f\u043e\u043b\u0443\u0447\u0438\u0442\u0435 \r\n\u0441\u043a\u0438\u0434\u043a\u0443 10%[\/et_pb_blurb][\/et_pb_column][et_pb_column type=\"1_4\" _builder_version=\"4.27.4\" _module_preset=\"default\" global_colors_info=\"{}\"][et_pb_blurb image=\"https:\/\/online.rocs.eu\/wp-content\/uploads\/2025\/11\/icon_4.png\" image_icon_width=\"70%\" _builder_version=\"4.27.4\" _module_preset=\"default\" text_orientation=\"center\" animation=\"off\" hover_enabled=\"0\" global_colors_info=\"{}\" sticky_enabled=\"0\"]\u0412\u043e\u0437\u043c\u043e\u0436\u043d\u043e \r\n\u043a\u043e\u043c\u0431\u0438\u043d\u0438\u0440\u043e\u0432\u0430\u043d\u0438\u0435 \u0441\u043a\u0438\u0434\u043e\u043a \r\n(\u043f\u043e \u043f\u0440\u043e\u0433\u0440\u0430\u043c\u043c\u0435 \u043b\u043e\u044f\u043b\u044c\u043d\u043e\u0441\u0442\u0438 \u0438 \u043f\u0440\u043e\u043c\u043e \u0441\u043a\u0438\u0434\u043e\u043a)[\/et_pb_blurb][\/et_pb_column][\/et_pb_row][et_pb_row _builder_version=\"4.27.4\" _module_preset=\"default\" global_colors_info=\"{}\"][et_pb_column type=\"4_4\" _builder_version=\"4.27.4\" _module_preset=\"default\" global_colors_info=\"{}\"][et_pb_text _builder_version=\"4.27.4\" _module_preset=\"default\" header_3_text_color=\"#81338F\" header_3_font_size=\"40px\" header_3_line_height=\"1.5em\" text_orientation=\"center\" hover_enabled=\"0\" global_colors_info=\"{}\" sticky_enabled=\"0\"]<h3>\u041e\u0413\u0420\u0410\u041d\u0418\u0427\u0415\u041d\u0418\u042f:<\/h3>\r\n<span style=\"color: #81338f;\">!<\/span> \u0412\u0430\u0448\u0430 \u0441\u043a\u0438\u0434\u043a\u0430 \u043b\u043e\u044f\u043b\u044c\u043d\u043e\u0441\u0442\u0438 \u0431\u0443\u0434\u0435\u0442 \u0434\u0435\u0439\u0441\u0442\u0432\u043e\u0432\u0430\u0442\u044c, \u0435\u0441\u043b\u0438 \u0432\u044b \u0441\u0434\u0435\u043b\u0430\u0435\u0442\u0435 \u0445\u043e\u0442\u044f \u0431\u044b \u043e\u0434\u0438\u043d \u0437\u0430\u043a\u0430\u0437 \u0432 \u0442\u0435\u0447\u0435\u043d\u0438\u0435 \u0448\u0435\u0441\u0442\u0438 \u043c\u0435\u0441\u044f\u0446\u0435\u0432.\r\n\u0415\u0441\u043b\u0438 \u0443\u0441\u043b\u043e\u0432\u0438\u0435 \u043d\u0435 \u0431\u0443\u0434\u0435\u0442 \u0432\u044b\u043f\u043e\u043b\u043d\u0435\u043d\u043e (\u043f\u0440\u043e\u0439\u0434\u0435\u0442 6 \u043c\u0435\u0441\u044f\u0446\u0435\u0432), \u0441\u043a\u0438\u0434\u043a\u0430 \u043b\u043e\u044f\u043b\u044c\u043d\u043e\u0441\u0442\u0438 \u0431\u0443\u0434\u0435\u0442 \u0430\u043a\u0442\u0438\u0432\u0438\u0440\u043e\u0432\u0430\u043d\u0430 \u043d\u0430\u0447\u0438\u043d\u0430\u044f \u0441 \u0432\u0430\u0448\u0435\u0433\u043e \u0432\u0442\u043e\u0440\u043e\u0433\u043e \u0437\u0430\u043a\u0430\u0437\u0430.\r\n\r\n<span style=\"color: #81338f;\">!<\/span> \u0421\u043a\u0438\u0434\u043a\u0438 (\u043f\u043e \u043f\u0440\u043e\u0433\u0440\u0430\u043c\u043c\u0435 \u043b\u043e\u044f\u043b\u044c\u043d\u043e\u0441\u0442\u0438 \u0438 \u043f\u0440\u043e\u043c\u043e\u0430\u043a\u0446\u0438\u0438) \u043f\u0440\u0438\u043c\u0435\u043d\u044f\u044e\u0442\u0441\u044f \u043f\u043e\u0441\u043b\u0435\u0434\u043e\u0432\u0430\u0442\u0435\u043b\u044c\u043d\u043e, \u043e\u0434\u043d\u0430 \u0437\u0430 \u043e\u0434\u043d\u043e\u0439 \u0438 \u043d\u0435 \u0441\u0443\u043c\u043c\u0438\u0440\u0443\u044e\u0442\u0441\u044f \u0434\u0440\u0443\u0433 \u0441 \u0434\u0440\u0443\u0433\u043e\u043c.[\/et_pb_text][\/et_pb_column][\/et_pb_row][\/et_pb_section]","_et_gb_content_width":"","footnotes":""},"class_list":["post-39742","page","type-page","status-publish","hentry"],"_links":{"self":[{"href":"https:\/\/online.rocs.eu\/et\/wp-json\/wp\/v2\/pages\/39742","targetHints":{"allow":["GET"]}}],"collection":[{"href":"https:\/\/online.rocs.eu\/et\/wp-json\/wp\/v2\/pages"}],"about":[{"href":"https:\/\/online.rocs.eu\/et\/wp-json\/wp\/v2\/types\/page"}],"author":[{"embeddable":true,"href":"https:\/\/online.rocs.eu\/et\/wp-json\/wp\/v2\/users\/2"}],"replies":[{"embeddable":true,"href":"https:\/\/online.rocs.eu\/et\/wp-json\/wp\/v2\/comments?post=39742"}],"version-history":[{"count":2,"href":"https:\/\/online.rocs.eu\/et\/wp-json\/wp\/v2\/pages\/39742\/revisions"}],"predecessor-version":[{"id":39745,"href":"https:\/\/online.rocs.eu\/et\/wp-json\/wp\/v2\/pages\/39742\/revisions\/39745"}],"wp:attachment":[{"href":"https:\/\/online.rocs.eu\/et\/wp-json\/wp\/v2\/media?parent=39742"}],"curies":[{"name":"wp","href":"https:\/\/api.w.org\/{rel}","templated":true}]}}