{"id":53,"date":"2022-03-02T07:46:29","date_gmt":"2022-03-02T07:46:29","guid":{"rendered":"https:\/\/online.rocs.eu\/?page_id=53"},"modified":"2022-11-03T10:39:34","modified_gmt":"2022-11-03T07:39:34","slug":"konfidentsiaalsus-ja-isikuandmete-kaitse-poliitika","status":"publish","type":"page","link":"https:\/\/online.rocs.eu\/et\/konfidentsiaalsus-ja-isikuandmete-kaitse-poliitika\/","title":{"rendered":"Konfidentsiaalsus- ja isikuandmete kaitse poliitika"},"content":{"rendered":"<p>[et_pb_section fb_built=&#8221;1&#8243; _builder_version=&#8221;4.15&#8243; global_colors_info=&#8221;{}&#8221;][et_pb_row _builder_version=&#8221;4.15&#8243; background_size=&#8221;initial&#8221; background_position=&#8221;top_left&#8221; background_repeat=&#8221;repeat&#8221; global_colors_info=&#8221;{}&#8221;][et_pb_column type=&#8221;4_4&#8243; _builder_version=&#8221;4.15&#8243; custom_padding=&#8221;|||&#8221; global_colors_info=&#8221;{}&#8221; custom_padding__hover=&#8221;|||&#8221;][et_pb_text _builder_version=&#8221;4.15.1&#8243; background_size=&#8221;initial&#8221; background_position=&#8221;top_left&#8221; background_repeat=&#8221;repeat&#8221; hover_enabled=&#8221;0&#8243; global_colors_info=&#8221;{}&#8221; sticky_enabled=&#8221;0&#8243;]<\/p>\n<h1>Konfidentsiaalsus- ja isikuandmete kaitse poliitika<\/h1>\n<p>Konfidentsiaalsus- ja isikuandmete kaitse poliitika (edaspidi: konfidentsiaalsuspoliitika) selgitab, milliseid andmeid kogutakse veebisaidil online.rocs.eu (edaspidi: veebisait) ja millistel eesm\u00e4rkidel. Veebisaidi kasutajaks registreerudes kinnitate, et olete konfidentsiaalsuspoliitikaga tutvunud, m\u00f5istate selle tingimusi ja n\u00f5ustute allpool s\u00e4testatuga.<\/p>\n<p>1. Veebisaidil teenuseid pakkudes, lepingu s\u00f5lmimise korral ja muudel juhtudel v\u00f5ib administraator koguda ja kasutada j\u00e4rgmisi isikuandmeid:<br \/>* teavet, mille kasutaja ise esitab veebisaidil registreerudes ja\/v\u00f5i tooteid ostes (n\u00e4iteks tema nimi, kontaktandmed, kasutajanimi, salas\u00f5na);<br \/>* teavet kasutaja arvuti ning k\u00f5nealuse veebisaidi k\u00fclastuste ja kasutamise kohta ning erinevate funktsioonide ja teenuste kasutamise kohta, sealhulgas IP-aadress ning veebisaidiga \u00fchenduse loomise kellaaeg ja kuup\u00e4ev;<br \/>* igasugust muud teavet, mida kasutaja esitab mistahes ajal veebisaidi ja pakutavate teenuste kasutamise k\u00e4igus.<\/p>\n<p>2. Veebisaidi kasutamisel kogutakse k\u00fcpsisefailide abil andmeid kasutaja k\u00e4itumise ja toimingute kohta. K\u00fcpsisefail kujutab endast v\u00e4ikest andmefragmenti, mille veebisait saadab brauserisse ja mida s\u00e4ilitatakse kasutaja arvutis. K\u00fcpsisefailide abil s\u00e4ilitatakse teavet kasutaja k\u00e4itumise ja toimingute kohta veebisaidi kasutamisel (nt ostude ajalugu veebipoes, kasutaja autentimine, isiklike eelistuste ja seadete salvestamine, kasutaja juurdep\u00e4\u00e4suseansi oleku j\u00e4lgimine, kasutajate statistika s\u00e4ilitamine).<\/p>\n<p>3. Kasutaja n\u00f5ustub k\u00fcpsisefailide paigaldamisega, andes oma n\u00f5usoleku veebisaidil.<\/p>\n<p>4. Kasutaja isikuandmeid kasutatakse eranditult k\u00e4esolevas konfidentsiaalsuspoliitikas viidatud eesm\u00e4rkidel. Administraator t\u00f6\u00f6tleb kasutaja isikuandmeid j\u00e4rgmistel eesm\u00e4rkidel:<br \/>* kasutajaga lepingu s\u00f5lmimiseks ja lepingu t\u00e4itmise tagamiseks, sealhulgas kasutajaga lepingu ja teenuste osas \u00fchenduse v\u00f5tmiseks;<br \/>* arvete koostamiseks ja saatmiseks;<br \/>* kasutajale abi osutamiseks ja kasutaja konsulteerimiseks, kui kasutaja on esitanud asjakohase taotluse;<br \/>* veebisaidi k\u00fclastatavuse ja kasutamise statistika anal\u00fc\u00fcsimiseks, mis on vajalik veebisaidi toimimise parandamiseks selliselt, et teenus vastaks maksimaalselt kasutajate ootustele, sealhulgas pakutavate toodete maksumuse kindlaksm\u00e4\u00e4ramiseks, uute teenuste kavandamiseks ja veebisaidi turvalisuse parandamiseks;<br \/>* teenuste kvaliteedi ja k\u00e4ttesaadavuse tagamiseks ning pakutavate teenuste laiendamiseks, t\u00e4iustamiseks ja muul viisil arendamiseks.<\/p>\n<p>5. Administraator edastab kasutaja isikuandmed kolmandatele isikutele j\u00e4rgmistel juhtudel:<br \/>* kolmandate isikute kaupade ja teenuste m\u00fc\u00fcgi vahendamisel veebisaidi kaudu edastatakse kasutaja nimi ja kontaktid vastavale m\u00fc\u00fcjale;<br \/>* andmed edastatakse teistele isikutele, keda veebisaidi administraatoril on \u00f5igus palgata oma \u00e4ran\u00e4gemise j\u00e4rgi t\u00f5husamaks teenuste pakkumiseks ning veebisaidi funktsioonide toimimise tagamiseks;<br \/>* muudel seaduses s\u00e4testatud juhtudel.<\/p>\n<p>6. Kasutaja v\u00f5ib esitada administraatorile kirjaliku taotluse (posti v\u00f5i e-posti teel), et saada teavet selle kohta, millistest allikatest ja milliseid kasutaja isikuandmeid kogutakse, millisel eesm\u00e4rgil neid t\u00f6\u00f6deldakse ja millistele saajatele andmeid edastatakse. Administraator vastab sellistele taotlustele seaduses m\u00e4\u00e4ratud viisil ja t\u00e4htaegadel. Kasutaja n\u00f5udmise korral esitatakse andmed kirjalikult eelmainitud aadressile v\u00f5i e-posti aadressile. Kui administraatoril tekib p\u00e4rast taotluse saamist kahtlusi taotleja tuvastamise osas, on tal \u00f5igus n\u00f5uda taotlejalt isikut t\u00f5endava dokumendi v\u00f5i selle koopia esitamist.<\/p>\n<p>7. Kasutajal on \u00f5igus esitada administraatorile kirjalik taotlus (posti v\u00f5i e-posti teel) ning n\u00f5uda enda eba\u00f5igete, puudulike ja ebat\u00e4psete isikuandmete parandamist v\u00f5i n\u00f5uda isikuandmete t\u00f6\u00f6tlemise peatamist, v\u00e4lja arvatud andmete s\u00e4ilitamine, juhul kui andmeid t\u00f6\u00f6deldakse seadusi ja k\u00e4esoleva konfidentsiaalsuspoliitika tingimusi j\u00e4rgimata. Kasutaja konkreetsele kirjalikule taotlusele vastavalt saab kogu isikliku teabe eemaldada. Kui administraatoril tekib p\u00e4rast taotluse saamist kahtlusi taotleja tuvastamise osas, on tal \u00f5igus n\u00f5uda taotlejalt isikut t\u00f5endava dokumendi v\u00f5i selle koopia esitamist.<\/p>\n<p>8. Kasutaja isikuandmeid t\u00f6\u00f6deldakse vastavalt Eesti Vabariigi isikuandmete kaitse seadusele ja teiste \u00f5igusaktide n\u00f5uetele. Administraator v\u00f5tab isikuandmete kaitse tagamiseks kasutusele vajalikud organisatsioonilised ja tehnilised meetmed. Samas on andmete edastamine internetis olemuslikult ebaturvaline ja administraator ei saa tagada andmete ohutut edastamist internetis.<\/p>\n<p>9. Kasutaja (andmesubjekt) isikuandmete vastutav t\u00f6\u00f6tleja on administraator Unicosmetic O\u00dc, (registreeritud ja tegutseb Eesti Vabariigis registrikoodig , asukoht A. H. Tammsaare tee 4711316 Tallinn, e-posti aadress store@rocs.eu).<\/p>\n<p>10. Isikuandmete kustutamine<br \/>Isikuandmete kustutamiseks v\u00f5ite saata sooviavalduse e-posti aadressile store@rocs.eu . Palun lisage oma e-kirjale oma ees- ja perekonnanimi. Taotlust k\u00e4sitletakse 30 p\u00e4eva jooksul. P\u00e4rast isikuandmete kustutamist saate oma e-posti aadressile teate, millelt p\u00e4ring tehti.<\/p>\n<p>[\/et_pb_text][\/et_pb_column][\/et_pb_row][\/et_pb_section]<\/p>\n","protected":false},"excerpt":{"rendered":"<p>Konfidentsiaalsus- ja isikuandmete kaitse poliitika Konfidentsiaalsus- ja isikuandmete kaitse poliitika (edaspidi: konfidentsiaalsuspoliitika) selgitab, milliseid andmeid kogutakse veebisaidil online.rocs.eu (edaspidi: veebisait) ja millistel eesm\u00e4rkidel. Veebisaidi kasutajaks registreerudes kinnitate, et olete konfidentsiaalsuspoliitikaga tutvunud, m\u00f5istate selle tingimusi ja n\u00f5ustute allpool s\u00e4testatuga. 1. Veebisaidil teenuseid pakkudes, lepingu s\u00f5lmimise korral ja muudel juhtudel v\u00f5ib administraator koguda ja kasutada j\u00e4rgmisi isikuandmeid:* [&hellip;]<\/p>\n","protected":false},"author":2,"featured_media":0,"parent":0,"menu_order":0,"comment_status":"closed","ping_status":"closed","template":"","meta":{"_et_pb_use_builder":"on","_et_pb_old_content":"Konfidentsiaalsus- ja isikuandmete kaitse poliitika (edaspidi: konfidentsiaalsuspoliitika) selgitab, milliseid andmeid kogutakse veebisaidil online.rocs.eu (edaspidi: veebisait) ja millistel eesm\u00e4rkidel. Veebisaidi kasutajaks registreerudes kinnitate, et olete konfidentsiaalsuspoliitikaga tutvunud, m\u00f5istate selle tingimusi ja n\u00f5ustute allpool s\u00e4testatuga.\r\n\r\n1. Veebisaidil teenuseid pakkudes, lepingu s\u00f5lmimise korral ja muudel juhtudel v\u00f5ib administraator koguda ja kasutada j\u00e4rgmisi isikuandmeid:\r\n* teavet, mille kasutaja ise esitab veebisaidil registreerudes ja\/v\u00f5i tooteid ostes (n\u00e4iteks tema nimi, kontaktandmed, kasutajanimi, salas\u00f5na);\r\n* teavet kasutaja arvuti ning k\u00f5nealuse veebisaidi k\u00fclastuste ja kasutamise kohta ning erinevate funktsioonide ja teenuste kasutamise kohta, sealhulgas IP-aadress ning veebisaidiga \u00fchenduse loomise kellaaeg ja kuup\u00e4ev;\r\n* igasugust muud teavet, mida kasutaja esitab mistahes ajal veebisaidi ja pakutavate teenuste kasutamise k\u00e4igus.\r\n\r\n2. Veebisaidi kasutamisel kogutakse k\u00fcpsisefailide abil andmeid kasutaja k\u00e4itumise ja toimingute kohta. K\u00fcpsisefail kujutab endast v\u00e4ikest andmefragmenti, mille veebisait saadab brauserisse ja mida s\u00e4ilitatakse kasutaja arvutis. K\u00fcpsisefailide abil s\u00e4ilitatakse teavet kasutaja k\u00e4itumise ja toimingute kohta veebisaidi kasutamisel (nt ostude ajalugu veebipoes, kasutaja autentimine, isiklike eelistuste ja seadete salvestamine, kasutaja juurdep\u00e4\u00e4suseansi oleku j\u00e4lgimine, kasutajate statistika s\u00e4ilitamine).\r\n\r\n3. Kasutaja n\u00f5ustub k\u00fcpsisefailide paigaldamisega, andes oma n\u00f5usoleku veebisaidil.\r\n\r\n4. Kasutaja isikuandmeid kasutatakse eranditult k\u00e4esolevas konfidentsiaalsuspoliitikas viidatud eesm\u00e4rkidel. Administraator t\u00f6\u00f6tleb kasutaja isikuandmeid j\u00e4rgmistel eesm\u00e4rkidel:\r\n* kasutajaga lepingu s\u00f5lmimiseks ja lepingu t\u00e4itmise tagamiseks, sealhulgas kasutajaga lepingu ja teenuste osas \u00fchenduse v\u00f5tmiseks;\r\n* arvete koostamiseks ja saatmiseks;\r\n* kasutajale abi osutamiseks ja kasutaja konsulteerimiseks, kui kasutaja on esitanud asjakohase taotluse;\r\n* veebisaidi k\u00fclastatavuse ja kasutamise statistika anal\u00fc\u00fcsimiseks, mis on vajalik veebisaidi toimimise parandamiseks selliselt, et teenus vastaks maksimaalselt kasutajate ootustele, sealhulgas pakutavate toodete maksumuse kindlaksm\u00e4\u00e4ramiseks, uute teenuste kavandamiseks ja veebisaidi turvalisuse parandamiseks;\r\n* teenuste kvaliteedi ja k\u00e4ttesaadavuse tagamiseks ning pakutavate teenuste laiendamiseks, t\u00e4iustamiseks ja muul viisil arendamiseks.\r\n\r\n5. Administraator edastab kasutaja isikuandmed kolmandatele isikutele j\u00e4rgmistel juhtudel:\r\n* kolmandate isikute kaupade ja teenuste m\u00fc\u00fcgi vahendamisel veebisaidi kaudu edastatakse kasutaja nimi ja kontaktid vastavale m\u00fc\u00fcjale;\r\n* andmed edastatakse teistele isikutele, keda veebisaidi administraatoril on \u00f5igus palgata oma \u00e4ran\u00e4gemise j\u00e4rgi t\u00f5husamaks teenuste pakkumiseks ning veebisaidi funktsioonide toimimise tagamiseks;\r\n* muudel seaduses s\u00e4testatud juhtudel.\r\n\r\n6. Kasutaja v\u00f5ib esitada administraatorile kirjaliku taotluse (posti v\u00f5i e-posti teel), et saada teavet selle kohta, millistest allikatest ja milliseid kasutaja isikuandmeid kogutakse, millisel eesm\u00e4rgil neid t\u00f6\u00f6deldakse ja millistele saajatele andmeid edastatakse. Administraator vastab sellistele taotlustele seaduses m\u00e4\u00e4ratud viisil ja t\u00e4htaegadel. Kasutaja n\u00f5udmise korral esitatakse andmed kirjalikult eelmainitud aadressile v\u00f5i e-posti aadressile. Kui administraatoril tekib p\u00e4rast taotluse saamist kahtlusi taotleja tuvastamise osas, on tal \u00f5igus n\u00f5uda taotlejalt isikut t\u00f5endava dokumendi v\u00f5i selle koopia esitamist.\r\n\r\n7. Kasutajal on \u00f5igus esitada administraatorile kirjalik taotlus (posti v\u00f5i e-posti teel) ning n\u00f5uda enda eba\u00f5igete, puudulike ja ebat\u00e4psete isikuandmete parandamist v\u00f5i n\u00f5uda isikuandmete t\u00f6\u00f6tlemise peatamist, v\u00e4lja arvatud andmete s\u00e4ilitamine, juhul kui andmeid t\u00f6\u00f6deldakse seadusi ja k\u00e4esoleva konfidentsiaalsuspoliitika tingimusi j\u00e4rgimata. Kasutaja konkreetsele kirjalikule taotlusele vastavalt saab kogu isikliku teabe eemaldada. Kui administraatoril tekib p\u00e4rast taotluse saamist kahtlusi taotleja tuvastamise osas, on tal \u00f5igus n\u00f5uda taotlejalt isikut t\u00f5endava dokumendi v\u00f5i selle koopia esitamist.\r\n\r\n8. Kasutaja isikuandmeid t\u00f6\u00f6deldakse vastavalt Eesti Vabariigi isikuandmete kaitse seadusele ja teiste \u00f5igusaktide n\u00f5uetele. Administraator v\u00f5tab isikuandmete kaitse tagamiseks kasutusele vajalikud organisatsioonilised ja tehnilised meetmed. Samas on andmete edastamine internetis olemuslikult ebaturvaline ja administraator ei saa tagada andmete ohutut edastamist internetis.\r\n\r\n9. Kasutaja (andmesubjekt) isikuandmete vastutav t\u00f6\u00f6tleja on administraator Unicosmetic O\u00dc, (registreeritud ja tegutseb Eesti Vabariigis registrikoodig , asukoht A. H. Tammsaare tee 4711316 Tallinn, e-posti aadress store@rocs.eu).","_et_gb_content_width":"","footnotes":""},"class_list":["post-53","page","type-page","status-publish","hentry"],"_links":{"self":[{"href":"https:\/\/online.rocs.eu\/et\/wp-json\/wp\/v2\/pages\/53","targetHints":{"allow":["GET"]}}],"collection":[{"href":"https:\/\/online.rocs.eu\/et\/wp-json\/wp\/v2\/pages"}],"about":[{"href":"https:\/\/online.rocs.eu\/et\/wp-json\/wp\/v2\/types\/page"}],"author":[{"embeddable":true,"href":"https:\/\/online.rocs.eu\/et\/wp-json\/wp\/v2\/users\/2"}],"replies":[{"embeddable":true,"href":"https:\/\/online.rocs.eu\/et\/wp-json\/wp\/v2\/comments?post=53"}],"version-history":[{"count":4,"href":"https:\/\/online.rocs.eu\/et\/wp-json\/wp\/v2\/pages\/53\/revisions"}],"predecessor-version":[{"id":13388,"href":"https:\/\/online.rocs.eu\/et\/wp-json\/wp\/v2\/pages\/53\/revisions\/13388"}],"wp:attachment":[{"href":"https:\/\/online.rocs.eu\/et\/wp-json\/wp\/v2\/media?parent=53"}],"curies":[{"name":"wp","href":"https:\/\/api.w.org\/{rel}","templated":true}]}}