{"id":40740,"date":"2026-02-27T16:12:58","date_gmt":"2026-02-27T14:12:58","guid":{"rendered":"https:\/\/online.rocs.eu\/catalog\/product\/toothpaste-r-o-c-s-whitening\/"},"modified":"2026-02-27T16:18:29","modified_gmt":"2026-02-27T14:18:29","slug":"toothpaste-r-o-c-s-whitening","status":"publish","type":"product","link":"https:\/\/online.rocs.eu\/et\/catalog\/product\/toothpaste-r-o-c-s-whitening\/","title":{"rendered":"Toothpaste R.O.C.S. Whitening"},"content":{"rendered":"<p>HAMBAPASTA R.O.C.S.\u00ae VALGENDAV <\/p>\n<p>EEMALDAB \u00d5RNALT PLEKID, POLEERIB EMAILI JA TAASTAB HAMMASTE LOOMULIKU VALGUSE<\/p>\n<p>AKTIIVNE BIOARVUTAV MINERAALKOMPLEKS MINERALIN\u00ae MULTI<\/p>\n<p>R\u00c4NI MIKROPARTIKLID poleerivad, heledavad ja valgendavad hambaemaili.<\/p>\n<p>KALTSIUM, MAGNEESIUM, FOSFOR JA R\u00c4NI tugevdavad hambaemaili, taastavad selle loomuliku valgesuse ja l\u00e4ike.<\/p>\n<p>KS\u00dcLITOL kaitseb kaariese eest ja taastab suu\u00f5\u00f5ne mikrofloora tasakaalu.<\/p>\n<p>Heledab ja annab emailile s\u00e4ra<br \/>\nTugevdab hambaemaili* ja kaitseb kaariese eest<br \/>\nSuurep\u00e4rane piparm\u00fcndim\u00fcndi ja kergelt v\u00fcrtsika noodi kombinatsioon annab meeldiva v\u00e4rskuse<\/p>\n<p>Aktiivse kaltsiumita<br \/>\nFluoriidita<br \/>\nTitaandioksiidivaba<br \/>\nLooduslik kaitse<\/p>\n<p>Soovitatav R.O.C.S.\u00ae hambaharjadega<\/p>\n<p>*Kliiniliselt t\u00f5estatud.<\/p>\n","protected":false},"excerpt":{"rendered":"<p>Kasutusviis.<\/p>\n<p>Toodet kasutatakse hammaste pesemiseks hommikul ja \u00f5htul p\u00e4rast s\u00f6\u00f6ki 2-3 minutit sobiva hambaharjaga. Tekkinud vaht loputatakse rohke veega maha.<\/p>\n<p>Hambapastat v\u00f5ib kasutada aastaringselt, olenemata aastaajast, sagedusega 2 korda p\u00e4evas. Hambapasta on m\u00f5eldud t\u00e4iskasvanutele ja lastele alates 3. eluaastast. See ei sisalda nanokoostisosi, mis sissehingamisel v\u00f5i naha kaudu vereringesse sattumisel suurendavad kasutaja terviseriski. Kosmeetikatoodet ja selle koostisosi ei ole katseloomadel testitud.<\/p>\n<p>Hoiatused.<\/p>\n<p>Hoida lastele k\u00e4ttesaamatus kohas etten\u00e4gematu kasutamise ohu t\u00f5ttu.<\/p>\n<p>S\u00e4ilitamistemperatuur.<\/p>\n<p>Hambapastat hoitakse kuivas ja h\u00e4sti ventileeritavas laoruumis, kaitstuna otsese p\u00e4ikesevalguse eest temperatuuril +5 \u00b0C kuni +25 \u00b0C.<\/p>\n<p>AQUA, HYDRATED SILICA, GLYCERIN, QUARTZ, XYLITOL, SODIUM LAURYL SULFATE, XANTHAN GUM, AROMA, CALCIUM GLYCEROPHOSPHATE, SODIUM GLYCEROPHOSPHATE, MAGNESIUM CHLORIDE, SODIUM SACCHARIN, SODIUM SILICATE, METHYLPARABEN, PROPYLPARABEN, MENTHOL, ANETHOLE, CARVONE, CITRUS AURANTIUM PEEL OIL, LIMONENE, PINENE<\/p>\n","protected":false},"featured_media":40728,"template":"","meta":{"_et_pb_use_builder":"","_et_pb_old_content":"","_et_gb_content_width":""},"product_brand":[],"product_cat":[75],"product_tag":[],"class_list":{"0":"post-40740","1":"product","2":"type-product","3":"status-publish","4":"has-post-thumbnail","6":"product_cat-igapaevane-hambapasta","8":"first","9":"instock","10":"taxable","11":"shipping-taxable","12":"purchasable","13":"product-type-simple"},"_links":{"self":[{"href":"https:\/\/online.rocs.eu\/et\/wp-json\/wp\/v2\/product\/40740","targetHints":{"allow":["GET"]}}],"collection":[{"href":"https:\/\/online.rocs.eu\/et\/wp-json\/wp\/v2\/product"}],"about":[{"href":"https:\/\/online.rocs.eu\/et\/wp-json\/wp\/v2\/types\/product"}],"wp:featuredmedia":[{"embeddable":true,"href":"https:\/\/online.rocs.eu\/et\/wp-json\/wp\/v2\/media\/40728"}],"wp:attachment":[{"href":"https:\/\/online.rocs.eu\/et\/wp-json\/wp\/v2\/media?parent=40740"}],"wp:term":[{"taxonomy":"product_brand","embeddable":true,"href":"https:\/\/online.rocs.eu\/et\/wp-json\/wp\/v2\/product_brand?post=40740"},{"taxonomy":"product_cat","embeddable":true,"href":"https:\/\/online.rocs.eu\/et\/wp-json\/wp\/v2\/product_cat?post=40740"},{"taxonomy":"product_tag","embeddable":true,"href":"https:\/\/online.rocs.eu\/et\/wp-json\/wp\/v2\/product_tag?post=40740"}],"curies":[{"name":"wp","href":"https:\/\/api.w.org\/{rel}","templated":true}]}}