{"id":40789,"date":"2026-02-27T16:29:01","date_gmt":"2026-02-27T14:29:01","guid":{"rendered":"https:\/\/online.rocs.eu\/catalog\/product\/toothpaste-r-o-c-s-sensitive\/"},"modified":"2026-02-27T16:35:00","modified_gmt":"2026-02-27T14:35:00","slug":"toothpaste-r-o-c-s-sensitive","status":"publish","type":"product","link":"https:\/\/online.rocs.eu\/et\/catalog\/product\/toothpaste-r-o-c-s-sensitive\/","title":{"rendered":"Toothpaste R.O.C.S. Sensitive"},"content":{"rendered":"<p>HAMBAPASTA R.O.C.S.\u00ae SENSITIVE<\/p>\n<p>LEEVENDAB HAMBATUNDLIKKUUST JA SOODUSTAB LOOMULIKU REMINERALISATSIOONI PROTSESSI<\/p>\n<p>AKTIIVNE BIOARVATAV MINERAALIKOMPLEKS MINERALIN\u00ae MULTI<\/p>\n<p>KAALIUMNITRAAT leevendab kiiresti hammaste tundlikkust, blokeerides n\u00e4rviimpulsside \u00fcleminekut.<\/p>\n<p>KALTSIUM, MAGNEESIUM, FOSFOR JA R\u00c4NI tugevdavad hambaemaili, taastavad selle loomuliku valgesuse ja l\u00e4ike.<\/p>\n<p>KS\u00dcLITOL kaitseb kaariese eest ja taastab suu\u00f5\u00f5ne mikrofloora tasakaalu.<\/p>\n<p>LEEVENDAB HAMBAID KIIRESTI<br \/>\nTUGEVDAB HAMBAEMAILI* JA KAITSEB KAARIUSE EEST<br \/>\nMEELDIV \u00d5RN M\u00dcNDIVABA MAITSE MANGO- JA BANAANINOOTIDEGA SOBIB TUNDLIKELE HAMMASTELE<\/p>\n<p>AKTIIVNE KALTISUM<br \/>\nFLUORIIDIVABA<br \/>\nTITAANDIOKSIIDIVABA<br \/>\nLOOMULIK KAITSE<\/p>\n<p>SOOVITATUD R.O.C.S.\u00ae HAMBAHARJADEGA<\/p>\n<p>*Kliiniliselt t\u00f5estatud.<\/p>\n","protected":false},"excerpt":{"rendered":"<p>Kasutusviis.<\/p>\n<p>Toodet kasutatakse hammaste pesemiseks hommikul ja \u00f5htul p\u00e4rast s\u00f6\u00f6ki 2-3 minutit sobiva hambaharjaga. Tekkinud vaht loputatakse rohke veega maha.<\/p>\n<p>Hambapastat v\u00f5ib kasutada aastaringselt, olenemata aastaajast, sagedusega 2 korda p\u00e4evas. Hambapasta on m\u00f5eldud t\u00e4iskasvanutele ja lastele alates 3. eluaastast. See ei sisalda nanokoostisosi, mis sissehingamisel v\u00f5i naha kaudu vereringesse sattumisel suurendavad kasutaja terviseriski. Kosmeetikatoodet ja selle koostisosi ei ole katseloomadel testitud.<\/p>\n<p>Hoiatused.<\/p>\n<p>Hoida lastele k\u00e4ttesaamatus kohas etten\u00e4gematu kasutamise ohu t\u00f5ttu.<\/p>\n<p>S\u00e4ilitamistemperatuur.<\/p>\n<p>Hambapastat hoitakse kuivas ja h\u00e4sti ventileeritavas laoruumis, kaitstuna otsese p\u00e4ikesevalguse eest temperatuuril +5 \u00b0C kuni +25 \u00b0C.<\/p>\n<p>AQUA, GLYCERIN, HYDRATED SILICA, POTASSIUM NITRATE, XYLITOL, COCAMIDOPROPYL BETAINE, XANTHAN GUM, AROMA, CALCIUM GLYCEROPHOSPHATE, SODIUM GLYCEROPHOSPHATE, MAGNESIUM CHLORIDE, SODIUM SACCHARIN, SODIUM SILICATE, METHYLPARABEN, PROPYLPARABEN, ANETHOLE, BENZYL BENZOATE, CARVONE, CITRUS AURANTIUM PEEL OIL, LIMONENE, MENTHOL, MENTHA VIRIDIS LEAF OIL, VANILLIN<\/p>\n","protected":false},"featured_media":40778,"template":"","meta":{"_et_pb_use_builder":"","_et_pb_old_content":"","_et_gb_content_width":""},"product_brand":[],"product_cat":[75],"product_tag":[],"class_list":{"0":"post-40789","1":"product","2":"type-product","3":"status-publish","4":"has-post-thumbnail","6":"product_cat-igapaevane-hambapasta","8":"first","9":"instock","10":"taxable","11":"shipping-taxable","12":"purchasable","13":"product-type-simple"},"_links":{"self":[{"href":"https:\/\/online.rocs.eu\/et\/wp-json\/wp\/v2\/product\/40789","targetHints":{"allow":["GET"]}}],"collection":[{"href":"https:\/\/online.rocs.eu\/et\/wp-json\/wp\/v2\/product"}],"about":[{"href":"https:\/\/online.rocs.eu\/et\/wp-json\/wp\/v2\/types\/product"}],"wp:featuredmedia":[{"embeddable":true,"href":"https:\/\/online.rocs.eu\/et\/wp-json\/wp\/v2\/media\/40778"}],"wp:attachment":[{"href":"https:\/\/online.rocs.eu\/et\/wp-json\/wp\/v2\/media?parent=40789"}],"wp:term":[{"taxonomy":"product_brand","embeddable":true,"href":"https:\/\/online.rocs.eu\/et\/wp-json\/wp\/v2\/product_brand?post=40789"},{"taxonomy":"product_cat","embeddable":true,"href":"https:\/\/online.rocs.eu\/et\/wp-json\/wp\/v2\/product_cat?post=40789"},{"taxonomy":"product_tag","embeddable":true,"href":"https:\/\/online.rocs.eu\/et\/wp-json\/wp\/v2\/product_tag?post=40789"}],"curies":[{"name":"wp","href":"https:\/\/api.w.org\/{rel}","templated":true}]}}