{"id":41062,"date":"2026-03-14T12:03:04","date_gmt":"2026-03-14T10:03:04","guid":{"rendered":"https:\/\/online.rocs.eu\/catalog\/product\/toothbrush-r-o-c-s-xl-clean-black-edition-medium\/"},"modified":"2026-03-14T12:03:04","modified_gmt":"2026-03-14T10:03:04","slug":"toothbrush-r-o-c-s-xl-clean-black-edition-medium","status":"publish","type":"product","link":"https:\/\/online.rocs.eu\/et\/catalog\/product\/toothbrush-r-o-c-s-xl-clean-black-edition-medium\/","title":{"rendered":"Toothbrush R.O.C.S.\u00ae XL Clean Black Edition Medium"},"content":{"rendered":"<p>SUURENDATUD PEAGA HAMBAHARI T\u00d5HUSAKS IGAP\u00c4EVASEKS HAMMASTE JA IGMETE HOOLDUSEKS<\/p>\n<p>R.O.C.S.\u00ae XL-CLEAN BLACK EDITION hambahari on valmistatud tekstureeritud harjastega, millel on \u00fcmarad ja ohutud otsad. Need tagavad kiire ja kvaliteetse puhastuse, kahjustamata hambaemaili v\u00f5i t\u00e4idismaterjale. Hari tagab k\u00f5rge puhastuskvaliteedi ja lihtsa juurdep\u00e4\u00e4su raskesti ligip\u00e4\u00e4setavatele suu\u00f5\u00f5ne piirkondadele, hammastevahelistele aladele ning hammaste suulae- ja keelepindadele.<\/p>\n<p>HARJA OMADUSED:<\/p>\n<p>X40% suurem harjaste arv;<\/p>\n<p>Suur puhastuspind;<\/p>\n<p>\u00d5huke klassikalise kujuga k\u00e4epide tagab mugavuse hammaste pesemisel, hoiab \u00e4ra liigse survet igemetele ja kindlustab m\u00f5nusa hoolduse. R.O.C.S. k\u00e4epide on valmistatud kvaliteetsest ja ohutust plastikust. Plastiku struktuur ja \u00fchtlus v\u00e4hendavad bakterite saastumise taset k\u00e4epideme pinnal.<\/p>\n","protected":false},"excerpt":{"rendered":"<p>KASUTAMISE M\u00d5JU:<\/p>\n<p>Klassikaline \u00fchetasandiline harjaste l\u00f5ige tagab kvaliteetse hambakatu ja pinnaplekkide eemaldamise hambaemaililt.<\/p>\n<p>Kolmekordselt poleeritud harjaste otste tehnoloogia tagab \u00f5rna hoolduse igemetele.<\/p>\n<p>Suur pea tagab hambakatu ja pinnaplekkide kiire ja kvaliteetse eemaldamise.<\/p>\n<p>Hammaste sisemiste ja m\u00e4lumispindade ning suulae- ja keelepindade k\u00f5rgekvaliteediline puhastus.<\/p>\n","protected":false},"featured_media":41032,"template":"","meta":{"_et_pb_use_builder":"","_et_pb_old_content":"","_et_gb_content_width":""},"product_brand":[],"product_cat":[79],"product_tag":[],"class_list":{"0":"post-41062","1":"product","2":"type-product","3":"status-publish","4":"has-post-thumbnail","6":"product_cat-64-et","8":"first","9":"instock","10":"taxable","11":"shipping-taxable","12":"purchasable","13":"product-type-simple"},"_links":{"self":[{"href":"https:\/\/online.rocs.eu\/et\/wp-json\/wp\/v2\/product\/41062","targetHints":{"allow":["GET"]}}],"collection":[{"href":"https:\/\/online.rocs.eu\/et\/wp-json\/wp\/v2\/product"}],"about":[{"href":"https:\/\/online.rocs.eu\/et\/wp-json\/wp\/v2\/types\/product"}],"wp:featuredmedia":[{"embeddable":true,"href":"https:\/\/online.rocs.eu\/et\/wp-json\/wp\/v2\/media\/41032"}],"wp:attachment":[{"href":"https:\/\/online.rocs.eu\/et\/wp-json\/wp\/v2\/media?parent=41062"}],"wp:term":[{"taxonomy":"product_brand","embeddable":true,"href":"https:\/\/online.rocs.eu\/et\/wp-json\/wp\/v2\/product_brand?post=41062"},{"taxonomy":"product_cat","embeddable":true,"href":"https:\/\/online.rocs.eu\/et\/wp-json\/wp\/v2\/product_cat?post=41062"},{"taxonomy":"product_tag","embeddable":true,"href":"https:\/\/online.rocs.eu\/et\/wp-json\/wp\/v2\/product_tag?post=41062"}],"curies":[{"name":"wp","href":"https:\/\/api.w.org\/{rel}","templated":true}]}}