{"id":505,"date":"2022-03-04T10:47:01","date_gmt":"2022-03-04T08:47:01","guid":{"rendered":"https:\/\/online.rocs.eu\/catalog\/product\/hambapasta-r-o-c-s-periodont\/"},"modified":"2025-10-26T22:04:32","modified_gmt":"2025-10-26T20:04:32","slug":"hambapasta-r-o-c-s-periodont","status":"publish","type":"product","link":"https:\/\/online.rocs.eu\/et\/catalog\/product\/hambapasta-r-o-c-s-periodont\/","title":{"rendered":"Hambapasta R.O.C.S.\u00ae PERIODONT"},"content":{"rendered":"<p><strong>ERITI V\u00c4HEABRASIIVNE KOOSTIS HOOLDAB \u00d5RNALT JA T\u00d5HUSALT.  EI SISALDA ANTISEPTIKUID.<\/strong><\/p>\n<p>ERIHOOLDUS IGEMETELE:<br \/>\nTopeltkoguses haavakoore ekstraktil ja kahe kuslapuu liigi ekstraktidel on periodontaalsetele kudedele tugev p\u00f5letikuvastane m\u00f5ju ning need v\u00e4hendavad igemete veritsemist. Turse alandamiseks on lisatud s\u00f6\u00f6gisoodat.<\/p>\n<p>ERIHOOLDUS TUNDLIKELE HAMMASTELE:<br \/>\n\u2022 V\u00e4hendab hammaste tundlikkust (25% kaltsiumh\u00fcdroks\u00fcapatiidi suspensioon).<br \/>\n\u2022 Tugevdab hamba struktuuri, taastab hambavaaba valge v\u00e4rvuse (kaltsiumgl\u00fctserofosfaat).<br \/>\n\u2022 Pakub kaitset kaariese eest (ks\u00fclitool ja kaltsiumgl\u00fctserofosfaat).<\/p>\n<p>Sailivusaeg: 3 aastat. <\/p>\n","protected":false},"excerpt":{"rendered":"<p>ERITI V\u00c4HEABRASIIVNE KOOSTIS HOOLDAB \u00d5RNALT JA T\u00d5HUSALT. EI SISALDA ANTISEPTIKUID. ERIHOOLDUS IGEMETELE: Topeltkoguses haavakoore ekstraktil ja kahe kuslapuu liigi ekstraktidel on periodontaalsetele kudedele tugev p\u00f5letikuvastane m\u00f5ju ning need v\u00e4hendavad igemete veritsemist. Turse alandamiseks on lisatud s\u00f6\u00f6gisoodat. ERIHOOLDUS TUNDLIKELE HAMMASTELE: \u2022 V\u00e4hendab hammaste tundlikkust (25% kaltsiumh\u00fcdroks\u00fcapatiidi suspensioon). \u2022 Tugevdab hamba struktuuri, taastab hambavaaba valge v\u00e4rvuse (kaltsiumgl\u00fctserofosfaat). [&hellip;]<\/p>\n","protected":false},"featured_media":996,"template":"","meta":{"_et_pb_use_builder":"","_et_pb_old_content":"","_et_gb_content_width":""},"product_brand":[],"product_cat":[454],"product_tag":[],"class_list":{"0":"post-505","1":"product","2":"type-product","3":"status-publish","4":"has-post-thumbnail","6":"product_cat-archive-et","8":"first","9":"outofstock","10":"taxable","11":"shipping-taxable","12":"purchasable","13":"product-type-simple"},"_links":{"self":[{"href":"https:\/\/online.rocs.eu\/et\/wp-json\/wp\/v2\/product\/505","targetHints":{"allow":["GET"]}}],"collection":[{"href":"https:\/\/online.rocs.eu\/et\/wp-json\/wp\/v2\/product"}],"about":[{"href":"https:\/\/online.rocs.eu\/et\/wp-json\/wp\/v2\/types\/product"}],"wp:featuredmedia":[{"embeddable":true,"href":"https:\/\/online.rocs.eu\/et\/wp-json\/wp\/v2\/media\/996"}],"wp:attachment":[{"href":"https:\/\/online.rocs.eu\/et\/wp-json\/wp\/v2\/media?parent=505"}],"wp:term":[{"taxonomy":"product_brand","embeddable":true,"href":"https:\/\/online.rocs.eu\/et\/wp-json\/wp\/v2\/product_brand?post=505"},{"taxonomy":"product_cat","embeddable":true,"href":"https:\/\/online.rocs.eu\/et\/wp-json\/wp\/v2\/product_cat?post=505"},{"taxonomy":"product_tag","embeddable":true,"href":"https:\/\/online.rocs.eu\/et\/wp-json\/wp\/v2\/product_tag?post=505"}],"curies":[{"name":"wp","href":"https:\/\/api.w.org\/{rel}","templated":true}]}}