{"id":661,"date":"2022-03-07T08:50:09","date_gmt":"2022-03-07T06:50:09","guid":{"rendered":"https:\/\/online.rocs.eu\/catalog\/product\/83\/"},"modified":"2025-09-28T18:04:43","modified_gmt":"2025-09-28T16:04:43","slug":"83","status":"publish","type":"product","link":"https:\/\/online.rocs.eu\/et\/catalog\/product\/83\/","title":{"rendered":"Hambapasta R.O.C.S.\u00ae KIDS Bubble Gum"},"content":{"rendered":"<p>Hambapasta R.O.C.S.\u00ae Kids (4-7 a lastele)<\/p>\n<p>T\u00f5hus koostis kaariese ennetamiseks.* Sisaldab kompleksi Amifluor\u00ae, mis: suurendab hammaste vastupidavust hapetele t\u00e4nu Olafluri toimele; p\u00e4rsib kaariest p\u00f5hjustavate bakterite kasvu t\u00e4nu suurele ks\u00fclitooli sisaldusele. Soodustab hammaste intensiivset mineraliseerumist ja t\u00e4nu v\u00e4hesele abrasiivsusele (RDA=50) ei kahjusta hambakude. Tootmiskuup\u00e4eva leiate tuubilt. <\/p>\n<p>S\u00e4ilivusaeg: 3 aastat.<\/p>\n<p><em>*Kliiniliselt t\u00f5estatud.<\/em><\/p>\n","protected":false},"excerpt":{"rendered":"<p>Hambapasta R.O.C.S.\u00ae Kids (4-7 a lastele) T\u00f5hus koostis kaariese ennetamiseks.* Sisaldab kompleksi Amifluor\u00ae, mis: suurendab hammaste vastupidavust hapetele t\u00e4nu Olafluri toimele; p\u00e4rsib kaariest p\u00f5hjustavate bakterite kasvu t\u00e4nu suurele ks\u00fclitooli sisaldusele. Soodustab hammaste intensiivset mineraliseerumist ja t\u00e4nu v\u00e4hesele abrasiivsusele (RDA=50) ei kahjusta hambakude. Tootmiskuup\u00e4eva leiate tuubilt. S\u00e4ilivusaeg: 3 aastat. *Kliiniliselt t\u00f5estatud.<\/p>\n","protected":false},"featured_media":642,"template":"","meta":{"_et_pb_use_builder":"","_et_pb_old_content":"","_et_gb_content_width":""},"product_brand":[],"product_cat":[454],"product_tag":[],"class_list":{"0":"post-661","1":"product","2":"type-product","3":"status-publish","4":"has-post-thumbnail","6":"product_cat-archive-et","8":"first","9":"outofstock","10":"taxable","11":"shipping-taxable","12":"purchasable","13":"product-type-simple"},"_links":{"self":[{"href":"https:\/\/online.rocs.eu\/et\/wp-json\/wp\/v2\/product\/661","targetHints":{"allow":["GET"]}}],"collection":[{"href":"https:\/\/online.rocs.eu\/et\/wp-json\/wp\/v2\/product"}],"about":[{"href":"https:\/\/online.rocs.eu\/et\/wp-json\/wp\/v2\/types\/product"}],"wp:featuredmedia":[{"embeddable":true,"href":"https:\/\/online.rocs.eu\/et\/wp-json\/wp\/v2\/media\/642"}],"wp:attachment":[{"href":"https:\/\/online.rocs.eu\/et\/wp-json\/wp\/v2\/media?parent=661"}],"wp:term":[{"taxonomy":"product_brand","embeddable":true,"href":"https:\/\/online.rocs.eu\/et\/wp-json\/wp\/v2\/product_brand?post=661"},{"taxonomy":"product_cat","embeddable":true,"href":"https:\/\/online.rocs.eu\/et\/wp-json\/wp\/v2\/product_cat?post=661"},{"taxonomy":"product_tag","embeddable":true,"href":"https:\/\/online.rocs.eu\/et\/wp-json\/wp\/v2\/product_tag?post=661"}],"curies":[{"name":"wp","href":"https:\/\/api.w.org\/{rel}","templated":true}]}}