{"id":39756,"date":"2025-11-14T11:04:23","date_gmt":"2025-11-14T09:04:23","guid":{"rendered":"https:\/\/online.rocs.eu\/?page_id=39756"},"modified":"2025-11-21T10:42:09","modified_gmt":"2025-11-21T08:42:09","slug":"lojalumo-programa","status":"publish","type":"page","link":"https:\/\/online.rocs.eu\/lt\/lojalumo-programa\/","title":{"rendered":"Lojalumo program\u0105"},"content":{"rendered":"<p>[et_pb_section fb_built=&#8221;1&#8243; fullwidth=&#8221;on&#8221; disabled_on=&#8221;on|off|off&#8221; _builder_version=&#8221;4.27.4&#8243; _module_preset=&#8221;default&#8221; global_colors_info=&#8221;{}&#8221;][et_pb_fullwidth_image src=&#8221;https:\/\/online.rocs.eu\/wp-content\/uploads\/2025\/11\/top_image_1920x1080px-1.png&#8221; title_text=&#8221;top_image_1920x1080px&#8221; _builder_version=&#8221;4.27.4&#8243; _module_preset=&#8221;default&#8221; global_colors_info=&#8221;{}&#8221;][\/et_pb_fullwidth_image][\/et_pb_section][et_pb_section fb_built=&#8221;1&#8243; fullwidth=&#8221;on&#8221; disabled_on=&#8221;off|on|on&#8221; _builder_version=&#8221;4.27.4&#8243; _module_preset=&#8221;default&#8221; global_colors_info=&#8221;{}&#8221;][et_pb_fullwidth_image src=&#8221;https:\/\/online.rocs.eu\/wp-content\/uploads\/2025\/11\/top_image_460x460px.png&#8221; title_text=&#8221;top_image_460x460px&#8221; _builder_version=&#8221;4.27.4&#8243; _module_preset=&#8221;default&#8221; global_colors_info=&#8221;{}&#8221;][\/et_pb_fullwidth_image][\/et_pb_section][et_pb_section fb_built=&#8221;1&#8243; admin_label=&#8221;section&#8221; _builder_version=&#8221;4.27.4&#8243; background_image=&#8221;https:\/\/online.rocs.eu\/wp-content\/uploads\/2025\/11\/rings_1920x1080px.png&#8221; parallax=&#8221;on&#8221; parallax_method=&#8221;off&#8221; background_last_edited=&#8221;on|tablet&#8221; background_image_tablet=&#8221;https:\/\/online.rocs.eu\/wp-content\/uploads\/2025\/11\/rings_460x1000px.png&#8221; background_image_phone=&#8221;https:\/\/online.rocs.eu\/wp-content\/uploads\/2025\/11\/rings_460x1000px.png&#8221; background_enable_image_tablet=&#8221;on&#8221; background_enable_image_phone=&#8221;on&#8221; global_colors_info=&#8221;{}&#8221;][et_pb_row admin_label=&#8221;row&#8221; _builder_version=&#8221;4.16&#8243; background_size=&#8221;initial&#8221; background_position=&#8221;top_left&#8221; background_repeat=&#8221;repeat&#8221; global_colors_info=&#8221;{}&#8221;][et_pb_column type=&#8221;4_4&#8243; _builder_version=&#8221;4.16&#8243; custom_padding=&#8221;|||&#8221; global_colors_info=&#8221;{}&#8221; custom_padding__hover=&#8221;|||&#8221;][et_pb_text _builder_version=&#8221;4.27.4&#8243; _module_preset=&#8221;default&#8221; header_text_color=&#8221;#81338F&#8221; header_line_height=&#8221;1.6em&#8221; text_orientation=&#8221;center&#8221; hover_enabled=&#8221;0&#8243; global_colors_info=&#8221;{}&#8221; sticky_enabled=&#8221;0&#8243;]<\/p>\n<h1>Sveiki atvyk\u0119 \u012f lojalumo program\u0105, m\u016bs\u0173 vertinamas klientai!<\/h1>\n<p>Mes d\u0117kojame, kad pasirinkote R.O.C.S. produktus, ir tikim\u0117s, kad i\u0161liksite lojalus klientas dar daugel\u012f met\u0173.<\/p>\n<p>Prisijung\u0119 prie programos gal\u0117site gauti nuolaid\u0173 m\u016bs\u0173 nuostabiems produktams.[\/et_pb_text][\/et_pb_column][\/et_pb_row][et_pb_row _builder_version=&#8221;4.27.4&#8243; _module_preset=&#8221;default&#8221; custom_padding=&#8221;||0px||false|false&#8221; global_colors_info=&#8221;{}&#8221;][et_pb_column type=&#8221;4_4&#8243; _builder_version=&#8221;4.27.4&#8243; _module_preset=&#8221;default&#8221; global_colors_info=&#8221;{}&#8221;][et_pb_text _builder_version=&#8221;4.27.4&#8243; _module_preset=&#8221;default&#8221; header_3_text_color=&#8221;#81338F&#8221; header_3_font_size=&#8221;40px&#8221; header_3_line_height=&#8221;1.5em&#8221; text_orientation=&#8221;center&#8221; hover_enabled=&#8221;0&#8243; global_colors_info=&#8221;{}&#8221; sticky_enabled=&#8221;0&#8243;]<\/p>\n<h3>PAPRASTI \u017dINGSNIAI, KAIP PRISIJUNGTI:<\/h3>\n<p>[\/et_pb_text][\/et_pb_column][\/et_pb_row][et_pb_row column_structure=&#8221;1_2,1_2&#8243; _builder_version=&#8221;4.27.4&#8243; _module_preset=&#8221;default&#8221; width=&#8221;50%&#8221; width_tablet=&#8221;40%&#8221; width_phone=&#8221;80%&#8221; width_last_edited=&#8221;on|phone&#8221; global_colors_info=&#8221;{}&#8221;][et_pb_column type=&#8221;1_2&#8243; _builder_version=&#8221;4.27.4&#8243; _module_preset=&#8221;default&#8221; global_colors_info=&#8221;{}&#8221;][et_pb_blurb image=&#8221;https:\/\/online.rocs.eu\/wp-content\/uploads\/2025\/11\/arrow.png&#8221; icon_placement=&#8221;left&#8221; image_icon_width=&#8221;50px&#8221; _builder_version=&#8221;4.27.4&#8243; _module_preset=&#8221;default&#8221; animation=&#8221;off&#8221; hover_enabled=&#8221;0&#8243; global_colors_info=&#8221;{}&#8221; sticky_enabled=&#8221;0&#8243;]U\u017esiregistruokite savo paskyr\u0105:<br \/>\n<a href=\"https:\/\/online.rocs.eu\/lt\">https:\/\/online.rocs.eu\/<\/a>[\/et_pb_blurb][\/et_pb_column][et_pb_column type=&#8221;1_2&#8243; _builder_version=&#8221;4.27.4&#8243; _module_preset=&#8221;default&#8221; global_colors_info=&#8221;{}&#8221;][et_pb_blurb image=&#8221;https:\/\/online.rocs.eu\/wp-content\/uploads\/2025\/11\/arrow.png&#8221; icon_placement=&#8221;left&#8221; image_icon_width=&#8221;50px&#8221; _builder_version=&#8221;4.27.4&#8243; _module_preset=&#8221;default&#8221; animation=&#8221;off&#8221; hover_enabled=&#8221;0&#8243; global_colors_info=&#8221;{}&#8221; sticky_enabled=&#8221;0&#8243;]Pasirinkite R.O.C.S. produktus<br \/>\nir pateikite pirm\u0105j\u012f u\u017esakym\u0105.[\/et_pb_blurb][\/et_pb_column][\/et_pb_row][et_pb_row _builder_version=&#8221;4.27.4&#8243; _module_preset=&#8221;default&#8221; custom_padding=&#8221;||0px||false|false&#8221; global_colors_info=&#8221;{}&#8221;][et_pb_column type=&#8221;4_4&#8243; _builder_version=&#8221;4.27.4&#8243; _module_preset=&#8221;default&#8221; global_colors_info=&#8221;{}&#8221;][et_pb_text _builder_version=&#8221;4.27.4&#8243; _module_preset=&#8221;default&#8221; header_3_text_color=&#8221;#81338F&#8221; header_3_font_size=&#8221;40px&#8221; header_3_line_height=&#8221;1.5em&#8221; text_orientation=&#8221;center&#8221; hover_enabled=&#8221;0&#8243; global_colors_info=&#8221;{}&#8221; sticky_enabled=&#8221;0&#8243;]<\/p>\n<h3>B\u016aDAI, KAIP GAUTI NAUD\u0104:<\/h3>\n<p>[\/et_pb_text][\/et_pb_column][\/et_pb_row][et_pb_row column_structure=&#8221;1_4,1_4,1_4,1_4&#8243; _builder_version=&#8221;4.27.4&#8243; _module_preset=&#8221;default&#8221; global_colors_info=&#8221;{}&#8221;][et_pb_column type=&#8221;1_4&#8243; _builder_version=&#8221;4.27.4&#8243; _module_preset=&#8221;default&#8221; global_colors_info=&#8221;{}&#8221;][et_pb_blurb image=&#8221;https:\/\/online.rocs.eu\/wp-content\/uploads\/2025\/11\/icon_1.png&#8221; image_icon_width=&#8221;70%&#8221; _builder_version=&#8221;4.27.4&#8243; _module_preset=&#8221;default&#8221; text_orientation=&#8221;center&#8221; animation=&#8221;off&#8221; hover_enabled=&#8221;0&#8243; global_colors_info=&#8221;{}&#8221; sticky_enabled=&#8221;0&#8243;]Prisijunkite prie<br \/>\nsavo paskyros:<br \/>\n<a href=\"https:\/\/online.rocs.eu\/lt\">https:\/\/online.rocs.eu\/<\/a>[\/et_pb_blurb][\/et_pb_column][et_pb_column type=&#8221;1_4&#8243; _builder_version=&#8221;4.27.4&#8243; _module_preset=&#8221;default&#8221; global_colors_info=&#8221;{}&#8221;][et_pb_blurb image=&#8221;https:\/\/online.rocs.eu\/wp-content\/uploads\/2025\/11\/icon_2.png&#8221; image_icon_width=&#8221;70%&#8221; _builder_version=&#8221;4.27.4&#8243; _module_preset=&#8221;default&#8221; text_orientation=&#8221;center&#8221; animation=&#8221;off&#8221; hover_enabled=&#8221;0&#8243; global_colors_info=&#8221;{}&#8221; sticky_enabled=&#8221;0&#8243;]\u012esitikinkite, kad tai yra j\u016bs\u0173<br \/>\nantras u\u017esakymas per<br \/>\npaskutinius 6 m\u0117nesius[\/et_pb_blurb][\/et_pb_column][et_pb_column type=&#8221;1_4&#8243; _builder_version=&#8221;4.27.4&#8243; _module_preset=&#8221;default&#8221; global_colors_info=&#8221;{}&#8221;][et_pb_blurb image=&#8221;https:\/\/online.rocs.eu\/wp-content\/uploads\/2025\/11\/icon_3.png&#8221; image_icon_width=&#8221;70%&#8221; _builder_version=&#8221;4.27.4&#8243; _module_preset=&#8221;default&#8221; text_orientation=&#8221;center&#8221; animation=&#8221;off&#8221; hover_enabled=&#8221;0&#8243; global_colors_info=&#8221;{}&#8221; sticky_enabled=&#8221;0&#8243;]Sukurkite u\u017esakym\u0105<br \/>\nir gaukite<br \/>\n10% nuolaid\u0105[\/et_pb_blurb][\/et_pb_column][et_pb_column type=&#8221;1_4&#8243; _builder_version=&#8221;4.27.4&#8243; _module_preset=&#8221;default&#8221; global_colors_info=&#8221;{}&#8221;][et_pb_blurb image=&#8221;https:\/\/online.rocs.eu\/wp-content\/uploads\/2025\/11\/icon_4.png&#8221; image_icon_width=&#8221;70%&#8221; _builder_version=&#8221;4.27.4&#8243; _module_preset=&#8221;default&#8221; text_orientation=&#8221;center&#8221; animation=&#8221;off&#8221; hover_enabled=&#8221;0&#8243; global_colors_info=&#8221;{}&#8221; sticky_enabled=&#8221;0&#8243;]Galima derinti<br \/>\nnuolaidas<br \/>\n(lojalumo ir akcij\u0173)[\/et_pb_blurb][\/et_pb_column][\/et_pb_row][et_pb_row _builder_version=&#8221;4.27.4&#8243; _module_preset=&#8221;default&#8221; global_colors_info=&#8221;{}&#8221;][et_pb_column type=&#8221;4_4&#8243; _builder_version=&#8221;4.27.4&#8243; _module_preset=&#8221;default&#8221; global_colors_info=&#8221;{}&#8221;][et_pb_text _builder_version=&#8221;4.27.4&#8243; _module_preset=&#8221;default&#8221; header_3_text_color=&#8221;#81338F&#8221; header_3_font_size=&#8221;40px&#8221; header_3_line_height=&#8221;1.5em&#8221; text_orientation=&#8221;center&#8221; hover_enabled=&#8221;0&#8243; global_colors_info=&#8221;{}&#8221; sticky_enabled=&#8221;0&#8243;]<\/p>\n<h3>APRIBOJIMAI:<\/h3>\n<p><span style=\"color: #81338f;\">!<\/span> J\u016bs\u0173 lojalumo privilegijos galioja, jei per \u0161e\u0161i\u0173 m\u0117nesi\u0173 laikotarp\u012f pateiksite bent vien\u0105 u\u017esakym\u0105.<br \/>\nJei ne, lojalumo nuolaida bus atnaujinta nuo antrojo u\u017esakymo.<\/p>\n<p><span style=\"color: #81338f;\">!<\/span> Nuolaidos (lojalumo ir akcij\u0173) taikomos viena po kitos, nesumuojamos.[\/et_pb_text][\/et_pb_column][\/et_pb_row][\/et_pb_section]<\/p>\n","protected":false},"excerpt":{"rendered":"<p>Sveiki atvyk\u0119 \u012f lojalumo program\u0105, m\u016bs\u0173 vertinamas klientai! Mes d\u0117kojame, kad pasirinkote R.O.C.S. produktus, ir tikim\u0117s, kad i\u0161liksite lojalus klientas dar daugel\u012f met\u0173. Prisijung\u0119 prie programos gal\u0117site gauti nuolaid\u0173 m\u016bs\u0173 nuostabiems produktams.PAPRASTI \u017dINGSNIAI, KAIP PRISIJUNGTI:U\u017esiregistruokite savo paskyr\u0105: https:\/\/online.rocs.eu\/Pasirinkite R.O.C.S. produktus ir pateikite pirm\u0105j\u012f u\u017esakym\u0105.B\u016aDAI, KAIP GAUTI NAUD\u0104:Prisijunkite prie savo paskyros: https:\/\/online.rocs.eu\/\u012esitikinkite, kad tai yra j\u016bs\u0173 [&hellip;]<\/p>\n","protected":false},"author":2,"featured_media":0,"parent":0,"menu_order":0,"comment_status":"closed","ping_status":"closed","template":"","meta":{"_et_pb_use_builder":"on","_et_pb_old_content":"[et_pb_section fb_built=\"1\" fullwidth=\"on\" disabled_on=\"on|off|off\" _builder_version=\"4.27.4\" _module_preset=\"default\" global_colors_info=\"{}\"][et_pb_fullwidth_image src=\"https:\/\/online.rocs.eu\/wp-content\/uploads\/2025\/11\/top_image_1920x1080px-1.png\" title_text=\"top_image_1920x1080px\" _builder_version=\"4.27.4\" _module_preset=\"default\" global_colors_info=\"{}\"][\/et_pb_fullwidth_image][\/et_pb_section][et_pb_section fb_built=\"1\" fullwidth=\"on\" disabled_on=\"off|on|on\" _builder_version=\"4.27.4\" _module_preset=\"default\" global_colors_info=\"{}\"][et_pb_fullwidth_image src=\"https:\/\/online.rocs.eu\/wp-content\/uploads\/2025\/11\/top_image_460x460px.png\" title_text=\"top_image_460x460px\" _builder_version=\"4.27.4\" _module_preset=\"default\" global_colors_info=\"{}\"][\/et_pb_fullwidth_image][\/et_pb_section][et_pb_section fb_built=\"1\" admin_label=\"section\" _builder_version=\"4.27.4\" background_image=\"https:\/\/online.rocs.eu\/wp-content\/uploads\/2025\/11\/rings_1920x1080px.png\" parallax=\"on\" parallax_method=\"off\" background_last_edited=\"on|tablet\" background_image_tablet=\"https:\/\/online.rocs.eu\/wp-content\/uploads\/2025\/11\/rings_460x1000px.png\" background_image_phone=\"https:\/\/online.rocs.eu\/wp-content\/uploads\/2025\/11\/rings_460x1000px.png\" background_enable_image_tablet=\"on\" background_enable_image_phone=\"on\" global_colors_info=\"{}\"][et_pb_row admin_label=\"row\" _builder_version=\"4.16\" background_size=\"initial\" background_position=\"top_left\" background_repeat=\"repeat\" global_colors_info=\"{}\"][et_pb_column type=\"4_4\" _builder_version=\"4.16\" custom_padding=\"|||\" global_colors_info=\"{}\" custom_padding__hover=\"|||\"][et_pb_text _builder_version=\"4.27.4\" _module_preset=\"default\" header_text_color=\"#81338F\" header_line_height=\"1.6em\" text_orientation=\"center\" hover_enabled=\"0\" global_colors_info=\"{}\" sticky_enabled=\"0\"]<h1>Laipni l\u016bdzam lojalit\u0101tes programm\u0101, m\u016bsu v\u0113rt\u012bgais klients!<\/h1>\r\nM\u0113s nov\u0113rt\u0113jam, ka izv\u0113l\u0113j\u0101ties R.O.C.S. produktus, un ceram, ka j\u016bs paliksiet m\u016bsu loj\u0101lais klients v\u0113l daudzu gadu garum\u0101.\r\n\r\nKad esat re\u0123istr\u0113jies, j\u016bs var\u0113siet sa\u0146emt atlaides m\u016bsu fantastiskajiem produktiem.[\/et_pb_text][\/et_pb_column][\/et_pb_row][et_pb_row _builder_version=\"4.27.4\" _module_preset=\"default\" custom_padding=\"||0px||false|false\" global_colors_info=\"{}\"][et_pb_column type=\"4_4\" _builder_version=\"4.27.4\" _module_preset=\"default\" global_colors_info=\"{}\"][et_pb_text _builder_version=\"4.27.4\" _module_preset=\"default\" header_3_text_color=\"#81338F\" header_3_font_size=\"40px\" header_3_line_height=\"1.5em\" text_orientation=\"center\" hover_enabled=\"0\" global_colors_info=\"{}\" sticky_enabled=\"0\"]<h3>VIENK\u0100R\u0160I SO\u013bI, LAI PIEVIENOJOS:<\/h3>[\/et_pb_text][\/et_pb_column][\/et_pb_row][et_pb_row column_structure=\"1_2,1_2\" _builder_version=\"4.27.4\" _module_preset=\"default\" width=\"50%\" width_tablet=\"40%\" width_phone=\"80%\" width_last_edited=\"on|phone\" global_colors_info=\"{}\"][et_pb_column type=\"1_2\" _builder_version=\"4.27.4\" _module_preset=\"default\" global_colors_info=\"{}\"][et_pb_blurb image=\"https:\/\/online.rocs.eu\/wp-content\/uploads\/2025\/11\/arrow.png\" icon_placement=\"left\" image_icon_width=\"50px\" _builder_version=\"4.27.4\" _module_preset=\"default\" animation=\"off\" hover_enabled=\"0\" global_colors_info=\"{}\" sticky_enabled=\"0\"]Re\u0123istr\u0113jiet savu kontu:\r\n<a href=\"https:\/\/online.rocs.eu\/lv\">https:\/\/online.rocs.eu\/<\/a>[\/et_pb_blurb][\/et_pb_column][et_pb_column type=\"1_2\" _builder_version=\"4.27.4\" _module_preset=\"default\" global_colors_info=\"{}\"][et_pb_blurb image=\"https:\/\/online.rocs.eu\/wp-content\/uploads\/2025\/11\/arrow.png\" icon_placement=\"left\" image_icon_width=\"50px\" _builder_version=\"4.27.4\" _module_preset=\"default\" animation=\"off\" hover_enabled=\"0\" global_colors_info=\"{}\" sticky_enabled=\"0\"]Izv\u0113lieties R.O.C.S. produktus \r\nun veiciet savu pirmo pas\u016bt\u012bjumu.[\/et_pb_blurb][\/et_pb_column][\/et_pb_row][et_pb_row _builder_version=\"4.27.4\" _module_preset=\"default\" custom_padding=\"||0px||false|false\" global_colors_info=\"{}\"][et_pb_column type=\"4_4\" _builder_version=\"4.27.4\" _module_preset=\"default\" global_colors_info=\"{}\"][et_pb_text _builder_version=\"4.27.4\" _module_preset=\"default\" header_3_text_color=\"#81338F\" header_3_font_size=\"40px\" header_3_line_height=\"1.5em\" text_orientation=\"center\" hover_enabled=\"0\" global_colors_info=\"{}\" sticky_enabled=\"0\"]<h3>VEIDI, K\u0100 SA\u0145EMT J\u016aSU IEGUVUMUS:<\/h3>[\/et_pb_text][\/et_pb_column][\/et_pb_row][et_pb_row column_structure=\"1_4,1_4,1_4,1_4\" _builder_version=\"4.27.4\" _module_preset=\"default\" global_colors_info=\"{}\"][et_pb_column type=\"1_4\" _builder_version=\"4.27.4\" _module_preset=\"default\" global_colors_info=\"{}\"][et_pb_blurb image=\"https:\/\/online.rocs.eu\/wp-content\/uploads\/2025\/11\/icon_1.png\" image_icon_width=\"70%\" _builder_version=\"4.27.4\" _module_preset=\"default\" text_orientation=\"center\" animation=\"off\" hover_enabled=\"0\" global_colors_info=\"{}\" sticky_enabled=\"0\"]Piesakieties \r\nsav\u0101 kont\u0101:\r\n<a href=\"https:\/\/online.rocs.eu\/lv\">https:\/\/online.rocs.eu\/<\/a>[\/et_pb_blurb][\/et_pb_column][et_pb_column type=\"1_4\" _builder_version=\"4.27.4\" _module_preset=\"default\" global_colors_info=\"{}\"][et_pb_blurb image=\"https:\/\/online.rocs.eu\/wp-content\/uploads\/2025\/11\/icon_2.png\" image_icon_width=\"70%\" _builder_version=\"4.27.4\" _module_preset=\"default\" text_orientation=\"center\" animation=\"off\" hover_enabled=\"0\" global_colors_info=\"{}\" sticky_enabled=\"0\"]P\u0101rliecinieties, ka \u0161is ir j\u016bsu \r\notrais pas\u016bt\u012bjums p\u0113d\u0113jo \r\n6 m\u0113ne\u0161u laik\u0101[\/et_pb_blurb][\/et_pb_column][et_pb_column type=\"1_4\" _builder_version=\"4.27.4\" _module_preset=\"default\" global_colors_info=\"{}\"][et_pb_blurb image=\"https:\/\/online.rocs.eu\/wp-content\/uploads\/2025\/11\/icon_3.png\" image_icon_width=\"70%\" _builder_version=\"4.27.4\" _module_preset=\"default\" text_orientation=\"center\" animation=\"off\" hover_enabled=\"0\" global_colors_info=\"{}\" sticky_enabled=\"0\"]Izveidojiet pas\u016bt\u012bjumu \r\nun sa\u0146emiet \r\n10% atlaidi[\/et_pb_blurb][\/et_pb_column][et_pb_column type=\"1_4\" _builder_version=\"4.27.4\" _module_preset=\"default\" global_colors_info=\"{}\"][et_pb_blurb image=\"https:\/\/online.rocs.eu\/wp-content\/uploads\/2025\/11\/icon_4.png\" image_icon_width=\"70%\" _builder_version=\"4.27.4\" _module_preset=\"default\" text_orientation=\"center\" animation=\"off\" hover_enabled=\"0\" global_colors_info=\"{}\" sticky_enabled=\"0\"]Ir iesp\u0113jams \r\nkombin\u0113t atlaides \r\n(lojalit\u0101tes un promo)[\/et_pb_blurb][\/et_pb_column][\/et_pb_row][et_pb_row _builder_version=\"4.27.4\" _module_preset=\"default\" global_colors_info=\"{}\"][et_pb_column type=\"4_4\" _builder_version=\"4.27.4\" _module_preset=\"default\" global_colors_info=\"{}\"][et_pb_text _builder_version=\"4.27.4\" _module_preset=\"default\" header_3_text_color=\"#81338F\" header_3_font_size=\"40px\" header_3_line_height=\"1.5em\" text_orientation=\"center\" hover_enabled=\"0\" global_colors_info=\"{}\" sticky_enabled=\"0\"]<h3>IEROBE\u017dOJUMI:<\/h3>\r\n<span style=\"color: #81338f;\">!<\/span> J\u016bsu lojalit\u0101tes privil\u0113\u0123ijas darbojas, ja veicat vismaz vienu pas\u016bt\u012bjumu se\u0161u m\u0113ne\u0161u period\u0101.\r\nJa n\u0113, lojalit\u0101tes atlaide tiks atjaunota no j\u016bsu otr\u0101 pas\u016bt\u012bjuma.\r\n\r\n<span style=\"color: #81338f;\">!<\/span> Atlaides (lojalit\u0101tes un promo) tiek piem\u0113rotas pa vienai, t\u0101s netiek summ\u0113tas.[\/et_pb_text][\/et_pb_column][\/et_pb_row][\/et_pb_section]","_et_gb_content_width":"","footnotes":""},"class_list":["post-39756","page","type-page","status-publish","hentry"],"_links":{"self":[{"href":"https:\/\/online.rocs.eu\/lt\/wp-json\/wp\/v2\/pages\/39756","targetHints":{"allow":["GET"]}}],"collection":[{"href":"https:\/\/online.rocs.eu\/lt\/wp-json\/wp\/v2\/pages"}],"about":[{"href":"https:\/\/online.rocs.eu\/lt\/wp-json\/wp\/v2\/types\/page"}],"author":[{"embeddable":true,"href":"https:\/\/online.rocs.eu\/lt\/wp-json\/wp\/v2\/users\/2"}],"replies":[{"embeddable":true,"href":"https:\/\/online.rocs.eu\/lt\/wp-json\/wp\/v2\/comments?post=39756"}],"version-history":[{"count":2,"href":"https:\/\/online.rocs.eu\/lt\/wp-json\/wp\/v2\/pages\/39756\/revisions"}],"predecessor-version":[{"id":39759,"href":"https:\/\/online.rocs.eu\/lt\/wp-json\/wp\/v2\/pages\/39756\/revisions\/39759"}],"wp:attachment":[{"href":"https:\/\/online.rocs.eu\/lt\/wp-json\/wp\/v2\/media?parent=39756"}],"curies":[{"name":"wp","href":"https:\/\/api.w.org\/{rel}","templated":true}]}}