{"id":5369,"date":"2022-03-02T13:54:30","date_gmt":"2022-03-02T10:54:30","guid":{"rendered":"https:\/\/online.rocs.eu\/?page_id=5369"},"modified":"2022-04-29T12:00:47","modified_gmt":"2022-04-29T09:00:47","slug":"apie-imone","status":"publish","type":"page","link":"https:\/\/online.rocs.eu\/lt\/apie-imone\/","title":{"rendered":"Apie \u012fmon\u0119"},"content":{"rendered":"<p>[et_pb_section fb_built=&#8221;1&#8243; admin_label=&#8221;section&#8221; _builder_version=&#8221;4.15&#8243; global_colors_info=&#8221;{}&#8221;][et_pb_row admin_label=&#8221;row&#8221; _builder_version=&#8221;4.15&#8243; background_size=&#8221;initial&#8221; background_position=&#8221;top_left&#8221; background_repeat=&#8221;repeat&#8221; global_colors_info=&#8221;{}&#8221;][et_pb_column type=&#8221;4_4&#8243; _builder_version=&#8221;4.15&#8243; custom_padding=&#8221;|||&#8221; global_colors_info=&#8221;{}&#8221; custom_padding__hover=&#8221;|||&#8221;][et_pb_text admin_label=&#8221;Text&#8221; _builder_version=&#8221;4.15.1&#8243; _module_preset=&#8221;default&#8221; hover_enabled=&#8221;0&#8243; global_colors_info=&#8221;{}&#8221; sticky_enabled=&#8221;0&#8243;]<\/p>\n<h1>Apie \u012fmon\u0119<\/h1>\n<p>[\/et_pb_text][\/et_pb_column][\/et_pb_row][et_pb_row column_structure=&#8221;1_3,2_3&#8243; _builder_version=&#8221;4.15&#8243; _module_preset=&#8221;default&#8221; global_colors_info=&#8221;{}&#8221;][et_pb_column type=&#8221;1_3&#8243; _builder_version=&#8221;4.15&#8243; _module_preset=&#8221;default&#8221; global_colors_info=&#8221;{}&#8221;][et_pb_team_member name=&#8221;Svetlana Matelo&#8221; position=&#8221;DRC grup\u0117s vadovas&#8221; image_url=&#8221;https:\/\/online.rocs.eu\/wp-content\/uploads\/2022\/03\/e8c8304f8c74ccfbe56eededfc5c5c25.jpg&#8221; _builder_version=&#8221;4.15.1&#8243; _module_preset=&#8221;default&#8221; hover_enabled=&#8221;0&#8243; custom_css_member_image=&#8221;text-align: left;&#8221; global_colors_info=&#8221;{}&#8221; sticky_enabled=&#8221;0&#8243;][\/et_pb_team_member][\/et_pb_column][et_pb_column type=&#8221;2_3&#8243; _builder_version=&#8221;4.15&#8243; _module_preset=&#8221;default&#8221; global_colors_info=&#8221;{}&#8221;][et_pb_text _builder_version=&#8221;4.15.1&#8243; _module_preset=&#8221;default&#8221; hover_enabled=&#8221;0&#8243; global_colors_info=&#8221;{}&#8221; sticky_enabled=&#8221;0&#8243;]Jau daugiau nei 10 met\u0173 DRC grup\u0117 gamina unikalias R.O.C.S. prek\u0117s \u017eenklo dant\u0173 pastas, kurios gaminamos i\u0161 nat\u016brali\u0173 sudedam\u0173j\u0173 dali\u0173, naudojant j\u0173 pa\u010di\u0173 \u017eemos temperat\u016bros technologij\u0105. DRC grup\u0117s vadov\u0117, medicinos moksl\u0173 kandidat\u0117 Svetlana Matelo mano, kad \u012fmon\u0117s produktai turi reikiam\u0105 potencial\u0105, kad tapt\u0173 vienu i\u0161 pasaulyje pirmaujan\u010di\u0173 preki\u0173 \u017eenkl\u0173 \u2013 vartotojai i\u0161 daugiau nei 30 \u0161ali\u0173 jau dabar teikia pirmenyb\u0119 R.O.C.S. produktams, palyginti su kitais.<\/p>\n<p>DRC grup\u0117 susiformavo 2004 m. kartu su WDS tyrim\u0173 laboratorija. Buvo siekiama sukurti naujovi\u0161kus burnos prie\u017ei\u016bros produktus, kurie gal\u0117t\u0173 tur\u0117ti \u012ftakos pramonei. Produkto formul\u0117 taip pat tur\u0117jo b\u016bti \u201epatentuotina\u201c visame pasaulyje. Buvo sukurtos ir klini\u0161kai \u012frodytos unikalios technologijos ir produkt\u0173 formul\u0117s, o 2005 m. vasar\u012f pristat\u0117me R.O.C.S. prek\u0117s \u017eenklo produkt\u0173 linij\u0105. Tai buvo pirmoji burnos prie\u017ei\u016bros produkt\u0173 linija su am\u017eiaus diferenciacija ir atskira formule kiekvienai am\u017eiaus kategorijai.<br \/>\n[\/et_pb_text][\/et_pb_column][\/et_pb_row][et_pb_row _builder_version=&#8221;4.15&#8243; _module_preset=&#8221;default&#8221; global_colors_info=&#8221;{}&#8221;][et_pb_column type=&#8221;4_4&#8243; _builder_version=&#8221;4.15&#8243; _module_preset=&#8221;default&#8221; global_colors_info=&#8221;{}&#8221;][et_pb_text _builder_version=&#8221;4.15.1&#8243; _module_preset=&#8221;default&#8221; hover_enabled=&#8221;0&#8243; global_colors_info=&#8221;{}&#8221; sticky_enabled=&#8221;0&#8243;]<\/p>\n<h2>Be fluoro ir antiseptik\u0173<\/h2>\n<p>Pats prek\u0117s \u017eenklo pavadinimas R.O.C.S. (Remineralizing Oral Care Systems) tiksliai atspindi produkto koncepcij\u0105. Visos R.O.C.S. dant\u0173 pastos yra gydomosios ir profilaktin\u0117s \u2013 stiprina emal\u012f, didina dant\u0173 atsparum\u0105 \u0117duoniui, palengvina ir u\u017ekerta keli\u0105 danten\u0173 u\u017edegimams, suteikia gaiv\u0173 burnos kvap\u0105 ir gr\u0105\u017eina dantims nat\u016bral\u0173 baltum\u0105. Ilgalaik\u0117 dant\u0173 ir danten\u0173 higiena \u2013 tai R.O.C.S. produkt\u0173 skiriamasis \u017eenklas.<\/p>\n<p>Prek\u0117s \u017eenklo filosofija gali b\u016bti i\u0161reik\u0161ta trimis \u017eod\u017eiais: kokybi\u0161ka, efektyvu, saugu. Kurdama dant\u0173 pastos formules, WDS laboratorija daug d\u0117mesio skiria sudedam\u0173j\u0173 dali\u0173 kokybei, j\u0173 suderinamumui ir kiekiui, kuriuo jos b\u016bt\u0173 veiksmingiausios.<\/p>\n<p>R.O.C.S. asortimente netgi yra dant\u0173 past\u0173, pagamint\u0173 beveik visi\u0161kai i\u0161 nat\u016brali\u0173 sudedam\u0173j\u0173 dali\u0173. \u0160ios nat\u016bralios dant\u0173 pastos ne tik i\u0161laiko dantis \u0161varius, bet ir apsaugo juos, ma\u017eina j\u0173 jautrum\u0105, taip pat pagerina sergan\u010di\u0173 danten\u0173 b\u016bkl\u0119.<\/p>\n<p>R.O.C.S. dant\u0173 pastoms b\u016bdinga savyb\u0117 yra ta, kad fluorai jose naudojami itin retai. Daugumoje dant\u0173 past\u0173 sud\u0117tyje fluoro visi\u0161kai n\u0117ra, o jei jo yra, jis naudojamas pakankamai nedideliais kiekiais. Ta\u010diau R.O.C.S. dant\u0173 pastos, kuriose n\u0117ra fluoro, yra ne ma\u017eiau veiksmingos nei konkurent\u0173, kuri\u0173 sud\u0117tyje yra fluoro, tod\u0117l u\u017etikrina saugesn\u0119 profilaktik\u0105 nuo \u0117duonies.<\/p>\n<p>Kaip alternatyva fluorui, naudojamas mineral\u0173 rinkinys, kurio sud\u0117tyje yra biologi\u0161kai aktyvaus kalcio, fosfato ir magnio. R.O.C.S. dant\u0173 past\u0173 mineralizuojam\u0173j\u0173 formuli\u0173 veiksmingumas kovojant su \u0117duonimi buvo \u012frodytas dvejus metus trukusiu moksleivi\u0173 \u0117duonies prevencijos tyrimu, kuris buvo atliekamas padedant Pasaulio sveikatos organizacijai. Formul\u0117 taip pat naudojama gydant ankstyv\u0105j\u0105 vaik\u0173 \u0117duon\u012f be neigiamo \u0161alutinio poveikio rizikos bei kosmetin\u0117je odontologijoje.<\/p>\n<p>Antiadhezin\u0117s savyb\u0117s arba bromelainas ir ksilitolis yra svarbiausios R.O.C.S. Formul\u0117s veikliosios med\u017eiagos. Bromelainas, susintetintas i\u0161 ananas\u0173 stieb\u0173, skaido apna\u0161as ir neleid\u017eia susidaryti naujoms. Nat\u016brali sudedamoji dalis ksilitolis pasi\u017eymi antimikrobin\u0117mis savyb\u0117mis, kurios naudojamos kovojant su \u0117duonimi sukelian\u010diomis bakterijomis ir grybeliais. Remdamiesi klinikiniais tyrimais, mikrobiologai padar\u0117 i\u0161vad\u0105, kad R.O.C.S. dant\u0173 pastos pasi\u017eymi prebiotin\u0117mis savyb\u0117mis ir normalizuoja burnos mikrofloros sud\u0117t\u012f.<\/p>\n<h2>Ie\u0161kant nauj\u0173 formuli\u0173<\/h2>\n<p>Nauj\u0173 produkt\u0173 formul\u0117s, i\u0161bandomos intensyviuose laboratoriniuose ir klinikiniuose tyrimuose, tiek k\u016brimo stadijoje, tiek po produkto pasirodymo rinkoje. \u0160i\u0173 tyrim\u0173 rezultatai visada skelbiami specializuotuose medicinos leidiniuose, taip pat pristatomi mokslin\u0117se konferencijose Rusijoje ir u\u017esienyje, tame tarpe ir TUI Pasaulio odontolog\u0173 federacijos kongrese.<\/p>\n<p>\u0160iandien laboratorijai priklauso daugiau nei 50 formuli\u0173 patent\u0173, o jos i\u0161vados tapo daugiau nei 10 mokslini\u0173 tyrim\u0173 pagrindu.<\/p>\n<p>Norint naudoti didel\u012f kiek\u012f nat\u016brali\u0173 sudedam\u0173j\u0173 dali\u0173, taip pat reikia speciali\u0173 gamybos technik\u0173, d\u0117l kuri\u0173 pati gamyba yra sud\u0117tingesn\u0117 ir reikalauja daugiau laiko nei \u012fprastai. Siekiant i\u0161saugoti nauding\u0105sias sudedam\u0173j\u0173 dali\u0173 savybes, R.O.C.S. dant\u0173 pastos sintetinamos \u017eemoje temperat\u016broje, o tai u\u017etrunka a\u0161tuonias valandas vietoj \u012fprast\u0173 dviej\u0173.<\/p>\n<h2>Ypatingas po\u017ei\u016bris \u012f vaikus<\/h2>\n<p>KDR grup\u0117 gamina apie \u0161imt\u0105 skirting\u0173 dant\u0173 past\u0173, kuri\u0173 kiekviena skirta konkre\u010diai am\u017eiaus grupei \u2013 nuo vaik\u0173 iki pagyvenusi\u0173 \u017emoni\u0173.<\/p>\n<p>R.O.C.S. K\u016bdiki\u0173 dant\u0173 past\u0105 galima naudoti net dar nei\u0161dygus dantims, norint apsaugoti dantenas. Tokio am\u017eiaus vaikai dar nemoka i\u0161siskalauti burnos ir beveik visada nuryja vis\u0105 dant\u0173 past\u0105. B\u016btent d\u0117l \u0161ios prie\u017easties \u0161i dant\u0173 pasta gaminama naudojant nat\u016bralias sudedam\u0105sias dalis, kurias nurijus nepakenkiama, jos nesukelia alergini\u0173 reakcij\u0173 ir ma\u017eina dant\u0173 dygimo diskomfort\u0105.<\/p>\n<p>3\u20137 met\u0173 am\u017eiaus vaikams si\u016bloma R.O.C.S. \u201eKids\u201c produkt\u0173 grup\u0117, 6\u201312 met\u0173 am\u017eiaus vaikams \u2013 R.O.C.S. \u201eJunior\u201c, o 8\u201318 met\u0173 am\u017eiaus paaugliams \u2013 R.O.C.S. \u201eTeens\u201c. \u0160i\u0173 dant\u0173 past\u0173 formul\u0117s buvo sukurtos ypating\u0105 d\u0117mes\u012f skiriant tam, kaip vystosi dantys kiekviename konkre\u010diame am\u017eiaus tarpsnyje. Be dant\u0173 past\u0173, \u012fmon\u0117 taip pat gamina dant\u0173 skalavimo priemones, \u012fvairius burnos higienos reikmenis: \u0161epet\u0117lius, dant\u0173 si\u016bl\u0105, tarpdan\u010di\u0173 \u0161epet\u0117lius.<\/p>\n<h2>Pl\u0117tra \u012f u\u017esien\u012f<\/h2>\n<p>\u0160iandien R.O.C.S. burnos prie\u017ei\u016bros priemoni\u0173 galima \u012fsigyti Rusijoje, kitose NVS, Baltijos \u0161alyse, Suomijoje, Vokietijoje, Turkijoje, Japonijoje, Kipre, Lenkijoje ir Malaizijoje. I\u0161 viso DRC produktai parduodami daugiau nei 50 pasaulio \u0161ali\u0173.[\/et_pb_text][\/et_pb_column][\/et_pb_row][\/et_pb_section]<\/p>\n","protected":false},"excerpt":{"rendered":"<p>Apie \u012fmon\u0119Jau daugiau nei 10 met\u0173 DRC grup\u0117 gamina unikalias R.O.C.S. prek\u0117s \u017eenklo dant\u0173 pastas, kurios gaminamos i\u0161 nat\u016brali\u0173 sudedam\u0173j\u0173 dali\u0173, naudojant j\u0173 pa\u010di\u0173 \u017eemos temperat\u016bros technologij\u0105. DRC grup\u0117s vadov\u0117, medicinos moksl\u0173 kandidat\u0117 Svetlana Matelo mano, kad \u012fmon\u0117s produktai turi reikiam\u0105 potencial\u0105, kad tapt\u0173 vienu i\u0161 pasaulyje pirmaujan\u010di\u0173 preki\u0173 \u017eenkl\u0173 \u2013 vartotojai i\u0161 daugiau nei [&hellip;]<\/p>\n","protected":false},"author":2,"featured_media":0,"parent":0,"menu_order":0,"comment_status":"closed","ping_status":"closed","template":"","meta":{"_et_pb_use_builder":"on","_et_pb_old_content":"[et_pb_section fb_built=\"1\" admin_label=\"section\" _builder_version=\"3.22\" global_colors_info=\"{}\"][et_pb_row admin_label=\"row\" _builder_version=\"3.25\" background_size=\"initial\" background_position=\"top_left\" background_repeat=\"repeat\" global_colors_info=\"{}\"][et_pb_column type=\"4_4\" _builder_version=\"3.25\" custom_padding=\"|||\" global_colors_info=\"{}\" custom_padding__hover=\"|||\"][et_pb_text admin_label=\"Text\" _builder_version=\"4.14.8\" _module_preset=\"default\" global_colors_info=\"{}\"]<h1>About company<\/h1>[\/et_pb_text][\/et_pb_column][\/et_pb_row][et_pb_row column_structure=\"1_3,2_3\" _builder_version=\"4.14.8\" _module_preset=\"default\" global_colors_info=\"{}\"][et_pb_column type=\"1_3\" _builder_version=\"4.14.8\" _module_preset=\"default\" global_colors_info=\"{}\"][et_pb_team_member name=\"Svetlana Matelo\" position=\"Head of DRC group\" image_url=\"https:\/\/online.rocs.eu\/wp-content\/uploads\/2022\/03\/e8c8304f8c74ccfbe56eededfc5c5c25.jpg\" _builder_version=\"4.14.8\" _module_preset=\"default\" hover_enabled=\"0\" global_colors_info=\"{}\" custom_css_member_image=\"text-align: left;\" sticky_enabled=\"0\"][\/et_pb_team_member][\/et_pb_column][et_pb_column type=\"2_3\" _builder_version=\"4.14.8\" _module_preset=\"default\" global_colors_info=\"{}\"][et_pb_text _builder_version=\"4.14.8\" _module_preset=\"default\" global_colors_info=\"{}\"]For more than 10 years now, DRC group has been manufacturing unique toothpastes, which are made with natural ingredients using their own low-temperature technology, under the R.O.C.S. brand. The head of the DRC group, Candidate of Medical Sciences Svetlana Matelo, thinks that the company\u2019s products have the potential necessary to become one of the leading global brands \u2013 consumers from over 30 countries are already choosing R.O.C.S. products over others.\r\n\r\nThe DRC group was formed in 2004 along with the WDS research laboratory. The goal was to create innovative oral care products that could make an impact on the industry. The product formula also had to be \u201cpatentable\u201d worldwide. Unique technology and product formulas were developed and clinically proved and in February 2005 we launched our own product line under R.O.C.S. brand. This was the first line of oral care products with an age differentiation and a separate formula for each age category.[\/et_pb_text][\/et_pb_column][\/et_pb_row][et_pb_row _builder_version=\"4.14.8\" _module_preset=\"default\" global_colors_info=\"{}\"][et_pb_column type=\"4_4\" _builder_version=\"4.14.8\" _module_preset=\"default\" global_colors_info=\"{}\"][et_pb_text _builder_version=\"4.14.8\" _module_preset=\"default\" global_colors_info=\"{}\"]<h2>Without fluoride and antiseptics<\/h2>\r\nThe name of the brand itself, R.O.C.S. (Remineralizing Oral Care Systems), precisely reflects the product\u2019s concept. All R.O.C.S. toothpastes are medicinal and prophylactic \u2013 they strengthen the enamel, increase tooth resistance to caries, relieve and prevent inflammation of the gums, freshen the breath and give the teeth back their natural whiteness. Long-lasting tooth and gum hygiene is a trademark of R.O.C.S. products.\r\n\r\nThe brand\u2019s philosophy can be expressed in three words: quality, effectiveness, safety. When developing toothpaste formulas, the WDS laboratory pays a lot of attention to the quality of ingredients, their compatibility and the amounts in which they would be most effective.\r\n\r\nThe R.O.C.S. range even has toothpastes made almost completely from natural ingredients. These natural toothpastes do not only keep the teeth clean, but also protect them, lower their sensitivity and also improve the condition of even diseased gums.\r\n\r\nOne specific feature of the R.O.C.S. toothpastes is the extremely scant use of fluorides. Most of the toothpastes do not contain fluoride at all, and when it is used, it is used in relatively small amounts. However, R.O.C.S. toothpastes that contain no fluoride are no less effective than those of its competitors that do contain fluoride, offering safer caries prophylaxis.\r\n\r\nAs an alternative to fluoride, a set of minerals that contain the biologically available calcium, phosphate and magnesium is used. The anti-caries effectiveness of the mineralizing formula used in R.O.C.S. toothpastes had been proven by a two-year study of school caries prevention, which was carried out under the supervision of the World Health Organization. The formula is also used in treating children\u2019s early caries without the risk of negative side effects, as well as in cosmetic dentistry.\r\n\r\nThe anti-adhesive properties or bromelain and xylitol are the most important active ingredients in the R.O.C.S. formula. Bromelain, synthesized from pineapple stems, decomposes plaque and prevents the formation of new plaque. Xylitol, being a natural ingredient, has antimicrobial properties, which are used to fight caries-producing bacteria and fungi. Based on clinical trials, microbiologists have concluded that R.O.C.S. toothpastes possess prebiotic qualities and normalize the composition of the oral microflora.\r\n\r\n<h2>In search of new formulas<\/h2>\r\nThe formulas of new products are subjected to strenuous laboratory and clinical trials, both in the development stage and after the launch of the product. The results of these trials are always published in specialized medical publications, and also presented at scientific conferences both in Russia and abroad, including the FDI World Dental Federation congresses.\r\n\r\nToday the laboratory owns more than 50 formula patents, while its finds have been made to be the basis for more than 10 scientific studies.\r\n\r\nThe use of a large quantity of natural components also demands special production techniques, which make the production itself more complex and time-consuming than normal. In order to preserve the beneficial properties of the components, R.O.C.S. toothpastes are synthesized at low temperatures, which takes eight hours instead of the usual two.\r\n\r\n<h2>Special approach to children<\/h2>\r\nThe DRC group produces about a hundred different toothpastes, each designed for a specific age group, from children to the elderly.\r\n\r\nThe R.O.C.S. Baby toothpaste can be used even before any teeth have appeared, in order to protect the gums. At this age, children are not yet able to rinse their mouths, and almost always swallow all toothpaste. This is the reason why this particular toothpaste is manufactured using natural components, which are not harmful when swallowed, do not cause allergic reactions and lessen the discomfort of teething.\r\n\r\nFor the 3-7 age group, the company offers the R.O.C.S. Kids range, for the 6-12 age group \u2013 R.O.C.S. Junior, while for the 8-18 age group \u2013 R.O.C.S. Teens. The formulas of these toothpastes have been developed while paying special attention to how the teeth develop at each specific aging stage. Besides toothpastes, the company also manufactures several dental rinses, as well as a wide variety of oral hygiene utensils: brushes, dental floss and interdental brushes.\r\n\r\n<h2>Expanding abroad<\/h2>\r\nToday R.O.C.S. oral care products can be bought in Russia, other CIS countries, the Baltic countries, Finland, Germany, Turkey, Japan, Cyprus, Poland and Malaysia. In total, DRC\u2019s products are sold in over 50 countries worldwide.[\/et_pb_text][\/et_pb_column][\/et_pb_row][\/et_pb_section]","_et_gb_content_width":"","footnotes":""},"class_list":["post-5369","page","type-page","status-publish","hentry"],"_links":{"self":[{"href":"https:\/\/online.rocs.eu\/lt\/wp-json\/wp\/v2\/pages\/5369","targetHints":{"allow":["GET"]}}],"collection":[{"href":"https:\/\/online.rocs.eu\/lt\/wp-json\/wp\/v2\/pages"}],"about":[{"href":"https:\/\/online.rocs.eu\/lt\/wp-json\/wp\/v2\/types\/page"}],"author":[{"embeddable":true,"href":"https:\/\/online.rocs.eu\/lt\/wp-json\/wp\/v2\/users\/2"}],"replies":[{"embeddable":true,"href":"https:\/\/online.rocs.eu\/lt\/wp-json\/wp\/v2\/comments?post=5369"}],"version-history":[{"count":4,"href":"https:\/\/online.rocs.eu\/lt\/wp-json\/wp\/v2\/pages\/5369\/revisions"}],"predecessor-version":[{"id":5374,"href":"https:\/\/online.rocs.eu\/lt\/wp-json\/wp\/v2\/pages\/5369\/revisions\/5374"}],"wp:attachment":[{"href":"https:\/\/online.rocs.eu\/lt\/wp-json\/wp\/v2\/media?parent=5369"}],"curies":[{"name":"wp","href":"https:\/\/api.w.org\/{rel}","templated":true}]}}