{"id":5376,"date":"2022-03-08T12:02:17","date_gmt":"2022-03-08T10:02:17","guid":{"rendered":"https:\/\/online.rocs.eu\/?page_id=5376"},"modified":"2022-04-29T12:03:32","modified_gmt":"2022-04-29T09:03:32","slug":"kontaktai","status":"publish","type":"page","link":"https:\/\/online.rocs.eu\/lt\/kontaktai\/","title":{"rendered":"Kontaktai"},"content":{"rendered":"<p>[et_pb_section fb_built=&#8221;1&#8243; admin_label=&#8221;section&#8221; _builder_version=&#8221;4.15&#8243; global_colors_info=&#8221;{}&#8221;][et_pb_row admin_label=&#8221;row&#8221; _builder_version=&#8221;4.15&#8243; background_size=&#8221;initial&#8221; background_position=&#8221;top_left&#8221; background_repeat=&#8221;repeat&#8221; global_colors_info=&#8221;{}&#8221;][et_pb_column type=&#8221;4_4&#8243; _builder_version=&#8221;4.15&#8243; custom_padding=&#8221;|||&#8221; global_colors_info=&#8221;{}&#8221; custom_padding__hover=&#8221;|||&#8221;][et_pb_code _builder_version=&#8221;4.15&#8243; _module_preset=&#8221;default&#8221; global_colors_info=&#8221;{}&#8221;]<iframe src=\"https:\/\/www.google.com\/maps\/embed?pb=!1m18!1m12!1m3!1d2030.8948926158382!2d24.714497566178697!3d59.401466062278445!2m3!1f0!2f0!3f0!3m2!1i1024!2i768!4f13.1!3m3!1m2!1s0x4692950f7850eb7b%3A0x31ccfcfea2168b07!2sUnicosmetic%20O%C3%9C!5e0!3m2!1set!2see!4v1646740919325!5m2!1set!2see\" width=\"100%\" height=\"450\" style=\"border:0;\" allowfullscreen=\"\" loading=\"lazy\"><\/iframe>[\/et_pb_code][\/et_pb_column][\/et_pb_row][et_pb_row column_structure=&#8221;1_2,1_2&#8243; _builder_version=&#8221;4.15&#8243; _module_preset=&#8221;default&#8221; global_colors_info=&#8221;{}&#8221;][et_pb_column type=&#8221;1_2&#8243; _builder_version=&#8221;4.15&#8243; _module_preset=&#8221;default&#8221; global_colors_info=&#8221;{}&#8221;][et_pb_text _builder_version=&#8221;4.15.1&#8243; _module_preset=&#8221;default&#8221; hover_enabled=&#8221;0&#8243; global_colors_info=&#8221;{}&#8221; sticky_enabled=&#8221;0&#8243;]<\/p>\n<h3>R.O.C.S. Oficiali internetin\u0117 parduotuv\u0117<br \/>Unicosmetic O\u00dc<\/h3>\n<ul>\n<li><strong>Adresas:<\/strong> Ida street 16, J\u00e4rvek\u00fcla Rae vald Harjumaa 75304<\/li>\n<li><strong>Telefonas:<\/strong> <a href=\"tel:+3726517713\">+372 651 7713<\/a><\/li>\n<li><strong>El. pa\u0161to adresas:<\/strong> <a href=\"mailto:store@rocs.eu\">store@rocs.eu<\/a><\/li>\n<li><strong>Darbo laikas:<\/strong> I\u2013V 9\u201317.30 val.<\/li>\n<li><strong>\u012emon\u0117s pavadinimas:<\/strong> Unicosmetic O\u00dc<\/li>\n<li><strong>Reg. kodas:<\/strong> 12808641<\/li>\n<\/ul>\n<p>[\/et_pb_text][\/et_pb_column][et_pb_column type=&#8221;1_2&#8243; _builder_version=&#8221;4.15&#8243; _module_preset=&#8221;default&#8221; global_colors_info=&#8221;{}&#8221;][dvppl_cf7_styler cf7=&#8221;4831&#8243; module_class=&#8221;contact-form&#8221; _builder_version=&#8221;4.15.1&#8243; _module_preset=&#8221;default&#8221; hover_enabled=&#8221;0&#8243; global_colors_info=&#8221;{}&#8221; sticky_enabled=&#8221;0&#8243;][\/dvppl_cf7_styler][\/et_pb_column][\/et_pb_row][\/et_pb_section]<\/p>\n","protected":false},"excerpt":{"rendered":"<p>R.O.C.S. Oficiali internetin\u0117 parduotuv\u0117Unicosmetic O\u00dc Adresas: Ida street 16, J\u00e4rvek\u00fcla Rae vald Harjumaa 75304 Telefonas: +372 651 7713 El. pa\u0161to adresas: store@rocs.eu Darbo laikas: I\u2013V 9\u201317.30 val. \u012emon\u0117s pavadinimas: Unicosmetic O\u00dc Reg. kodas: 12808641 <div class=\"et_pb_module dvppl_cf7_styler dvppl_cf7_styler_0 contact-form\">\n\t\t\t\t\n\t\t\t\t\n\t\t\t\t\n\t\t\t\t\n\t\t\t\t\n\t\t\t\t\n\t\t\t\t<div class=\"et_pb_module_inner\">\n\t\t\t\t\t<div class=\"dipe-cf7-container dipe-cf7-button-left\">\n\t\t\t\t\n\t\t\t\t<div class=\"dipe-cf7 dipe-cf7-styler \">\n\t\t\t\t\t\n<div class=\"wpcf7 no-js\" id=\"wpcf7-f4831-o1\" lang=\"lt-LT\" dir=\"ltr\" data-wpcf7-id=\"4831\">\n<div class=\"screen-reader-response\"><p role=\"status\" aria-live=\"polite\" aria-atomic=\"true\"><\/p> <ul><\/ul><\/div>\n<form action=\"\/lt\/wp-json\/wp\/v2\/pages\/5376#wpcf7-f4831-o1\" method=\"post\" class=\"wpcf7-form init\" aria-label=\"Kontakt\u0173 forma\" novalidate=\"novalidate\" data-status=\"init\">\n<fieldset class=\"hidden-fields-container\"><input type=\"hidden\" name=\"_wpcf7\" value=\"4831\" \/><input type=\"hidden\" name=\"_wpcf7_version\" value=\"6.1.2\" \/><input type=\"hidden\" name=\"_wpcf7_locale\" value=\"lt_LT\" \/><input type=\"hidden\" name=\"_wpcf7_unit_tag\" value=\"wpcf7-f4831-o1\" \/><input type=\"hidden\" name=\"_wpcf7_container_post\" value=\"0\" \/><input type=\"hidden\" name=\"_wpcf7_posted_data_hash\" value=\"\" \/><input type=\"hidden\" name=\"_wpcf7_recaptcha_response\" value=\"\" \/>\n<\/fieldset>\n<div>J\u016bs\u0173 vardas*\n    <span class=\"wpcf7-form-control-wrap\" data-name=\"your-name\"><input size=\"40\" maxlength=\"400\" class=\"wpcf7-form-control wpcf7-text wpcf7-validates-as-required\" aria-required=\"true\" aria-invalid=\"false\" value=\"\" type=\"text\" name=\"your-name\" \/><\/span><\/div>\n\n<div> Telefonas*\n    <span class=\"wpcf7-form-control-wrap\" data-name=\"tel-557\"><input size=\"40\" maxlength=\"400\" class=\"wpcf7-form-control wpcf7-tel wpcf7-validates-as-required wpcf7-text wpcf7-validates-as-tel\" aria-required=\"true\" aria-invalid=\"false\" value=\"\" type=\"tel\" name=\"tel-557\" \/><\/span><\/div>\n\n<div> J\u016bs\u0173 el. pa\u0161tas*\n    <span class=\"wpcf7-form-control-wrap\" data-name=\"your-email\"><input size=\"40\" maxlength=\"400\" class=\"wpcf7-form-control wpcf7-email wpcf7-validates-as-required wpcf7-text wpcf7-validates-as-email\" aria-required=\"true\" aria-invalid=\"false\" value=\"\" type=\"email\" name=\"your-email\" \/><\/span> <\/div>\n\n<div> J\u016bs\u0173 prane\u0161imas (neprivaloma)\n    <span class=\"wpcf7-form-control-wrap\" data-name=\"your-message\"><textarea cols=\"40\" rows=\"3\" maxlength=\"2000\" class=\"wpcf7-form-control wpcf7-textarea\" aria-invalid=\"false\" name=\"your-message\"><\/textarea><\/span> <\/div>\n\n<input class=\"wpcf7-form-control wpcf7-submit has-spinner\" type=\"submit\" value=\"Pateikti\" \/><p style=\"display: none !important;\" class=\"akismet-fields-container\" data-prefix=\"_wpcf7_ak_\"><label>&#916;<textarea name=\"_wpcf7_ak_hp_textarea\" cols=\"45\" rows=\"8\" maxlength=\"100\"><\/textarea><\/label><input type=\"hidden\" id=\"ak_js_1\" name=\"_wpcf7_ak_js\" value=\"224\"\/><script>document.getElementById( \"ak_js_1\" ).setAttribute( \"value\", ( new Date() ).getTime() );<\/script><\/p><input type='hidden' class='wpcf7-pum' value='{\"closepopup\":false,\"closedelay\":0,\"openpopup\":false,\"openpopup_id\":0}' \/><div class=\"wpcf7-response-output\" aria-hidden=\"true\"><\/div>\n<\/form>\n<\/div>\n\n\t\t\t\t<\/div>\n\t\t\t<\/div>\n\t\t\t\t<\/div>\n\t\t\t<\/div><\/p>\n","protected":false},"author":2,"featured_media":0,"parent":0,"menu_order":0,"comment_status":"closed","ping_status":"closed","template":"","meta":{"_et_pb_use_builder":"on","_et_pb_old_content":"[et_pb_section fb_built=\"1\" admin_label=\"section\" _builder_version=\"4.15\" global_colors_info=\"{}\"][et_pb_row admin_label=\"row\" _builder_version=\"4.15\" background_size=\"initial\" background_position=\"top_left\" background_repeat=\"repeat\" global_colors_info=\"{}\"][et_pb_column type=\"4_4\" _builder_version=\"4.15\" custom_padding=\"|||\" global_colors_info=\"{}\" custom_padding__hover=\"|||\"][et_pb_code _builder_version=\"4.15\" _module_preset=\"default\" global_colors_info=\"{}\"]<iframe src=\"https:\/\/www.google.com\/maps\/embed?pb=!1m18!1m12!1m3!1d2030.8948926158382!2d24.714497566178697!3d59.401466062278445!2m3!1f0!2f0!3f0!3m2!1i1024!2i768!4f13.1!3m3!1m2!1s0x4692950f7850eb7b%3A0x31ccfcfea2168b07!2sUnicosmetic%20O%C3%9C!5e0!3m2!1set!2see!4v1646740919325!5m2!1set!2see\" width=\"100%\" height=\"450\" style=\"border:0;\" allowfullscreen=\"\" loading=\"lazy\"><\/iframe>[\/et_pb_code][\/et_pb_column][\/et_pb_row][et_pb_row column_structure=\"1_2,1_2\" _builder_version=\"4.15\" _module_preset=\"default\" global_colors_info=\"{}\"][et_pb_column type=\"1_2\" _builder_version=\"4.15\" _module_preset=\"default\" global_colors_info=\"{}\"][et_pb_text _builder_version=\"4.15.1\" _module_preset=\"default\" hover_enabled=\"0\" global_colors_info=\"{}\" sticky_enabled=\"0\"]<h3>R.O.C.S. Official Online Store<br \/>Unicosmetic O\u00dc<\/h3>\r\n<ul>\r\n<li><strong>Address:<\/strong> Ida street 16, J\u00e4rvek\u00fcla Rae vald Harjumaa 75304<\/li>\r\n<li><strong>Phone:<\/strong> <a href=\"tel:+3726517713\">+372 651 7713<\/a><\/li>\r\n<li><strong>Email:<\/strong> <a href=\"mailto:store@rocs.eu\">store@rocs.eu<\/a><\/li>\r\n<li><strong>Operation mode:<\/strong> Mon-Fri 9 am to 5 30 pm<\/li>\r\n<li><strong>Company name:<\/strong> Unicosmetic O\u00dc<\/li>\r\n<li><strong>Reg code:<\/strong> 12808641<\/li>\r\n<\/ul>[\/et_pb_text][\/et_pb_column][et_pb_column type=\"1_2\" _builder_version=\"4.15\" _module_preset=\"default\" global_colors_info=\"{}\"][dvppl_cf7_styler cf7=\"1174\" module_class=\"contact-form\" _builder_version=\"4.14.8\" _module_preset=\"default\" global_colors_info=\"{}\"][\/dvppl_cf7_styler][\/et_pb_column][\/et_pb_row][\/et_pb_section]","_et_gb_content_width":"","footnotes":""},"class_list":["post-5376","page","type-page","status-publish","hentry"],"_links":{"self":[{"href":"https:\/\/online.rocs.eu\/lt\/wp-json\/wp\/v2\/pages\/5376","targetHints":{"allow":["GET"]}}],"collection":[{"href":"https:\/\/online.rocs.eu\/lt\/wp-json\/wp\/v2\/pages"}],"about":[{"href":"https:\/\/online.rocs.eu\/lt\/wp-json\/wp\/v2\/types\/page"}],"author":[{"embeddable":true,"href":"https:\/\/online.rocs.eu\/lt\/wp-json\/wp\/v2\/users\/2"}],"replies":[{"embeddable":true,"href":"https:\/\/online.rocs.eu\/lt\/wp-json\/wp\/v2\/comments?post=5376"}],"version-history":[{"count":4,"href":"https:\/\/online.rocs.eu\/lt\/wp-json\/wp\/v2\/pages\/5376\/revisions"}],"predecessor-version":[{"id":5382,"href":"https:\/\/online.rocs.eu\/lt\/wp-json\/wp\/v2\/pages\/5376\/revisions\/5382"}],"wp:attachment":[{"href":"https:\/\/online.rocs.eu\/lt\/wp-json\/wp\/v2\/media?parent=5376"}],"curies":[{"name":"wp","href":"https:\/\/api.w.org\/{rel}","templated":true}]}}