{"id":5383,"date":"2022-03-02T14:01:43","date_gmt":"2022-03-02T11:01:43","guid":{"rendered":"https:\/\/online.rocs.eu\/?page_id=5383"},"modified":"2022-05-18T15:20:39","modified_gmt":"2022-05-18T12:20:39","slug":"how-to-order","status":"publish","type":"page","link":"https:\/\/online.rocs.eu\/lt\/how-to-order\/","title":{"rendered":"Kaip u\u017esisakyti"},"content":{"rendered":"<p>[et_pb_section fb_built=&#8221;1&#8243; admin_label=&#8221;section&#8221; _builder_version=&#8221;4.15&#8243; global_colors_info=&#8221;{}&#8221;][et_pb_row admin_label=&#8221;row&#8221; _builder_version=&#8221;4.15&#8243; background_size=&#8221;initial&#8221; background_position=&#8221;top_left&#8221; background_repeat=&#8221;repeat&#8221; global_colors_info=&#8221;{}&#8221;][et_pb_column type=&#8221;4_4&#8243; _builder_version=&#8221;4.15&#8243; custom_padding=&#8221;|||&#8221; global_colors_info=&#8221;{}&#8221; custom_padding__hover=&#8221;|||&#8221;][et_pb_text _builder_version=&#8221;4.15.1&#8243; _module_preset=&#8221;default&#8221; hover_enabled=&#8221;0&#8243; global_colors_info=&#8221;{}&#8221; sticky_enabled=&#8221;0&#8243;]<\/p>\n<h1>Kaip u\u017esisakyti<\/h1>\n<h2>Kaip pirkti<\/h2>\n<ul>\n<li><b>Produkt\u0173 pasirinkimas<\/b> &#8211; produkt\u0173 meniu pasirinkite kategorij\u0105 arba naudokite paie\u0161k\u0105, kad pasiektum\u0117te norim\u0105 produkt\u0105.<\/li>\n<li><b>\u012ed\u0117jimas \u012f krep\u0161el\u012f<\/b> &#8211; jei norite nar\u0161yti elektronin\u0117je parduotuv\u0117je, pasirinkite \u201eT\u0119sti apsipirkim\u0105\u201c. Kitu atveju pasirinkite \u201ePateikti u\u017esakym\u0105\u201c. Pirkini\u0173 krep\u0161elyje galite rasti ir daugiau pana\u0161i\u0173 preki\u0173.<\/li>\n<li>Pasirinkite mok\u0117jimo b\u016bd\u0105 M\u016bs\u0173 parduotuv\u0117je galima atsiskaityti banko pavedimu arba kredito kortele bei \u201ePaypal\u201c.<\/li>\n<\/ul>\n<h2>Kaip apmok\u0117ti?<\/h2>\n<h3>Banko pavedimas<\/h3>\n<ul>\n<li><b>Kam:<\/b> Unicosmetic O\u00dc<\/li>\n<li><b>A\/a:<\/b> EE152200221070405485<\/li>\n<li><b>Bankas:<\/b> Swedbank<\/li>\n<li><b>Banko pavedimo paskirtis: <\/b> U\u017esakymo Nr. (b\u016btina nurodyti u\u017esakymo numer\u012f)<\/li>\n<li><b>SWIFT\/BIC:<\/b> HABAEE2X (Banko adresas: 8 Liivalaia Street, 15040 Tallinn, Estonia)<\/li>\n<li><b>\u012emon\u0117 &#8211; gav\u0117jas: <\/b> Unicosmetic O\u00dc (\u012fmon\u0117s adresas: Ida tee 16, J\u00e4rvek\u00fcla Rae vald Harjumaa 75304)<\/li>\n<\/ul>\n<p>[\/et_pb_text][\/et_pb_column][\/et_pb_row][\/et_pb_section]<\/p>\n","protected":false},"excerpt":{"rendered":"<p>Kaip u\u017esisakyti Kaip pirkti Produkt\u0173 pasirinkimas &#8211; produkt\u0173 meniu pasirinkite kategorij\u0105 arba naudokite paie\u0161k\u0105, kad pasiektum\u0117te norim\u0105 produkt\u0105. \u012ed\u0117jimas \u012f krep\u0161el\u012f &#8211; jei norite nar\u0161yti elektronin\u0117je parduotuv\u0117je, pasirinkite \u201eT\u0119sti apsipirkim\u0105\u201c. Kitu atveju pasirinkite \u201ePateikti u\u017esakym\u0105\u201c. Pirkini\u0173 krep\u0161elyje galite rasti ir daugiau pana\u0161i\u0173 preki\u0173. Pasirinkite mok\u0117jimo b\u016bd\u0105 M\u016bs\u0173 parduotuv\u0117je galima atsiskaityti banko pavedimu arba kredito kortele [&hellip;]<\/p>\n","protected":false},"author":2,"featured_media":0,"parent":0,"menu_order":0,"comment_status":"closed","ping_status":"closed","template":"","meta":{"_et_pb_use_builder":"on","_et_pb_old_content":"[et_pb_section fb_built=\"1\" admin_label=\"section\" _builder_version=\"3.22\" global_colors_info=\"{}\"][et_pb_row admin_label=\"row\" _builder_version=\"3.25\" background_size=\"initial\" background_position=\"top_left\" background_repeat=\"repeat\" global_colors_info=\"{}\"][et_pb_column type=\"4_4\" _builder_version=\"3.25\" custom_padding=\"|||\" global_colors_info=\"{}\" custom_padding__hover=\"|||\"][et_pb_text _builder_version=\"4.14.8\" _module_preset=\"default\" hover_enabled=\"0\" sticky_enabled=\"0\"]<h1>How to order<\/h1>\r\n<h2>How to buy<\/h2>\r\n<ul>\r\n<li><b>Select product<\/b> - Select a category from the product menu, or use search to reach the desired product.<\/li>\r\n<li><b>Add to cart<\/b> - if you want to browse the e-shop, select \"Continue shopping\" - if not, select \"Place order\". In the shopping cart you can find more similar products.<\/li>\r\n<li><b>Choose a payment method<\/b> In our store it is possible to pay via bank or credit card and Paypal.<\/li>\r\n<\/ul>\r\n\r\n<h2>How to pay<\/h2>\r\n<h3>Bank transfer<\/h3>\r\n<ul>\r\n<li><b>To:<\/b> Unicosmetic O\u00dc<\/li>\r\n<li><b>A\/a:<\/b> EE152200221070405485<\/li>\r\n<li><b>Bank:<\/b> Swedbank<\/li>\r\n<li><b>Reason for bank transfer:<\/b> Order nr. (be sure to indicate the order number)<\/li>\r\n<li><b>SWIFT\/BIC:<\/b> HABAEE2X (Bank address: 8 Liivalaia Street, 15040 Tallinn, Estonia)<\/li>\r\n<li><b>Company recipient:<\/b> Unicosmetic O\u00dc (Company address:Ida tee 16, J\u00e4rvek\u00fcla Rae vald Harjumaa 75304)<\/li>\r\n<\/ul>[\/et_pb_text][\/et_pb_column][\/et_pb_row][\/et_pb_section]","_et_gb_content_width":"","footnotes":""},"class_list":["post-5383","page","type-page","status-publish","hentry"],"_links":{"self":[{"href":"https:\/\/online.rocs.eu\/lt\/wp-json\/wp\/v2\/pages\/5383","targetHints":{"allow":["GET"]}}],"collection":[{"href":"https:\/\/online.rocs.eu\/lt\/wp-json\/wp\/v2\/pages"}],"about":[{"href":"https:\/\/online.rocs.eu\/lt\/wp-json\/wp\/v2\/types\/page"}],"author":[{"embeddable":true,"href":"https:\/\/online.rocs.eu\/lt\/wp-json\/wp\/v2\/users\/2"}],"replies":[{"embeddable":true,"href":"https:\/\/online.rocs.eu\/lt\/wp-json\/wp\/v2\/comments?post=5383"}],"version-history":[{"count":5,"href":"https:\/\/online.rocs.eu\/lt\/wp-json\/wp\/v2\/pages\/5383\/revisions"}],"predecessor-version":[{"id":6553,"href":"https:\/\/online.rocs.eu\/lt\/wp-json\/wp\/v2\/pages\/5383\/revisions\/6553"}],"wp:attachment":[{"href":"https:\/\/online.rocs.eu\/lt\/wp-json\/wp\/v2\/media?parent=5383"}],"curies":[{"name":"wp","href":"https:\/\/api.w.org\/{rel}","templated":true}]}}