{"id":5387,"date":"2022-03-02T14:05:55","date_gmt":"2022-03-02T12:05:55","guid":{"rendered":"https:\/\/online.rocs.eu\/?page_id=5387"},"modified":"2023-11-03T12:19:00","modified_gmt":"2023-11-03T10:19:00","slug":"mokejimo-ir-pristatymo-informacija","status":"publish","type":"page","link":"https:\/\/online.rocs.eu\/lt\/how-to-order\/mokejimo-ir-pristatymo-informacija\/","title":{"rendered":"Mok\u0117jimo ir pristatymo informacija"},"content":{"rendered":"<p>[et_pb_section fb_built=&#8221;1&#8243; admin_label=&#8221;section&#8221; _builder_version=&#8221;4.16&#8243; global_colors_info=&#8221;{}&#8221;][et_pb_row admin_label=&#8221;row&#8221; _builder_version=&#8221;4.16&#8243; background_size=&#8221;initial&#8221; background_position=&#8221;top_left&#8221; background_repeat=&#8221;repeat&#8221; global_colors_info=&#8221;{}&#8221;][et_pb_column type=&#8221;4_4&#8243; _builder_version=&#8221;4.16&#8243; custom_padding=&#8221;|||&#8221; global_colors_info=&#8221;{}&#8221; custom_padding__hover=&#8221;|||&#8221;][et_pb_text _builder_version=&#8221;4.16&#8243; _module_preset=&#8221;default&#8221; global_colors_info=&#8221;{}&#8221;]<\/p>\n<h1>Mok\u0117jimo ir pristatymo informacija<\/h1>\n<h2>Pristatymo terminai:<\/h2>\n<p>[\/et_pb_text][\/et_pb_column][\/et_pb_row][et_pb_row column_structure=&#8221;1_4,3_4&#8243; _builder_version=&#8221;4.16&#8243; _module_preset=&#8221;default&#8221; global_colors_info=&#8221;{}&#8221;][et_pb_column type=&#8221;1_4&#8243; _builder_version=&#8221;4.16&#8243; _module_preset=&#8221;default&#8221; global_colors_info=&#8221;{}&#8221;][et_pb_image src=&#8221;https:\/\/online.rocs.eu\/wp-content\/uploads\/2022\/03\/itella.jpg&#8221; title_text=&#8221;itella&#8221; _builder_version=&#8221;4.16&#8243; _module_preset=&#8221;default&#8221; global_colors_info=&#8221;{}&#8221;][\/et_pb_image][\/et_pb_column][et_pb_column type=&#8221;3_4&#8243; _builder_version=&#8221;4.16&#8243; _module_preset=&#8221;default&#8221; global_colors_info=&#8221;{}&#8221;][et_pb_text _builder_version=&#8221;4.21.0&#8243; _module_preset=&#8221;default&#8221; global_colors_info=&#8221;{}&#8221;]<\/p>\n<h3>Itella Logistics<\/h3>\n<p>R.O.C.S. yra patikimas ir patogus pristatymo variantas. \u012fsakymus. Naudojant \u0161\u012f pristatymo b\u016bd\u0105 J\u016bs\u0173 u\u017esakymas bus i\u0161si\u0173stas per 7-10 darbo dien\u0173 ir pristatytas \u012f artimiausi\u0105 preki\u0173 atsi\u0117mimo tarnyb\u0105.[\/et_pb_text][\/et_pb_column][\/et_pb_row][et_pb_row column_structure=&#8221;1_4,3_4&#8243; _builder_version=&#8221;4.16&#8243; _module_preset=&#8221;default&#8221; global_colors_info=&#8221;{}&#8221;][et_pb_column type=&#8221;1_4&#8243; _builder_version=&#8221;4.16&#8243; _module_preset=&#8221;default&#8221; global_colors_info=&#8221;{}&#8221;][et_pb_image src=&#8221;https:\/\/online.rocs.eu\/wp-content\/uploads\/2022\/03\/1b6d8105c48ca0a9cca43eaea3bcb5da.jpg&#8221; title_text=&#8221;1b6d8105c48ca0a9cca43eaea3bcb5da&#8221; _builder_version=&#8221;4.16&#8243; _module_preset=&#8221;default&#8221; global_colors_info=&#8221;{}&#8221;][\/et_pb_image][\/et_pb_column][et_pb_column type=&#8221;3_4&#8243; _builder_version=&#8221;4.16&#8243; _module_preset=&#8221;default&#8221; global_colors_info=&#8221;{}&#8221;][et_pb_text _builder_version=&#8221;4.21.0&#8243; _module_preset=&#8221;default&#8221; global_colors_info=&#8221;{}&#8221;]<\/p>\n<h3>Omniva<\/h3>\n<p>Norint u\u017etikrinti ma\u017eiausi\u0105 pristatymo kain\u0105, nedideli u\u017esakymai gali b\u016bti siun\u010diami tiesiai i\u0161 pagrindinio distribucijos sand\u0117lio Taline naudojantis Estijos pa\u0161to siunt\u0173 paslaugomis. Naudojantis Estijos pa\u0161to si\u016blom\u0105 pristatymo b\u016bd\u0105, j\u016bs\u0173 u\u017esakymas bus i\u0161si\u0173stas per 48-72 valandas ir pristatytas \u012f artimiausi\u0105 pa\u0161to paslaug\u0173 punkt\u0105 per 3\u20137 darbo dienas.[\/et_pb_text][\/et_pb_column][\/et_pb_row][et_pb_row column_structure=&#8221;1_4,3_4&#8243; _builder_version=&#8221;4.16&#8243; _module_preset=&#8221;default&#8221; global_colors_info=&#8221;{}&#8221;][et_pb_column type=&#8221;1_4&#8243; _builder_version=&#8221;4.16&#8243; _module_preset=&#8221;default&#8221; global_colors_info=&#8221;{}&#8221;][et_pb_image src=&#8221;https:\/\/online.rocs.eu\/wp-content\/uploads\/2022\/03\/dpd.jpg&#8221; title_text=&#8221;dpd&#8221; _builder_version=&#8221;4.16&#8243; _module_preset=&#8221;default&#8221; global_colors_info=&#8221;{}&#8221;][\/et_pb_image][\/et_pb_column][et_pb_column type=&#8221;3_4&#8243; _builder_version=&#8221;4.16&#8243; _module_preset=&#8221;default&#8221; global_colors_info=&#8221;{}&#8221;][et_pb_text _builder_version=&#8221;4.21.0&#8243; _module_preset=&#8221;default&#8221; hover_enabled=&#8221;0&#8243; global_colors_info=&#8221;{}&#8221; sticky_enabled=&#8221;0&#8243;]<\/p>\n<h3>DPD<\/h3>\n<p>Pirmaujanti tarptautinio greitojo siunt\u0173 ir krovini\u0173 pristatymo paslauga. Naudojant DPD pristatymo b\u016bd\u0105 J\u016bs\u0173 u\u017esakymas bus i\u0161si\u0173stas per 48-72 valandas ir pristatytas \u012f artimiausi\u0105 pa\u0161to paslaug\u0173 punkt\u0105 per 3-7 darbo dienas.[\/et_pb_text][\/et_pb_column][\/et_pb_row][et_pb_row admin_label=&#8221;row&#8221; _builder_version=&#8221;4.16&#8243; background_size=&#8221;initial&#8221; background_position=&#8221;top_left&#8221; background_repeat=&#8221;repeat&#8221; global_colors_info=&#8221;{}&#8221;][et_pb_column type=&#8221;4_4&#8243; _builder_version=&#8221;4.16&#8243; custom_padding=&#8221;|||&#8221; global_colors_info=&#8221;{}&#8221; custom_padding__hover=&#8221;|||&#8221;][et_pb_text _builder_version=&#8221;4.16&#8243; _module_preset=&#8221;default&#8221; global_colors_info=&#8221;{}&#8221;]<\/p>\n<h2>Mok\u0117jimo s\u0105lygos:<\/h2>\n<p>[\/et_pb_text][\/et_pb_column][\/et_pb_row][et_pb_row column_structure=&#8221;1_4,3_4&#8243; _builder_version=&#8221;4.16&#8243; _module_preset=&#8221;default&#8221; global_colors_info=&#8221;{}&#8221;][et_pb_column type=&#8221;1_4&#8243; _builder_version=&#8221;4.16&#8243; _module_preset=&#8221;default&#8221; global_colors_info=&#8221;{}&#8221;][et_pb_image src=&#8221;https:\/\/online.rocs.eu\/wp-content\/uploads\/2022\/03\/paypal.jpg&#8221; title_text=&#8221;paypal&#8221; _builder_version=&#8221;4.16&#8243; _module_preset=&#8221;default&#8221; global_colors_info=&#8221;{}&#8221;][\/et_pb_image][\/et_pb_column][et_pb_column type=&#8221;3_4&#8243; _builder_version=&#8221;4.16&#8243; _module_preset=&#8221;default&#8221; global_colors_info=&#8221;{}&#8221;][et_pb_text _builder_version=&#8221;4.16&#8243; _module_preset=&#8221;default&#8221; global_colors_info=&#8221;{}&#8221;]jei naudojat\u0117s \u201ePayPal\u201c paslaugomis, u\u017esakymas gali b\u016bti lengvai apmok\u0117tas i\u0161 karto po u\u017esakymo patvirtinimo \u201ePayPal\u201c sistemoje.[\/et_pb_text][\/et_pb_column][\/et_pb_row][\/et_pb_section]<\/p>\n","protected":false},"excerpt":{"rendered":"<p>Mok\u0117jimo ir pristatymo informacija Pristatymo terminai:Itella Logistics R.O.C.S. yra patikimas ir patogus pristatymo variantas. \u012fsakymus. Naudojant \u0161\u012f pristatymo b\u016bd\u0105 J\u016bs\u0173 u\u017esakymas bus i\u0161si\u0173stas per 7-10 darbo dien\u0173 ir pristatytas \u012f artimiausi\u0105 preki\u0173 atsi\u0117mimo tarnyb\u0105.Omniva Norint u\u017etikrinti ma\u017eiausi\u0105 pristatymo kain\u0105, nedideli u\u017esakymai gali b\u016bti siun\u010diami tiesiai i\u0161 pagrindinio distribucijos sand\u0117lio Taline naudojantis Estijos pa\u0161to siunt\u0173 paslaugomis. [&hellip;]<\/p>\n","protected":false},"author":2,"featured_media":0,"parent":5383,"menu_order":0,"comment_status":"closed","ping_status":"closed","template":"","meta":{"_et_pb_use_builder":"on","_et_pb_old_content":"[et_pb_section fb_built=\"1\" admin_label=\"section\" _builder_version=\"3.22\" global_colors_info=\"{}\"][et_pb_row admin_label=\"row\" _builder_version=\"3.25\" background_size=\"initial\" background_position=\"top_left\" background_repeat=\"repeat\" global_colors_info=\"{}\"][et_pb_column type=\"4_4\" _builder_version=\"3.25\" custom_padding=\"|||\" global_colors_info=\"{}\" custom_padding__hover=\"|||\"][et_pb_text _builder_version=\"4.14.8\" _module_preset=\"default\" hover_enabled=\"0\" sticky_enabled=\"0\"]<h1>Payment and Delivery Information<\/h1>\r\n<h2>Delivery terms:<\/h2>[\/et_pb_text][\/et_pb_column][\/et_pb_row][et_pb_row _builder_version=\"4.14.8\" _module_preset=\"default\" column_structure=\"1_4,3_4\"][et_pb_column _builder_version=\"4.14.8\" _module_preset=\"default\" type=\"1_4\"][et_pb_image _builder_version=\"4.14.8\" _module_preset=\"default\" title_text=\"itella\" src=\"https:\/\/online.rocs.eu\/wp-content\/uploads\/2022\/03\/itella.jpg\" hover_enabled=\"0\" sticky_enabled=\"0\"][\/et_pb_image][\/et_pb_column][et_pb_column _builder_version=\"4.14.8\" _module_preset=\"default\" type=\"3_4\"][et_pb_text _builder_version=\"4.14.8\" _module_preset=\"default\" hover_enabled=\"0\" sticky_enabled=\"0\"]<h3>Itella Logistics<\/h3>\r\nThere are 2 reliable and convenient delivery options available for R.O.C.S. orders - Economy and Express Flex. Using Economy delivery method your order will be shipped within 24 hours and delivered to the nearest pick-up service on the next working day. Using Express Flex delivery method your order will be shipped within 24 hours and Itella transport team will contact you on the next working day to arrange suitable delivery address.[\/et_pb_text][\/et_pb_column][\/et_pb_row][et_pb_row _builder_version=\"4.14.8\" _module_preset=\"default\" column_structure=\"1_4,3_4\"][et_pb_column _builder_version=\"4.14.8\" _module_preset=\"default\" type=\"1_4\"][et_pb_image _builder_version=\"4.14.8\" _module_preset=\"default\" title_text=\"1b6d8105c48ca0a9cca43eaea3bcb5da\" src=\"https:\/\/online.rocs.eu\/wp-content\/uploads\/2022\/03\/1b6d8105c48ca0a9cca43eaea3bcb5da.jpg\" hover_enabled=\"0\" sticky_enabled=\"0\"][\/et_pb_image][\/et_pb_column][et_pb_column _builder_version=\"4.14.8\" _module_preset=\"default\" type=\"3_4\"][et_pb_text _builder_version=\"4.14.8\" _module_preset=\"default\" hover_enabled=\"0\" sticky_enabled=\"0\"]<h3>Omniva<\/h3>\r\nTo ensure lowest delivery rate small orders can be sent directly from main distribution warehouse in Tallinn using Estonian Post parcel services. Using Estonian Post delivery method your order will be shipped within 24 hours and delivered to the nearest postal service point in 3-7 working days.[\/et_pb_text][\/et_pb_column][\/et_pb_row][et_pb_row _builder_version=\"4.14.8\" _module_preset=\"default\" column_structure=\"1_4,3_4\"][et_pb_column _builder_version=\"4.14.8\" _module_preset=\"default\" type=\"1_4\"][et_pb_image _builder_version=\"4.14.8\" _module_preset=\"default\" title_text=\"dpd\" src=\"https:\/\/online.rocs.eu\/wp-content\/uploads\/2022\/03\/dpd.jpg\" hover_enabled=\"0\" sticky_enabled=\"0\"][\/et_pb_image][\/et_pb_column][et_pb_column _builder_version=\"4.14.8\" _module_preset=\"default\" type=\"3_4\"][et_pb_text _builder_version=\"4.14.8\" _module_preset=\"default\" hover_enabled=\"0\" sticky_enabled=\"0\"]<h3>DPD<\/h3>\r\nLeading international express delivery service for parcels and cargo.[\/et_pb_text][\/et_pb_column][\/et_pb_row][et_pb_row admin_label=\"row\" _builder_version=\"3.25\" background_size=\"initial\" background_position=\"top_left\" background_repeat=\"repeat\" global_colors_info=\"{}\"][et_pb_column type=\"4_4\" _builder_version=\"3.25\" custom_padding=\"|||\" global_colors_info=\"{}\" custom_padding__hover=\"|||\"][et_pb_text _builder_version=\"4.14.8\" _module_preset=\"default\" hover_enabled=\"0\" sticky_enabled=\"0\"]<h2>Payment terms:<\/h2>[\/et_pb_text][\/et_pb_column][\/et_pb_row][et_pb_row _builder_version=\"4.14.8\" _module_preset=\"default\" column_structure=\"1_4,3_4\"][et_pb_column _builder_version=\"4.14.8\" _module_preset=\"default\" type=\"1_4\"][et_pb_image _builder_version=\"4.14.8\" _module_preset=\"default\" title_text=\"paypal\" src=\"https:\/\/online.rocs.eu\/wp-content\/uploads\/2022\/03\/paypal.jpg\" hover_enabled=\"0\" sticky_enabled=\"0\"][\/et_pb_image][\/et_pb_column][et_pb_column _builder_version=\"4.14.8\" _module_preset=\"default\" type=\"3_4\"][et_pb_text _builder_version=\"4.14.8\" _module_preset=\"default\" hover_enabled=\"0\" sticky_enabled=\"0\"]In case you are using PayPal services your order can be easily paid immediately after order confirmation through PayPal system.[\/et_pb_text][\/et_pb_column][\/et_pb_row][\/et_pb_section]","_et_gb_content_width":"","footnotes":""},"class_list":["post-5387","page","type-page","status-publish","hentry"],"_links":{"self":[{"href":"https:\/\/online.rocs.eu\/lt\/wp-json\/wp\/v2\/pages\/5387","targetHints":{"allow":["GET"]}}],"collection":[{"href":"https:\/\/online.rocs.eu\/lt\/wp-json\/wp\/v2\/pages"}],"about":[{"href":"https:\/\/online.rocs.eu\/lt\/wp-json\/wp\/v2\/types\/page"}],"author":[{"embeddable":true,"href":"https:\/\/online.rocs.eu\/lt\/wp-json\/wp\/v2\/users\/2"}],"replies":[{"embeddable":true,"href":"https:\/\/online.rocs.eu\/lt\/wp-json\/wp\/v2\/comments?post=5387"}],"version-history":[{"count":4,"href":"https:\/\/online.rocs.eu\/lt\/wp-json\/wp\/v2\/pages\/5387\/revisions"}],"predecessor-version":[{"id":23512,"href":"https:\/\/online.rocs.eu\/lt\/wp-json\/wp\/v2\/pages\/5387\/revisions\/23512"}],"up":[{"embeddable":true,"href":"https:\/\/online.rocs.eu\/lt\/wp-json\/wp\/v2\/pages\/5383"}],"wp:attachment":[{"href":"https:\/\/online.rocs.eu\/lt\/wp-json\/wp\/v2\/media?parent=5387"}],"curies":[{"name":"wp","href":"https:\/\/api.w.org\/{rel}","templated":true}]}}