{"id":5395,"date":"2022-03-15T15:12:18","date_gmt":"2022-03-15T12:12:18","guid":{"rendered":"https:\/\/online.rocs.eu\/?page_id=5395"},"modified":"2022-04-29T12:08:23","modified_gmt":"2022-04-29T09:08:23","slug":"grazinimas","status":"publish","type":"page","link":"https:\/\/online.rocs.eu\/lt\/how-to-order\/grazinimas\/","title":{"rendered":"Gr\u0105\u017einimas"},"content":{"rendered":"<p>[et_pb_section fb_built=&#8221;1&#8243; admin_label=&#8221;section&#8221; _builder_version=&#8221;4.15&#8243; global_colors_info=&#8221;{}&#8221;][et_pb_row admin_label=&#8221;row&#8221; _builder_version=&#8221;4.15&#8243; background_size=&#8221;initial&#8221; background_position=&#8221;top_left&#8221; background_repeat=&#8221;repeat&#8221; global_colors_info=&#8221;{}&#8221;][et_pb_column type=&#8221;4_4&#8243; _builder_version=&#8221;4.15&#8243; custom_padding=&#8221;|||&#8221; global_colors_info=&#8221;{}&#8221; custom_padding__hover=&#8221;|||&#8221;][et_pb_text _builder_version=&#8221;4.15.1&#8243; _module_preset=&#8221;default&#8221; hover_enabled=&#8221;0&#8243; global_colors_info=&#8221;{}&#8221; sticky_enabled=&#8221;0&#8243;]<\/p>\n<h1>Gr\u0105\u017einimas<\/h1>\n<p>Apie ketinim\u0105 gr\u0105\u017einti prekes klientas privalo mums prane\u0161ti per 14 dien\u0173 nuo prek\u0117s gavimo dienos, u\u017epildydamas \u017eemiau esan\u010di\u0105 gr\u0105\u017einimo form\u0105.<\/p>\n<p>Gr\u0105\u017einama prek\u0117 turi b\u016bti nenaudota, nepa\u017eeista ir originalioje pakuot\u0117je.<\/p>\n<p>Gr\u0105\u017einimo atveju siuntimo i\u0161laidas apmoka klientas (ne daugiau kaip 10 Eur, VP\u012e 194 str. 4 d.), nebent gr\u0105\u017einimo prie\u017eastis yra u\u017esakytos prek\u0117s neatitikimas arba tr\u016bkumas (neveikia antgalis, sul\u016b\u017e\u0119s dangtelis ir pan.).<\/p>\n<p>\u201eUnicosmetic O\u00dc\u201c gr\u0105\u017eins pinigus u\u017esakovui per 10 kalendorini\u0173 dien\u0173 nuo prek\u0117s gavimo dienos.<\/p>\n<p>Burnos prie\u017ei\u016bros priemon\u0117s atidarytose pakuot\u0117se negali b\u016bti gr\u0105\u017einamos. Taip pat negr\u0105\u017einami produktai, kuri\u0173 naudojimo (ar nenaudojimo) nustatyti negalima. Pavyzd\u017eiui, dant\u0173 pasta, kurios galiojimo laikas yra pakankamai trumpas ir tiesiogiai priklauso nuo pakuot\u0117s atidarymo datos.<\/p>\n<p>Visas pretenzijas pra\u0161ome si\u0173sti m\u016bs\u0173 el. pa\u0161to adresu:  <a href=\"mailto:info@rocs.eu\">info@rocs.eu<\/a>. Lai\u0161ke rekomenduojame apra\u0161yti problemos prie\u017east\u012f ir nurodyti savo kontaktinius duomenis. Su pretenzij\u0105 pateikusiu asmeniu susisieksime per 3 darbo dienas.[\/et_pb_text][\/et_pb_column][\/et_pb_row][\/et_pb_section]<\/p>\n","protected":false},"excerpt":{"rendered":"<p>Gr\u0105\u017einimas Apie ketinim\u0105 gr\u0105\u017einti prekes klientas privalo mums prane\u0161ti per 14 dien\u0173 nuo prek\u0117s gavimo dienos, u\u017epildydamas \u017eemiau esan\u010di\u0105 gr\u0105\u017einimo form\u0105. Gr\u0105\u017einama prek\u0117 turi b\u016bti nenaudota, nepa\u017eeista ir originalioje pakuot\u0117je. Gr\u0105\u017einimo atveju siuntimo i\u0161laidas apmoka klientas (ne daugiau kaip 10 Eur, VP\u012e 194 str. 4 d.), nebent gr\u0105\u017einimo prie\u017eastis yra u\u017esakytos prek\u0117s neatitikimas arba tr\u016bkumas [&hellip;]<\/p>\n","protected":false},"author":2,"featured_media":0,"parent":5383,"menu_order":0,"comment_status":"closed","ping_status":"closed","template":"","meta":{"_et_pb_use_builder":"on","_et_pb_old_content":"[et_pb_section fb_built=\"1\" admin_label=\"section\" _builder_version=\"3.22\" global_colors_info=\"{}\"][et_pb_row admin_label=\"row\" _builder_version=\"3.25\" background_size=\"initial\" background_position=\"top_left\" background_repeat=\"repeat\" global_colors_info=\"{}\"][et_pb_column type=\"4_4\" _builder_version=\"3.25\" custom_padding=\"|||\" global_colors_info=\"{}\" custom_padding__hover=\"|||\"][et_pb_text _builder_version=\"4.14.9\" _module_preset=\"default\" hover_enabled=\"0\" sticky_enabled=\"0\"]<h1>Refund<\/h1>\r\n<p>The customer must notify us of the intention to return the goods within 14 days of receipt of the goods by filling out the return form below.<\/p>\r\n<p>The returned goods must be unused, undamaged and in the original packaging.<\/p>\r\n<p>In case of return, the shipping costs are borne by the customer (max. \u20ac 10, \u00a7 194 (4) of the LPA), unless the reason for return is non-compliance with the order product or defect (nozzle does not work, broken cap, etc.).<\/p>\r\n<p>Unicosmetic O\u00dc returns the money to the customer within 10 calendar days after receiving the goods.<\/p>\r\n<p>Oral care products in open packages cannot be returned. Also, products whose use (or non-use) cannot be identified are not refundable. For example, toothpaste, which has a relatively short shelf life and depends directly on the date of opening the package.<\/p>\r\n<p>Please send all possible complaints to our e-mail address: <a href=\"mailto:info@rocs.eu\">info@rocs.eu<\/a>. In the letter, we recommend that you describe the cause of your problem and don't forget to include your contact information. We will contact the complainant within 3 working days.<\/p>[\/et_pb_text][\/et_pb_column][\/et_pb_row][\/et_pb_section]","_et_gb_content_width":"","footnotes":""},"class_list":["post-5395","page","type-page","status-publish","hentry"],"_links":{"self":[{"href":"https:\/\/online.rocs.eu\/lt\/wp-json\/wp\/v2\/pages\/5395","targetHints":{"allow":["GET"]}}],"collection":[{"href":"https:\/\/online.rocs.eu\/lt\/wp-json\/wp\/v2\/pages"}],"about":[{"href":"https:\/\/online.rocs.eu\/lt\/wp-json\/wp\/v2\/types\/page"}],"author":[{"embeddable":true,"href":"https:\/\/online.rocs.eu\/lt\/wp-json\/wp\/v2\/users\/2"}],"replies":[{"embeddable":true,"href":"https:\/\/online.rocs.eu\/lt\/wp-json\/wp\/v2\/comments?post=5395"}],"version-history":[{"count":4,"href":"https:\/\/online.rocs.eu\/lt\/wp-json\/wp\/v2\/pages\/5395\/revisions"}],"predecessor-version":[{"id":5400,"href":"https:\/\/online.rocs.eu\/lt\/wp-json\/wp\/v2\/pages\/5395\/revisions\/5400"}],"up":[{"embeddable":true,"href":"https:\/\/online.rocs.eu\/lt\/wp-json\/wp\/v2\/pages\/5383"}],"wp:attachment":[{"href":"https:\/\/online.rocs.eu\/lt\/wp-json\/wp\/v2\/media?parent=5395"}],"curies":[{"name":"wp","href":"https:\/\/api.w.org\/{rel}","templated":true}]}}