{"id":40792,"date":"2026-02-27T16:29:01","date_gmt":"2026-02-27T14:29:01","guid":{"rendered":"https:\/\/online.rocs.eu\/catalog\/product\/toothpaste-r-o-c-s-sensitive\/"},"modified":"2026-02-27T16:29:01","modified_gmt":"2026-02-27T14:29:01","slug":"toothpaste-r-o-c-s-sensitive","status":"publish","type":"product","link":"https:\/\/online.rocs.eu\/lt\/catalog\/product\/toothpaste-r-o-c-s-sensitive\/","title":{"rendered":"Toothpaste R.O.C.S. Sensitive"},"content":{"rendered":"<p>DANT\u0172 PASTA R.O.C.S.\u00ae SENSITIVE<\/p>\n<p>MA\u017dINA DANT\u0172 JAUTRUM\u0104 IR SKATINA NAT\u016aRAL\u0172 REMINERALIZACIJOS PROCES\u0104<\/p>\n<p>AKTYVUS BIOLOGI\u0160KAI PRIEINAMAS MINERAL\u0172 KOMPLEKSAS<\/p>\n<p>MINERALIN\u00ae MULTI<\/p>\n<p>KALIO NITRATAS greitai suma\u017eina dant\u0173 jautrum\u0105, blokuodamas nervini\u0173 impuls\u0173 perdavim\u0105.<\/p>\n<p>KALCIS, MAGNIS, FOSFORAS IR SILICIS stiprina dant\u0173 emal\u012f, atkuria nat\u016bral\u0173 jo baltum\u0105 ir blizges\u012f.<\/p>\n<p>KSILITOLIS apsaugo nuo \u0117duonies ir atkuria burnos mikrofloros pusiausvyr\u0105.<\/p>\n<p>GREITAI MAL\u0160INA DANT\u0172 PA\u017dEIDIMUS<br \/>\nSTIPRINA DANT\u0172 EMAL\u012e* IR APSAUGO NUO \u0116DUONIES<br \/>\nMALONUMAS \u0160VELNUS BE M\u0116T\u0172 SKONIS SU MANG\u0172 IR BANAN\u0172 NATAIS TINKA JAUTRIEMS DANTIMS<\/p>\n<p>BE AKTYVAUS KALCIO<br \/>\nBE FLUORO<br \/>\nBE TITANO DIOKSIDO<br \/>\nNAT\u016aRALI APSAUGA<\/p>\n<p>REKOMENDUOJAMA SU R.O.C.S.\u00ae DANT\u0172 \u0160EPET\u0116LIAIS<\/p>\n<p>*Kliniki\u0161kai \u012frodyta.<\/p>\n","protected":false},"excerpt":{"rendered":"<p>Naudojimo b\u016bdas.<\/p>\n<p>Produktas skirtas dantims valyti ryte ir vakare po valgio 2\u20133 minutes tinkamu dant\u0173 \u0161epet\u0117liu. Susidariusios putos nuplaunamos dideliu kiekiu vandens.<br \/>\nDant\u0173 past\u0105 galima naudoti i\u0161tisus metus, nepaisant sezono, naudojant 2 kartus per dien\u0105. Dant\u0173 pasta skirta suaugusiesiems ir vaikams nuo 3 met\u0173. Joje n\u0117ra nanomed\u017eiag\u0173, kurios \u012fkv\u0117pus ar patekus per od\u0105 \u012f kraujotak\u0105, kelt\u0173 didesn\u0119 rizik\u0105 naudotojo sveikatai. Kosmetikos gaminys ir jo sudedamosios dalys nebuvo testuotos su eksperimentiniais gyv\u016bnais.<\/p>\n<p>\u012esp\u0117jimai.<\/p>\n<p>Laikyti vaikams nepasiekiamoje vietoje d\u0117l nenumatyto panaudojimo rizikos.<\/p>\n<p>Laikymo temperat\u016bros s\u0105lygos.<\/p>\n<p>Dant\u0173 pasta laikoma sausose ir gerai v\u0117dinamose sand\u0117lio patalpose, apsaugotose nuo tiesiogini\u0173 saul\u0117s spinduli\u0173, esant +5 \u00b0C\u2013+25 \u00b0C temperat\u016brai.<\/p>\n<p>AQUA, GLYCERIN, HYDRATED SILICA, POTASSIUM NITRATE, XYLITOL, COCAMIDOPROPYL BETAINE, XANTHAN GUM, AROMA, CALCIUM GLYCEROPHOSPHATE, SODIUM GLYCEROPHOSPHATE, MAGNESIUM CHLORIDE, SODIUM SACCHARIN, SODIUM SILICATE, METHYLPARABEN, PROPYLPARABEN, ANETHOLE, BENZYL BENZOATE, CARVONE, CITRUS AURANTIUM PEEL OIL, LIMONENE, MENTHOL, MENTHA VIRIDIS LEAF OIL, VANILLIN<\/p>\n","protected":false},"featured_media":40781,"template":"","meta":{"_et_pb_use_builder":"","_et_pb_old_content":"","_et_gb_content_width":""},"product_brand":[],"product_cat":[409],"product_tag":[],"class_list":{"0":"post-40792","1":"product","2":"type-product","3":"status-publish","4":"has-post-thumbnail","6":"product_cat-kasdienio-naudojimo-dantu-pastos","8":"first","9":"instock","10":"taxable","11":"shipping-taxable","12":"purchasable","13":"product-type-simple"},"_links":{"self":[{"href":"https:\/\/online.rocs.eu\/lt\/wp-json\/wp\/v2\/product\/40792","targetHints":{"allow":["GET"]}}],"collection":[{"href":"https:\/\/online.rocs.eu\/lt\/wp-json\/wp\/v2\/product"}],"about":[{"href":"https:\/\/online.rocs.eu\/lt\/wp-json\/wp\/v2\/types\/product"}],"wp:featuredmedia":[{"embeddable":true,"href":"https:\/\/online.rocs.eu\/lt\/wp-json\/wp\/v2\/media\/40781"}],"wp:attachment":[{"href":"https:\/\/online.rocs.eu\/lt\/wp-json\/wp\/v2\/media?parent=40792"}],"wp:term":[{"taxonomy":"product_brand","embeddable":true,"href":"https:\/\/online.rocs.eu\/lt\/wp-json\/wp\/v2\/product_brand?post=40792"},{"taxonomy":"product_cat","embeddable":true,"href":"https:\/\/online.rocs.eu\/lt\/wp-json\/wp\/v2\/product_cat?post=40792"},{"taxonomy":"product_tag","embeddable":true,"href":"https:\/\/online.rocs.eu\/lt\/wp-json\/wp\/v2\/product_tag?post=40792"}],"curies":[{"name":"wp","href":"https:\/\/api.w.org\/{rel}","templated":true}]}}