{"id":41065,"date":"2026-03-14T12:03:04","date_gmt":"2026-03-14T10:03:04","guid":{"rendered":"https:\/\/online.rocs.eu\/catalog\/product\/toothbrush-r-o-c-s-xl-clean-black-edition-medium\/"},"modified":"2026-03-14T12:03:04","modified_gmt":"2026-03-14T10:03:04","slug":"toothbrush-r-o-c-s-xl-clean-black-edition-medium","status":"publish","type":"product","link":"https:\/\/online.rocs.eu\/lt\/catalog\/product\/toothbrush-r-o-c-s-xl-clean-black-edition-medium\/","title":{"rendered":"Toothbrush R.O.C.S.\u00ae XL Clean Black Edition Medium"},"content":{"rendered":"<p>DANT\u0172 \u0160EPET\u0116LIS SU PADIDINTA GALVUTE EFEKTYVIAI KASDIENEI DANT\u0172 IR DANTEN\u0172 PRIE\u017dI\u016aRAI<\/p>\n<p>R.O.C.S.\u00ae XL-CLEAN BLACK EDITION dant\u0173 \u0161epet\u0117lis pagamintas naudojant tekst\u016bruotus \u0161erelius suapvalintais, saugiais galiukais. Jie u\u017etikrina greit\u0105 ir kokybi\u0161k\u0105 valym\u0105, nepa\u017eeid\u017eiant emalio ar plombini\u0173 med\u017eiag\u0173 restauracij\u0173. Auk\u0161ta valymo kokyb\u0117 ir lengva prieiga prie sunkiai pasiekiam\u0173 burnos ertm\u0117s viet\u0173, tarpdan\u010di\u0173, gomurini\u0173 ir lie\u017euvini\u0173 dant\u0173 pavir\u0161i\u0173.<\/p>\n<p>\u0160EPET\u0116LIO SAVYB\u0116S:<\/p>\n<p>X40% padidintas \u0161ereli\u0173 kiekis;<\/p>\n<p>Didelis valymo pavir\u0161iaus plotas;<\/p>\n<p>Plona klasikin\u0117 rankena u\u017etikrina patogum\u0105 valant dantis, apsaugo nuo per didelio spaudimo dantenoms ir u\u017etikrina komforti\u0161k\u0105 prie\u017ei\u016br\u0105. R.O.C.S. rankena pagaminta i\u0161 auk\u0161tos kokyb\u0117s ir saugaus plastiko. Plastiko strukt\u016bra ir vienalyti\u0161kumas suma\u017eina bakterij\u0173 u\u017eter\u0161tumo lyg\u012f ant rankenos pavir\u0161iaus.<\/p>\n","protected":false},"excerpt":{"rendered":"<p>NAUDOJIMO EFEKTAS:<\/p>\n<p>Klasikinis vieno lygio \u0161ereli\u0173 kirpimas u\u017etikrina kokybi\u0161k\u0105 dant\u0173 apna\u0161\u0173 ir pavir\u0161ini\u0173 d\u0117mi\u0173 pa\u0161alinim\u0105 nuo dant\u0173 emalio.<\/p>\n<p>Trigubo \u0161ereli\u0173 galiuk\u0173 poliravimo technologija garantuoja \u0161velni\u0105 danten\u0173 prie\u017ei\u016br\u0105.<\/p>\n<p>Didel\u0117 galvut\u0117 u\u017etikrina greit\u0105 ir kokybi\u0161k\u0105 dant\u0173 apna\u0161\u0173 ir pavir\u0161ini\u0173 d\u0117mi\u0173 pa\u0161alinim\u0105.<\/p>\n<p>Auk\u0161ta vidini\u0173 ir kramtom\u0173j\u0173 dant\u0173 lanko dali\u0173, taip pat gomurini\u0173 ir lie\u017euvini\u0173 dant\u0173 pavir\u0161i\u0173 valymo kokyb\u0117.<\/p>\n","protected":false},"featured_media":41035,"template":"","meta":{"_et_pb_use_builder":"","_et_pb_old_content":"","_et_gb_content_width":""},"product_brand":[],"product_cat":[418],"product_tag":[],"class_list":{"0":"post-41065","1":"product","2":"type-product","3":"status-publish","4":"has-post-thumbnail","6":"product_cat-suaugusiuju-dantu-sepeteliai","8":"first","9":"instock","10":"taxable","11":"shipping-taxable","12":"purchasable","13":"product-type-simple"},"_links":{"self":[{"href":"https:\/\/online.rocs.eu\/lt\/wp-json\/wp\/v2\/product\/41065","targetHints":{"allow":["GET"]}}],"collection":[{"href":"https:\/\/online.rocs.eu\/lt\/wp-json\/wp\/v2\/product"}],"about":[{"href":"https:\/\/online.rocs.eu\/lt\/wp-json\/wp\/v2\/types\/product"}],"wp:featuredmedia":[{"embeddable":true,"href":"https:\/\/online.rocs.eu\/lt\/wp-json\/wp\/v2\/media\/41035"}],"wp:attachment":[{"href":"https:\/\/online.rocs.eu\/lt\/wp-json\/wp\/v2\/media?parent=41065"}],"wp:term":[{"taxonomy":"product_brand","embeddable":true,"href":"https:\/\/online.rocs.eu\/lt\/wp-json\/wp\/v2\/product_brand?post=41065"},{"taxonomy":"product_cat","embeddable":true,"href":"https:\/\/online.rocs.eu\/lt\/wp-json\/wp\/v2\/product_cat?post=41065"},{"taxonomy":"product_tag","embeddable":true,"href":"https:\/\/online.rocs.eu\/lt\/wp-json\/wp\/v2\/product_tag?post=41065"}],"curies":[{"name":"wp","href":"https:\/\/api.w.org\/{rel}","templated":true}]}}