{"id":4566,"date":"2022-03-04T10:47:01","date_gmt":"2022-03-04T08:47:01","guid":{"rendered":"https:\/\/online.rocs.eu\/catalog\/product\/dantu-pasta-r-o-c-s-periodont\/"},"modified":"2025-09-30T09:34:08","modified_gmt":"2025-09-30T07:34:08","slug":"dantu-pasta-r-o-c-s-periodont","status":"publish","type":"product","link":"https:\/\/online.rocs.eu\/lt\/catalog\/product\/dantu-pasta-r-o-c-s-periodont\/","title":{"rendered":"Dant\u0173 pasta R.O.C.S.\u00ae PERIODONT"},"content":{"rendered":"<p><strong>SPECIALI MA\u017dAI ABRAZYVIN\u0116 SUD\u0116TIS \u0160VELNIAI IR VEIKSMINGAI PRIE\u017dI\u016aRAI. SUD\u0116TYJE N\u0116RA ANTISEPTIK\u0172.<\/strong><\/p>\n<p>SPECIALI DANTEN\u0172 PRIE\u017dI\u016aRA:<br \/>\nDviguba drebuli\u0173 \u017eievi\u0173 ekstrakto doz\u0117 ir dviej\u0173 r\u016b\u0161i\u0173 sausmed\u017ei\u0173 ekstraktai patikimai saugo periodonto audinius nuo u\u017edegimo ir stabdo danten\u0173 kraujavim\u0105. Sud\u0117tyje esantis natrio bikarbonatas ma\u017eina edem\u0105.<\/p>\n<p>SPECIALI JAUTRI\u0172 DANT\u0172 PRIE\u017dI\u016aRA:<br \/>\n\u2022 Ma\u017eina dant\u0173 jautrum\u0105 (25 proc. kalcio hidroksiapatito suspensijos).<br \/>\n\u2022 Stiprina dant\u0173 strukt\u016br\u0105, sugr\u0105\u017eina emaliui balt\u0105 spalv\u0105 (kalcio glicerofosfatas).<br \/>\n\u2022 Saugo nuo karieso (ksilitolis ir kalcio glicerofosfatas).<br \/>\n Galiojimo laikas: 3 metai. <\/p>\n","protected":false},"excerpt":{"rendered":"<p>SPECIALI MA\u017dAI ABRAZYVIN\u0116 SUD\u0116TIS \u0160VELNIAI IR VEIKSMINGAI PRIE\u017dI\u016aRAI. SUD\u0116TYJE N\u0116RA ANTISEPTIK\u0172. SPECIALI DANTEN\u0172 PRIE\u017dI\u016aRA: Dviguba drebuli\u0173 \u017eievi\u0173 ekstrakto doz\u0117 ir dviej\u0173 r\u016b\u0161i\u0173 sausmed\u017ei\u0173 ekstraktai patikimai saugo periodonto audinius nuo u\u017edegimo ir stabdo danten\u0173 kraujavim\u0105. Sud\u0117tyje esantis natrio bikarbonatas ma\u017eina edem\u0105. SPECIALI JAUTRI\u0172 DANT\u0172 PRIE\u017dI\u016aRA: \u2022 Ma\u017eina dant\u0173 jautrum\u0105 (25 proc. kalcio hidroksiapatito suspensijos). \u2022 Stiprina [&hellip;]<\/p>\n","protected":false},"featured_media":3744,"template":"","meta":{"_et_pb_use_builder":"","_et_pb_old_content":"","_et_gb_content_width":""},"product_brand":[],"product_cat":[457],"product_tag":[],"class_list":{"0":"post-4566","1":"product","2":"type-product","3":"status-publish","4":"has-post-thumbnail","6":"product_cat-archive-lt","8":"first","9":"outofstock","10":"taxable","11":"shipping-taxable","12":"purchasable","13":"product-type-simple"},"_links":{"self":[{"href":"https:\/\/online.rocs.eu\/lt\/wp-json\/wp\/v2\/product\/4566","targetHints":{"allow":["GET"]}}],"collection":[{"href":"https:\/\/online.rocs.eu\/lt\/wp-json\/wp\/v2\/product"}],"about":[{"href":"https:\/\/online.rocs.eu\/lt\/wp-json\/wp\/v2\/types\/product"}],"wp:featuredmedia":[{"embeddable":true,"href":"https:\/\/online.rocs.eu\/lt\/wp-json\/wp\/v2\/media\/3744"}],"wp:attachment":[{"href":"https:\/\/online.rocs.eu\/lt\/wp-json\/wp\/v2\/media?parent=4566"}],"wp:term":[{"taxonomy":"product_brand","embeddable":true,"href":"https:\/\/online.rocs.eu\/lt\/wp-json\/wp\/v2\/product_brand?post=4566"},{"taxonomy":"product_cat","embeddable":true,"href":"https:\/\/online.rocs.eu\/lt\/wp-json\/wp\/v2\/product_cat?post=4566"},{"taxonomy":"product_tag","embeddable":true,"href":"https:\/\/online.rocs.eu\/lt\/wp-json\/wp\/v2\/product_tag?post=4566"}],"curies":[{"name":"wp","href":"https:\/\/api.w.org\/{rel}","templated":true}]}}