{"id":4694,"date":"2022-03-07T08:50:09","date_gmt":"2022-03-07T06:50:09","guid":{"rendered":"https:\/\/online.rocs.eu\/catalog\/product\/dantu-pasta-r-o-c-s-kids-bubble-gum\/"},"modified":"2025-03-05T07:14:45","modified_gmt":"2025-03-05T05:14:45","slug":"dantu-pasta-r-o-c-s-kids-bubble-gum","status":"publish","type":"product","link":"https:\/\/online.rocs.eu\/lt\/catalog\/product\/dantu-pasta-r-o-c-s-kids-bubble-gum\/","title":{"rendered":"Dant\u0173 pasta R.O.C.S.\u00ae Kids Bubble Gum"},"content":{"rendered":"<p><strong>Dant\u0173 pasta R.O.C.S.\u00ae Kids vaikams (nuo 4 iki 7 met\u0173)<\/strong><\/p>\n<p>Veiksminga formul\u0117 dant\u0173 apsaugai nuo \u0117duonies.* Sud\u0117tyje yra \u201eAmifluor\u00ae\u201c, kuris: d\u0117l ola uro savybi\u0173 didina dant\u0173 atsparum\u0105 r\u016bg\u0161tims; d\u0117l didel\u0117s ksilitolio koncentracijos neleid\u017eia daugintis kariesogenin\u0117ms bakterijoms. <\/p>\n<p>Skatina intensyvi\u0105 dant\u0173 remineralizacij\u0105 ir d\u0117l ma\u017eo abrazyvumo formul\u0117s (RDA=50) nepa\u017eeid\u017eia dant\u0173 audini\u0173. Pagaminimo data nurodyta ant t\u016bbel\u0117s. <\/p>\n<p>Galiojimo laikas: 3 metai.<br \/>\n *Klini\u0161kai \u012frodyta<\/p>\n","protected":false},"excerpt":{"rendered":"<p>Dant\u0173 pasta R.O.C.S.\u00ae Kids vaikams (nuo 4 iki 7 met\u0173) Veiksminga formul\u0117 dant\u0173 apsaugai nuo \u0117duonies.* Sud\u0117tyje yra \u201eAmifluor\u00ae\u201c, kuris: d\u0117l ola uro savybi\u0173 didina dant\u0173 atsparum\u0105 r\u016bg\u0161tims; d\u0117l didel\u0117s ksilitolio koncentracijos neleid\u017eia daugintis kariesogenin\u0117ms bakterijoms. Skatina intensyvi\u0105 dant\u0173 remineralizacij\u0105 ir d\u0117l ma\u017eo abrazyvumo formul\u0117s (RDA=50) nepa\u017eeid\u017eia dant\u0173 audini\u0173. Pagaminimo data nurodyta ant t\u016bbel\u0117s. Galiojimo [&hellip;]<\/p>\n","protected":false},"featured_media":3555,"template":"","meta":{"_et_pb_use_builder":"","_et_pb_old_content":"","_et_gb_content_width":""},"product_brand":[],"product_cat":[457],"product_tag":[],"class_list":{"0":"post-4694","1":"product","2":"type-product","3":"status-publish","4":"has-post-thumbnail","6":"product_cat-archive-lt","8":"first","9":"outofstock","10":"taxable","11":"shipping-taxable","12":"purchasable","13":"product-type-simple"},"_links":{"self":[{"href":"https:\/\/online.rocs.eu\/lt\/wp-json\/wp\/v2\/product\/4694","targetHints":{"allow":["GET"]}}],"collection":[{"href":"https:\/\/online.rocs.eu\/lt\/wp-json\/wp\/v2\/product"}],"about":[{"href":"https:\/\/online.rocs.eu\/lt\/wp-json\/wp\/v2\/types\/product"}],"wp:featuredmedia":[{"embeddable":true,"href":"https:\/\/online.rocs.eu\/lt\/wp-json\/wp\/v2\/media\/3555"}],"wp:attachment":[{"href":"https:\/\/online.rocs.eu\/lt\/wp-json\/wp\/v2\/media?parent=4694"}],"wp:term":[{"taxonomy":"product_brand","embeddable":true,"href":"https:\/\/online.rocs.eu\/lt\/wp-json\/wp\/v2\/product_brand?post=4694"},{"taxonomy":"product_cat","embeddable":true,"href":"https:\/\/online.rocs.eu\/lt\/wp-json\/wp\/v2\/product_cat?post=4694"},{"taxonomy":"product_tag","embeddable":true,"href":"https:\/\/online.rocs.eu\/lt\/wp-json\/wp\/v2\/product_tag?post=4694"}],"curies":[{"name":"wp","href":"https:\/\/api.w.org\/{rel}","templated":true}]}}