{"id":4709,"date":"2022-03-07T09:33:04","date_gmt":"2022-03-07T07:33:04","guid":{"rendered":"https:\/\/online.rocs.eu\/catalog\/product\/dantu-pasta-r-o-c-s-teens-kola-ir-citrina\/"},"modified":"2025-07-30T14:00:58","modified_gmt":"2025-07-30T12:00:58","slug":"dantu-pasta-r-o-c-s-teens-kola-ir-citrina","status":"publish","type":"product","link":"https:\/\/online.rocs.eu\/lt\/catalog\/product\/dantu-pasta-r-o-c-s-teens-kola-ir-citrina\/","title":{"rendered":"Dantu pasta R.O.C.S.\u00ae Teens kola ir citrina"},"content":{"rendered":"<p><strong>Dantu pasta R.O.C.S.\u00ae Teens kola ir citrina paaugliams (8-18 met\u0173)<\/strong><\/p>\n<p>Sud\u0117tyje yra  AMIFLUOR, sujungian\u010dio ksilitol\u012f ir aminofluorid\u0105, ir taip suteikian\u010dio dvigub\u0105 apsaug\u0105 nuo \u0117duonies: ant dant\u0173 emalio greitai (per 20 sekund\u017ei\u0173) susiformuoja apsauginis sluoksnis,  sustabdantis kariesogenini\u0173 bakterij\u0173 dauginim\u0105si*. Ma\u017eo abrazyvumo (RDA=50). Sud\u0117tyje n\u0117ra natrio laurilsulfato. Pagaminimo data nurodyta ant t\u016bbel\u0117s. <\/p>\n<p>Galiojimo laikas: 3 metai.<br \/>\n*Klini\u0161kai \u012frodyta<\/p>\n","protected":false},"excerpt":{"rendered":"<p>Dantu pasta R.O.C.S.\u00ae Teens kola ir citrina paaugliams (8-18 met\u0173) Sud\u0117tyje yra AMIFLUOR, sujungian\u010dio ksilitol\u012f ir aminofluorid\u0105, ir taip suteikian\u010dio dvigub\u0105 apsaug\u0105 nuo \u0117duonies: ant dant\u0173 emalio greitai (per 20 sekund\u017ei\u0173) susiformuoja apsauginis sluoksnis, sustabdantis kariesogenini\u0173 bakterij\u0173 dauginim\u0105si*. Ma\u017eo abrazyvumo (RDA=50). Sud\u0117tyje n\u0117ra natrio laurilsulfato. Pagaminimo data nurodyta ant t\u016bbel\u0117s. Galiojimo laikas: 3 metai. *Klini\u0161kai [&hellip;]<\/p>\n","protected":false},"featured_media":3699,"template":"","meta":{"_et_pb_use_builder":"","_et_pb_old_content":"","_et_gb_content_width":""},"product_brand":[],"product_cat":[457],"product_tag":[],"class_list":{"0":"post-4709","1":"product","2":"type-product","3":"status-publish","4":"has-post-thumbnail","6":"product_cat-archive-lt","8":"first","9":"outofstock","10":"sale","11":"taxable","12":"shipping-taxable","13":"purchasable","14":"product-type-simple"},"_links":{"self":[{"href":"https:\/\/online.rocs.eu\/lt\/wp-json\/wp\/v2\/product\/4709","targetHints":{"allow":["GET"]}}],"collection":[{"href":"https:\/\/online.rocs.eu\/lt\/wp-json\/wp\/v2\/product"}],"about":[{"href":"https:\/\/online.rocs.eu\/lt\/wp-json\/wp\/v2\/types\/product"}],"wp:featuredmedia":[{"embeddable":true,"href":"https:\/\/online.rocs.eu\/lt\/wp-json\/wp\/v2\/media\/3699"}],"wp:attachment":[{"href":"https:\/\/online.rocs.eu\/lt\/wp-json\/wp\/v2\/media?parent=4709"}],"wp:term":[{"taxonomy":"product_brand","embeddable":true,"href":"https:\/\/online.rocs.eu\/lt\/wp-json\/wp\/v2\/product_brand?post=4709"},{"taxonomy":"product_cat","embeddable":true,"href":"https:\/\/online.rocs.eu\/lt\/wp-json\/wp\/v2\/product_cat?post=4709"},{"taxonomy":"product_tag","embeddable":true,"href":"https:\/\/online.rocs.eu\/lt\/wp-json\/wp\/v2\/product_tag?post=4709"}],"curies":[{"name":"wp","href":"https:\/\/api.w.org\/{rel}","templated":true}]}}