{"id":4742,"date":"2022-03-14T08:11:09","date_gmt":"2022-03-14T06:11:09","guid":{"rendered":"https:\/\/online.rocs.eu\/catalog\/product\/dantu-sepetelis-r-o-c-s-baby-minkstas\/"},"modified":"2025-01-15T19:53:11","modified_gmt":"2025-01-15T17:53:11","slug":"dantu-sepetelis-r-o-c-s-baby-minkstas","status":"publish","type":"product","link":"https:\/\/online.rocs.eu\/lt\/catalog\/product\/dantu-sepetelis-r-o-c-s-baby-minkstas\/","title":{"rendered":"Dant\u0173 \u0161epet\u0117lis R.O.C.S.\u00ae Baby Extra Soft"},"content":{"rendered":"<p><strong>SOFT<\/strong><\/p>\n<p>Toothbrush R.O.C.S.\u00ae Baby for children aged 0 to 3 years<\/p>\n<p>SAFE TOOTHBRUSHING SYSTEM<\/p>\n<p>DEVELOPED IN COOPERATION WITH PEDIATRIC DENTISTS<br \/>\n\u2022 Soft bristles with unique triple polishing of the tips which does not damage the gums and immature dental enamel.<br \/>\n\u2022 Increasing the number of bristles in the tuft by 1.5 times provides high quality cleaning of teeth.<br \/>\n\u2022 The wide shape of the handle is developed for convenience and safety of the baby.<\/p>\n<p>Recommended toothbrush care: thoroughly rinse the toothbrush with warm tap water, keep the toothbrush bristles upwards.<\/p>\n<p><strong>Attention!<\/strong> Use for intended purpose. Parents should brush child&#8217;s teeth up to school age. Do not leave unattended.<br \/>\nConstituents: bristles \u2013 polyamide thread; handle \u2013 PET.<br \/>\nUnlimited shelf life.<\/p>\n<p><strong>3 months DENTISTS RECOMMEND TO CHANGE YOUR TOOTHBRUSH AT LEAST EVERY THREE MONTHS<\/strong><\/p>\n","protected":false},"excerpt":{"rendered":"<p>Let this exceptionally soft toothbrush be the 1st step to establish daily oral care for your baby!<\/p>\n<ul>\n<li>Extra-soft bristles with unique triple polishing of the tips<\/li>\n<li>Does not damage the gums and fragile dental enamel<\/li>\n<li>Provides high quality of teeth cleaning<\/li>\n<li>Wide handle for convenience and safety, suits both babies and parents<\/li>\n<li><b>Developed in cooperation with pediatric dentists<\/b><\/li>\n<\/ul>\n","protected":false},"featured_media":37870,"template":"","meta":{"_et_pb_use_builder":"","_et_pb_old_content":"","_et_gb_content_width":""},"product_brand":[],"product_cat":[415],"product_tag":[],"class_list":{"0":"post-4742","1":"product","2":"type-product","3":"status-publish","4":"has-post-thumbnail","6":"product_cat-vaikiski-dantu-sepeteliai","8":"first","9":"instock","10":"taxable","11":"shipping-taxable","12":"purchasable","13":"product-type-simple"},"_links":{"self":[{"href":"https:\/\/online.rocs.eu\/lt\/wp-json\/wp\/v2\/product\/4742","targetHints":{"allow":["GET"]}}],"collection":[{"href":"https:\/\/online.rocs.eu\/lt\/wp-json\/wp\/v2\/product"}],"about":[{"href":"https:\/\/online.rocs.eu\/lt\/wp-json\/wp\/v2\/types\/product"}],"wp:featuredmedia":[{"embeddable":true,"href":"https:\/\/online.rocs.eu\/lt\/wp-json\/wp\/v2\/media\/37870"}],"wp:attachment":[{"href":"https:\/\/online.rocs.eu\/lt\/wp-json\/wp\/v2\/media?parent=4742"}],"wp:term":[{"taxonomy":"product_brand","embeddable":true,"href":"https:\/\/online.rocs.eu\/lt\/wp-json\/wp\/v2\/product_brand?post=4742"},{"taxonomy":"product_cat","embeddable":true,"href":"https:\/\/online.rocs.eu\/lt\/wp-json\/wp\/v2\/product_cat?post=4742"},{"taxonomy":"product_tag","embeddable":true,"href":"https:\/\/online.rocs.eu\/lt\/wp-json\/wp\/v2\/product_tag?post=4742"}],"curies":[{"name":"wp","href":"https:\/\/api.w.org\/{rel}","templated":true}]}}