{"id":4754,"date":"2022-03-14T08:22:47","date_gmt":"2022-03-14T06:22:47","guid":{"rendered":"https:\/\/online.rocs.eu\/catalog\/product\/dantu-sepetukas-r-o-c-s-pro-baby-minkstas\/"},"modified":"2025-03-22T21:29:30","modified_gmt":"2025-03-22T19:29:30","slug":"dantu-sepetukas-r-o-c-s-pro-baby-minkstas","status":"publish","type":"product","link":"https:\/\/online.rocs.eu\/lt\/catalog\/product\/dantu-sepetukas-r-o-c-s-pro-baby-minkstas\/","title":{"rendered":"Dant\u0173 \u0161epetukas R.O.C.S.\u00ae PRO Baby mink\u0161tas"},"content":{"rendered":"<p>Dant\u0173 \u0161epetukas R.O.C.S.\u00ae PRO Baby ma\u017eyliams nuo 0 iki 3 met\u0173, mink\u0161tas<\/p>\n","protected":false},"excerpt":{"rendered":"<p>Dant\u0173 \u0161epetukas R.O.C.S.\u00ae PRO Baby ma\u017eyliams nuo 0 iki 3 met\u0173, mink\u0161tas<\/p>\n","protected":false},"featured_media":37920,"template":"","meta":{"_et_pb_use_builder":"","_et_pb_old_content":"","_et_gb_content_width":""},"product_brand":[],"product_cat":[415],"product_tag":[],"class_list":{"0":"post-4754","1":"product","2":"type-product","3":"status-publish","4":"has-post-thumbnail","6":"product_cat-vaikiski-dantu-sepeteliai","8":"first","9":"instock","10":"taxable","11":"shipping-taxable","12":"purchasable","13":"product-type-simple"},"_links":{"self":[{"href":"https:\/\/online.rocs.eu\/lt\/wp-json\/wp\/v2\/product\/4754","targetHints":{"allow":["GET"]}}],"collection":[{"href":"https:\/\/online.rocs.eu\/lt\/wp-json\/wp\/v2\/product"}],"about":[{"href":"https:\/\/online.rocs.eu\/lt\/wp-json\/wp\/v2\/types\/product"}],"wp:featuredmedia":[{"embeddable":true,"href":"https:\/\/online.rocs.eu\/lt\/wp-json\/wp\/v2\/media\/37920"}],"wp:attachment":[{"href":"https:\/\/online.rocs.eu\/lt\/wp-json\/wp\/v2\/media?parent=4754"}],"wp:term":[{"taxonomy":"product_brand","embeddable":true,"href":"https:\/\/online.rocs.eu\/lt\/wp-json\/wp\/v2\/product_brand?post=4754"},{"taxonomy":"product_cat","embeddable":true,"href":"https:\/\/online.rocs.eu\/lt\/wp-json\/wp\/v2\/product_cat?post=4754"},{"taxonomy":"product_tag","embeddable":true,"href":"https:\/\/online.rocs.eu\/lt\/wp-json\/wp\/v2\/product_tag?post=4754"}],"curies":[{"name":"wp","href":"https:\/\/api.w.org\/{rel}","templated":true}]}}