{"id":4757,"date":"2022-03-14T09:35:53","date_gmt":"2022-03-14T07:35:53","guid":{"rendered":"https:\/\/online.rocs.eu\/catalog\/product\/dantu-sepetelis-r-o-c-s-baby-neon-minkstas\/"},"modified":"2025-01-15T19:53:11","modified_gmt":"2025-01-15T17:53:11","slug":"dantu-sepetelis-r-o-c-s-baby-neon-minkstas","status":"publish","type":"product","link":"https:\/\/online.rocs.eu\/lt\/catalog\/product\/dantu-sepetelis-r-o-c-s-baby-neon-minkstas\/","title":{"rendered":"Dant\u0173 \u0161epet\u0117lis R.O.C.S.\u00ae Baby Neon mink\u0161tas"},"content":{"rendered":"<p>Dant\u0173 \u0161epet\u0117lis R.O.C.S.\u00ae Baby Neon ma\u017eyliams nuo 0 iki 3 met\u0173, mink\u0161tas<\/p>\n","protected":false},"excerpt":{"rendered":"<p>Dant\u0173 \u0161epet\u0117lis R.O.C.S.\u00ae Baby Neon ma\u017eyliams nuo 0 iki 3 met\u0173, mink\u0161tas<\/p>\n","protected":false},"featured_media":37968,"template":"","meta":{"_et_pb_use_builder":"","_et_pb_old_content":"","_et_gb_content_width":""},"product_brand":[],"product_cat":[415],"product_tag":[],"class_list":{"0":"post-4757","1":"product","2":"type-product","3":"status-publish","4":"has-post-thumbnail","6":"product_cat-vaikiski-dantu-sepeteliai","8":"first","9":"instock","10":"taxable","11":"shipping-taxable","12":"purchasable","13":"product-type-simple"},"_links":{"self":[{"href":"https:\/\/online.rocs.eu\/lt\/wp-json\/wp\/v2\/product\/4757","targetHints":{"allow":["GET"]}}],"collection":[{"href":"https:\/\/online.rocs.eu\/lt\/wp-json\/wp\/v2\/product"}],"about":[{"href":"https:\/\/online.rocs.eu\/lt\/wp-json\/wp\/v2\/types\/product"}],"wp:featuredmedia":[{"embeddable":true,"href":"https:\/\/online.rocs.eu\/lt\/wp-json\/wp\/v2\/media\/37968"}],"wp:attachment":[{"href":"https:\/\/online.rocs.eu\/lt\/wp-json\/wp\/v2\/media?parent=4757"}],"wp:term":[{"taxonomy":"product_brand","embeddable":true,"href":"https:\/\/online.rocs.eu\/lt\/wp-json\/wp\/v2\/product_brand?post=4757"},{"taxonomy":"product_cat","embeddable":true,"href":"https:\/\/online.rocs.eu\/lt\/wp-json\/wp\/v2\/product_cat?post=4757"},{"taxonomy":"product_tag","embeddable":true,"href":"https:\/\/online.rocs.eu\/lt\/wp-json\/wp\/v2\/product_tag?post=4757"}],"curies":[{"name":"wp","href":"https:\/\/api.w.org\/{rel}","templated":true}]}}