{"id":4774,"date":"2022-02-14T08:36:26","date_gmt":"2022-02-14T06:36:26","guid":{"rendered":"https:\/\/online.rocs.eu\/catalog\/product\/dantu-sepetelis-r-o-c-s-pro-bracketsortho-minkstas\/"},"modified":"2025-03-12T13:03:30","modified_gmt":"2025-03-12T11:03:30","slug":"dantu-sepetelis-r-o-c-s-pro-bracketsortho-minkstas","status":"publish","type":"product","link":"https:\/\/online.rocs.eu\/lt\/catalog\/product\/dantu-sepetelis-r-o-c-s-pro-bracketsortho-minkstas\/","title":{"rendered":"Dant\u0173 \u0161epet\u0117lis R.O.C.S.\u00ae PRO Brackets&#038;Ortho mink\u0161tas"},"content":{"rendered":"","protected":false},"excerpt":{"rendered":"","protected":false},"featured_media":37390,"template":"","meta":{"_et_pb_use_builder":"","_et_pb_old_content":"","_et_gb_content_width":""},"product_brand":[],"product_cat":[418],"product_tag":[],"class_list":{"0":"post-4774","1":"product","2":"type-product","3":"status-publish","4":"has-post-thumbnail","6":"product_cat-suaugusiuju-dantu-sepeteliai","8":"first","9":"instock","10":"taxable","11":"shipping-taxable","12":"purchasable","13":"product-type-simple"},"_links":{"self":[{"href":"https:\/\/online.rocs.eu\/lt\/wp-json\/wp\/v2\/product\/4774","targetHints":{"allow":["GET"]}}],"collection":[{"href":"https:\/\/online.rocs.eu\/lt\/wp-json\/wp\/v2\/product"}],"about":[{"href":"https:\/\/online.rocs.eu\/lt\/wp-json\/wp\/v2\/types\/product"}],"wp:featuredmedia":[{"embeddable":true,"href":"https:\/\/online.rocs.eu\/lt\/wp-json\/wp\/v2\/media\/37390"}],"wp:attachment":[{"href":"https:\/\/online.rocs.eu\/lt\/wp-json\/wp\/v2\/media?parent=4774"}],"wp:term":[{"taxonomy":"product_brand","embeddable":true,"href":"https:\/\/online.rocs.eu\/lt\/wp-json\/wp\/v2\/product_brand?post=4774"},{"taxonomy":"product_cat","embeddable":true,"href":"https:\/\/online.rocs.eu\/lt\/wp-json\/wp\/v2\/product_cat?post=4774"},{"taxonomy":"product_tag","embeddable":true,"href":"https:\/\/online.rocs.eu\/lt\/wp-json\/wp\/v2\/product_tag?post=4774"}],"curies":[{"name":"wp","href":"https:\/\/api.w.org\/{rel}","templated":true}]}}