{"id":4793,"date":"2022-03-14T09:31:12","date_gmt":"2022-03-14T07:31:12","guid":{"rendered":"https:\/\/online.rocs.eu\/catalog\/product\/dantu-sepetelis-r-o-c-s-modelinis-vidutinio-kietumo\/"},"modified":"2026-04-13T21:15:49","modified_gmt":"2026-04-13T19:15:49","slug":"dantu-sepetelis-r-o-c-s-modelinis-vidutinio-kietumo","status":"publish","type":"product","link":"https:\/\/online.rocs.eu\/lt\/catalog\/product\/dantu-sepetelis-r-o-c-s-modelinis-vidutinio-kietumo\/","title":{"rendered":"Dant\u0173 \u0161epet\u0117lis R.O.C.S.\u00ae Modelinis vidutinio kietumo"},"content":{"rendered":"<p>Dant\u0173 \u0161epet\u0117lis R.O.C.S.\u00ae Modelinis suaugusiems, vidutinio kietumo<\/p>\n","protected":false},"excerpt":{"rendered":"<p>Dant\u0173 \u0161epet\u0117lis R.O.C.S.\u00ae Modelinis suaugusiems, vidutinio kietumo<\/p>\n","protected":false},"featured_media":37144,"template":"","meta":{"_et_pb_use_builder":"","_et_pb_old_content":"","_et_gb_content_width":""},"product_brand":[],"product_cat":[418],"product_tag":[],"class_list":{"0":"post-4793","1":"product","2":"type-product","3":"status-publish","4":"has-post-thumbnail","6":"product_cat-suaugusiuju-dantu-sepeteliai","8":"first","9":"instock","10":"taxable","11":"shipping-taxable","12":"purchasable","13":"product-type-simple"},"_links":{"self":[{"href":"https:\/\/online.rocs.eu\/lt\/wp-json\/wp\/v2\/product\/4793","targetHints":{"allow":["GET"]}}],"collection":[{"href":"https:\/\/online.rocs.eu\/lt\/wp-json\/wp\/v2\/product"}],"about":[{"href":"https:\/\/online.rocs.eu\/lt\/wp-json\/wp\/v2\/types\/product"}],"wp:featuredmedia":[{"embeddable":true,"href":"https:\/\/online.rocs.eu\/lt\/wp-json\/wp\/v2\/media\/37144"}],"wp:attachment":[{"href":"https:\/\/online.rocs.eu\/lt\/wp-json\/wp\/v2\/media?parent=4793"}],"wp:term":[{"taxonomy":"product_brand","embeddable":true,"href":"https:\/\/online.rocs.eu\/lt\/wp-json\/wp\/v2\/product_brand?post=4793"},{"taxonomy":"product_cat","embeddable":true,"href":"https:\/\/online.rocs.eu\/lt\/wp-json\/wp\/v2\/product_cat?post=4793"},{"taxonomy":"product_tag","embeddable":true,"href":"https:\/\/online.rocs.eu\/lt\/wp-json\/wp\/v2\/product_tag?post=4793"}],"curies":[{"name":"wp","href":"https:\/\/api.w.org\/{rel}","templated":true}]}}