{"id":6678,"date":"2022-05-23T16:01:30","date_gmt":"2022-05-23T14:01:30","guid":{"rendered":"https:\/\/online.rocs.eu\/catalog\/product\/flosstoss-40pcs\/"},"modified":"2025-04-01T05:59:03","modified_gmt":"2025-04-01T03:59:03","slug":"flosstoss-40pcs","status":"publish","type":"product","link":"https:\/\/online.rocs.eu\/lt\/catalog\/product\/flosstoss-40pcs\/","title":{"rendered":"Floss&#038;Toss 40pcs."},"content":{"rendered":"<p><strong><u>Floss<\/u><\/strong><strong><u>&amp;<\/u><\/strong><strong><u>Toss<\/u><\/strong><\/p>\n<p>1. Nuimkite plastikine plevele, naudodami iprasta V formos pjaustikli.<br \/>\n2. Atsargiai horizontaliais judesiais istumkite siula tarp dantu.<br \/>\n3. Perkelkite siula prie danties nuo dantenos iki danties kra\u0161telio.<br \/>\n4. Tai kartokite su visais dantimis.<br \/>\n5. Kruop\u0161ciai i\u0161skalaukite burna.<br \/>\n6. Po naudojimo i\u0161meskite.<\/p>\n<p>Floss&#8217;n&#8217;Toss\u00ae vienkartinis dantu siulas, gaminamas naudojant klini\u0161kai patvirtinta<br \/>\npatentuota technologija TSR-1010\u00ae, pagrista polimerines dangos su poliruojanciais<br \/>\nmikrokristalais technologija, kuri padeda saugiai pa\u0161alinti tarpdanciu demes ir demes nuo kavos bei tabako. Reguliarus tarpdanciu valymas padeda i\u0161vengti dantenu u\u017edegimo.<\/p>\n","protected":false},"excerpt":{"rendered":"<p>Floss&amp;Toss 1. Nuimkite plastikine plevele, naudodami iprasta V formos pjaustikli. 2. Atsargiai horizontaliais judesiais istumkite siula tarp dantu. 3. Perkelkite siula prie danties nuo dantenos iki danties kra\u0161telio. 4. Tai kartokite su visais dantimis. 5. Kruop\u0161ciai i\u0161skalaukite burna. 6. Po naudojimo i\u0161meskite. Floss&#8217;n&#8217;Toss\u00ae vienkartinis dantu siulas, gaminamas naudojant klini\u0161kai patvirtinta patentuota technologija TSR-1010\u00ae, pagrista polimerines [&hellip;]<\/p>\n","protected":false},"featured_media":6674,"template":"","meta":{"_et_pb_use_builder":"","_et_pb_old_content":"","_et_gb_content_width":""},"product_brand":[],"product_cat":[470],"product_tag":[],"class_list":{"0":"post-6678","1":"product","2":"type-product","3":"status-publish","4":"has-post-thumbnail","6":"product_cat-dantu-reikmenys","8":"first","9":"instock","10":"taxable","11":"shipping-taxable","12":"purchasable","13":"product-type-simple"},"_links":{"self":[{"href":"https:\/\/online.rocs.eu\/lt\/wp-json\/wp\/v2\/product\/6678","targetHints":{"allow":["GET"]}}],"collection":[{"href":"https:\/\/online.rocs.eu\/lt\/wp-json\/wp\/v2\/product"}],"about":[{"href":"https:\/\/online.rocs.eu\/lt\/wp-json\/wp\/v2\/types\/product"}],"wp:featuredmedia":[{"embeddable":true,"href":"https:\/\/online.rocs.eu\/lt\/wp-json\/wp\/v2\/media\/6674"}],"wp:attachment":[{"href":"https:\/\/online.rocs.eu\/lt\/wp-json\/wp\/v2\/media?parent=6678"}],"wp:term":[{"taxonomy":"product_brand","embeddable":true,"href":"https:\/\/online.rocs.eu\/lt\/wp-json\/wp\/v2\/product_brand?post=6678"},{"taxonomy":"product_cat","embeddable":true,"href":"https:\/\/online.rocs.eu\/lt\/wp-json\/wp\/v2\/product_cat?post=6678"},{"taxonomy":"product_tag","embeddable":true,"href":"https:\/\/online.rocs.eu\/lt\/wp-json\/wp\/v2\/product_tag?post=6678"}],"curies":[{"name":"wp","href":"https:\/\/api.w.org\/{rel}","templated":true}]}}