{"id":39752,"date":"2025-11-14T11:04:23","date_gmt":"2025-11-14T09:04:23","guid":{"rendered":"https:\/\/online.rocs.eu\/?page_id=39752"},"modified":"2025-11-21T10:38:27","modified_gmt":"2025-11-21T08:38:27","slug":"lojalitates-programma","status":"publish","type":"page","link":"https:\/\/online.rocs.eu\/lv\/lojalitates-programma\/","title":{"rendered":"Lojalit\u0101tes programma"},"content":{"rendered":"<p>[et_pb_section fb_built=&#8221;1&#8243; fullwidth=&#8221;on&#8221; disabled_on=&#8221;on|off|off&#8221; _builder_version=&#8221;4.27.4&#8243; _module_preset=&#8221;default&#8221; global_colors_info=&#8221;{}&#8221;][et_pb_fullwidth_image src=&#8221;https:\/\/online.rocs.eu\/wp-content\/uploads\/2025\/11\/top_image_1920x1080px-1.png&#8221; title_text=&#8221;top_image_1920x1080px&#8221; _builder_version=&#8221;4.27.4&#8243; _module_preset=&#8221;default&#8221; global_colors_info=&#8221;{}&#8221;][\/et_pb_fullwidth_image][\/et_pb_section][et_pb_section fb_built=&#8221;1&#8243; fullwidth=&#8221;on&#8221; disabled_on=&#8221;off|on|on&#8221; _builder_version=&#8221;4.27.4&#8243; _module_preset=&#8221;default&#8221; global_colors_info=&#8221;{}&#8221;][et_pb_fullwidth_image src=&#8221;https:\/\/online.rocs.eu\/wp-content\/uploads\/2025\/11\/top_image_460x460px.png&#8221; title_text=&#8221;top_image_460x460px&#8221; _builder_version=&#8221;4.27.4&#8243; _module_preset=&#8221;default&#8221; global_colors_info=&#8221;{}&#8221;][\/et_pb_fullwidth_image][\/et_pb_section][et_pb_section fb_built=&#8221;1&#8243; admin_label=&#8221;section&#8221; _builder_version=&#8221;4.27.4&#8243; background_image=&#8221;https:\/\/online.rocs.eu\/wp-content\/uploads\/2025\/11\/rings_1920x1080px.png&#8221; parallax=&#8221;on&#8221; parallax_method=&#8221;off&#8221; background_last_edited=&#8221;on|tablet&#8221; background_image_tablet=&#8221;https:\/\/online.rocs.eu\/wp-content\/uploads\/2025\/11\/rings_460x1000px.png&#8221; background_image_phone=&#8221;https:\/\/online.rocs.eu\/wp-content\/uploads\/2025\/11\/rings_460x1000px.png&#8221; background_enable_image_tablet=&#8221;on&#8221; background_enable_image_phone=&#8221;on&#8221; global_colors_info=&#8221;{}&#8221;][et_pb_row admin_label=&#8221;row&#8221; _builder_version=&#8221;4.16&#8243; background_size=&#8221;initial&#8221; background_position=&#8221;top_left&#8221; background_repeat=&#8221;repeat&#8221; global_colors_info=&#8221;{}&#8221;][et_pb_column type=&#8221;4_4&#8243; _builder_version=&#8221;4.16&#8243; custom_padding=&#8221;|||&#8221; global_colors_info=&#8221;{}&#8221; custom_padding__hover=&#8221;|||&#8221;][et_pb_text _builder_version=&#8221;4.27.4&#8243; _module_preset=&#8221;default&#8221; header_text_color=&#8221;#81338F&#8221; header_line_height=&#8221;1.6em&#8221; text_orientation=&#8221;center&#8221; hover_enabled=&#8221;0&#8243; global_colors_info=&#8221;{}&#8221; sticky_enabled=&#8221;0&#8243;]<\/p>\n<h1>Laipni l\u016bdzam lojalit\u0101tes programm\u0101, m\u016bsu v\u0113rt\u012bgais klients!<\/h1>\n<p>M\u0113s nov\u0113rt\u0113jam, ka izv\u0113l\u0113j\u0101ties R.O.C.S. produktus, un ceram, ka j\u016bs paliksiet m\u016bsu loj\u0101lais klients v\u0113l daudzu gadu garum\u0101.<\/p>\n<p>Kad esat re\u0123istr\u0113jies, j\u016bs var\u0113siet sa\u0146emt atlaides m\u016bsu fantastiskajiem produktiem.[\/et_pb_text][\/et_pb_column][\/et_pb_row][et_pb_row _builder_version=&#8221;4.27.4&#8243; _module_preset=&#8221;default&#8221; custom_padding=&#8221;||0px||false|false&#8221; global_colors_info=&#8221;{}&#8221;][et_pb_column type=&#8221;4_4&#8243; _builder_version=&#8221;4.27.4&#8243; _module_preset=&#8221;default&#8221; global_colors_info=&#8221;{}&#8221;][et_pb_text _builder_version=&#8221;4.27.4&#8243; _module_preset=&#8221;default&#8221; header_3_text_color=&#8221;#81338F&#8221; header_3_font_size=&#8221;40px&#8221; header_3_line_height=&#8221;1.5em&#8221; text_orientation=&#8221;center&#8221; hover_enabled=&#8221;0&#8243; global_colors_info=&#8221;{}&#8221; sticky_enabled=&#8221;0&#8243;]<\/p>\n<h3>VIENK\u0100R\u0160I SO\u013bI, LAI PIEVIENOJOS:<\/h3>\n<p>[\/et_pb_text][\/et_pb_column][\/et_pb_row][et_pb_row column_structure=&#8221;1_2,1_2&#8243; _builder_version=&#8221;4.27.4&#8243; _module_preset=&#8221;default&#8221; width=&#8221;50%&#8221; width_tablet=&#8221;40%&#8221; width_phone=&#8221;80%&#8221; width_last_edited=&#8221;on|phone&#8221; global_colors_info=&#8221;{}&#8221;][et_pb_column type=&#8221;1_2&#8243; _builder_version=&#8221;4.27.4&#8243; _module_preset=&#8221;default&#8221; global_colors_info=&#8221;{}&#8221;][et_pb_blurb image=&#8221;https:\/\/online.rocs.eu\/wp-content\/uploads\/2025\/11\/arrow.png&#8221; icon_placement=&#8221;left&#8221; image_icon_width=&#8221;50px&#8221; _builder_version=&#8221;4.27.4&#8243; _module_preset=&#8221;default&#8221; animation=&#8221;off&#8221; hover_enabled=&#8221;0&#8243; global_colors_info=&#8221;{}&#8221; sticky_enabled=&#8221;0&#8243;]Re\u0123istr\u0113jiet savu kontu:<br \/>\n<a href=\"https:\/\/online.rocs.eu\/lv\">https:\/\/online.rocs.eu\/<\/a>[\/et_pb_blurb][\/et_pb_column][et_pb_column type=&#8221;1_2&#8243; _builder_version=&#8221;4.27.4&#8243; _module_preset=&#8221;default&#8221; global_colors_info=&#8221;{}&#8221;][et_pb_blurb image=&#8221;https:\/\/online.rocs.eu\/wp-content\/uploads\/2025\/11\/arrow.png&#8221; icon_placement=&#8221;left&#8221; image_icon_width=&#8221;50px&#8221; _builder_version=&#8221;4.27.4&#8243; _module_preset=&#8221;default&#8221; animation=&#8221;off&#8221; hover_enabled=&#8221;0&#8243; global_colors_info=&#8221;{}&#8221; sticky_enabled=&#8221;0&#8243;]Izv\u0113lieties R.O.C.S. produktus<br \/>\nun veiciet savu pirmo pas\u016bt\u012bjumu.[\/et_pb_blurb][\/et_pb_column][\/et_pb_row][et_pb_row _builder_version=&#8221;4.27.4&#8243; _module_preset=&#8221;default&#8221; custom_padding=&#8221;||0px||false|false&#8221; global_colors_info=&#8221;{}&#8221;][et_pb_column type=&#8221;4_4&#8243; _builder_version=&#8221;4.27.4&#8243; _module_preset=&#8221;default&#8221; global_colors_info=&#8221;{}&#8221;][et_pb_text _builder_version=&#8221;4.27.4&#8243; _module_preset=&#8221;default&#8221; header_3_text_color=&#8221;#81338F&#8221; header_3_font_size=&#8221;40px&#8221; header_3_line_height=&#8221;1.5em&#8221; text_orientation=&#8221;center&#8221; hover_enabled=&#8221;0&#8243; global_colors_info=&#8221;{}&#8221; sticky_enabled=&#8221;0&#8243;]<\/p>\n<h3>VEIDI, K\u0100 SA\u0145EMT J\u016aSU IEGUVUMUS:<\/h3>\n<p>[\/et_pb_text][\/et_pb_column][\/et_pb_row][et_pb_row column_structure=&#8221;1_4,1_4,1_4,1_4&#8243; _builder_version=&#8221;4.27.4&#8243; _module_preset=&#8221;default&#8221; global_colors_info=&#8221;{}&#8221;][et_pb_column type=&#8221;1_4&#8243; _builder_version=&#8221;4.27.4&#8243; _module_preset=&#8221;default&#8221; global_colors_info=&#8221;{}&#8221;][et_pb_blurb image=&#8221;https:\/\/online.rocs.eu\/wp-content\/uploads\/2025\/11\/icon_1.png&#8221; image_icon_width=&#8221;70%&#8221; _builder_version=&#8221;4.27.4&#8243; _module_preset=&#8221;default&#8221; text_orientation=&#8221;center&#8221; animation=&#8221;off&#8221; hover_enabled=&#8221;0&#8243; global_colors_info=&#8221;{}&#8221; sticky_enabled=&#8221;0&#8243;]Piesakieties<br \/>\nsav\u0101 kont\u0101:<br \/>\n<a href=\"https:\/\/online.rocs.eu\/lv\">https:\/\/online.rocs.eu\/<\/a>[\/et_pb_blurb][\/et_pb_column][et_pb_column type=&#8221;1_4&#8243; _builder_version=&#8221;4.27.4&#8243; _module_preset=&#8221;default&#8221; global_colors_info=&#8221;{}&#8221;][et_pb_blurb image=&#8221;https:\/\/online.rocs.eu\/wp-content\/uploads\/2025\/11\/icon_2.png&#8221; image_icon_width=&#8221;70%&#8221; _builder_version=&#8221;4.27.4&#8243; _module_preset=&#8221;default&#8221; text_orientation=&#8221;center&#8221; animation=&#8221;off&#8221; hover_enabled=&#8221;0&#8243; global_colors_info=&#8221;{}&#8221; sticky_enabled=&#8221;0&#8243;]P\u0101rliecinieties, ka \u0161is ir j\u016bsu<br \/>\notrais pas\u016bt\u012bjums p\u0113d\u0113jo<br \/>\n6 m\u0113ne\u0161u laik\u0101[\/et_pb_blurb][\/et_pb_column][et_pb_column type=&#8221;1_4&#8243; _builder_version=&#8221;4.27.4&#8243; _module_preset=&#8221;default&#8221; global_colors_info=&#8221;{}&#8221;][et_pb_blurb image=&#8221;https:\/\/online.rocs.eu\/wp-content\/uploads\/2025\/11\/icon_3.png&#8221; image_icon_width=&#8221;70%&#8221; _builder_version=&#8221;4.27.4&#8243; _module_preset=&#8221;default&#8221; text_orientation=&#8221;center&#8221; animation=&#8221;off&#8221; hover_enabled=&#8221;0&#8243; global_colors_info=&#8221;{}&#8221; sticky_enabled=&#8221;0&#8243;]Izveidojiet pas\u016bt\u012bjumu<br \/>\nun sa\u0146emiet<br \/>\n10% atlaidi[\/et_pb_blurb][\/et_pb_column][et_pb_column type=&#8221;1_4&#8243; _builder_version=&#8221;4.27.4&#8243; _module_preset=&#8221;default&#8221; global_colors_info=&#8221;{}&#8221;][et_pb_blurb image=&#8221;https:\/\/online.rocs.eu\/wp-content\/uploads\/2025\/11\/icon_4.png&#8221; image_icon_width=&#8221;70%&#8221; _builder_version=&#8221;4.27.4&#8243; _module_preset=&#8221;default&#8221; text_orientation=&#8221;center&#8221; animation=&#8221;off&#8221; hover_enabled=&#8221;0&#8243; global_colors_info=&#8221;{}&#8221; sticky_enabled=&#8221;0&#8243;]Ir iesp\u0113jams<br \/>\nkombin\u0113t atlaides<br \/>\n(lojalit\u0101tes un promo)[\/et_pb_blurb][\/et_pb_column][\/et_pb_row][et_pb_row _builder_version=&#8221;4.27.4&#8243; _module_preset=&#8221;default&#8221; global_colors_info=&#8221;{}&#8221;][et_pb_column type=&#8221;4_4&#8243; _builder_version=&#8221;4.27.4&#8243; _module_preset=&#8221;default&#8221; global_colors_info=&#8221;{}&#8221;][et_pb_text _builder_version=&#8221;4.27.4&#8243; _module_preset=&#8221;default&#8221; header_3_text_color=&#8221;#81338F&#8221; header_3_font_size=&#8221;40px&#8221; header_3_line_height=&#8221;1.5em&#8221; text_orientation=&#8221;center&#8221; hover_enabled=&#8221;0&#8243; global_colors_info=&#8221;{}&#8221; sticky_enabled=&#8221;0&#8243;]<\/p>\n<h3>IEROBE\u017dOJUMI:<\/h3>\n<p><span style=\"color: #81338f;\">!<\/span> J\u016bsu lojalit\u0101tes privil\u0113\u0123ijas darbojas, ja veicat vismaz vienu pas\u016bt\u012bjumu se\u0161u m\u0113ne\u0161u period\u0101.<br \/>\nJa n\u0113, lojalit\u0101tes atlaide tiks atjaunota no j\u016bsu otr\u0101 pas\u016bt\u012bjuma.<\/p>\n<p><span style=\"color: #81338f;\">!<\/span> Atlaides (lojalit\u0101tes un promo) tiek piem\u0113rotas pa vienai, t\u0101s netiek summ\u0113tas.[\/et_pb_text][\/et_pb_column][\/et_pb_row][\/et_pb_section]<\/p>\n","protected":false},"excerpt":{"rendered":"<p>Laipni l\u016bdzam lojalit\u0101tes programm\u0101, m\u016bsu v\u0113rt\u012bgais klients! M\u0113s nov\u0113rt\u0113jam, ka izv\u0113l\u0113j\u0101ties R.O.C.S. produktus, un ceram, ka j\u016bs paliksiet m\u016bsu loj\u0101lais klients v\u0113l daudzu gadu garum\u0101. Kad esat re\u0123istr\u0113jies, j\u016bs var\u0113siet sa\u0146emt atlaides m\u016bsu fantastiskajiem produktiem.VIENK\u0100R\u0160I SO\u013bI, LAI PIEVIENOJOS:Re\u0123istr\u0113jiet savu kontu: https:\/\/online.rocs.eu\/Izv\u0113lieties R.O.C.S. produktus un veiciet savu pirmo pas\u016bt\u012bjumu.VEIDI, K\u0100 SA\u0145EMT J\u016aSU IEGUVUMUS:Piesakieties sav\u0101 kont\u0101: https:\/\/online.rocs.eu\/P\u0101rliecinieties, [&hellip;]<\/p>\n","protected":false},"author":2,"featured_media":0,"parent":0,"menu_order":0,"comment_status":"closed","ping_status":"closed","template":"","meta":{"_et_pb_use_builder":"on","_et_pb_old_content":"[et_pb_section fb_built=\"1\" fullwidth=\"on\" disabled_on=\"on|off|off\" _builder_version=\"4.27.4\" _module_preset=\"default\" global_colors_info=\"{}\"][et_pb_fullwidth_image src=\"https:\/\/online.rocs.eu\/wp-content\/uploads\/2025\/11\/top_image_1920x1080px-1.png\" title_text=\"top_image_1920x1080px\" _builder_version=\"4.27.4\" _module_preset=\"default\" global_colors_info=\"{}\"][\/et_pb_fullwidth_image][\/et_pb_section][et_pb_section fb_built=\"1\" fullwidth=\"on\" disabled_on=\"off|on|on\" _builder_version=\"4.27.4\" _module_preset=\"default\" global_colors_info=\"{}\"][et_pb_fullwidth_image src=\"https:\/\/online.rocs.eu\/wp-content\/uploads\/2025\/11\/top_image_460x460px.png\" title_text=\"top_image_460x460px\" _builder_version=\"4.27.4\" _module_preset=\"default\" global_colors_info=\"{}\"][\/et_pb_fullwidth_image][\/et_pb_section][et_pb_section fb_built=\"1\" admin_label=\"section\" _builder_version=\"4.27.4\" background_image=\"https:\/\/online.rocs.eu\/wp-content\/uploads\/2025\/11\/rings_1920x1080px.png\" parallax=\"on\" parallax_method=\"off\" background_last_edited=\"on|tablet\" background_image_tablet=\"https:\/\/online.rocs.eu\/wp-content\/uploads\/2025\/11\/rings_460x1000px.png\" background_image_phone=\"https:\/\/online.rocs.eu\/wp-content\/uploads\/2025\/11\/rings_460x1000px.png\" background_enable_image_tablet=\"on\" background_enable_image_phone=\"on\" global_colors_info=\"{}\"][et_pb_row admin_label=\"row\" _builder_version=\"4.16\" background_size=\"initial\" background_position=\"top_left\" background_repeat=\"repeat\" global_colors_info=\"{}\"][et_pb_column type=\"4_4\" _builder_version=\"4.16\" custom_padding=\"|||\" global_colors_info=\"{}\" custom_padding__hover=\"|||\"][et_pb_text _builder_version=\"4.27.4\" _module_preset=\"default\" header_text_color=\"#81338F\" header_line_height=\"1.6em\" text_orientation=\"center\" hover_enabled=\"0\" global_colors_info=\"{}\" sticky_enabled=\"0\"]<h1>Willkommen im Treueprogramm, unser gesch\u00e4tzter Kunde!<\/h1>\r\nWir danken Ihnen, dass Sie sich f\u00fcr R.O.C.S. Produkte entschieden haben, und hoffen, dass Sie uns noch viele Jahre treu bleiben.\r\n\r\nSobald Sie Mitglied sind, k\u00f6nnen Sie von Rabatten auf unsere gro\u00dfartigen Produkte profitieren.[\/et_pb_text][\/et_pb_column][\/et_pb_row][et_pb_row _builder_version=\"4.27.4\" _module_preset=\"default\" custom_padding=\"||0px||false|false\" global_colors_info=\"{}\"][et_pb_column type=\"4_4\" _builder_version=\"4.27.4\" _module_preset=\"default\" global_colors_info=\"{}\"][et_pb_text _builder_version=\"4.27.4\" _module_preset=\"default\" header_3_text_color=\"#81338F\" header_3_font_size=\"40px\" header_3_line_height=\"1.5em\" text_orientation=\"center\" hover_enabled=\"0\" global_colors_info=\"{}\" sticky_enabled=\"0\"]<h3>EINFACHE SCHRITTE ZUR ANMELDUNG:<\/h3>[\/et_pb_text][\/et_pb_column][\/et_pb_row][et_pb_row column_structure=\"1_2,1_2\" _builder_version=\"4.27.4\" _module_preset=\"default\" width=\"50%\" width_tablet=\"40%\" width_phone=\"80%\" width_last_edited=\"on|phone\" global_colors_info=\"{}\"][et_pb_column type=\"1_2\" _builder_version=\"4.27.4\" _module_preset=\"default\" global_colors_info=\"{}\"][et_pb_blurb image=\"https:\/\/online.rocs.eu\/wp-content\/uploads\/2025\/11\/arrow.png\" icon_placement=\"left\" image_icon_width=\"50px\" _builder_version=\"4.27.4\" _module_preset=\"default\" animation=\"off\" hover_enabled=\"0\" global_colors_info=\"{}\" sticky_enabled=\"0\"]Erstellen Sie ein Konto unter:\r\n<a href=\"https:\/\/online.rocs.eu\/de\">https:\/\/online.rocs.eu\/<\/a>[\/et_pb_blurb][\/et_pb_column][et_pb_column type=\"1_2\" _builder_version=\"4.27.4\" _module_preset=\"default\" global_colors_info=\"{}\"][et_pb_blurb image=\"https:\/\/online.rocs.eu\/wp-content\/uploads\/2025\/11\/arrow.png\" icon_placement=\"left\" image_icon_width=\"50px\" _builder_version=\"4.27.4\" _module_preset=\"default\" animation=\"off\" hover_enabled=\"0\" global_colors_info=\"{}\" sticky_enabled=\"0\"]W\u00e4hlen Sie R.O.C.S. Produkte aus und \r\nt\u00e4tigen Sie Ihre erste Bestellung.[\/et_pb_blurb][\/et_pb_column][\/et_pb_row][et_pb_row _builder_version=\"4.27.4\" _module_preset=\"default\" custom_padding=\"||0px||false|false\" global_colors_info=\"{}\"][et_pb_column type=\"4_4\" _builder_version=\"4.27.4\" _module_preset=\"default\" global_colors_info=\"{}\"][et_pb_text _builder_version=\"4.27.4\" _module_preset=\"default\" header_3_text_color=\"#81338F\" header_3_font_size=\"40px\" header_3_line_height=\"1.5em\" text_orientation=\"center\" hover_enabled=\"0\" global_colors_info=\"{}\" sticky_enabled=\"0\"]<h3>SO PROFITIEREN SIE VON IHREN VORTEILEN:<\/h3>[\/et_pb_text][\/et_pb_column][\/et_pb_row][et_pb_row column_structure=\"1_4,1_4,1_4,1_4\" _builder_version=\"4.27.4\" _module_preset=\"default\" global_colors_info=\"{}\"][et_pb_column type=\"1_4\" _builder_version=\"4.27.4\" _module_preset=\"default\" global_colors_info=\"{}\"][et_pb_blurb image=\"https:\/\/online.rocs.eu\/wp-content\/uploads\/2025\/11\/icon_1.png\" image_icon_width=\"70%\" _builder_version=\"4.27.4\" _module_preset=\"default\" text_orientation=\"center\" animation=\"off\" hover_enabled=\"0\" global_colors_info=\"{}\" sticky_enabled=\"0\"]Melden Sie sich in \r\nIhrem Konto an:\r\n<a href=\"https:\/\/online.rocs.eu\/de\">https:\/\/online.rocs.eu\/<\/a>[\/et_pb_blurb][\/et_pb_column][et_pb_column type=\"1_4\" _builder_version=\"4.27.4\" _module_preset=\"default\" global_colors_info=\"{}\"][et_pb_blurb image=\"https:\/\/online.rocs.eu\/wp-content\/uploads\/2025\/11\/icon_2.png\" image_icon_width=\"70%\" _builder_version=\"4.27.4\" _module_preset=\"default\" text_orientation=\"center\" animation=\"off\" hover_enabled=\"0\" global_colors_info=\"{}\" sticky_enabled=\"0\"]Stellen Sie sicher, dass dies \r\nIhre zweite Bestellung innerhalb \r\nder letzten 6 Monate ist[\/et_pb_blurb][\/et_pb_column][et_pb_column type=\"1_4\" _builder_version=\"4.27.4\" _module_preset=\"default\" global_colors_info=\"{}\"][et_pb_blurb image=\"https:\/\/online.rocs.eu\/wp-content\/uploads\/2025\/11\/icon_3.png\" image_icon_width=\"70%\" _builder_version=\"4.27.4\" _module_preset=\"default\" text_orientation=\"center\" animation=\"off\" hover_enabled=\"0\" global_colors_info=\"{}\" sticky_enabled=\"0\"]Erstellen Sie Ihre Bestellung \r\nund erhalten Sie \r\n10% Rabatt[\/et_pb_blurb][\/et_pb_column][et_pb_column type=\"1_4\" _builder_version=\"4.27.4\" _module_preset=\"default\" global_colors_info=\"{}\"][et_pb_blurb image=\"https:\/\/online.rocs.eu\/wp-content\/uploads\/2025\/11\/icon_4.png\" image_icon_width=\"70%\" _builder_version=\"4.27.4\" _module_preset=\"default\" text_orientation=\"center\" animation=\"off\" hover_enabled=\"0\" global_colors_info=\"{}\" sticky_enabled=\"0\"]Es ist m\u00f6glich, \r\nRabatte zu kombinieren \r\n(Treue- und Aktionsrabatte)[\/et_pb_blurb][\/et_pb_column][\/et_pb_row][et_pb_row _builder_version=\"4.27.4\" _module_preset=\"default\" global_colors_info=\"{}\"][et_pb_column type=\"4_4\" _builder_version=\"4.27.4\" _module_preset=\"default\" global_colors_info=\"{}\"][et_pb_text _builder_version=\"4.27.4\" _module_preset=\"default\" header_3_text_color=\"#81338F\" header_3_font_size=\"40px\" header_3_line_height=\"1.5em\" text_orientation=\"center\" hover_enabled=\"0\" global_colors_info=\"{}\" sticky_enabled=\"0\"]<h3>EINSCHR\u00c4NKUNGEN:<\/h3>\r\n<span style=\"color: #81338f;\">!<\/span> Ihr Treuevorteil bleibt aktiv, solange Sie innerhalb eines sechsmonatigen Zeitraums mindestens eine Bestellung aufgeben.\r\nWenn nicht, wird der Treuerabatt ab Ihrer zweiten Bestellung wieder aktiviert.\r\n\r\n<span style=\"color: #81338f;\">!<\/span> Rabatte (Treue- und Aktionsrabatte) werden einzeln angewendet, sie werden nicht summiert.[\/et_pb_text][\/et_pb_column][\/et_pb_row][\/et_pb_section]","_et_gb_content_width":"","footnotes":""},"class_list":["post-39752","page","type-page","status-publish","hentry"],"_links":{"self":[{"href":"https:\/\/online.rocs.eu\/lv\/wp-json\/wp\/v2\/pages\/39752","targetHints":{"allow":["GET"]}}],"collection":[{"href":"https:\/\/online.rocs.eu\/lv\/wp-json\/wp\/v2\/pages"}],"about":[{"href":"https:\/\/online.rocs.eu\/lv\/wp-json\/wp\/v2\/types\/page"}],"author":[{"embeddable":true,"href":"https:\/\/online.rocs.eu\/lv\/wp-json\/wp\/v2\/users\/2"}],"replies":[{"embeddable":true,"href":"https:\/\/online.rocs.eu\/lv\/wp-json\/wp\/v2\/comments?post=39752"}],"version-history":[{"count":2,"href":"https:\/\/online.rocs.eu\/lv\/wp-json\/wp\/v2\/pages\/39752\/revisions"}],"predecessor-version":[{"id":39755,"href":"https:\/\/online.rocs.eu\/lv\/wp-json\/wp\/v2\/pages\/39752\/revisions\/39755"}],"wp:attachment":[{"href":"https:\/\/online.rocs.eu\/lv\/wp-json\/wp\/v2\/media?parent=39752"}],"curies":[{"name":"wp","href":"https:\/\/api.w.org\/{rel}","templated":true}]}}