{"id":5192,"date":"2022-03-02T13:54:30","date_gmt":"2022-03-02T10:54:30","guid":{"rendered":"https:\/\/online.rocs.eu\/?page_id=5192"},"modified":"2022-04-29T09:52:40","modified_gmt":"2022-04-29T06:52:40","slug":"par-uznemumu","status":"publish","type":"page","link":"https:\/\/online.rocs.eu\/lv\/par-uznemumu\/","title":{"rendered":"Par uz\u0146\u0113mumu"},"content":{"rendered":"<p>[et_pb_section fb_built=&#8221;1&#8243; admin_label=&#8221;section&#8221; _builder_version=&#8221;4.15&#8243; global_colors_info=&#8221;{}&#8221;][et_pb_row admin_label=&#8221;row&#8221; _builder_version=&#8221;4.15&#8243; background_size=&#8221;initial&#8221; background_position=&#8221;top_left&#8221; background_repeat=&#8221;repeat&#8221; global_colors_info=&#8221;{}&#8221;][et_pb_column type=&#8221;4_4&#8243; _builder_version=&#8221;4.15&#8243; custom_padding=&#8221;|||&#8221; global_colors_info=&#8221;{}&#8221; custom_padding__hover=&#8221;|||&#8221;][et_pb_text admin_label=&#8221;Text&#8221; _builder_version=&#8221;4.15.1&#8243; _module_preset=&#8221;default&#8221; hover_enabled=&#8221;0&#8243; global_colors_info=&#8221;{}&#8221; sticky_enabled=&#8221;0&#8243;]<\/p>\n<h1>Par uz\u0146\u0113mumu<\/h1>\n<p>[\/et_pb_text][\/et_pb_column][\/et_pb_row][et_pb_row column_structure=&#8221;1_3,2_3&#8243; _builder_version=&#8221;4.15&#8243; _module_preset=&#8221;default&#8221; global_colors_info=&#8221;{}&#8221;][et_pb_column type=&#8221;1_3&#8243; _builder_version=&#8221;4.15&#8243; _module_preset=&#8221;default&#8221; global_colors_info=&#8221;{}&#8221;][et_pb_team_member name=&#8221;Svetlana Matelo&#8221; position=&#8221;DRC grupas vad\u012bt\u0101ja&#8221; image_url=&#8221;https:\/\/online.rocs.eu\/wp-content\/uploads\/2022\/03\/e8c8304f8c74ccfbe56eededfc5c5c25.jpg&#8221; _builder_version=&#8221;4.15.1&#8243; _module_preset=&#8221;default&#8221; hover_enabled=&#8221;0&#8243; custom_css_member_image=&#8221;text-align: left;&#8221; global_colors_info=&#8221;{}&#8221; sticky_enabled=&#8221;0&#8243;][\/et_pb_team_member][\/et_pb_column][et_pb_column type=&#8221;2_3&#8243; _builder_version=&#8221;4.15&#8243; _module_preset=&#8221;default&#8221; global_colors_info=&#8221;{}&#8221;][et_pb_text _builder_version=&#8221;4.15.1&#8243; _module_preset=&#8221;default&#8221; hover_enabled=&#8221;0&#8243; global_colors_info=&#8221;{}&#8221; sticky_enabled=&#8221;0&#8243;]DRC grupa jau vair\u0101k nek\u0101 10 gadus ra\u017eo unik\u0101l\u0101s R.O.C.S. z\u012bmola zobu pastas, kuru sast\u0101v\u0101 ietilpst dabiskas sast\u0101vda\u013cas un kuru izstr\u0101dei tiek izmantota uz\u0146\u0113muma rad\u012bt\u0101 zem\u0101s temperat\u016bras tehnolo\u0123ija. DRC grupas vad\u012bt\u0101ja, medic\u012bnas zin\u0101t\u0146u kandid\u0101te Svetlana Matelo, uzskata, ka uz\u0146\u0113muma produktiem piem\u012bt potenci\u0101ls k\u013c\u016bt par vienu no pasaules vado\u0161ajiem z\u012bmoliem \u2013 klienti vair\u0101k nek\u0101 30 valst\u012bs jau \u0161obr\u012bd izv\u0113las R.O.C.S., nevis citu z\u012bmolu produktus.<\/p>\n<p>DRC grupa kop\u0101 ar WDS zin\u0101tnisko laboratoriju tika izveidota 2004. gad\u0101. M\u0113r\u0137is bija rad\u012bt inovat\u012bvus mutes dobuma kop\u0161anas produktus, kuri sp\u0113tu ietekm\u0113t nozari. Turkl\u0101t produktu formulai bija j\u0101b\u016bt patentsp\u0113j\u012bgai vis\u0101 pasaul\u0113. T\u0101 tika izstr\u0101d\u0101ta un kl\u012bniski apstiprin\u0101ta unik\u0101la tehnolo\u0123ija un produktu formulas, un 2005. gada febru\u0101r\u012b m\u0113s izlaid\u0101m savu z\u012bmola R.O.C.S. produktu l\u012bniju. \u0160\u012b bija pirm\u0101 mutes dobuma kop\u0161anas produktu l\u012bnija ar lietot\u0101ja vecuma iedal\u012bjumu un atsevi\u0161\u0137u formulu katrai vecuma grupai.<br \/>\n[\/et_pb_text][\/et_pb_column][\/et_pb_row][et_pb_row _builder_version=&#8221;4.15&#8243; _module_preset=&#8221;default&#8221; global_colors_info=&#8221;{}&#8221;][et_pb_column type=&#8221;4_4&#8243; _builder_version=&#8221;4.15&#8243; _module_preset=&#8221;default&#8221; global_colors_info=&#8221;{}&#8221;][et_pb_text _builder_version=&#8221;4.15.1&#8243; _module_preset=&#8221;default&#8221; hover_enabled=&#8221;0&#8243; global_colors_info=&#8221;{}&#8221; sticky_enabled=&#8221;0&#8243;]<\/p>\n<h2>Nesatur fluor\u012bdu un antiseptiskas vielas<\/h2>\n<p>Jau pats z\u012bmola nosaukums R.O.C.S. (Remineralizing Oral Care Systems (remineraliz\u0113jo\u0161as mutes dobuma kop\u0161anas sist\u0113mas)) prec\u012bzi atspogu\u013co produkta koncepciju. Visas R.O.C.S. zobu pastas ir medic\u012bniskas un profilaktiskas \u2013 t\u0101s stiprina emalju, uzlabo zobu iztur\u012bbu pret kariesu, mazina un nov\u0113r\u0161 smaganu iekaisumu, atsvaidzina elpu un atjauno zobu dabiski balto toni. Ilgsto\u0161a zobu un smaganu higi\u0113niska t\u012br\u012bba ir R.O.C.S. produktu viz\u012btkarte.<\/p>\n<p>Z\u012bmola filozofiju raksturo tr\u012bs v\u0101rdi: kvalit\u0101te, efektivit\u0101te, dro\u0161ums. Izstr\u0101d\u0101jot zobu pastu formulas, WDS laboratorija \u012bpa\u0161u uzman\u012bbu piev\u0113r\u0161 sast\u0101vda\u013cu kvalit\u0101tei, to savstarp\u0113jai sader\u012bbai un apjomam, kas nodro\u0161ina to maksim\u0101lo efektivit\u0101ti.<\/p>\n<p>R.O.C.S. produktu kl\u0101st\u0101 ir pieejamas pat t\u0101das zobu pastas, kas gandr\u012bz piln\u012bb\u0101 ir izstr\u0101d\u0101tas no dabisk\u0101m sast\u0101vda\u013c\u0101m. \u0160\u012bs dabiska sast\u0101va zobu pastas ne vien uztur zobu t\u012br\u012bbu, bet ar\u012b aizsarg\u0101 tos, pazemina jut\u012bbu, k\u0101 ar\u012b uzlabo pat slim\u012bbu skartu smaganu st\u0101vokli.<\/p>\n<p>Viena no R.O.C.S. zobu pastu specifiskaj\u0101m \u012bpa\u0161\u012bb\u0101m ir formula ar \u0101rk\u0101rt\u012bgi niec\u012bgu fluor\u012bdu sast\u0101vu. Vairums zobu pastu neiek\u013cauj fluor\u012bdu visp\u0101r, bet gad\u012bjumos, kad tas tiek izmantots, t\u0101 apjoms ir sal\u012bdzino\u0161i mazs. Ta\u010du R.O.C.S. zobu pastas, kas nesatur fluor\u012bdu, ir ne maz\u0101k efekt\u012bvas k\u0101 konkurentu zobu pastas ar fluor\u012bdu, jo nodro\u0161ina dro\u0161\u0101ku kariesa profilaksi.<\/p>\n<p>Fluor\u012bda aizst\u0101\u0161anai tiek izmantots miner\u0101lvielu komplekss, kas iek\u013cauj biolo\u0123iski pieejamo kalciju, fosf\u0101tu un magniju. R.O.C.S. zobu past\u0101s izmantot\u0101s mineraliz\u0113jo\u0161\u0101s formulas efekt\u012bv\u0101 aizsardz\u012bba pret kariesu ir apstiprin\u0101ta divus gadus ilgu\u0161aj\u0101 skolas vecuma b\u0113rnu kariesa profilakses p\u0113t\u012bjum\u0101, kas tika veikts Pasaules Vesel\u012bbas organiz\u0101cijas p\u0101rraudz\u012bb\u0101. Formula tiek izmantota ar\u012b kariesa s\u0101kotn\u0113jo formu \u0101rst\u0113\u0161anai b\u0113rniem, jo t\u0101 nerada nelabv\u0113l\u012bgu blakusefektu risku, k\u0101 ar\u012b kosm\u0113tiskaj\u0101 stomatolo\u0123ij\u0101.<\/p>\n<p>Bromel\u012bna un ksil\u012bta mikrobu pretnogulsn\u0113\u0161an\u0101s \u012bpa\u0161\u012bbas padara tos par svar\u012bg\u0101kaj\u0101m R.O.C.S. formulas akt\u012bvaj\u0101m sast\u0101vda\u013c\u0101m. No ananasu k\u0101tiem ieg\u016btais bromel\u012bns sa\u0161\u0137e\u013c aplikumu un nov\u0113r\u0161 jauna aplikuma veido\u0161anos. Dabiskajai sast\u0101vda\u013cai ksil\u012btam piem\u012bt antibakteri\u0101la iedarb\u012bba, kas likvid\u0113 kariesu veidojo\u0161\u0101s bakt\u0113rijas un s\u0113n\u012btes. Pamatojoties uz kl\u012bniskajiem p\u0113t\u012bjumiem, mikrobiologi ir secin\u0101ju\u0161i, ka R.O.C.S. zobu past\u0101m piem\u012bt prebiotiska iedarb\u012bba un t\u0101s normaliz\u0113 mutes dobuma mikrofloras sast\u0101vu.<\/p>\n<h2>Jaunu formulu mekl\u0113jumos<\/h2>\n<p>Jauno produktu formulas tiek test\u0113tas visaptvero\u0161os laboratoriskos un kl\u012bniskos p\u0113t\u012bjumos \u2013 gan izstr\u0101des posm\u0101, gan p\u0113c produkta izlai\u0161anas tirg\u016b. \u0160o p\u0113t\u012bjumu rezult\u0101ti vienm\u0113r tiek public\u0113ti specializ\u0113t\u0101s medic\u012bniskaj\u0101s publik\u0101cij\u0101s, k\u0101 ar\u012b prezent\u0113ti zin\u0101tnisk\u0101s konferenc\u0113s gan Krievij\u0101, gan \u0101rvalst\u012bs, tostarp FDI (Pasaules Zob\u0101rstu feder\u0101cija) kongresos.<\/p>\n<p>\u0160obr\u012bd laboratorijai pieder vair\u0101k nek\u0101 50 formulu patentu, turkl\u0101t t\u0101s atkl\u0101jumi ir k\u013cuvu\u0161i par pamatu vair\u0101k nek\u0101 10 zin\u0101tniskiem p\u0113t\u012bjumiem.<\/p>\n<p>T\u0101 k\u0101 tiek izmantots liels apjoms dabisku sast\u0101vda\u013cu, ir nepiecie\u0161amas \u012bpa\u0161as ra\u017eo\u0161anas tehnolo\u0123ijas, kas padara ra\u017eo\u0161anas procesu daudz sare\u017e\u0123\u012bt\u0101ku un laikietilp\u012bg\u0101ku nek\u0101 ierasts. Lai saglab\u0101tu sast\u0101vda\u013cu labv\u0113l\u012bgo ietekmi, R.O.C.S. zobu pastu sintez\u0113\u0161ana notiek zem\u0101 temperat\u016br\u0101, t\u0101p\u0113c \u0161is process standarta divu stundu viet\u0101 aiz\u0146em asto\u0146as stundas.<\/p>\n<h2>\u012apa\u0161a pieeja b\u0113rnu mutes dobuma kop\u0161anai<\/h2>\n<p>DRC grupa ra\u017eo aptuveni simts da\u017e\u0101das zobu pastas, un t\u0101s visas ir izstr\u0101d\u0101tas konkr\u0113t\u0101m vecuma grup\u0101m \u2013 s\u0101kot no b\u0113rniem l\u012bdz pat vec\u0101ka gadag\u0101juma cilv\u0113kiem.<\/p>\n<p>R.O.C.S. zobu pastu Baby var izmantot pat pirms zobu iz\u0161\u0137il\u0161an\u0101s, lai nodro\u0161in\u0101tu smaganu aizsardz\u012bbu. \u0160aj\u0101 vecum\u0101 b\u0113rni v\u0113l nesp\u0113j izskalot muti un gandr\u012bz vienm\u0113r norij visu zobu pastas apjomu. \u0160\u012b iemesla d\u0113\u013c konkr\u0113t\u0101 zobu pasta ir izstr\u0101d\u0101ta, izmantojot dabiskas sast\u0101vda\u013cas, kas nav kait\u012bgas nor\u012b\u0161anas gad\u012bjum\u0101, neizraisa aler\u0123iskas reakcijas un mazina zobu \u0161\u0137il\u0161an\u0101s rad\u012bto diskomfortu.<\/p>\n<p>Vecuma grupai no 3 l\u012bdz 7 gadiem uz\u0146\u0113mums pied\u0101v\u0101 R.O.C.S. s\u0113riju Kids, vecuma grupai no 6 l\u012bdz 12 gadiem \u2013 R.O.C.S. s\u0113riju Junior, savuk\u0101rt vecuma grupai no 8 l\u012bdz 18 gadiem \u2013 R.O.C.S. s\u0113riju Teens. \u0160o zobu pastu formulas ir izstr\u0101d\u0101tas, \u012bpa\u0161u uzman\u012bbu piev\u0113r\u0161ot zobu att\u012bst\u012bbas veidam katr\u0101 konkr\u0113taj\u0101 vecuma grup\u0101. Papildus zobu past\u0101m uz\u0146\u0113mums ra\u017eo ar\u012b vair\u0101kus mutes skalojamos l\u012bdzek\u013cus un pla\u0161u mutes dobuma higi\u0113nas piederumu kl\u0101stu: zobu sukas, zobu diegus un starpzobu birst\u012btes.<\/p>\n<h2>Uz\u0146\u0113m\u0113jdarb\u012bbas papla\u0161in\u0101\u0161ana \u0101rvalst\u012bs<\/h2>\n<p>\u0160obr\u012bd R.O.C.S. mutes dobuma kop\u0161anas produktus var ieg\u0101d\u0101ties Krievij\u0101, p\u0101r\u0113j\u0101s NVS valst\u012bs, Baltijas valst\u012bs, Somij\u0101, V\u0101cij\u0101, Turcij\u0101, Jap\u0101n\u0101, Kipr\u0101, Polij\u0101 un Malaizij\u0101. Kopum\u0101 DRC produkti ir pieejami vair\u0101k neka 50 valst\u012bs vis\u0101 pasaul\u0113.[\/et_pb_text][\/et_pb_column][\/et_pb_row][\/et_pb_section]<\/p>\n","protected":false},"excerpt":{"rendered":"<p>Par uz\u0146\u0113mumuDRC grupa jau vair\u0101k nek\u0101 10 gadus ra\u017eo unik\u0101l\u0101s R.O.C.S. z\u012bmola zobu pastas, kuru sast\u0101v\u0101 ietilpst dabiskas sast\u0101vda\u013cas un kuru izstr\u0101dei tiek izmantota uz\u0146\u0113muma rad\u012bt\u0101 zem\u0101s temperat\u016bras tehnolo\u0123ija. DRC grupas vad\u012bt\u0101ja, medic\u012bnas zin\u0101t\u0146u kandid\u0101te Svetlana Matelo, uzskata, ka uz\u0146\u0113muma produktiem piem\u012bt potenci\u0101ls k\u013c\u016bt par vienu no pasaules vado\u0161ajiem z\u012bmoliem \u2013 klienti vair\u0101k nek\u0101 30 [&hellip;]<\/p>\n","protected":false},"author":2,"featured_media":0,"parent":0,"menu_order":0,"comment_status":"closed","ping_status":"closed","template":"","meta":{"_et_pb_use_builder":"on","_et_pb_old_content":"[et_pb_section fb_built=\"1\" admin_label=\"section\" _builder_version=\"3.22\" global_colors_info=\"{}\"][et_pb_row admin_label=\"row\" _builder_version=\"3.25\" background_size=\"initial\" background_position=\"top_left\" background_repeat=\"repeat\" global_colors_info=\"{}\"][et_pb_column type=\"4_4\" _builder_version=\"3.25\" custom_padding=\"|||\" global_colors_info=\"{}\" custom_padding__hover=\"|||\"][et_pb_text admin_label=\"Text\" _builder_version=\"4.14.8\" _module_preset=\"default\" global_colors_info=\"{}\"]<h1>About company<\/h1>[\/et_pb_text][\/et_pb_column][\/et_pb_row][et_pb_row column_structure=\"1_3,2_3\" _builder_version=\"4.14.8\" _module_preset=\"default\" global_colors_info=\"{}\"][et_pb_column type=\"1_3\" _builder_version=\"4.14.8\" _module_preset=\"default\" global_colors_info=\"{}\"][et_pb_team_member name=\"Svetlana Matelo\" position=\"Head of DRC group\" image_url=\"https:\/\/online.rocs.eu\/wp-content\/uploads\/2022\/03\/e8c8304f8c74ccfbe56eededfc5c5c25.jpg\" _builder_version=\"4.14.8\" _module_preset=\"default\" hover_enabled=\"0\" global_colors_info=\"{}\" custom_css_member_image=\"text-align: left;\" sticky_enabled=\"0\"][\/et_pb_team_member][\/et_pb_column][et_pb_column type=\"2_3\" _builder_version=\"4.14.8\" _module_preset=\"default\" global_colors_info=\"{}\"][et_pb_text _builder_version=\"4.14.8\" _module_preset=\"default\" global_colors_info=\"{}\"]For more than 10 years now, DRC group has been manufacturing unique toothpastes, which are made with natural ingredients using their own low-temperature technology, under the R.O.C.S. brand. The head of the DRC group, Candidate of Medical Sciences Svetlana Matelo, thinks that the company\u2019s products have the potential necessary to become one of the leading global brands \u2013 consumers from over 30 countries are already choosing R.O.C.S. products over others.\r\n\r\nThe DRC group was formed in 2004 along with the WDS research laboratory. The goal was to create innovative oral care products that could make an impact on the industry. The product formula also had to be \u201cpatentable\u201d worldwide. Unique technology and product formulas were developed and clinically proved and in February 2005 we launched our own product line under R.O.C.S. brand. This was the first line of oral care products with an age differentiation and a separate formula for each age category.[\/et_pb_text][\/et_pb_column][\/et_pb_row][et_pb_row _builder_version=\"4.14.8\" _module_preset=\"default\" global_colors_info=\"{}\"][et_pb_column type=\"4_4\" _builder_version=\"4.14.8\" _module_preset=\"default\" global_colors_info=\"{}\"][et_pb_text _builder_version=\"4.14.8\" _module_preset=\"default\" global_colors_info=\"{}\"]<h2>Without fluoride and antiseptics<\/h2>\r\nThe name of the brand itself, R.O.C.S. (Remineralizing Oral Care Systems), precisely reflects the product\u2019s concept. All R.O.C.S. toothpastes are medicinal and prophylactic \u2013 they strengthen the enamel, increase tooth resistance to caries, relieve and prevent inflammation of the gums, freshen the breath and give the teeth back their natural whiteness. Long-lasting tooth and gum hygiene is a trademark of R.O.C.S. products.\r\n\r\nThe brand\u2019s philosophy can be expressed in three words: quality, effectiveness, safety. When developing toothpaste formulas, the WDS laboratory pays a lot of attention to the quality of ingredients, their compatibility and the amounts in which they would be most effective.\r\n\r\nThe R.O.C.S. range even has toothpastes made almost completely from natural ingredients. These natural toothpastes do not only keep the teeth clean, but also protect them, lower their sensitivity and also improve the condition of even diseased gums.\r\n\r\nOne specific feature of the R.O.C.S. toothpastes is the extremely scant use of fluorides. Most of the toothpastes do not contain fluoride at all, and when it is used, it is used in relatively small amounts. However, R.O.C.S. toothpastes that contain no fluoride are no less effective than those of its competitors that do contain fluoride, offering safer caries prophylaxis.\r\n\r\nAs an alternative to fluoride, a set of minerals that contain the biologically available calcium, phosphate and magnesium is used. The anti-caries effectiveness of the mineralizing formula used in R.O.C.S. toothpastes had been proven by a two-year study of school caries prevention, which was carried out under the supervision of the World Health Organization. The formula is also used in treating children\u2019s early caries without the risk of negative side effects, as well as in cosmetic dentistry.\r\n\r\nThe anti-adhesive properties or bromelain and xylitol are the most important active ingredients in the R.O.C.S. formula. Bromelain, synthesized from pineapple stems, decomposes plaque and prevents the formation of new plaque. Xylitol, being a natural ingredient, has antimicrobial properties, which are used to fight caries-producing bacteria and fungi. Based on clinical trials, microbiologists have concluded that R.O.C.S. toothpastes possess prebiotic qualities and normalize the composition of the oral microflora.\r\n\r\n<h2>In search of new formulas<\/h2>\r\nThe formulas of new products are subjected to strenuous laboratory and clinical trials, both in the development stage and after the launch of the product. The results of these trials are always published in specialized medical publications, and also presented at scientific conferences both in Russia and abroad, including the FDI World Dental Federation congresses.\r\n\r\nToday the laboratory owns more than 50 formula patents, while its finds have been made to be the basis for more than 10 scientific studies.\r\n\r\nThe use of a large quantity of natural components also demands special production techniques, which make the production itself more complex and time-consuming than normal. In order to preserve the beneficial properties of the components, R.O.C.S. toothpastes are synthesized at low temperatures, which takes eight hours instead of the usual two.\r\n\r\n<h2>Special approach to children<\/h2>\r\nThe DRC group produces about a hundred different toothpastes, each designed for a specific age group, from children to the elderly.\r\n\r\nThe R.O.C.S. Baby toothpaste can be used even before any teeth have appeared, in order to protect the gums. At this age, children are not yet able to rinse their mouths, and almost always swallow all toothpaste. This is the reason why this particular toothpaste is manufactured using natural components, which are not harmful when swallowed, do not cause allergic reactions and lessen the discomfort of teething.\r\n\r\nFor the 3-7 age group, the company offers the R.O.C.S. Kids range, for the 6-12 age group \u2013 R.O.C.S. Junior, while for the 8-18 age group \u2013 R.O.C.S. Teens. The formulas of these toothpastes have been developed while paying special attention to how the teeth develop at each specific aging stage. Besides toothpastes, the company also manufactures several dental rinses, as well as a wide variety of oral hygiene utensils: brushes, dental floss and interdental brushes.\r\n\r\n<h2>Expanding abroad<\/h2>\r\nToday R.O.C.S. oral care products can be bought in Russia, other CIS countries, the Baltic countries, Finland, Germany, Turkey, Japan, Cyprus, Poland and Malaysia. In total, DRC\u2019s products are sold in over 50 countries worldwide.[\/et_pb_text][\/et_pb_column][\/et_pb_row][\/et_pb_section]","_et_gb_content_width":"","footnotes":""},"class_list":["post-5192","page","type-page","status-publish","hentry"],"_links":{"self":[{"href":"https:\/\/online.rocs.eu\/lv\/wp-json\/wp\/v2\/pages\/5192","targetHints":{"allow":["GET"]}}],"collection":[{"href":"https:\/\/online.rocs.eu\/lv\/wp-json\/wp\/v2\/pages"}],"about":[{"href":"https:\/\/online.rocs.eu\/lv\/wp-json\/wp\/v2\/types\/page"}],"author":[{"embeddable":true,"href":"https:\/\/online.rocs.eu\/lv\/wp-json\/wp\/v2\/users\/2"}],"replies":[{"embeddable":true,"href":"https:\/\/online.rocs.eu\/lv\/wp-json\/wp\/v2\/comments?post=5192"}],"version-history":[{"count":5,"href":"https:\/\/online.rocs.eu\/lv\/wp-json\/wp\/v2\/pages\/5192\/revisions"}],"predecessor-version":[{"id":5199,"href":"https:\/\/online.rocs.eu\/lv\/wp-json\/wp\/v2\/pages\/5192\/revisions\/5199"}],"wp:attachment":[{"href":"https:\/\/online.rocs.eu\/lv\/wp-json\/wp\/v2\/media?parent=5192"}],"curies":[{"name":"wp","href":"https:\/\/api.w.org\/{rel}","templated":true}]}}