{"id":5211,"date":"2022-03-02T14:05:55","date_gmt":"2022-03-02T12:05:55","guid":{"rendered":"https:\/\/online.rocs.eu\/?page_id=5211"},"modified":"2023-11-03T12:16:42","modified_gmt":"2023-11-03T10:16:42","slug":"apmaksas-un-piegades-informacija","status":"publish","type":"page","link":"https:\/\/online.rocs.eu\/lv\/how-to-order\/apmaksas-un-piegades-informacija\/","title":{"rendered":"Apmaksas un pieg\u0101des inform\u0101cija"},"content":{"rendered":"<p>[et_pb_section fb_built=&#8221;1&#8243; admin_label=&#8221;section&#8221; _builder_version=&#8221;4.16&#8243; global_colors_info=&#8221;{}&#8221;][et_pb_row admin_label=&#8221;row&#8221; _builder_version=&#8221;4.16&#8243; background_size=&#8221;initial&#8221; background_position=&#8221;top_left&#8221; background_repeat=&#8221;repeat&#8221; global_colors_info=&#8221;{}&#8221;][et_pb_column type=&#8221;4_4&#8243; _builder_version=&#8221;4.16&#8243; custom_padding=&#8221;|||&#8221; global_colors_info=&#8221;{}&#8221; custom_padding__hover=&#8221;|||&#8221;][et_pb_text _builder_version=&#8221;4.16&#8243; _module_preset=&#8221;default&#8221; global_colors_info=&#8221;{}&#8221;]<\/p>\n<h1>Apmaksas un pieg\u0101des inform\u0101cija<\/h1>\n<h2>Pieg\u0101des termi\u0146i:<\/h2>\n<p>[\/et_pb_text][\/et_pb_column][\/et_pb_row][et_pb_row column_structure=&#8221;1_4,3_4&#8243; _builder_version=&#8221;4.16&#8243; _module_preset=&#8221;default&#8221; global_colors_info=&#8221;{}&#8221;][et_pb_column type=&#8221;1_4&#8243; _builder_version=&#8221;4.16&#8243; _module_preset=&#8221;default&#8221; global_colors_info=&#8221;{}&#8221;][et_pb_image src=&#8221;https:\/\/online.rocs.eu\/wp-content\/uploads\/2022\/03\/itella.jpg&#8221; title_text=&#8221;itella&#8221; _builder_version=&#8221;4.16&#8243; _module_preset=&#8221;default&#8221; global_colors_info=&#8221;{}&#8221;][\/et_pb_image][\/et_pb_column][et_pb_column type=&#8221;3_4&#8243; _builder_version=&#8221;4.16&#8243; _module_preset=&#8221;default&#8221; global_colors_info=&#8221;{}&#8221;][et_pb_text _builder_version=&#8221;4.21.0&#8243; _module_preset=&#8221;default&#8221; global_colors_info=&#8221;{}&#8221;]<\/p>\n<h3>Itella Logistics<\/h3>\n<p>R.O.C.S. ir pieejama uzticama un \u0113rta pieg\u0101des iesp\u0113ja. pas\u016bt\u012bjumus. Izmantojot \u0161o pieg\u0101des veidu, j\u016bsu pas\u016bt\u012bjums tiks nos\u016bt\u012bts 7-10 darba dienu laik\u0101 un nog\u0101d\u0101ts tuv\u0101kaj\u0101 sav\u0101k\u0161anas centr\u0101.[\/et_pb_text][\/et_pb_column][\/et_pb_row][et_pb_row column_structure=&#8221;1_4,3_4&#8243; _builder_version=&#8221;4.16&#8243; _module_preset=&#8221;default&#8221; global_colors_info=&#8221;{}&#8221;][et_pb_column type=&#8221;1_4&#8243; _builder_version=&#8221;4.16&#8243; _module_preset=&#8221;default&#8221; global_colors_info=&#8221;{}&#8221;][et_pb_image src=&#8221;https:\/\/online.rocs.eu\/wp-content\/uploads\/2022\/03\/1b6d8105c48ca0a9cca43eaea3bcb5da.jpg&#8221; title_text=&#8221;1b6d8105c48ca0a9cca43eaea3bcb5da&#8221; _builder_version=&#8221;4.16&#8243; _module_preset=&#8221;default&#8221; global_colors_info=&#8221;{}&#8221;][\/et_pb_image][\/et_pb_column][et_pb_column type=&#8221;3_4&#8243; _builder_version=&#8221;4.16&#8243; _module_preset=&#8221;default&#8221; global_colors_info=&#8221;{}&#8221;][et_pb_text _builder_version=&#8221;4.21.0&#8243; _module_preset=&#8221;default&#8221; global_colors_info=&#8221;{}&#8221;]<\/p>\n<h3>Omniva<\/h3>\n<p>Lai nodro\u0161in\u0101tu zem\u0101ko pieg\u0101des maksu, mazus pas\u016bt\u012bjumus ir iesp\u0113jams nos\u016bt\u012bt tie\u0161i no pieg\u0101des noliktavas Tallin\u0101, izmantojot Igaunijas pasta paku s\u016bt\u012b\u0161anas pakalpojumus. Izmantojot Igaunijas pasta pakalpojumus, j\u016bsu pas\u016bt\u012bjums tiks izs\u016bt\u012bts 48-72 stundu laik\u0101 un pieg\u0101d\u0101ts tuv\u0101kaj\u0101 pasta noda\u013c\u0101 3-7 darba dienu laik\u0101.[\/et_pb_text][\/et_pb_column][\/et_pb_row][et_pb_row column_structure=&#8221;1_4,3_4&#8243; _builder_version=&#8221;4.16&#8243; _module_preset=&#8221;default&#8221; global_colors_info=&#8221;{}&#8221;][et_pb_column type=&#8221;1_4&#8243; _builder_version=&#8221;4.16&#8243; _module_preset=&#8221;default&#8221; global_colors_info=&#8221;{}&#8221;][et_pb_image src=&#8221;https:\/\/online.rocs.eu\/wp-content\/uploads\/2022\/03\/dpd.jpg&#8221; title_text=&#8221;dpd&#8221; _builder_version=&#8221;4.16&#8243; _module_preset=&#8221;default&#8221; global_colors_info=&#8221;{}&#8221;][\/et_pb_image][\/et_pb_column][et_pb_column type=&#8221;3_4&#8243; _builder_version=&#8221;4.16&#8243; _module_preset=&#8221;default&#8221; global_colors_info=&#8221;{}&#8221;][et_pb_text _builder_version=&#8221;4.21.0&#8243; _module_preset=&#8221;default&#8221; global_colors_info=&#8221;{}&#8221;]<\/p>\n<h3>DPD<\/h3>\n<p>Vado\u0161ais starptautiskais s\u016bt\u012bjumu un kravu eksprespieg\u0101des pakalpojums. Izmantojot DPD pieg\u0101des metodi, j\u016bsu pas\u016bt\u012bjums tiks nos\u016bt\u012bts 48-72 stundu laik\u0101 un nog\u0101d\u0101ts tuv\u0101kaj\u0101 pasta pakalpojumu punkt\u0101 3-7 darba dienu laik\u0101.[\/et_pb_text][\/et_pb_column][\/et_pb_row][et_pb_row admin_label=&#8221;row&#8221; _builder_version=&#8221;4.16&#8243; background_size=&#8221;initial&#8221; background_position=&#8221;top_left&#8221; background_repeat=&#8221;repeat&#8221; global_colors_info=&#8221;{}&#8221;][et_pb_column type=&#8221;4_4&#8243; _builder_version=&#8221;4.16&#8243; custom_padding=&#8221;|||&#8221; global_colors_info=&#8221;{}&#8221; custom_padding__hover=&#8221;|||&#8221;][et_pb_text _builder_version=&#8221;4.16&#8243; _module_preset=&#8221;default&#8221; global_colors_info=&#8221;{}&#8221;]<\/p>\n<h2>Inform\u0101cija par apmaksu:<\/h2>\n<p>[\/et_pb_text][\/et_pb_column][\/et_pb_row][et_pb_row column_structure=&#8221;1_4,3_4&#8243; _builder_version=&#8221;4.16&#8243; _module_preset=&#8221;default&#8221; global_colors_info=&#8221;{}&#8221;][et_pb_column type=&#8221;1_4&#8243; _builder_version=&#8221;4.16&#8243; _module_preset=&#8221;default&#8221; global_colors_info=&#8221;{}&#8221;][et_pb_image src=&#8221;https:\/\/online.rocs.eu\/wp-content\/uploads\/2022\/03\/paypal.jpg&#8221; title_text=&#8221;paypal&#8221; _builder_version=&#8221;4.16&#8243; _module_preset=&#8221;default&#8221; global_colors_info=&#8221;{}&#8221;][\/et_pb_image][\/et_pb_column][et_pb_column type=&#8221;3_4&#8243; _builder_version=&#8221;4.16&#8243; _module_preset=&#8221;default&#8221; global_colors_info=&#8221;{}&#8221;][et_pb_text _builder_version=&#8221;4.16&#8243; _module_preset=&#8221;default&#8221; global_colors_info=&#8221;{}&#8221;]Izmantojot PayPal pakalpojumus, j\u016bsu pas\u016bt\u012bjumu ir iesp\u0113jams \u0113rti apmaks\u0101t uzreiz p\u0113c tam, kad PayPal sist\u0113m\u0101 ir apstiprin\u0101ts pas\u016bt\u012bjums.[\/et_pb_text][\/et_pb_column][\/et_pb_row][\/et_pb_section]<\/p>\n","protected":false},"excerpt":{"rendered":"<p>Apmaksas un pieg\u0101des inform\u0101cija Pieg\u0101des termi\u0146i:Itella Logistics R.O.C.S. ir pieejama uzticama un \u0113rta pieg\u0101des iesp\u0113ja. pas\u016bt\u012bjumus. Izmantojot \u0161o pieg\u0101des veidu, j\u016bsu pas\u016bt\u012bjums tiks nos\u016bt\u012bts 7-10 darba dienu laik\u0101 un nog\u0101d\u0101ts tuv\u0101kaj\u0101 sav\u0101k\u0161anas centr\u0101.Omniva Lai nodro\u0161in\u0101tu zem\u0101ko pieg\u0101des maksu, mazus pas\u016bt\u012bjumus ir iesp\u0113jams nos\u016bt\u012bt tie\u0161i no pieg\u0101des noliktavas Tallin\u0101, izmantojot Igaunijas pasta paku s\u016bt\u012b\u0161anas pakalpojumus. Izmantojot [&hellip;]<\/p>\n","protected":false},"author":2,"featured_media":0,"parent":5207,"menu_order":0,"comment_status":"closed","ping_status":"closed","template":"","meta":{"_et_pb_use_builder":"on","_et_pb_old_content":"[et_pb_section fb_built=\"1\" admin_label=\"section\" _builder_version=\"3.22\" global_colors_info=\"{}\"][et_pb_row admin_label=\"row\" _builder_version=\"3.25\" background_size=\"initial\" background_position=\"top_left\" background_repeat=\"repeat\" global_colors_info=\"{}\"][et_pb_column type=\"4_4\" _builder_version=\"3.25\" custom_padding=\"|||\" global_colors_info=\"{}\" custom_padding__hover=\"|||\"][et_pb_text _builder_version=\"4.14.8\" _module_preset=\"default\" hover_enabled=\"0\" sticky_enabled=\"0\"]<h1>Payment and Delivery Information<\/h1>\r\n<h2>Delivery terms:<\/h2>[\/et_pb_text][\/et_pb_column][\/et_pb_row][et_pb_row _builder_version=\"4.14.8\" _module_preset=\"default\" column_structure=\"1_4,3_4\"][et_pb_column _builder_version=\"4.14.8\" _module_preset=\"default\" type=\"1_4\"][et_pb_image _builder_version=\"4.14.8\" _module_preset=\"default\" title_text=\"itella\" src=\"https:\/\/online.rocs.eu\/wp-content\/uploads\/2022\/03\/itella.jpg\" hover_enabled=\"0\" sticky_enabled=\"0\"][\/et_pb_image][\/et_pb_column][et_pb_column _builder_version=\"4.14.8\" _module_preset=\"default\" type=\"3_4\"][et_pb_text _builder_version=\"4.14.8\" _module_preset=\"default\" hover_enabled=\"0\" sticky_enabled=\"0\"]<h3>Itella Logistics<\/h3>\r\nThere are 2 reliable and convenient delivery options available for R.O.C.S. orders - Economy and Express Flex. Using Economy delivery method your order will be shipped within 24 hours and delivered to the nearest pick-up service on the next working day. Using Express Flex delivery method your order will be shipped within 24 hours and Itella transport team will contact you on the next working day to arrange suitable delivery address.[\/et_pb_text][\/et_pb_column][\/et_pb_row][et_pb_row _builder_version=\"4.14.8\" _module_preset=\"default\" column_structure=\"1_4,3_4\"][et_pb_column _builder_version=\"4.14.8\" _module_preset=\"default\" type=\"1_4\"][et_pb_image _builder_version=\"4.14.8\" _module_preset=\"default\" title_text=\"1b6d8105c48ca0a9cca43eaea3bcb5da\" src=\"https:\/\/online.rocs.eu\/wp-content\/uploads\/2022\/03\/1b6d8105c48ca0a9cca43eaea3bcb5da.jpg\" hover_enabled=\"0\" sticky_enabled=\"0\"][\/et_pb_image][\/et_pb_column][et_pb_column _builder_version=\"4.14.8\" _module_preset=\"default\" type=\"3_4\"][et_pb_text _builder_version=\"4.14.8\" _module_preset=\"default\" hover_enabled=\"0\" sticky_enabled=\"0\"]<h3>Omniva<\/h3>\r\nTo ensure lowest delivery rate small orders can be sent directly from main distribution warehouse in Tallinn using Estonian Post parcel services. Using Estonian Post delivery method your order will be shipped within 24 hours and delivered to the nearest postal service point in 3-7 working days.[\/et_pb_text][\/et_pb_column][\/et_pb_row][et_pb_row _builder_version=\"4.14.8\" _module_preset=\"default\" column_structure=\"1_4,3_4\"][et_pb_column _builder_version=\"4.14.8\" _module_preset=\"default\" type=\"1_4\"][et_pb_image _builder_version=\"4.14.8\" _module_preset=\"default\" title_text=\"dpd\" src=\"https:\/\/online.rocs.eu\/wp-content\/uploads\/2022\/03\/dpd.jpg\" hover_enabled=\"0\" sticky_enabled=\"0\"][\/et_pb_image][\/et_pb_column][et_pb_column _builder_version=\"4.14.8\" _module_preset=\"default\" type=\"3_4\"][et_pb_text _builder_version=\"4.14.8\" _module_preset=\"default\" hover_enabled=\"0\" sticky_enabled=\"0\"]<h3>DPD<\/h3>\r\nLeading international express delivery service for parcels and cargo.[\/et_pb_text][\/et_pb_column][\/et_pb_row][et_pb_row admin_label=\"row\" _builder_version=\"3.25\" background_size=\"initial\" background_position=\"top_left\" background_repeat=\"repeat\" global_colors_info=\"{}\"][et_pb_column type=\"4_4\" _builder_version=\"3.25\" custom_padding=\"|||\" global_colors_info=\"{}\" custom_padding__hover=\"|||\"][et_pb_text _builder_version=\"4.14.8\" _module_preset=\"default\" hover_enabled=\"0\" sticky_enabled=\"0\"]<h2>Payment terms:<\/h2>[\/et_pb_text][\/et_pb_column][\/et_pb_row][et_pb_row _builder_version=\"4.14.8\" _module_preset=\"default\" column_structure=\"1_4,3_4\"][et_pb_column _builder_version=\"4.14.8\" _module_preset=\"default\" type=\"1_4\"][et_pb_image _builder_version=\"4.14.8\" _module_preset=\"default\" title_text=\"paypal\" src=\"https:\/\/online.rocs.eu\/wp-content\/uploads\/2022\/03\/paypal.jpg\" hover_enabled=\"0\" sticky_enabled=\"0\"][\/et_pb_image][\/et_pb_column][et_pb_column _builder_version=\"4.14.8\" _module_preset=\"default\" type=\"3_4\"][et_pb_text _builder_version=\"4.14.8\" _module_preset=\"default\" hover_enabled=\"0\" sticky_enabled=\"0\"]In case you are using PayPal services your order can be easily paid immediately after order confirmation through PayPal system.[\/et_pb_text][\/et_pb_column][\/et_pb_row][\/et_pb_section]","_et_gb_content_width":"","footnotes":""},"class_list":["post-5211","page","type-page","status-publish","hentry"],"_links":{"self":[{"href":"https:\/\/online.rocs.eu\/lv\/wp-json\/wp\/v2\/pages\/5211","targetHints":{"allow":["GET"]}}],"collection":[{"href":"https:\/\/online.rocs.eu\/lv\/wp-json\/wp\/v2\/pages"}],"about":[{"href":"https:\/\/online.rocs.eu\/lv\/wp-json\/wp\/v2\/types\/page"}],"author":[{"embeddable":true,"href":"https:\/\/online.rocs.eu\/lv\/wp-json\/wp\/v2\/users\/2"}],"replies":[{"embeddable":true,"href":"https:\/\/online.rocs.eu\/lv\/wp-json\/wp\/v2\/comments?post=5211"}],"version-history":[{"count":5,"href":"https:\/\/online.rocs.eu\/lv\/wp-json\/wp\/v2\/pages\/5211\/revisions"}],"predecessor-version":[{"id":23510,"href":"https:\/\/online.rocs.eu\/lv\/wp-json\/wp\/v2\/pages\/5211\/revisions\/23510"}],"up":[{"embeddable":true,"href":"https:\/\/online.rocs.eu\/lv\/wp-json\/wp\/v2\/pages\/5207"}],"wp:attachment":[{"href":"https:\/\/online.rocs.eu\/lv\/wp-json\/wp\/v2\/media?parent=5211"}],"curies":[{"name":"wp","href":"https:\/\/api.w.org\/{rel}","templated":true}]}}