{"id":5218,"date":"2022-03-15T15:12:18","date_gmt":"2022-03-15T12:12:18","guid":{"rendered":"https:\/\/online.rocs.eu\/?page_id=5218"},"modified":"2022-04-29T10:03:27","modified_gmt":"2022-04-29T07:03:27","slug":"naudas-atgriesana","status":"publish","type":"page","link":"https:\/\/online.rocs.eu\/lv\/how-to-order\/naudas-atgriesana\/","title":{"rendered":"Naudas atgrie\u0161ana"},"content":{"rendered":"<p>[et_pb_section fb_built=&#8221;1&#8243; admin_label=&#8221;section&#8221; _builder_version=&#8221;4.15&#8243; global_colors_info=&#8221;{}&#8221;][et_pb_row admin_label=&#8221;row&#8221; _builder_version=&#8221;4.15&#8243; background_size=&#8221;initial&#8221; background_position=&#8221;top_left&#8221; background_repeat=&#8221;repeat&#8221; global_colors_info=&#8221;{}&#8221;][et_pb_column type=&#8221;4_4&#8243; _builder_version=&#8221;4.15&#8243; custom_padding=&#8221;|||&#8221; global_colors_info=&#8221;{}&#8221; custom_padding__hover=&#8221;|||&#8221;][et_pb_text _builder_version=&#8221;4.15.1&#8243; _module_preset=&#8221;default&#8221; hover_enabled=&#8221;0&#8243; global_colors_info=&#8221;{}&#8221; sticky_enabled=&#8221;0&#8243;]<\/p>\n<h1>Naudas atgrie\u0161ana<\/h1>\n<p>Klientam 14 dienu laik\u0101 p\u0113c pre\u010du sa\u0146em\u0161anas ir mums j\u0101pazi\u0146o par nodomu atgriezt preces, aizpildot zem\u0101k pieejamo pre\u010du atgrie\u0161anas veidlapu.<\/p>\n<p>Atgriezt\u0101s preces nedr\u012bkst b\u016bt lietotas un boj\u0101tas un t\u0101m ir j\u0101b\u016bt iepakot\u0101m ori\u0123in\u0101laj\u0101 iepakojum\u0101.<\/p>\n<p>Atgrie\u0161anas gad\u012bjum\u0101 nos\u016bt\u012b\u0161anas izmaksas sedz klients (maks. \u20ac 10, saska\u0146\u0101 ar LPA \u00a7194 (4)), iz\u0146\u0113mums ir gad\u012bjumi, kad atgrie\u0161anas iemesls ir pas\u016bt\u012bjumam neatbilsto\u0161a prece vai produkta defekts (nefunkcion\u0113 dozators, boj\u0101ts v\u0101ci\u0146\u0161 u.c.).<\/p>\n<p>Naudu 10 kalend\u0101ro dienu laik\u0101 p\u0113c pre\u010du sa\u0146em\u0161anas klientam atgrie\u017e Unicosmetic O\u00dc.<\/p>\n<p>Nevar atgriezt mutes dobuma kop\u0161anas produktus, kuru iepakojums ir atv\u0113rts. T\u0101pat netiek atgriezta nauda par produktiem, kuriem nevar noteikt, vai tie ir lietoti (vai nav lietoti). Piem\u0113rs \u2013 zobu pasta, kurai ir sal\u012bdzino\u0161i \u012bss lieto\u0161anas termi\u0146\u0161, kas ir tie\u0161\u0101 veid\u0101 atkar\u012bgs no iepakojuma atv\u0113r\u0161anas datuma.<\/p>\n<p>Jebk\u0101da veida s\u016bdz\u012bbas, l\u016bdzu, nos\u016btiet uz e-pastu:  <a href=\"mailto:info@rocs.eu\">info@rocs.eu<\/a>. E-pasta v\u0113stul\u0113 iesak\u0101m aprakst\u012bt probl\u0113mas c\u0113loni, k\u0101 ar\u012b noteikti nor\u0101d\u012bt savu kontaktinform\u0101ciju. Ar s\u016bdz\u012bbas iesniedz\u0113ju sazin\u0101simies 3 darba dienu laik\u0101.[\/et_pb_text][\/et_pb_column][\/et_pb_row][\/et_pb_section]<\/p>\n","protected":false},"excerpt":{"rendered":"<p>Naudas atgrie\u0161ana Klientam 14 dienu laik\u0101 p\u0113c pre\u010du sa\u0146em\u0161anas ir mums j\u0101pazi\u0146o par nodomu atgriezt preces, aizpildot zem\u0101k pieejamo pre\u010du atgrie\u0161anas veidlapu. Atgriezt\u0101s preces nedr\u012bkst b\u016bt lietotas un boj\u0101tas un t\u0101m ir j\u0101b\u016bt iepakot\u0101m ori\u0123in\u0101laj\u0101 iepakojum\u0101. Atgrie\u0161anas gad\u012bjum\u0101 nos\u016bt\u012b\u0161anas izmaksas sedz klients (maks. \u20ac 10, saska\u0146\u0101 ar LPA \u00a7194 (4)), iz\u0146\u0113mums ir gad\u012bjumi, kad atgrie\u0161anas [&hellip;]<\/p>\n","protected":false},"author":2,"featured_media":0,"parent":5207,"menu_order":0,"comment_status":"closed","ping_status":"closed","template":"","meta":{"_et_pb_use_builder":"on","_et_pb_old_content":"[et_pb_section fb_built=\"1\" admin_label=\"section\" _builder_version=\"3.22\" global_colors_info=\"{}\"][et_pb_row admin_label=\"row\" _builder_version=\"3.25\" background_size=\"initial\" background_position=\"top_left\" background_repeat=\"repeat\" global_colors_info=\"{}\"][et_pb_column type=\"4_4\" _builder_version=\"3.25\" custom_padding=\"|||\" global_colors_info=\"{}\" custom_padding__hover=\"|||\"][et_pb_text _builder_version=\"4.14.9\" _module_preset=\"default\" hover_enabled=\"0\" sticky_enabled=\"0\"]<h1>Refund<\/h1>\r\n<p>The customer must notify us of the intention to return the goods within 14 days of receipt of the goods by filling out the return form below.<\/p>\r\n<p>The returned goods must be unused, undamaged and in the original packaging.<\/p>\r\n<p>In case of return, the shipping costs are borne by the customer (max. \u20ac 10, \u00a7 194 (4) of the LPA), unless the reason for return is non-compliance with the order product or defect (nozzle does not work, broken cap, etc.).<\/p>\r\n<p>Unicosmetic O\u00dc returns the money to the customer within 10 calendar days after receiving the goods.<\/p>\r\n<p>Oral care products in open packages cannot be returned. Also, products whose use (or non-use) cannot be identified are not refundable. For example, toothpaste, which has a relatively short shelf life and depends directly on the date of opening the package.<\/p>\r\n<p>Please send all possible complaints to our e-mail address: <a href=\"mailto:info@rocs.eu\">info@rocs.eu<\/a>. In the letter, we recommend that you describe the cause of your problem and don't forget to include your contact information. We will contact the complainant within 3 working days.<\/p>[\/et_pb_text][\/et_pb_column][\/et_pb_row][\/et_pb_section]","_et_gb_content_width":"","footnotes":""},"class_list":["post-5218","page","type-page","status-publish","hentry"],"_links":{"self":[{"href":"https:\/\/online.rocs.eu\/lv\/wp-json\/wp\/v2\/pages\/5218","targetHints":{"allow":["GET"]}}],"collection":[{"href":"https:\/\/online.rocs.eu\/lv\/wp-json\/wp\/v2\/pages"}],"about":[{"href":"https:\/\/online.rocs.eu\/lv\/wp-json\/wp\/v2\/types\/page"}],"author":[{"embeddable":true,"href":"https:\/\/online.rocs.eu\/lv\/wp-json\/wp\/v2\/users\/2"}],"replies":[{"embeddable":true,"href":"https:\/\/online.rocs.eu\/lv\/wp-json\/wp\/v2\/comments?post=5218"}],"version-history":[{"count":4,"href":"https:\/\/online.rocs.eu\/lv\/wp-json\/wp\/v2\/pages\/5218\/revisions"}],"predecessor-version":[{"id":5223,"href":"https:\/\/online.rocs.eu\/lv\/wp-json\/wp\/v2\/pages\/5218\/revisions\/5223"}],"up":[{"embeddable":true,"href":"https:\/\/online.rocs.eu\/lv\/wp-json\/wp\/v2\/pages\/5207"}],"wp:attachment":[{"href":"https:\/\/online.rocs.eu\/lv\/wp-json\/wp\/v2\/media?parent=5218"}],"curies":[{"name":"wp","href":"https:\/\/api.w.org\/{rel}","templated":true}]}}