{"id":5224,"date":"2022-03-02T07:46:29","date_gmt":"2022-03-02T04:46:29","guid":{"rendered":"https:\/\/online.rocs.eu\/?page_id=5224"},"modified":"2022-11-03T10:43:54","modified_gmt":"2022-11-03T07:43:54","slug":"cookie-policy","status":"publish","type":"page","link":"https:\/\/online.rocs.eu\/lv\/cookie-policy\/","title":{"rendered":"Cookie Policy"},"content":{"rendered":"<p>[et_pb_section fb_built=&#8221;1&#8243; admin_label=&#8221;section&#8221; _builder_version=&#8221;4.15&#8243; global_colors_info=&#8221;{}&#8221;][et_pb_row admin_label=&#8221;row&#8221; _builder_version=&#8221;4.15&#8243; background_size=&#8221;initial&#8221; background_position=&#8221;top_left&#8221; background_repeat=&#8221;repeat&#8221; global_colors_info=&#8221;{}&#8221;][et_pb_column type=&#8221;4_4&#8243; _builder_version=&#8221;4.15&#8243; custom_padding=&#8221;|||&#8221; global_colors_info=&#8221;{}&#8221; custom_padding__hover=&#8221;|||&#8221;][et_pb_text _builder_version=&#8221;4.15.1&#8243; _module_preset=&#8221;default&#8221; hover_enabled=&#8221;0&#8243; global_colors_info=&#8221;{}&#8221; sticky_enabled=&#8221;0&#8243;]<\/p>\n<h2>PRIVACY AND PERSONAL DATA PROTECTION POLICY<\/h2>\n<p>This Privacy and Personal Data Protection Policy (hereinafter referred to as the Privacy Policy) explains what data is collected on the website www.online.rocs.eu (hereinafter referred to as the website) and for what purposes.\u00a0 By registering as a user on the website, you confirm that you have read the Privacy Policy, that you understand these terms and conditions and that you agree to what is set out below.<\/p>\n<ol>\n<li>When providing services on the website, concluding a Contract and in other cases, the Administrator may collect and use the following personal data:<\/li>\n<\/ol>\n<p>* information, that the User himself provides by registering and\/or buying products on the website (for example, his name, contact details, username, password)<\/p>\n<p>* information about the User\u2019s computer and about the User\u2019s visits and use of this Website, the use of various functions and services of the Website, including the IP address, time and date of the User\u2019s connection to the website;<\/p>\n<p>* any other information that the User may provide at any time using the website and the services provided.<\/p>\n<p>2. When using the website, data is collected about the user\u2019s behavior and actions using cookies. A cookie is a small piece of data sent by an Internet site to the browser and stored on the user\u2019s computer. It is used to store information about the user\u2019s behavior and actions when using an Internet site (for example, the history of purchases in an online store, user authentication, storing personal preferences and user settings, tracking the status of the user\u2019s access session, maintaining statistics about users).<\/p>\n<p>3. The User agrees to the installation of cookies by giving his consent on the website.<\/p>\n<p>4. The User\u2019s personal data is used exclusively for the purposes specified in this Privacy Policy. The Administrator processes the User\u2019s personal data for the following purposes:<\/p>\n<p>\u2013 to conclude a Contract with the User, to ensure the execution of the Contract, including for contacting the User in connection with the Contract and Services;<\/p>\n<p>\u2013 to prepare and send invoices ;<\/p>\n<p>\u2013 to provide assistance to the User and advice, if the User has submitted a corresponding request.<\/p>\n<p>-to analyze the statistics of attendance and use of the website, which is necessary to improve the operation of the website so that the service meets the expectations of users as much as possible, including to determine the cost of the products offered, to plan new services and to improve the security of the website.<\/p>\n<p>-to ensure the quality of services and their availability, as well as the expansion, improvement and otherwise development of the services offered.<\/p>\n<p>5. The Administrator provides the User\u2019s personal data to third parties in following cases:<\/p>\n<p>-when mediating the sale of goods and services of third parties through the website, the user name and contacts are transmitted to the relevant Seller;<\/p>\n<p>\u2013 the data is transferred to other persons whom the Website Administrator has the right to hire at his own discretion in order to provide services more efficiently, as well as to ensure the operation of the functions of the website;<\/p>\n<p>\u2013 in other legally established cases<\/p>\n<p>6. The User may submit to the Administrator a written application (by mail or e-mail) to provide information about which sources and which personal data of the user are collected, for what purpose they are processed, to which recipients of the data are transmitted. The Administrator responds to such statements in accordance with the procedure and terms established by law. At the request of the User, such data is provided in writing to the specified address or email address. If, after receiving the application, the Administrator has suspicions about the identification of the applicant, the Administrator has the right to request an identity document or a copy of it from the applicant.<\/p>\n<p>7. The User has the right to submit a written application to the Administrator (by mail or e-mail) and request to correct incorrect, incomplete, inaccurate personal data, request to stop the processing of personal data, except for storage, if the data is processed without compliance with the laws and conditions of this Privacy Policy. In accordance with a specific written statement of the User, all personal information may be deleted if, after receiving the application, the Administrator has suspicions about the identification of the applicant, the Administrator has the right to request an identity document or a copy of it from the applicant.<\/p>\n<p>8. The User\u2019s personal data will be processed in accordance with the Law of the Republic of Estonia on the Protection of Personal Data and the requirements of other legislative acts. The Administrator takes the necessary organizational and technical measures to ensure the protection of personal data. At the same time, data transmission on the Internet is inherently insecure, and the Administrator cannot guarantee secure data transmission on the Internet.<\/p>\n<p>9. The responsible processor of the User\u2019s personal data (Data Subject) is the Administrator \u2013 Unicosmetic O\u00dc, (registered and operating in the Republic of Estonia under the register code 12808641, location Rae vald, J\u00e4rvek\u00fcla, Ida tee 16, 75304, e-mail store@rocs.eu).<\/p>\n<p>10. Deletion of personal data<br \/>To delete personal information, you can send a request to the e-mail store@rocs.eu . Please include your first and last name in your email. The request will be processed within 30 days. After the deletion of personal information, you will receive a notification to your e-mail from which the request was made.<\/p>\n<p>[\/et_pb_text][\/et_pb_column][\/et_pb_row][\/et_pb_section]<\/p>\n","protected":false},"excerpt":{"rendered":"<p>PRIVACY AND PERSONAL DATA PROTECTION POLICY This Privacy and Personal Data Protection Policy (hereinafter referred to as the Privacy Policy) explains what data is collected on the website www.online.rocs.eu (hereinafter referred to as the website) and for what purposes.\u00a0 By registering as a user on the website, you confirm that you have read the Privacy [&hellip;]<\/p>\n","protected":false},"author":2,"featured_media":0,"parent":0,"menu_order":0,"comment_status":"closed","ping_status":"closed","template":"","meta":{"_et_pb_use_builder":"on","_et_pb_old_content":"[et_pb_section fb_built=\"1\" admin_label=\"section\" _builder_version=\"3.22\" global_colors_info=\"{}\"][et_pb_row admin_label=\"row\" _builder_version=\"3.25\" background_size=\"initial\" background_position=\"top_left\" background_repeat=\"repeat\" global_colors_info=\"{}\"][et_pb_column type=\"4_4\" _builder_version=\"3.25\" custom_padding=\"|||\" global_colors_info=\"{}\" custom_padding__hover=\"|||\"][et_pb_text _builder_version=\"4.14.9\" _module_preset=\"default\" hover_enabled=\"0\" sticky_enabled=\"0\"]<h1>Konfidentsiaalsus- ja isikuandmete kaitse poliitika<\/h1>\r\nKonfidentsiaalsus- ja isikuandmete kaitse poliitika (edaspidi: konfidentsiaalsuspoliitika) selgitab, milliseid andmeid kogutakse veebisaidil online.rocs.eu (edaspidi: veebisait) ja millistel eesm\u00e4rkidel. Veebisaidi kasutajaks registreerudes kinnitate, et olete konfidentsiaalsuspoliitikaga tutvunud, m\u00f5istate selle tingimusi ja n\u00f5ustute allpool s\u00e4testatuga.\r\n\r\n1. Veebisaidil teenuseid pakkudes, lepingu s\u00f5lmimise korral ja muudel juhtudel v\u00f5ib administraator koguda ja kasutada j\u00e4rgmisi isikuandmeid:\r\n* teavet, mille kasutaja ise esitab veebisaidil registreerudes ja\/v\u00f5i tooteid ostes (n\u00e4iteks tema nimi, kontaktandmed, kasutajanimi, salas\u00f5na);\r\n* teavet kasutaja arvuti ning k\u00f5nealuse veebisaidi k\u00fclastuste ja kasutamise kohta ning erinevate funktsioonide ja teenuste kasutamise kohta, sealhulgas IP-aadress ning veebisaidiga \u00fchenduse loomise kellaaeg ja kuup\u00e4ev;\r\n* igasugust muud teavet, mida kasutaja esitab mistahes ajal veebisaidi ja pakutavate teenuste kasutamise k\u00e4igus.\r\n\r\n2. Veebisaidi kasutamisel kogutakse k\u00fcpsisefailide abil andmeid kasutaja k\u00e4itumise ja toimingute kohta. K\u00fcpsisefail kujutab endast v\u00e4ikest andmefragmenti, mille veebisait saadab brauserisse ja mida s\u00e4ilitatakse kasutaja arvutis. K\u00fcpsisefailide abil s\u00e4ilitatakse teavet kasutaja k\u00e4itumise ja toimingute kohta veebisaidi kasutamisel (nt ostude ajalugu veebipoes, kasutaja autentimine, isiklike eelistuste ja seadete salvestamine, kasutaja juurdep\u00e4\u00e4suseansi oleku j\u00e4lgimine, kasutajate statistika s\u00e4ilitamine).\r\n\r\n3. Kasutaja n\u00f5ustub k\u00fcpsisefailide paigaldamisega, andes oma n\u00f5usoleku veebisaidil.\r\n\r\n4. Kasutaja isikuandmeid kasutatakse eranditult k\u00e4esolevas konfidentsiaalsuspoliitikas viidatud eesm\u00e4rkidel. Administraator t\u00f6\u00f6tleb kasutaja isikuandmeid j\u00e4rgmistel eesm\u00e4rkidel:\r\n* kasutajaga lepingu s\u00f5lmimiseks ja lepingu t\u00e4itmise tagamiseks, sealhulgas kasutajaga lepingu ja teenuste osas \u00fchenduse v\u00f5tmiseks;\r\n* arvete koostamiseks ja saatmiseks;\r\n* kasutajale abi osutamiseks ja kasutaja konsulteerimiseks, kui kasutaja on esitanud asjakohase taotluse;\r\n* veebisaidi k\u00fclastatavuse ja kasutamise statistika anal\u00fc\u00fcsimiseks, mis on vajalik veebisaidi toimimise parandamiseks selliselt, et teenus vastaks maksimaalselt kasutajate ootustele, sealhulgas pakutavate toodete maksumuse kindlaksm\u00e4\u00e4ramiseks, uute teenuste kavandamiseks ja veebisaidi turvalisuse parandamiseks;\r\n* teenuste kvaliteedi ja k\u00e4ttesaadavuse tagamiseks ning pakutavate teenuste laiendamiseks, t\u00e4iustamiseks ja muul viisil arendamiseks.\r\n\r\n5. Administraator edastab kasutaja isikuandmed kolmandatele isikutele j\u00e4rgmistel juhtudel:\r\n* kolmandate isikute kaupade ja teenuste m\u00fc\u00fcgi vahendamisel veebisaidi kaudu edastatakse kasutaja nimi ja kontaktid vastavale m\u00fc\u00fcjale;\r\n* andmed edastatakse teistele isikutele, keda veebisaidi administraatoril on \u00f5igus palgata oma \u00e4ran\u00e4gemise j\u00e4rgi t\u00f5husamaks teenuste pakkumiseks ning veebisaidi funktsioonide toimimise tagamiseks;\r\n* muudel seaduses s\u00e4testatud juhtudel.\r\n\r\n6. Kasutaja v\u00f5ib esitada administraatorile kirjaliku taotluse (posti v\u00f5i e-posti teel), et saada teavet selle kohta, millistest allikatest ja milliseid kasutaja isikuandmeid kogutakse, millisel eesm\u00e4rgil neid t\u00f6\u00f6deldakse ja millistele saajatele andmeid edastatakse. Administraator vastab sellistele taotlustele seaduses m\u00e4\u00e4ratud viisil ja t\u00e4htaegadel. Kasutaja n\u00f5udmise korral esitatakse andmed kirjalikult eelmainitud aadressile v\u00f5i e-posti aadressile. Kui administraatoril tekib p\u00e4rast taotluse saamist kahtlusi taotleja tuvastamise osas, on tal \u00f5igus n\u00f5uda taotlejalt isikut t\u00f5endava dokumendi v\u00f5i selle koopia esitamist.\r\n\r\n7. Kasutajal on \u00f5igus esitada administraatorile kirjalik taotlus (posti v\u00f5i e-posti teel) ning n\u00f5uda enda eba\u00f5igete, puudulike ja ebat\u00e4psete isikuandmete parandamist v\u00f5i n\u00f5uda isikuandmete t\u00f6\u00f6tlemise peatamist, v\u00e4lja arvatud andmete s\u00e4ilitamine, juhul kui andmeid t\u00f6\u00f6deldakse seadusi ja k\u00e4esoleva konfidentsiaalsuspoliitika tingimusi j\u00e4rgimata. Kasutaja konkreetsele kirjalikule taotlusele vastavalt saab kogu isikliku teabe eemaldada. Kui administraatoril tekib p\u00e4rast taotluse saamist kahtlusi taotleja tuvastamise osas, on tal \u00f5igus n\u00f5uda taotlejalt isikut t\u00f5endava dokumendi v\u00f5i selle koopia esitamist.\r\n\r\n8. Kasutaja isikuandmeid t\u00f6\u00f6deldakse vastavalt Eesti Vabariigi isikuandmete kaitse seadusele ja teiste \u00f5igusaktide n\u00f5uetele. Administraator v\u00f5tab isikuandmete kaitse tagamiseks kasutusele vajalikud organisatsioonilised ja tehnilised meetmed. Samas on andmete edastamine internetis olemuslikult ebaturvaline ja administraator ei saa tagada andmete ohutut edastamist internetis.\r\n\r\n9. Kasutaja (andmesubjekt) isikuandmete vastutav t\u00f6\u00f6tleja on administraator Unicosmetic O\u00dc, (registreeritud ja tegutseb Eesti Vabariigis registrikoodig , asukoht A. H. Tammsaare tee 4711316 Tallinn, e-posti aadress store@rocs.eu).[\/et_pb_text][\/et_pb_column][\/et_pb_row][\/et_pb_section]","_et_gb_content_width":"","footnotes":""},"class_list":["post-5224","page","type-page","status-publish","hentry"],"_links":{"self":[{"href":"https:\/\/online.rocs.eu\/lv\/wp-json\/wp\/v2\/pages\/5224","targetHints":{"allow":["GET"]}}],"collection":[{"href":"https:\/\/online.rocs.eu\/lv\/wp-json\/wp\/v2\/pages"}],"about":[{"href":"https:\/\/online.rocs.eu\/lv\/wp-json\/wp\/v2\/types\/page"}],"author":[{"embeddable":true,"href":"https:\/\/online.rocs.eu\/lv\/wp-json\/wp\/v2\/users\/2"}],"replies":[{"embeddable":true,"href":"https:\/\/online.rocs.eu\/lv\/wp-json\/wp\/v2\/comments?post=5224"}],"version-history":[{"count":4,"href":"https:\/\/online.rocs.eu\/lv\/wp-json\/wp\/v2\/pages\/5224\/revisions"}],"predecessor-version":[{"id":13393,"href":"https:\/\/online.rocs.eu\/lv\/wp-json\/wp\/v2\/pages\/5224\/revisions\/13393"}],"wp:attachment":[{"href":"https:\/\/online.rocs.eu\/lv\/wp-json\/wp\/v2\/media?parent=5224"}],"curies":[{"name":"wp","href":"https:\/\/api.w.org\/{rel}","templated":true}]}}