{"id":40791,"date":"2026-02-27T16:29:01","date_gmt":"2026-02-27T14:29:01","guid":{"rendered":"https:\/\/online.rocs.eu\/catalog\/product\/toothpaste-r-o-c-s-sensitive\/"},"modified":"2026-02-27T16:29:01","modified_gmt":"2026-02-27T14:29:01","slug":"toothpaste-r-o-c-s-sensitive","status":"publish","type":"product","link":"https:\/\/online.rocs.eu\/lv\/catalog\/product\/toothpaste-r-o-c-s-sensitive\/","title":{"rendered":"Toothpaste R.O.C.S. Sensitive"},"content":{"rendered":"<p>ZOBU PASTA R.O.C.S.\u00ae SENSITIVE<\/p>\n<p>ATVIEGLO ZOBU JUT\u012aBU UN VEICINA DABISKO REMINERALIZ\u0100CIJAS PROCESU<\/p>\n<p>Satur AKT\u012aVO BIOPIEEJAMO MINER\u0100LU KOMPLEKSU MINERALIN\u00ae MULTI<\/p>\n<p>K\u0100LIJA NITR\u0100TS \u0101tri mazina zobu jut\u012bbu, blo\u0137\u0113jot nervu impulsu p\u0101reju.<\/p>\n<p>KALCIJS, MAGNIJAS, FOSFORA UN SIL\u012aCIJA STIPRINA zobu emalju, atjauno t\u0101s dabisko baltumu un sp\u012bdumu.<\/p>\n<p>KSILITOLS aizsarg\u0101 pret kariesu un atjauno mutes dobuma mikrofloras l\u012bdzsvaru.<\/p>\n<p>\u0100TRI ATVIEGLO ZOBU SLIM\u012aBU<br \/>\nSTIPRINA ZOBU EMALJU UN AIZSARG\u0100 PRET KARIESU<br \/>\nPAT\u012aKAMI MAIGA GAR\u0160A BEZ PIparm\u0113tr\u0101m AR MANGO UN BAN\u0100NA NOT\u012aM PIEM\u0112ROTA JUT\u012aGIEM ZOBIEM<\/p>\n<p>BEZ AKT\u012aV\u0100 KALCIJA<br \/>\nBEZ FLUOR\u012aDA<br \/>\nBEZ TIT\u0100NA DIOKS\u012aDA<br \/>\nDABISK\u0100 AIZSARDZ\u012aBA<\/p>\n<p>IETEICAMS LIETOT AR R.O.C.S.\u00ae ZOBU BIRST\u012aM<\/p>\n","protected":false},"excerpt":{"rendered":"<p>Lieto\u0161anas veids.<\/p>\n<p>Produkts paredz\u0113ts zobu t\u012br\u012b\u0161anai no r\u012bta un vakar\u0101 p\u0113c \u0113\u0161anas 2\u20133 min\u016btes ar piem\u0113rotu zobu birsti. Izveidoju\u0161\u0101s putas noskalo ar lielu daudzumu \u016bdens.<br \/>\nZobu pastu var lietot visu gadu, neatkar\u012bgi no sezonas, ja lieto\u0161anas bie\u017eums ir 2 reizes dien\u0101. Zobu pasta paredz\u0113ta pieaugu\u0161ajiem un b\u0113rniem no 3 gadu vecuma. T\u0101 nesatur nanosast\u0101vda\u013cas, kas rada paaugstin\u0101tu risku lietot\u0101ja vesel\u012bbai ieelpo\u0161anas vai derm\u0101l\u0101s iek\u013c\u016b\u0161anas asinsrites sist\u0113m\u0101 rezult\u0101t\u0101. Kosm\u0113tikas l\u012bdzeklis un t\u0101 sast\u0101vda\u013cas nav test\u0113tas uz eksperiment\u0101liem dz\u012bvniekiem.<\/p>\n<p>Br\u012bdin\u0101jumi.<\/p>\n<p>Uzglab\u0101t b\u0113rniem nepieejam\u0101 viet\u0101 neparedz\u0113tas lieto\u0161anas riska d\u0113\u013c.<\/p>\n<p>Uzglab\u0101\u0161anas temperat\u016bra.<\/p>\n<p>Zobu pastu uzglab\u0101 saus\u0101s un labi v\u0113din\u0101m\u0101s noliktavas telp\u0101s, sarg\u0101jot no tie\u0161iem saules stariem, temperat\u016br\u0101 no +5 \u00b0C l\u012bdz +25 \u00b0C.<\/p>\n<p>AQUA, GLYCERIN, HYDRATED SILICA, POTASSIUM NITRATE, XYLITOL, COCAMIDOPROPYL BETAINE, XANTHAN GUM, AROMA, CALCIUM GLYCEROPHOSPHATE, SODIUM GLYCEROPHOSPHATE, MAGNESIUM CHLORIDE, SODIUM SACCHARIN, SODIUM SILICATE, METHYLPARABEN, PROPYLPARABEN, ANETHOLE, BENZYL BENZOATE, CARVONE, CITRUS AURANTIUM PEEL OIL, LIMONENE, MENTHOL, MENTHA VIRIDIS LEAF OIL, VANILLIN<\/p>\n","protected":false},"featured_media":40780,"template":"","meta":{"_et_pb_use_builder":"","_et_pb_old_content":"","_et_gb_content_width":""},"product_brand":[],"product_cat":[410],"product_tag":[],"class_list":{"0":"post-40791","1":"product","2":"type-product","3":"status-publish","4":"has-post-thumbnail","6":"product_cat-zobu-pastas-ikdienas-lietosanai","8":"first","9":"instock","10":"taxable","11":"shipping-taxable","12":"purchasable","13":"product-type-simple"},"_links":{"self":[{"href":"https:\/\/online.rocs.eu\/lv\/wp-json\/wp\/v2\/product\/40791","targetHints":{"allow":["GET"]}}],"collection":[{"href":"https:\/\/online.rocs.eu\/lv\/wp-json\/wp\/v2\/product"}],"about":[{"href":"https:\/\/online.rocs.eu\/lv\/wp-json\/wp\/v2\/types\/product"}],"wp:featuredmedia":[{"embeddable":true,"href":"https:\/\/online.rocs.eu\/lv\/wp-json\/wp\/v2\/media\/40780"}],"wp:attachment":[{"href":"https:\/\/online.rocs.eu\/lv\/wp-json\/wp\/v2\/media?parent=40791"}],"wp:term":[{"taxonomy":"product_brand","embeddable":true,"href":"https:\/\/online.rocs.eu\/lv\/wp-json\/wp\/v2\/product_brand?post=40791"},{"taxonomy":"product_cat","embeddable":true,"href":"https:\/\/online.rocs.eu\/lv\/wp-json\/wp\/v2\/product_cat?post=40791"},{"taxonomy":"product_tag","embeddable":true,"href":"https:\/\/online.rocs.eu\/lv\/wp-json\/wp\/v2\/product_tag?post=40791"}],"curies":[{"name":"wp","href":"https:\/\/api.w.org\/{rel}","templated":true}]}}