{"id":41064,"date":"2026-03-14T12:03:04","date_gmt":"2026-03-14T10:03:04","guid":{"rendered":"https:\/\/online.rocs.eu\/catalog\/product\/toothbrush-r-o-c-s-xl-clean-black-edition-medium\/"},"modified":"2026-03-14T12:03:04","modified_gmt":"2026-03-14T10:03:04","slug":"toothbrush-r-o-c-s-xl-clean-black-edition-medium","status":"publish","type":"product","link":"https:\/\/online.rocs.eu\/lv\/catalog\/product\/toothbrush-r-o-c-s-xl-clean-black-edition-medium\/","title":{"rendered":"Toothbrush R.O.C.S.\u00ae XL Clean Black Edition Medium"},"content":{"rendered":"<p>ZOBIE\u0160U BIRSTE AR PALIELIN\u0100TU GALVI\u0145U EFEKT\u012aVAI IKDIENAS ZOBU UN SMAGANU KOP\u0160ANAI<\/p>\n<p>R.O.C.S.\u00ae XL-CLEAN BLACK EDITION zobu birste ir izgatavota, izmantojot tekstur\u0113tus sari\u0146us ar noapa\u013cotiem, dro\u0161iem gali\u0146iem. Tie nodro\u0161ina \u0101tru un kvalitat\u012bvu t\u012br\u012b\u0161anu, neboj\u0101jot emalju vai plomb\u0113juma materi\u0101lus. T\u0101 nodro\u0161ina augstu t\u012br\u012b\u0161anas kvalit\u0101ti un vieglu piek\u013cuvi gr\u016bti sasniedzam\u0101m mutes dobuma viet\u0101m, starpzobu telp\u0101m, zobu auksl\u0113ju un m\u0113les virsm\u0101m.<\/p>\n<p>BIRSTES \u012aPA\u0160\u012aBAS:<\/p>\n<p>X40% palielin\u0101ts sari\u0146u daudzums;<\/p>\n<p>Liela t\u012br\u012b\u0161anas virsmas plat\u012bba;<\/p>\n<p>Pl\u0101nais, klasiskais rokturis nodro\u0161ina \u0113rt\u012bbu zobu t\u012br\u012b\u0161anas laik\u0101, nov\u0113r\u0161 p\u0101rm\u0113r\u012bgu spiedienu uz smagan\u0101m un garant\u0113 komfortablu kop\u0161anu. R.O.C.S. rokturis ir izgatavots no augstas kvalit\u0101tes un dro\u0161as plastmasas. Plastmasas strukt\u016bra un viendab\u012bgums samazina bakt\u0113riju pies\u0101r\u0146ojuma l\u012bmeni uz roktura virsmas.<\/p>\n","protected":false},"excerpt":{"rendered":"<p>LIETO\u0160ANAS EFEKTS:<\/p>\n<p>Klasiskais vienl\u012bme\u0146a sari\u0146u griezums nodro\u0161ina kvalitat\u012bvu zobu aplikuma un virsmas traipu no\u0146em\u0161anu no zobu emaljas.<\/p>\n<p>Tr\u012bsk\u0101r\u0161\u0101s gali\u0146u pul\u0113\u0161anas tehnolo\u0123ija garant\u0113 maigu smaganu kop\u0161anu.<\/p>\n<p>Liel\u0101 galvi\u0146a nodro\u0161ina \u0101tru un kvalitat\u012bvu zobu aplikuma un virsmas traipu no\u0146em\u0161anu.<\/p>\n<p>Augsta t\u012br\u012b\u0161anas kvalit\u0101te zobu rindas iek\u0161\u0113j\u0101m un ko\u0161\u013c\u0101jamaj\u0101m da\u013c\u0101m, k\u0101 ar\u012b zobu auksl\u0113ju un m\u0113les virsm\u0101m.<\/p>\n","protected":false},"featured_media":41034,"template":"","meta":{"_et_pb_use_builder":"","_et_pb_old_content":"","_et_gb_content_width":""},"product_brand":[],"product_cat":[419],"product_tag":[],"class_list":{"0":"post-41064","1":"product","2":"type-product","3":"status-publish","4":"has-post-thumbnail","6":"product_cat-zobu-sukas-pieaugusajiem","8":"first","9":"instock","10":"taxable","11":"shipping-taxable","12":"purchasable","13":"product-type-simple"},"_links":{"self":[{"href":"https:\/\/online.rocs.eu\/lv\/wp-json\/wp\/v2\/product\/41064","targetHints":{"allow":["GET"]}}],"collection":[{"href":"https:\/\/online.rocs.eu\/lv\/wp-json\/wp\/v2\/product"}],"about":[{"href":"https:\/\/online.rocs.eu\/lv\/wp-json\/wp\/v2\/types\/product"}],"wp:featuredmedia":[{"embeddable":true,"href":"https:\/\/online.rocs.eu\/lv\/wp-json\/wp\/v2\/media\/41034"}],"wp:attachment":[{"href":"https:\/\/online.rocs.eu\/lv\/wp-json\/wp\/v2\/media?parent=41064"}],"wp:term":[{"taxonomy":"product_brand","embeddable":true,"href":"https:\/\/online.rocs.eu\/lv\/wp-json\/wp\/v2\/product_brand?post=41064"},{"taxonomy":"product_cat","embeddable":true,"href":"https:\/\/online.rocs.eu\/lv\/wp-json\/wp\/v2\/product_cat?post=41064"},{"taxonomy":"product_tag","embeddable":true,"href":"https:\/\/online.rocs.eu\/lv\/wp-json\/wp\/v2\/product_tag?post=41064"}],"curies":[{"name":"wp","href":"https:\/\/api.w.org\/{rel}","templated":true}]}}