{"id":4567,"date":"2022-03-04T10:47:01","date_gmt":"2022-03-04T08:47:01","guid":{"rendered":"https:\/\/online.rocs.eu\/catalog\/product\/zobu-pasta-r-o-c-s-periodont\/"},"modified":"2025-10-26T13:11:40","modified_gmt":"2025-10-26T11:11:40","slug":"zobu-pasta-r-o-c-s-periodont","status":"publish","type":"product","link":"https:\/\/online.rocs.eu\/lv\/catalog\/product\/zobu-pasta-r-o-c-s-periodont\/","title":{"rendered":"Zobu pasta R.O.C.S.\u00ae PERIODONT"},"content":{"rendered":"<p><strong>\u012aPA\u0160A ZEM\u0100S ABRAZIVIT\u0100TES FORMULA MAIGAI UN EFEKT\u012aVAI KOP\u0160ANAI. NESATUR ANTISEPTISKOS L\u012aDZEK\u013bUS.<\/strong><\/p>\n<p>\u012aPA\u0160A KOP\u0160ANA SMAGAN\u0100M:<br \/>\nDivk\u0101r\u0161ajam apses mizas ekstraktam un divu veidu sausser\u017ea ekstraktiem piem\u012bt izteikta pretiekaisuma iedarb\u012bba uz periodonta audiem, k\u0101 ar\u012b \u0161ie ekstrakti mazina smaganu asi\u0146o\u0161anu. T\u016bskas mazin\u0101\u0161anai ir pievienots n\u0101trija bikarbon\u0101ts.<\/p>\n<p>\u012aPA\u0160A KOP\u0160ANA JUT\u012aGIEM ZOBIEM:<br \/>\n\u2022 Samazina zobu jut\u012bgumu (25% kalcija hidroksiapat\u012bta suspensija)<br \/>\n\u2022 Stiprina zoba strukt\u016bru, atjauno emaljas dabiski balto toni (kalcija glicerofosf\u0101ts)<br \/>\n\u2022 Nodro\u0161ina aizsardz\u012bbu pret kariesu (ksil\u012bts un kalcija glicerofosf\u0101ts).<\/p>\n<p>Der\u012bguma termi\u0146\u0161: 3 gadi.  <\/p>\n","protected":false},"excerpt":{"rendered":"<p>\u012aPA\u0160A ZEM\u0100S ABRAZIVIT\u0100TES FORMULA MAIGAI UN EFEKT\u012aVAI KOP\u0160ANAI. NESATUR ANTISEPTISKOS L\u012aDZEK\u013bUS. \u012aPA\u0160A KOP\u0160ANA SMAGAN\u0100M: Divk\u0101r\u0161ajam apses mizas ekstraktam un divu veidu sausser\u017ea ekstraktiem piem\u012bt izteikta pretiekaisuma iedarb\u012bba uz periodonta audiem, k\u0101 ar\u012b \u0161ie ekstrakti mazina smaganu asi\u0146o\u0161anu. T\u016bskas mazin\u0101\u0161anai ir pievienots n\u0101trija bikarbon\u0101ts. \u012aPA\u0160A KOP\u0160ANA JUT\u012aGIEM ZOBIEM: \u2022 Samazina zobu jut\u012bgumu (25% kalcija hidroksiapat\u012bta suspensija) [&hellip;]<\/p>\n","protected":false},"featured_media":3743,"template":"","meta":{"_et_pb_use_builder":"","_et_pb_old_content":"","_et_gb_content_width":""},"product_brand":[],"product_cat":[456],"product_tag":[],"class_list":{"0":"post-4567","1":"product","2":"type-product","3":"status-publish","4":"has-post-thumbnail","6":"product_cat-archive-lv","8":"first","9":"outofstock","10":"taxable","11":"shipping-taxable","12":"purchasable","13":"product-type-simple"},"_links":{"self":[{"href":"https:\/\/online.rocs.eu\/lv\/wp-json\/wp\/v2\/product\/4567","targetHints":{"allow":["GET"]}}],"collection":[{"href":"https:\/\/online.rocs.eu\/lv\/wp-json\/wp\/v2\/product"}],"about":[{"href":"https:\/\/online.rocs.eu\/lv\/wp-json\/wp\/v2\/types\/product"}],"wp:featuredmedia":[{"embeddable":true,"href":"https:\/\/online.rocs.eu\/lv\/wp-json\/wp\/v2\/media\/3743"}],"wp:attachment":[{"href":"https:\/\/online.rocs.eu\/lv\/wp-json\/wp\/v2\/media?parent=4567"}],"wp:term":[{"taxonomy":"product_brand","embeddable":true,"href":"https:\/\/online.rocs.eu\/lv\/wp-json\/wp\/v2\/product_brand?post=4567"},{"taxonomy":"product_cat","embeddable":true,"href":"https:\/\/online.rocs.eu\/lv\/wp-json\/wp\/v2\/product_cat?post=4567"},{"taxonomy":"product_tag","embeddable":true,"href":"https:\/\/online.rocs.eu\/lv\/wp-json\/wp\/v2\/product_tag?post=4567"}],"curies":[{"name":"wp","href":"https:\/\/api.w.org\/{rel}","templated":true}]}}