{"id":4695,"date":"2022-03-07T08:50:09","date_gmt":"2022-03-07T06:50:09","guid":{"rendered":"https:\/\/online.rocs.eu\/catalog\/product\/zobu-pasta-r-o-c-s-kids-bubble-gum\/"},"modified":"2025-08-06T20:23:44","modified_gmt":"2025-08-06T18:23:44","slug":"zobu-pasta-r-o-c-s-kids-bubble-gum","status":"publish","type":"product","link":"https:\/\/online.rocs.eu\/lv\/catalog\/product\/zobu-pasta-r-o-c-s-kids-bubble-gum\/","title":{"rendered":"Zobu pasta R.O.C.S.\u00ae Kids Bubble Gum"},"content":{"rendered":"<p><strong>Zobu pasta R.O.C.S.\u00ae Kids b\u0113rniem (4-7 g. v.) <\/strong><\/p>\n<p>Efekt\u012bva formula zobu kariesa nov\u0113r\u0161anai.* Satur Amifluor\u00ae, kas: uzlabo zobu iztur\u012bbu pret sk\u0101b\u0113m Olaflur sniegt\u0101s ietekmes d\u0113\u013c; aizkav\u0113 kariesu izraiso\u0161o bakt\u0113riju aktivit\u0101ti augst\u0101s ksil\u012btu koncentr\u0101cijas d\u0113\u013c. <\/p>\n<p>T\u0101 veicina intens\u012bvu zobu mineraliz\u0101ciju un, pateicoties zemi abraz\u012bvajai formulai (RDA=50), neboj\u0101 zobu audus. Izgatavo\u0161anas datums ir nor\u0101d\u012bts t\u016bbi\u0146as lejas da\u013c\u0101. <\/p>\n<p>Der\u012bguma termi\u0146\u0161: 3 gadi.<br \/>\n*Kl\u012bniski pier\u0101d\u012bts<\/p>\n","protected":false},"excerpt":{"rendered":"<p>Zobu pasta R.O.C.S.\u00ae Kids b\u0113rniem (4-7 g. v.) Efekt\u012bva formula zobu kariesa nov\u0113r\u0161anai.* Satur Amifluor\u00ae, kas: uzlabo zobu iztur\u012bbu pret sk\u0101b\u0113m Olaflur sniegt\u0101s ietekmes d\u0113\u013c; aizkav\u0113 kariesu izraiso\u0161o bakt\u0113riju aktivit\u0101ti augst\u0101s ksil\u012btu koncentr\u0101cijas d\u0113\u013c. T\u0101 veicina intens\u012bvu zobu mineraliz\u0101ciju un, pateicoties zemi abraz\u012bvajai formulai (RDA=50), neboj\u0101 zobu audus. Izgatavo\u0161anas datums ir nor\u0101d\u012bts t\u016bbi\u0146as lejas da\u013c\u0101. [&hellip;]<\/p>\n","protected":false},"featured_media":3554,"template":"","meta":{"_et_pb_use_builder":"","_et_pb_old_content":"","_et_gb_content_width":""},"product_brand":[],"product_cat":[456],"product_tag":[],"class_list":{"0":"post-4695","1":"product","2":"type-product","3":"status-publish","4":"has-post-thumbnail","6":"product_cat-archive-lv","8":"first","9":"outofstock","10":"taxable","11":"shipping-taxable","12":"purchasable","13":"product-type-simple"},"_links":{"self":[{"href":"https:\/\/online.rocs.eu\/lv\/wp-json\/wp\/v2\/product\/4695","targetHints":{"allow":["GET"]}}],"collection":[{"href":"https:\/\/online.rocs.eu\/lv\/wp-json\/wp\/v2\/product"}],"about":[{"href":"https:\/\/online.rocs.eu\/lv\/wp-json\/wp\/v2\/types\/product"}],"wp:featuredmedia":[{"embeddable":true,"href":"https:\/\/online.rocs.eu\/lv\/wp-json\/wp\/v2\/media\/3554"}],"wp:attachment":[{"href":"https:\/\/online.rocs.eu\/lv\/wp-json\/wp\/v2\/media?parent=4695"}],"wp:term":[{"taxonomy":"product_brand","embeddable":true,"href":"https:\/\/online.rocs.eu\/lv\/wp-json\/wp\/v2\/product_brand?post=4695"},{"taxonomy":"product_cat","embeddable":true,"href":"https:\/\/online.rocs.eu\/lv\/wp-json\/wp\/v2\/product_cat?post=4695"},{"taxonomy":"product_tag","embeddable":true,"href":"https:\/\/online.rocs.eu\/lv\/wp-json\/wp\/v2\/product_tag?post=4695"}],"curies":[{"name":"wp","href":"https:\/\/api.w.org\/{rel}","templated":true}]}}