{"id":4710,"date":"2022-03-07T09:33:04","date_gmt":"2022-03-07T07:33:04","guid":{"rendered":"https:\/\/online.rocs.eu\/catalog\/product\/zobu-pasta-r-o-c-s-teens-kola-citrons\/"},"modified":"2025-02-21T16:32:40","modified_gmt":"2025-02-21T14:32:40","slug":"zobu-pasta-r-o-c-s-teens-kola-citrons","status":"publish","type":"product","link":"https:\/\/online.rocs.eu\/lv\/catalog\/product\/zobu-pasta-r-o-c-s-teens-kola-citrons\/","title":{"rendered":"Zobu pasta R.O.C.S.\u00ae Teens Kola-Citrons"},"content":{"rendered":"<p><strong>Zobu pasta R.O.C.S.\u00ae Teens Kola-Citrons pusaud\u017eiem (8-18 gadi) <\/strong><\/p>\n<p>Satur AMIFLUOR, kas apvieno ksil\u012btu un aminofluor\u012bdu, kas nodro\u0161ina dubultu kariesa nov\u0113r\u0161anu: \u0101tra (20 sekun\u017eu laik\u0101) iztur\u012bga aizsargp\u0101rkl\u0101juma veido\u0161ana uz zobu emaljas un kariog\u0113no bakt\u0113riju nom\u0101k\u0161ana*. Zema abrazivit\u0101te (RDA=50). Nesatur n\u0101trija laurilsulf\u0101tu. Izgatavo\u0161anas datums ir nor\u0101d\u012bts t\u016bbi\u0146as lejas da\u013c\u0101. <\/p>\n<p>Der\u012bguma termi\u0146\u0161: 3 gadi.<br \/>\n*Kl\u012bniski pier\u0101d\u012bts<\/p>\n","protected":false},"excerpt":{"rendered":"<p>Zobu pasta R.O.C.S.\u00ae Teens Kola-Citrons pusaud\u017eiem (8-18 gadi) Satur AMIFLUOR, kas apvieno ksil\u012btu un aminofluor\u012bdu, kas nodro\u0161ina dubultu kariesa nov\u0113r\u0161anu: \u0101tra (20 sekun\u017eu laik\u0101) iztur\u012bga aizsargp\u0101rkl\u0101juma veido\u0161ana uz zobu emaljas un kariog\u0113no bakt\u0113riju nom\u0101k\u0161ana*. Zema abrazivit\u0101te (RDA=50). Nesatur n\u0101trija laurilsulf\u0101tu. Izgatavo\u0161anas datums ir nor\u0101d\u012bts t\u016bbi\u0146as lejas da\u013c\u0101. Der\u012bguma termi\u0146\u0161: 3 gadi. *Kl\u012bniski pier\u0101d\u012bts<\/p>\n","protected":false},"featured_media":3698,"template":"","meta":{"_et_pb_use_builder":"","_et_pb_old_content":"","_et_gb_content_width":""},"product_brand":[],"product_cat":[456],"product_tag":[],"class_list":{"0":"post-4710","1":"product","2":"type-product","3":"status-publish","4":"has-post-thumbnail","6":"product_cat-archive-lv","8":"first","9":"outofstock","10":"sale","11":"taxable","12":"shipping-taxable","13":"purchasable","14":"product-type-simple"},"_links":{"self":[{"href":"https:\/\/online.rocs.eu\/lv\/wp-json\/wp\/v2\/product\/4710","targetHints":{"allow":["GET"]}}],"collection":[{"href":"https:\/\/online.rocs.eu\/lv\/wp-json\/wp\/v2\/product"}],"about":[{"href":"https:\/\/online.rocs.eu\/lv\/wp-json\/wp\/v2\/types\/product"}],"wp:featuredmedia":[{"embeddable":true,"href":"https:\/\/online.rocs.eu\/lv\/wp-json\/wp\/v2\/media\/3698"}],"wp:attachment":[{"href":"https:\/\/online.rocs.eu\/lv\/wp-json\/wp\/v2\/media?parent=4710"}],"wp:term":[{"taxonomy":"product_brand","embeddable":true,"href":"https:\/\/online.rocs.eu\/lv\/wp-json\/wp\/v2\/product_brand?post=4710"},{"taxonomy":"product_cat","embeddable":true,"href":"https:\/\/online.rocs.eu\/lv\/wp-json\/wp\/v2\/product_cat?post=4710"},{"taxonomy":"product_tag","embeddable":true,"href":"https:\/\/online.rocs.eu\/lv\/wp-json\/wp\/v2\/product_tag?post=4710"}],"curies":[{"name":"wp","href":"https:\/\/api.w.org\/{rel}","templated":true}]}}