{"id":4743,"date":"2022-03-14T08:11:09","date_gmt":"2022-03-14T06:11:09","guid":{"rendered":"https:\/\/online.rocs.eu\/catalog\/product\/zobu-birste-r-o-c-s-baby-miksta\/"},"modified":"2025-06-27T15:16:29","modified_gmt":"2025-06-27T13:16:29","slug":"zobu-birste-r-o-c-s-baby-miksta","status":"publish","type":"product","link":"https:\/\/online.rocs.eu\/lv\/catalog\/product\/zobu-birste-r-o-c-s-baby-miksta\/","title":{"rendered":"Zobu birste R.O.C.S.\u00ae Baby Extra Soft"},"content":{"rendered":"<p>Zobu birste R.O.C.S.\u00ae Baby b\u0113rniem no 0 l\u012bdz 3 gadiem, m\u012bksta<\/p>\n","protected":false},"excerpt":{"rendered":"<p>Zobu birste R.O.C.S.\u00ae Baby b\u0113rniem no 0 l\u012bdz 3 gadiem, m\u012bksta<\/p>\n","protected":false},"featured_media":37869,"template":"","meta":{"_et_pb_use_builder":"","_et_pb_old_content":"","_et_gb_content_width":""},"product_brand":[],"product_cat":[416],"product_tag":[],"class_list":{"0":"post-4743","1":"product","2":"type-product","3":"status-publish","4":"has-post-thumbnail","6":"product_cat-zobu-sukas-berniem","8":"first","9":"instock","10":"taxable","11":"shipping-taxable","12":"purchasable","13":"product-type-simple"},"_links":{"self":[{"href":"https:\/\/online.rocs.eu\/lv\/wp-json\/wp\/v2\/product\/4743","targetHints":{"allow":["GET"]}}],"collection":[{"href":"https:\/\/online.rocs.eu\/lv\/wp-json\/wp\/v2\/product"}],"about":[{"href":"https:\/\/online.rocs.eu\/lv\/wp-json\/wp\/v2\/types\/product"}],"wp:featuredmedia":[{"embeddable":true,"href":"https:\/\/online.rocs.eu\/lv\/wp-json\/wp\/v2\/media\/37869"}],"wp:attachment":[{"href":"https:\/\/online.rocs.eu\/lv\/wp-json\/wp\/v2\/media?parent=4743"}],"wp:term":[{"taxonomy":"product_brand","embeddable":true,"href":"https:\/\/online.rocs.eu\/lv\/wp-json\/wp\/v2\/product_brand?post=4743"},{"taxonomy":"product_cat","embeddable":true,"href":"https:\/\/online.rocs.eu\/lv\/wp-json\/wp\/v2\/product_cat?post=4743"},{"taxonomy":"product_tag","embeddable":true,"href":"https:\/\/online.rocs.eu\/lv\/wp-json\/wp\/v2\/product_tag?post=4743"}],"curies":[{"name":"wp","href":"https:\/\/api.w.org\/{rel}","templated":true}]}}